{"id":94,"date":"2024-04-04T04:51:00","date_gmt":"2024-04-04T01:51:00","guid":{"rendered":"https:\/\/sisu.ut.ee\/kaugseire\/avaleht\/"},"modified":"2025-01-05T15:41:17","modified_gmt":"2025-01-05T13:41:17","slug":"avaleht","status":"publish","type":"page","link":"https:\/\/sisu.ut.ee\/kaugseire\/","title":{"rendered":"Avaleht"},"content":{"rendered":"<div class=\"wp-block-columns is-layout-flex wp-container-core-columns-is-layout-9d6595d7 wp-block-columns-is-layout-flex\">\n<div class=\"wp-block-column is-layout-flow wp-block-column-is-layout-flow\" style=\"flex-basis:66.66%\">\n<div class=\"wp-block-group is-layout-constrained wp-block-group-is-layout-constrained\">\n<figure class=\"wp-block-table\"><table class=\"table table-hover\"><tbody><tr><td><strong><mark>14. novembril toimus Eesti kaugseirep\u00e4ev 2024!<\/mark><\/strong> <br><br>Ikka Tartu observatooriumis T\u00f5raveres<br><br><br><img decoding=\"async\" src=\"https:\/\/sisu.ut.ee\/wp-content\/uploads\/sites\/340\/image-1024x270.png\" alt=\"\"><br>Eesti kaugseirevaldkonna teadustulemused on p\u00e4lvinud tunnustust ja kasutamist laias maailmas.\u00a0Kaugseirep\u00e4ev t\u00f5i kokku meie kaugseirekogukonna, et tutvustada valdkonna uusimaid teaduslikke ja praktilisi edusamme Eestis. P\u00e4eva eesm\u00e4rk oli tugevdada kogukonna omavahelist koost\u00f6\u00f6d ning teadlikkust kosmoseandmete ja vastavate tehnoloogiate kasutamisv\u00f5imalustest.<br><br>Eesti kaugseirekogukond saab traditsiooniliselt kokku iga kahe aasta tagant alates aastast 2005. Seekordne kohtumispaik oli taas Tartu \u00dclikooli Tartu observatoorium T\u00f5raveres. P\u00e4eva korraldas Tartu observatoorium koost\u00f6\u00f6s Eesti Maa\u00fclikooli ja Keskkonnaagentuuriga.<br><br>Konverentsi saab <strong>j\u00e4rele vaadata<\/strong>\u00a0<a href=\"https:\/\/uttv.ee\/live?id=36076\">UTTV-s<\/a>.<br><br><strong>P\u00e4evakava<\/strong> leiate <a href=\"https:\/\/kosmos.ut.ee\/et\/sisu\/jarelvaadatav-eesti-kaugseirepaev-2024\">siit<\/a>.<br><br><\/td><\/tr><\/tbody><\/table><\/figure>\n\n\n\n<div class=\"wp-block-group is-layout-constrained wp-block-group-is-layout-constrained\"><\/div>\n\n\n\n<p><strong>Tere tulemast Eesti kaugseire\u00a0kodulehele!<\/strong><\/p>\n\n\n\n<p>Siit leiad eestikeelset informatsiooni kaugseire ja selle rakenduste kohta.<\/p>\n\n\n\n<p>Leht on jaotatud j\u00e4rgmiselt:<\/p>\n\n\n\n<ul class=\"wp-block-list\">\n<li><a title=\"\" href=\"https:\/\/sisu.ut.ee\/kaugseire\/kaugseirest\" data-url=\"https:\/\/sisu.ut.ee\/kaugseire\/kaugseirest\"><strong>Kaugseire.<\/strong><\/a>\u00a0R\u00e4\u00e4gitakse \u00fcldisemalt, mis on kaugseire, milleks seda kasutatakse ning millisteks peamisteks valdkondadeks see jaguneb.<\/li>\n\n\n\n<li><a title=\"\" href=\"https:\/\/sisu.ut.ee\/kaugseire\/copernicus\" data-url=\"https:\/\/sisu.ut.ee\/kaugseire\/copernicus\"><strong>Copernicus.<\/strong><\/a>\u00a0Tutvustab Euroopa suurprojekti, mille raames kogutakse ning jagatakse keskkonna andmeid Maa j\u00e4lgimise satelliitidelt\u00a0ning\u00a0<em>in situ<\/em>\u00a0sensoritelt \u2013 m\u00f5\u00f5tmisel \u00f5hust, merelt ja maalt.<\/li>\n\n\n\n<li><a title=\"\" href=\"https:\/\/sisu.ut.ee\/kaugseire\/projektid-oige\" data-url=\"https:\/\/sisu.ut.ee\/kaugseire\/projektid-%C3%B5ige\"><strong>Projektid<\/strong>.<\/a> Annab \u00fclevaate paari viimase aasta kaugseire projektide kohta, loetelu ei ole l\u00f5plik.<\/li>\n\n\n\n<li><strong><a title=\"\" href=\"https:\/\/sisu.ut.ee\/kaugseire\/infomaterjalid\" data-url=\"https:\/\/sisu.ut.ee\/kaugseire\/infomaterjalid\">Infomaterjalid.<\/a>\u00a0<\/strong>Koondab endas eestikeelseid kaugseirealaseid infomaterjale: artiklikogumikud, \u00f5ppevideod, ettekanded ja palju muud.<\/li>\n<\/ul>\n\n\n\n<p>Kaugseirega seotud teadus-arendusasutusi ja ettev\u00f5tteid Eestis:<\/p>\n<\/div>\n<\/div>\n\n\n\n<div class=\"wp-block-column is-layout-flow wp-block-column-is-layout-flow\" style=\"flex-basis:33.33%\">\n<p class=\"has-text-align-right\"><img loading=\"lazy\" decoding=\"async\" width=\"4000\" height=\"2518\" class=\"wp-image-406\" style=\"width: 4000px;\" src=\"https:\/\/sisu.ut.ee\/wp-content\/uploads\/sites\/340\/obsi_maja_vaike.jpg\" alt=\"obs\" srcset=\"https:\/\/sisu.ut.ee\/wp-content\/uploads\/sites\/340\/obsi_maja_vaike.jpg 718w, https:\/\/sisu.ut.ee\/wp-content\/uploads\/sites\/340\/obsi_maja_vaike-300x189.jpg 300w\" sizes=\"auto, (max-width: 4000px) 100vw, 4000px\">Autor: Viljo Allik<\/p>\n\n\n\n<p><strong>Tahad teha T\u00dc Tartu observatooriumis oma uurimist\u00f6\u00f6d?<\/strong><\/p>\n\n\n\n<p><strong>V\u00f5i tulla t\u00f6\u00f6varjuks?<\/strong><\/p>\n\n\n\n<p>Vaata, millega meie teadlased tegelevad ning v\u00f5ta huvi korral \u00fchendust!<\/p>\n\n\n\n<p><a href=\"https:\/\/kosmos.ut.ee\/et\/sisu\/oppimine\" target=\"_blank\" rel=\"noreferrer noopener\">T\u00dc Tartu observatoorium<\/a><\/p>\n<\/div>\n<\/div>\n\n\n\n<figure class=\"wp-block-gallery has-nested-images columns-8 is-cropped wp-block-gallery-1 is-layout-flex wp-block-gallery-is-layout-flex\">\n<figure class=\"wp-block-image size-large\"><a href=\"https:\/\/sisu.ut.ee\/wp-content\/uploads\/sites\/340\/kaugseire_pais4.png\"><img loading=\"lazy\" decoding=\"async\" width=\"1024\" height=\"201\" data-id=\"257\" src=\"https:\/\/sisu.ut.ee\/wp-content\/uploads\/sites\/340\/kaugseire_pais4-1024x201.png\" alt=\"\" class=\"wp-image-257\" srcset=\"https:\/\/sisu.ut.ee\/wp-content\/uploads\/sites\/340\/kaugseire_pais4-1024x201.png 1024w, https:\/\/sisu.ut.ee\/wp-content\/uploads\/sites\/340\/kaugseire_pais4-300x59.png 300w, https:\/\/sisu.ut.ee\/wp-content\/uploads\/sites\/340\/kaugseire_pais4-768x151.png 768w, https:\/\/sisu.ut.ee\/wp-content\/uploads\/sites\/340\/kaugseire_pais4-1536x302.png 1536w, https:\/\/sisu.ut.ee\/wp-content\/uploads\/sites\/340\/kaugseire_pais4-2048x402.png 2048w, https:\/\/sisu.ut.ee\/wp-content\/uploads\/sites\/340\/kaugseire_pais4-1920x377.png 1920w\" sizes=\"auto, (max-width: 1024px) 100vw, 1024px\"><\/a><\/figure>\n\n\n\n<figure class=\"wp-block-image size-large\"><a href=\"https:\/\/sisu.ut.ee\/wp-content\/uploads\/sites\/340\/kaugseire_pais3.png\"><img loading=\"lazy\" decoding=\"async\" width=\"1024\" height=\"341\" data-id=\"256\" src=\"https:\/\/sisu.ut.ee\/wp-content\/uploads\/sites\/340\/kaugseire_pais3-1024x341.png\" alt=\"\" class=\"wp-image-256\" srcset=\"https:\/\/sisu.ut.ee\/wp-content\/uploads\/sites\/340\/kaugseire_pais3-1024x341.png 1024w, https:\/\/sisu.ut.ee\/wp-content\/uploads\/sites\/340\/kaugseire_pais3-300x100.png 300w, https:\/\/sisu.ut.ee\/wp-content\/uploads\/sites\/340\/kaugseire_pais3-768x256.png 768w, https:\/\/sisu.ut.ee\/wp-content\/uploads\/sites\/340\/kaugseire_pais3.png 1140w\" sizes=\"auto, (max-width: 1024px) 100vw, 1024px\"><\/a><\/figure>\n\n\n\n<figure class=\"wp-block-image size-large\"><a href=\"https:\/\/sisu.ut.ee\/wp-content\/uploads\/sites\/340\/kaugseire_pais1.png\"><img loading=\"lazy\" decoding=\"async\" width=\"1024\" height=\"341\" data-id=\"255\" src=\"https:\/\/sisu.ut.ee\/wp-content\/uploads\/sites\/340\/kaugseire_pais1-1024x341.png\" alt=\"\" class=\"wp-image-255\" srcset=\"https:\/\/sisu.ut.ee\/wp-content\/uploads\/sites\/340\/kaugseire_pais1-1024x341.png 1024w, https:\/\/sisu.ut.ee\/wp-content\/uploads\/sites\/340\/kaugseire_pais1-300x100.png 300w, https:\/\/sisu.ut.ee\/wp-content\/uploads\/sites\/340\/kaugseire_pais1-768x256.png 768w, https:\/\/sisu.ut.ee\/wp-content\/uploads\/sites\/340\/kaugseire_pais1.png 1140w\" sizes=\"auto, (max-width: 1024px) 100vw, 1024px\"><\/a><\/figure>\n\n\n\n<figure class=\"wp-block-image size-large\"><a href=\"https:\/\/sisu.ut.ee\/wp-content\/uploads\/sites\/340\/kaugseire_pais7.png\"><img loading=\"lazy\" decoding=\"async\" width=\"1024\" height=\"341\" data-id=\"254\" src=\"https:\/\/sisu.ut.ee\/wp-content\/uploads\/sites\/340\/kaugseire_pais7-1024x341.png\" alt=\"\" class=\"wp-image-254\" srcset=\"https:\/\/sisu.ut.ee\/wp-content\/uploads\/sites\/340\/kaugseire_pais7-1024x341.png 1024w, https:\/\/sisu.ut.ee\/wp-content\/uploads\/sites\/340\/kaugseire_pais7-300x100.png 300w, https:\/\/sisu.ut.ee\/wp-content\/uploads\/sites\/340\/kaugseire_pais7-768x256.png 768w, https:\/\/sisu.ut.ee\/wp-content\/uploads\/sites\/340\/kaugseire_pais7.png 1140w\" sizes=\"auto, (max-width: 1024px) 100vw, 1024px\"><\/a><\/figure>\n\n\n\n<figure class=\"wp-block-image size-large\"><a href=\"https:\/\/sisu.ut.ee\/wp-content\/uploads\/sites\/340\/kaugseire_pais8.png\"><img loading=\"lazy\" decoding=\"async\" width=\"1024\" height=\"341\" data-id=\"258\" src=\"https:\/\/sisu.ut.ee\/wp-content\/uploads\/sites\/340\/kaugseire_pais8-1024x341.png\" alt=\"\" class=\"wp-image-258\" srcset=\"https:\/\/sisu.ut.ee\/wp-content\/uploads\/sites\/340\/kaugseire_pais8-1024x341.png 1024w, https:\/\/sisu.ut.ee\/wp-content\/uploads\/sites\/340\/kaugseire_pais8-300x100.png 300w, https:\/\/sisu.ut.ee\/wp-content\/uploads\/sites\/340\/kaugseire_pais8-768x256.png 768w, https:\/\/sisu.ut.ee\/wp-content\/uploads\/sites\/340\/kaugseire_pais8.png 1140w\" sizes=\"auto, (max-width: 1024px) 100vw, 1024px\"><\/a><\/figure>\n\n\n\n<figure class=\"wp-block-image size-large\"><a href=\"https:\/\/sisu.ut.ee\/wp-content\/uploads\/sites\/340\/kaugseire_pais7-1.png\"><img loading=\"lazy\" decoding=\"async\" width=\"1024\" height=\"204\" data-id=\"261\" src=\"https:\/\/sisu.ut.ee\/wp-content\/uploads\/sites\/340\/kaugseire_pais7-1-1024x204.png\" alt=\"\" class=\"wp-image-261\" srcset=\"https:\/\/sisu.ut.ee\/wp-content\/uploads\/sites\/340\/kaugseire_pais7-1-1024x204.png 1024w, https:\/\/sisu.ut.ee\/wp-content\/uploads\/sites\/340\/kaugseire_pais7-1-300x60.png 300w, https:\/\/sisu.ut.ee\/wp-content\/uploads\/sites\/340\/kaugseire_pais7-1-768x153.png 768w, https:\/\/sisu.ut.ee\/wp-content\/uploads\/sites\/340\/kaugseire_pais7-1-1536x306.png 1536w, https:\/\/sisu.ut.ee\/wp-content\/uploads\/sites\/340\/kaugseire_pais7-1-2048x408.png 2048w, https:\/\/sisu.ut.ee\/wp-content\/uploads\/sites\/340\/kaugseire_pais7-1-1920x382.png 1920w\" sizes=\"auto, (max-width: 1024px) 100vw, 1024px\"><\/a><\/figure>\n\n\n\n<figure class=\"wp-block-image size-large\"><a href=\"https:\/\/sisu.ut.ee\/wp-content\/uploads\/sites\/340\/kaugseire_pais3-1.png\"><img loading=\"lazy\" decoding=\"async\" width=\"1024\" height=\"204\" data-id=\"260\" src=\"https:\/\/sisu.ut.ee\/wp-content\/uploads\/sites\/340\/kaugseire_pais3-1-1024x204.png\" alt=\"\" class=\"wp-image-260\" srcset=\"https:\/\/sisu.ut.ee\/wp-content\/uploads\/sites\/340\/kaugseire_pais3-1-1024x204.png 1024w, https:\/\/sisu.ut.ee\/wp-content\/uploads\/sites\/340\/kaugseire_pais3-1-300x60.png 300w, https:\/\/sisu.ut.ee\/wp-content\/uploads\/sites\/340\/kaugseire_pais3-1-768x153.png 768w, https:\/\/sisu.ut.ee\/wp-content\/uploads\/sites\/340\/kaugseire_pais3-1-1536x306.png 1536w, https:\/\/sisu.ut.ee\/wp-content\/uploads\/sites\/340\/kaugseire_pais3-1-2048x408.png 2048w, https:\/\/sisu.ut.ee\/wp-content\/uploads\/sites\/340\/kaugseire_pais3-1-1920x382.png 1920w\" sizes=\"auto, (max-width: 1024px) 100vw, 1024px\"><\/a><\/figure>\n\n\n\n<figure class=\"wp-block-image size-large\"><a href=\"https:\/\/sisu.ut.ee\/wp-content\/uploads\/sites\/340\/kaugseire_pais1-1.png\"><img loading=\"lazy\" decoding=\"async\" width=\"1024\" height=\"353\" data-id=\"259\" src=\"https:\/\/sisu.ut.ee\/wp-content\/uploads\/sites\/340\/kaugseire_pais1-1-1024x353.png\" alt=\"\" class=\"wp-image-259\" srcset=\"https:\/\/sisu.ut.ee\/wp-content\/uploads\/sites\/340\/kaugseire_pais1-1-1024x353.png 1024w, https:\/\/sisu.ut.ee\/wp-content\/uploads\/sites\/340\/kaugseire_pais1-1-300x103.png 300w, https:\/\/sisu.ut.ee\/wp-content\/uploads\/sites\/340\/kaugseire_pais1-1-768x265.png 768w, https:\/\/sisu.ut.ee\/wp-content\/uploads\/sites\/340\/kaugseire_pais1-1-1536x530.png 1536w, https:\/\/sisu.ut.ee\/wp-content\/uploads\/sites\/340\/kaugseire_pais1-1-2048x706.png 2048w, https:\/\/sisu.ut.ee\/wp-content\/uploads\/sites\/340\/kaugseire_pais1-1-1920x662.png 1920w\" sizes=\"auto, (max-width: 1024px) 100vw, 1024px\"><\/a><\/figure>\n<\/figure>\n\n\n\n<div class=\"wp-block-columns is-layout-flex wp-container-core-columns-is-layout-9d6595d7 wp-block-columns-is-layout-flex\">\n<div class=\"wp-block-column is-layout-flow wp-block-column-is-layout-flow\">\n<p class=\"has-text-align-left\"> \u00a0 \u00a0 \u00a0 \u00a0 \u00a0 \u00a0 \u00a0 \u00a0\u00a0 \u00a0 \u00a0 \u00a0 \u00a0 \u00a0 <a href=\"https:\/\/kosmos.ut.ee\/et\/sisu\/kaugseire\" rel=\"noopener\"><img loading=\"lazy\" decoding=\"async\" title=\"tu_logo.png\" width=\"3600\" height=\"865\" class=\"alignnone wp-image-237\" style=\"width: 380px; height: 91px;\" src=\"https:\/\/sisu.ut.ee\/wp-content\/uploads\/sites\/340\/tu_logo.png\" alt=\"logo\" srcset=\"https:\/\/sisu.ut.ee\/wp-content\/uploads\/sites\/340\/tu_logo.png 3600w, https:\/\/sisu.ut.ee\/wp-content\/uploads\/sites\/340\/tu_logo-300x72.png 300w, https:\/\/sisu.ut.ee\/wp-content\/uploads\/sites\/340\/tu_logo-1024x246.png 1024w, https:\/\/sisu.ut.ee\/wp-content\/uploads\/sites\/340\/tu_logo-768x185.png 768w, https:\/\/sisu.ut.ee\/wp-content\/uploads\/sites\/340\/tu_logo-1536x369.png 1536w, https:\/\/sisu.ut.ee\/wp-content\/uploads\/sites\/340\/tu_logo-2048x492.png 2048w, https:\/\/sisu.ut.ee\/wp-content\/uploads\/sites\/340\/tu_logo-1920x461.png 1920w\" sizes=\"auto, (max-width: 3600px) 100vw, 3600px\"><\/a>\u00a0 \u00a0 \u00a0 \u00a0 \u00a0 \u00a0 \u00a0\u00a0<\/p>\n<\/div>\n\n\n\n<div class=\"wp-block-column is-layout-flow wp-block-column-is-layout-flow\">\n<p class=\"has-text-align-left\"><a title=\"\" data-url=\"https:\/\/taltech.ee\/\" href=\"https:\/\/taltech.ee\/\" target=\"_blank\" rel=\"noopener\"><img loading=\"lazy\" decoding=\"async\" width=\"945\" height=\"747\" title=\"taltech_gradient_veeb.jpg\" class=\"alignnone wp-image-235\" style=\"width: 185px; height: 146px;\" src=\"https:\/\/sisu.ut.ee\/wp-content\/uploads\/sites\/340\/taltech_gradient_veeb.jpg\" alt=\"logo\" srcset=\"https:\/\/sisu.ut.ee\/wp-content\/uploads\/sites\/340\/taltech_gradient_veeb.jpg 945w, https:\/\/sisu.ut.ee\/wp-content\/uploads\/sites\/340\/taltech_gradient_veeb-300x237.jpg 300w, https:\/\/sisu.ut.ee\/wp-content\/uploads\/sites\/340\/taltech_gradient_veeb-768x607.jpg 768w\" sizes=\"auto, (max-width: 945px) 100vw, 945px\"><\/a><\/p>\n<\/div>\n\n\n\n<div class=\"wp-block-column is-layout-flow wp-block-column-is-layout-flow\">\n<p class=\"has-text-align-left\"><a href=\"https:\/\/www.emu.ee\/\" target=\"_self\" rel=\"noopener\"><img loading=\"lazy\" decoding=\"async\" width=\"902\" height=\"207\" title=\"eesti_maaulikooli_logo.jpg\" class=\"alignnone wp-image-234\" style=\"width: 295px; height: 68px;\" src=\"https:\/\/sisu.ut.ee\/wp-content\/uploads\/sites\/340\/eesti_maaulikooli_logo.jpg\" alt=\"logo\" srcset=\"https:\/\/sisu.ut.ee\/wp-content\/uploads\/sites\/340\/eesti_maaulikooli_logo.jpg 902w, https:\/\/sisu.ut.ee\/wp-content\/uploads\/sites\/340\/eesti_maaulikooli_logo-300x69.jpg 300w, https:\/\/sisu.ut.ee\/wp-content\/uploads\/sites\/340\/eesti_maaulikooli_logo-768x176.jpg 768w\" sizes=\"auto, (max-width: 902px) 100vw, 902px\"><\/a><\/p>\n<\/div>\n<\/div>\n\n\n\n<div class=\"wp-block-columns is-layout-flex wp-container-core-columns-is-layout-9d6595d7 wp-block-columns-is-layout-flex\">\n<div class=\"wp-block-column is-layout-flow wp-block-column-is-layout-flow\">\n<p class=\"has-text-align-left\"><img loading=\"lazy\" decoding=\"async\" width=\"791\" height=\"155\" title=\"sciencepark_logo_791x155.gif\" class=\"alignnone wp-image-241\" style=\"width: 330px; height: 65px;\" src=\"https:\/\/sisu.ut.ee\/wp-content\/uploads\/sites\/340\/sciencepark_logo_791x155.gif\" alt=\"logo\"><\/p>\n<\/div>\n\n\n\n<div class=\"wp-block-column is-layout-flow wp-block-column-is-layout-flow\">\n<p class=\"has-text-align-left\"><img loading=\"lazy\" decoding=\"async\" width=\"3508\" height=\"851\" title=\"mtu_pollukultuuride_klaster.png\" class=\"alignnone wp-image-244\" style=\"width: 308px; height: 75px;\" src=\"https:\/\/sisu.ut.ee\/wp-content\/uploads\/sites\/340\/mtu_pollukultuuride_klaster.png\" alt=\"logo\" srcset=\"https:\/\/sisu.ut.ee\/wp-content\/uploads\/sites\/340\/mtu_pollukultuuride_klaster.png 3508w, https:\/\/sisu.ut.ee\/wp-content\/uploads\/sites\/340\/mtu_pollukultuuride_klaster-300x73.png 300w, https:\/\/sisu.ut.ee\/wp-content\/uploads\/sites\/340\/mtu_pollukultuuride_klaster-1024x248.png 1024w, https:\/\/sisu.ut.ee\/wp-content\/uploads\/sites\/340\/mtu_pollukultuuride_klaster-768x186.png 768w, https:\/\/sisu.ut.ee\/wp-content\/uploads\/sites\/340\/mtu_pollukultuuride_klaster-1536x373.png 1536w, https:\/\/sisu.ut.ee\/wp-content\/uploads\/sites\/340\/mtu_pollukultuuride_klaster-2048x497.png 2048w, https:\/\/sisu.ut.ee\/wp-content\/uploads\/sites\/340\/mtu_pollukultuuride_klaster-1920x466.png 1920w\" sizes=\"auto, (max-width: 3508px) 100vw, 3508px\"><\/p>\n<\/div>\n\n\n\n<div class=\"wp-block-column is-layout-flow wp-block-column-is-layout-flow\">\n<p class=\"has-text-align-left\"><img loading=\"lazy\" decoding=\"async\" width=\"1200\" height=\"275\" title=\"esa_bic_estonia_logo_dark_blue.png\" class=\"alignnone wp-image-242\" style=\"width: 350px; height: 80px;\" src=\"https:\/\/sisu.ut.ee\/wp-content\/uploads\/sites\/340\/esa_bic_estonia_logo_dark_blue.png\" alt=\"logo\" srcset=\"https:\/\/sisu.ut.ee\/wp-content\/uploads\/sites\/340\/esa_bic_estonia_logo_dark_blue.png 1200w, https:\/\/sisu.ut.ee\/wp-content\/uploads\/sites\/340\/esa_bic_estonia_logo_dark_blue-300x69.png 300w, https:\/\/sisu.ut.ee\/wp-content\/uploads\/sites\/340\/esa_bic_estonia_logo_dark_blue-1024x235.png 1024w, https:\/\/sisu.ut.ee\/wp-content\/uploads\/sites\/340\/esa_bic_estonia_logo_dark_blue-768x176.png 768w\" sizes=\"auto, (max-width: 1200px) 100vw, 1200px\">\u00a0<\/p>\n<\/div>\n\n\n\n<div class=\"wp-block-column is-layout-flow wp-block-column-is-layout-flow\">\n<p class=\"has-text-align-left\"><img loading=\"lazy\" decoding=\"async\" width=\"2144\" height=\"436\" title=\"geodatahub_logo_3_colour_light_background_1.png\" class=\"alignnone wp-image-247\" style=\"width: 290px; height: 59px;\" src=\"https:\/\/sisu.ut.ee\/wp-content\/uploads\/sites\/340\/geodatahub_logo_3_colour_light_background_1.png\" alt=\"logo\" srcset=\"https:\/\/sisu.ut.ee\/wp-content\/uploads\/sites\/340\/geodatahub_logo_3_colour_light_background_1.png 2144w, https:\/\/sisu.ut.ee\/wp-content\/uploads\/sites\/340\/geodatahub_logo_3_colour_light_background_1-300x61.png 300w, https:\/\/sisu.ut.ee\/wp-content\/uploads\/sites\/340\/geodatahub_logo_3_colour_light_background_1-1024x208.png 1024w, https:\/\/sisu.ut.ee\/wp-content\/uploads\/sites\/340\/geodatahub_logo_3_colour_light_background_1-768x156.png 768w, https:\/\/sisu.ut.ee\/wp-content\/uploads\/sites\/340\/geodatahub_logo_3_colour_light_background_1-1536x312.png 1536w, https:\/\/sisu.ut.ee\/wp-content\/uploads\/sites\/340\/geodatahub_logo_3_colour_light_background_1-2048x416.png 2048w, https:\/\/sisu.ut.ee\/wp-content\/uploads\/sites\/340\/geodatahub_logo_3_colour_light_background_1-1920x390.png 1920w\" sizes=\"auto, (max-width: 2144px) 100vw, 2144px\"><\/p>\n<\/div>\n<\/div>\n\n\n\n<div class=\"wp-block-columns is-layout-flex wp-container-core-columns-is-layout-9d6595d7 wp-block-columns-is-layout-flex\">\n<div class=\"wp-block-column is-layout-flow wp-block-column-is-layout-flow\">\n<p class=\"has-text-align-left\"><a href=\"http:\/\/kappazeta.ee\/\" target=\"_self\" rel=\"noopener\"><img loading=\"lazy\" decoding=\"async\" width=\"1024\" height=\"512\" title=\"kappazeta_logo_alt-1024\u00d7512.png\" class=\"alignnone wp-image-236\" style=\"width: 200px; height: 100px;\" src=\"https:\/\/sisu.ut.ee\/wp-content\/uploads\/sites\/340\/kappazeta_logo_alt-1024x512-1.png\" alt=\"logo\" srcset=\"https:\/\/sisu.ut.ee\/wp-content\/uploads\/sites\/340\/kappazeta_logo_alt-1024x512-1.png 1024w, https:\/\/sisu.ut.ee\/wp-content\/uploads\/sites\/340\/kappazeta_logo_alt-1024x512-1-300x150.png 300w, https:\/\/sisu.ut.ee\/wp-content\/uploads\/sites\/340\/kappazeta_logo_alt-1024x512-1-768x384.png 768w\" sizes=\"auto, (max-width: 1024px) 100vw, 1024px\"><\/a><\/p>\n<\/div>\n\n\n\n<div class=\"wp-block-column is-layout-flow wp-block-column-is-layout-flow\">\n<p class=\"has-text-align-left\"><img loading=\"lazy\" decoding=\"async\" width=\"250\" height=\"139\" title=\"alphagis.png\" class=\"alignnone wp-image-238\" style=\"width: 250px; height: 150px;\" src=\"https:\/\/sisu.ut.ee\/wp-content\/uploads\/sites\/340\/alphagis.png\" alt=\"logo\"><\/p>\n<\/div>\n\n\n\n<div class=\"wp-block-column is-layout-flow wp-block-column-is-layout-flow\">\n<p class=\"has-text-align-left\"><img loading=\"lazy\" decoding=\"async\" width=\"410\" height=\"123\" title=\"eagronoom.png\" class=\"alignnone wp-image-243\" style=\"width: 290px; height: 87px;\" src=\"https:\/\/sisu.ut.ee\/wp-content\/uploads\/sites\/340\/eagronoom.png\" alt=\"logo\" srcset=\"https:\/\/sisu.ut.ee\/wp-content\/uploads\/sites\/340\/eagronoom.png 410w, https:\/\/sisu.ut.ee\/wp-content\/uploads\/sites\/340\/eagronoom-300x90.png 300w\" sizes=\"auto, (max-width: 410px) 100vw, 410px\">\u00a0\u00a0\u00a0\u00a0<\/p>\n<\/div>\n<\/div>\n\n\n\n<div class=\"wp-block-columns is-layout-flex wp-container-core-columns-is-layout-9d6595d7 wp-block-columns-is-layout-flex\">\n<div class=\"wp-block-column is-layout-flow wp-block-column-is-layout-flow\">\n<p class=\"has-text-align-left\"><img loading=\"lazy\" decoding=\"async\" width=\"325\" height=\"80\" title=\"pria_logo.jpg\" class=\"alignnone wp-image-240\" src=\"https:\/\/sisu.ut.ee\/wp-content\/uploads\/sites\/340\/pria_logo.jpg\" alt=\"logo\" srcset=\"https:\/\/sisu.ut.ee\/wp-content\/uploads\/sites\/340\/pria_logo.jpg 325w, https:\/\/sisu.ut.ee\/wp-content\/uploads\/sites\/340\/pria_logo-300x74.jpg 300w\" sizes=\"auto, (max-width: 325px) 100vw, 325px\"> \u00a0\u00a0\u00a0\u00a0\u00a0\u00a0\u00a0\u00a0<\/p>\n<\/div>\n\n\n\n<div class=\"wp-block-column is-layout-flow wp-block-column-is-layout-flow\">\n<p><img loading=\"lazy\" decoding=\"async\" width=\"291\" height=\"80\" title=\"keskkonnaagentuur.png\" class=\"alignnone wp-image-239\" src=\"https:\/\/sisu.ut.ee\/wp-content\/uploads\/sites\/340\/keskkonnaagentuur.png\" alt=\"logo\"><\/p>\n<\/div>\n\n\n\n<div class=\"wp-block-column is-layout-flow wp-block-column-is-layout-flow\">\n<p><img loading=\"lazy\" decoding=\"async\" width=\"172\" height=\"80\" title=\"maa-amet_vapp_est_78px.png\" class=\"alignnone wp-image-246\" style=\"width: 175px; height: 81px;\" src=\"https:\/\/sisu.ut.ee\/wp-content\/uploads\/sites\/340\/maa-amet_vapp_est_78px.png\" alt=\"logo\"><\/p>\n<\/div>\n<\/div>\n","protected":false},"excerpt":{"rendered":"<p>14. novembril toimus Eesti kaugseirep\u00e4ev 2024! Ikka Tartu observatooriumis T\u00f5raveres Eesti kaugseirevaldkonna teadustulemused on p\u00e4lvinud tunnustust ja kasutamist laias maailmas.\u00a0Kaugseirep\u00e4ev t\u00f5i kokku meie kaugseirekogukonna, et tutvustada valdkonna uusimaid teaduslikke ja praktilisi edusamme Eestis. P\u00e4eva eesm\u00e4rk oli tugevdada kogukonna omavahelist koost\u00f6\u00f6d &#8230;<\/p>\n","protected":false},"author":179,"featured_media":0,"parent":0,"menu_order":0,"comment_status":"closed","ping_status":"closed","template":"","meta":{"_acf_changed":false,"inline_featured_image":false,"footnotes":""},"class_list":["post-94","page","type-page","status-publish","hentry"],"acf":[],"_links":{"self":[{"href":"https:\/\/sisu.ut.ee\/kaugseire\/wp-json\/wp\/v2\/pages\/94","targetHints":{"allow":["GET"]}}],"collection":[{"href":"https:\/\/sisu.ut.ee\/kaugseire\/wp-json\/wp\/v2\/pages"}],"about":[{"href":"https:\/\/sisu.ut.ee\/kaugseire\/wp-json\/wp\/v2\/types\/page"}],"author":[{"embeddable":true,"href":"https:\/\/sisu.ut.ee\/kaugseire\/wp-json\/wp\/v2\/users\/179"}],"replies":[{"embeddable":true,"href":"https:\/\/sisu.ut.ee\/kaugseire\/wp-json\/wp\/v2\/comments?post=94"}],"version-history":[{"count":17,"href":"https:\/\/sisu.ut.ee\/kaugseire\/wp-json\/wp\/v2\/pages\/94\/revisions"}],"predecessor-version":[{"id":653,"href":"https:\/\/sisu.ut.ee\/kaugseire\/wp-json\/wp\/v2\/pages\/94\/revisions\/653"}],"wp:attachment":[{"href":"https:\/\/sisu.ut.ee\/kaugseire\/wp-json\/wp\/v2\/media?parent=94"}],"curies":[{"name":"wp","href":"https:\/\/api.w.org\/{rel}","templated":true}]}}