{"id":93,"date":"2024-04-04T04:51:00","date_gmt":"2024-04-04T01:51:00","guid":{"rendered":"https:\/\/sisu.ut.ee\/kaugseire\/kasutajate-vajadused\/"},"modified":"2024-04-04T04:54:10","modified_gmt":"2024-04-04T01:54:10","slug":"kasutajate-vajadused","status":"publish","type":"page","link":"https:\/\/sisu.ut.ee\/kaugseire\/kasutajate-vajadused\/","title":{"rendered":"Kasutajate vajadused"},"content":{"rendered":"<p>\n\tEt saada parem \u00fclevaade kasutajate vajadustest seoses Copernicuse programmi andmetega, oleme loonud\u00a0<a href=\"https:\/\/docs.google.com\/forms\/d\/e\/1FAIpQLScrUe9xnZfr5ZXSB8r3vDboccqWNADmB0vrdRZRDaBaFcmn8A\/viewform\" target=\"_blank\" title=\"\" rel=\"noopener\">k\u00fcsimustiku<\/a>.\n<\/p>\n<p>\n\tK\u00fcsitluse eesm\u00e4rk on\u00a0leida\u00a0kasutajate vajadustel\u00a0p\u00f5hinev edasine koost\u00f6\u00f6vorm ja pakkuda neile paremaid v\u00f5imalusi, et\u00a0Copernicuse programmi andmetele ligi p\u00e4\u00e4seda. K\u00fcsimustik on inglisekeelne ning selle p\u00f5hjalik t\u00e4itmine v\u00f5ib v\u00f5tta kuni tunni. Kui vajate lisaks eestikeelset n\u00f5ustamist, v\u00f5tke \u00fchendust Piia Postiga aadressil piia.post@ut.ee\n<\/p>\n<p>\n\tOlete teretulnud levitama k\u00fcsimistikku k\u00f5igile, kes v\u00f5ivad Copernicuse andmete kasutamisest huvitatud olla.\n<\/p>\n<p>\n\tCopernicuse kasutajatest\u00a0ning nende vajadustest antakse \u00fclevaade\u00a0Interregi projekti \u201c<a data-url=\"http:\/\/balticsatapps.eu\/\" href=\"http:\/\/balticsatapps.eu\/\" title=\"\">BalticSatApps<\/a>\u201d\u00a0raames.<\/p>\n","protected":false},"excerpt":{"rendered":"<p>Et saada parem \u00fclevaade kasutajate vajadustest seoses Copernicuse programmi andmetega, oleme loonud\u00a0k\u00fcsimustiku. K\u00fcsitluse eesm\u00e4rk on\u00a0leida\u00a0kasutajate vajadustel\u00a0p\u00f5hinev edasine koost\u00f6\u00f6vorm ja pakkuda neile paremaid v\u00f5imalusi, et\u00a0Copernicuse programmi andmetele ligi p\u00e4\u00e4seda. K\u00fcsimustik on inglisekeelne ning selle p\u00f5hjalik t\u00e4itmine v\u00f5ib v\u00f5tta kuni tunni. Kui &#8230;<\/p>\n","protected":false},"author":179,"featured_media":0,"parent":0,"menu_order":0,"comment_status":"closed","ping_status":"closed","template":"","meta":{"_acf_changed":false,"inline_featured_image":false,"footnotes":""},"class_list":["post-93","page","type-page","status-publish","hentry"],"acf":[],"_links":{"self":[{"href":"https:\/\/sisu.ut.ee\/kaugseire\/wp-json\/wp\/v2\/pages\/93","targetHints":{"allow":["GET"]}}],"collection":[{"href":"https:\/\/sisu.ut.ee\/kaugseire\/wp-json\/wp\/v2\/pages"}],"about":[{"href":"https:\/\/sisu.ut.ee\/kaugseire\/wp-json\/wp\/v2\/types\/page"}],"author":[{"embeddable":true,"href":"https:\/\/sisu.ut.ee\/kaugseire\/wp-json\/wp\/v2\/users\/179"}],"replies":[{"embeddable":true,"href":"https:\/\/sisu.ut.ee\/kaugseire\/wp-json\/wp\/v2\/comments?post=93"}],"version-history":[{"count":1,"href":"https:\/\/sisu.ut.ee\/kaugseire\/wp-json\/wp\/v2\/pages\/93\/revisions"}],"predecessor-version":[{"id":447,"href":"https:\/\/sisu.ut.ee\/kaugseire\/wp-json\/wp\/v2\/pages\/93\/revisions\/447"}],"wp:attachment":[{"href":"https:\/\/sisu.ut.ee\/kaugseire\/wp-json\/wp\/v2\/media?parent=93"}],"curies":[{"name":"wp","href":"https:\/\/api.w.org\/{rel}","templated":true}]}}