{"id":92,"date":"2024-04-04T04:51:00","date_gmt":"2024-04-04T01:51:00","guid":{"rendered":"https:\/\/sisu.ut.ee\/kaugseire\/copernicuse-kasutajad\/"},"modified":"2024-04-30T13:30:36","modified_gmt":"2024-04-30T10:30:36","slug":"copernicuse-kasutajad","status":"publish","type":"page","link":"https:\/\/sisu.ut.ee\/kaugseire\/copernicuse-kasutajad\/","title":{"rendered":"Copernicuse kasutajad"},"content":{"rendered":"<p>\n\tCopernicuse andmete paremaks kasutuselev\u00f5tuks on vaja luua toimivad koost\u00f6\u00f6vormid organisatsioonide vahel, kes arendvad andmete ja informatsiooniga \u00e4rilist tegevust, stimuleerivad innovatsiooni ja loovad uusi teadmisi. K\u00f5iki neid kokku v\u00f5ib nimetada Copernicuse kasutajateks.\n<\/p>\n<p>\n\tAndmete kasutuselev\u00f5tu hoogustamiseks on vaja\u00a0Copernicuse kasutajad\u00a0kaardistada, selgitada v\u00e4lja nende vajadused ja korraldada\u00a0sellest l\u00e4htuvalt tegevusi.\n<\/p>\n<p>\n\tCopernicuse kasutajate kaardistamiseks saab\u00a0<a data-url=\"https:\/\/docs.google.com\/forms\/d\/e\/1FAIpQLSelAuUTylUiDkgi89WOUdXuHhkCelVz7Z8-q5GhlW_AcmY97w\/viewform?c=0&amp;amp;w=1\" href=\"https:\/\/docs.google.com\/forms\/d\/e\/1FAIpQLSelAuUTylUiDkgi89WOUdXuHhkCelVz7Z8-q5GhlW_AcmY97w\/viewform?c=0&amp;w=1\" title=\"\">registreeruda siin<\/a>.\n<\/p>\n<p>\n\t<img loading=\"lazy\" decoding=\"async\" width=\"1200\" height=\"669\" class=\"alignnone wp-image-232\" style=\"width: 800px;height: 446px;float: left\" src=\"https:\/\/sisu.ut.ee\/wp-content\/uploads\/sites\/340\/copernicus_eu_six_missions.jpg\" title=\"Copernicuse missioonid. Pilt: Copernicus\" alt=\"Copernicuse missioonid\" srcset=\"https:\/\/sisu.ut.ee\/wp-content\/uploads\/sites\/340\/copernicus_eu_six_missions.jpg 1200w, https:\/\/sisu.ut.ee\/wp-content\/uploads\/sites\/340\/copernicus_eu_six_missions-300x167.jpg 300w, https:\/\/sisu.ut.ee\/wp-content\/uploads\/sites\/340\/copernicus_eu_six_missions-1024x571.jpg 1024w, https:\/\/sisu.ut.ee\/wp-content\/uploads\/sites\/340\/copernicus_eu_six_missions-768x428.jpg 768w\" sizes=\"auto, (max-width: 1200px) 100vw, 1200px\"><\/p>\n","protected":false},"excerpt":{"rendered":"<p>Copernicuse andmete paremaks kasutuselev\u00f5tuks on vaja luua toimivad koost\u00f6\u00f6vormid organisatsioonide vahel, kes arendvad andmete ja informatsiooniga \u00e4rilist tegevust, stimuleerivad innovatsiooni ja loovad uusi teadmisi. K\u00f5iki neid kokku v\u00f5ib nimetada Copernicuse kasutajateks. Andmete kasutuselev\u00f5tu hoogustamiseks on vaja\u00a0Copernicuse kasutajad\u00a0kaardistada, selgitada v\u00e4lja nende &#8230;<\/p>\n","protected":false},"author":179,"featured_media":0,"parent":0,"menu_order":0,"comment_status":"closed","ping_status":"closed","template":"","meta":{"_acf_changed":false,"inline_featured_image":false,"footnotes":""},"class_list":["post-92","page","type-page","status-publish","hentry"],"acf":[],"_links":{"self":[{"href":"https:\/\/sisu.ut.ee\/kaugseire\/wp-json\/wp\/v2\/pages\/92","targetHints":{"allow":["GET"]}}],"collection":[{"href":"https:\/\/sisu.ut.ee\/kaugseire\/wp-json\/wp\/v2\/pages"}],"about":[{"href":"https:\/\/sisu.ut.ee\/kaugseire\/wp-json\/wp\/v2\/types\/page"}],"author":[{"embeddable":true,"href":"https:\/\/sisu.ut.ee\/kaugseire\/wp-json\/wp\/v2\/users\/179"}],"replies":[{"embeddable":true,"href":"https:\/\/sisu.ut.ee\/kaugseire\/wp-json\/wp\/v2\/comments?post=92"}],"version-history":[{"count":1,"href":"https:\/\/sisu.ut.ee\/kaugseire\/wp-json\/wp\/v2\/pages\/92\/revisions"}],"predecessor-version":[{"id":448,"href":"https:\/\/sisu.ut.ee\/kaugseire\/wp-json\/wp\/v2\/pages\/92\/revisions\/448"}],"wp:attachment":[{"href":"https:\/\/sisu.ut.ee\/kaugseire\/wp-json\/wp\/v2\/media?parent=92"}],"curies":[{"name":"wp","href":"https:\/\/api.w.org\/{rel}","templated":true}]}}