{"id":88,"date":"2024-04-04T04:51:00","date_gmt":"2024-04-04T01:51:00","guid":{"rendered":"https:\/\/sisu.ut.ee\/kaugseire\/kliimamuutuste-seire\/"},"modified":"2024-04-04T04:54:10","modified_gmt":"2024-04-04T01:54:10","slug":"kliimamuutuste-seire","status":"publish","type":"page","link":"https:\/\/sisu.ut.ee\/kaugseire\/kliimamuutuste-seire\/","title":{"rendered":"Kliimamuutuste seire"},"content":{"rendered":"<p>\r\n\t<a href=\"https:\/\/www.copernicus.eu\/sites\/default\/files\/documents\/Copernicus_Factsheets\/Copernicus_ClimateMonitoring_Feb2017.pdf\" target=\"_blank\" rel=\"noopener\"><img loading=\"lazy\" decoding=\"async\" width=\"645\" height=\"489\" class=\"alignnone wp-image-225\" style=\"width: 237px;height: 180px;margin-left: 10px;margin-right: 10px;float: right\" src=\"https:\/\/sisu.ut.ee\/wp-content\/uploads\/sites\/340\/kliimamuutus.png\" title=\"Kliimamuutuste seire. Copernicus\" alt=\"kliimamuutus\" srcset=\"https:\/\/sisu.ut.ee\/wp-content\/uploads\/sites\/340\/kliimamuutus.png 645w, https:\/\/sisu.ut.ee\/wp-content\/uploads\/sites\/340\/kliimamuutus-300x227.png 300w\" sizes=\"auto, (max-width: 645px) 100vw, 645px\"><\/a>Kliimamuutuste ja nende m\u00f5jurite seire tuumikteenus annab informatsiooni mitme kliimaindikaatori kohta \u2013 temperatuuri kasv, merepinna t\u00f5us, j\u00e4\u00e4 sulamine, ookeanide soojenemine jms.\r\n<\/p>\r\n\r\n<p>\r\n\tTeenuse kohta saab rohkem infot <a data-url=\"https:\/\/www.copernicus.eu\/en\/services\/climate-change\" href=\"https:\/\/www.copernicus.eu\/en\/services\/climate-change\" title=\"\">Copernicuse kliimamuutuste seire kodulehelt<\/a>.\r\n<\/p>\r\n<br><div class=\"wp-block-group attached-files-group is-layout-constrained wp-block-group-is-layout-constrained\"><div class=\"wp-block-file\"><a href=\"https:\/\/sisu.ut.ee\/wp-content\/uploads\/sites\/340\/copernicuse_kliimamuutuste_teenuse_tutvustus_inglise_keeles.pdf\" target=\"_blank\" rel=\"noreferrer noopener\">copernicuse_kliimamuutuste_teenuse_tutvustus_inglise_keeles.pdf<\/a><\/div><\/div>","protected":false},"excerpt":{"rendered":"<p>Kliimamuutuste ja nende m\u00f5jurite seire tuumikteenus annab informatsiooni mitme kliimaindikaatori kohta \u2013 temperatuuri kasv, merepinna t\u00f5us, j\u00e4\u00e4 sulamine, ookeanide soojenemine jms. Teenuse kohta saab rohkem infot Copernicuse kliimamuutuste seire kodulehelt.<\/p>\n","protected":false},"author":179,"featured_media":0,"parent":0,"menu_order":0,"comment_status":"closed","ping_status":"closed","template":"","meta":{"_acf_changed":false,"inline_featured_image":false,"footnotes":""},"class_list":["post-88","page","type-page","status-publish","hentry"],"acf":[],"_links":{"self":[{"href":"https:\/\/sisu.ut.ee\/kaugseire\/wp-json\/wp\/v2\/pages\/88","targetHints":{"allow":["GET"]}}],"collection":[{"href":"https:\/\/sisu.ut.ee\/kaugseire\/wp-json\/wp\/v2\/pages"}],"about":[{"href":"https:\/\/sisu.ut.ee\/kaugseire\/wp-json\/wp\/v2\/types\/page"}],"author":[{"embeddable":true,"href":"https:\/\/sisu.ut.ee\/kaugseire\/wp-json\/wp\/v2\/users\/179"}],"replies":[{"embeddable":true,"href":"https:\/\/sisu.ut.ee\/kaugseire\/wp-json\/wp\/v2\/comments?post=88"}],"version-history":[{"count":2,"href":"https:\/\/sisu.ut.ee\/kaugseire\/wp-json\/wp\/v2\/pages\/88\/revisions"}],"predecessor-version":[{"id":528,"href":"https:\/\/sisu.ut.ee\/kaugseire\/wp-json\/wp\/v2\/pages\/88\/revisions\/528"}],"wp:attachment":[{"href":"https:\/\/sisu.ut.ee\/kaugseire\/wp-json\/wp\/v2\/media?parent=88"}],"curies":[{"name":"wp","href":"https:\/\/api.w.org\/{rel}","templated":true}]}}