{"id":87,"date":"2024-04-04T04:50:59","date_gmt":"2024-04-04T01:50:59","guid":{"rendered":"https:\/\/sisu.ut.ee\/kaugseire\/maismaaseire\/"},"modified":"2024-04-04T04:54:10","modified_gmt":"2024-04-04T01:54:10","slug":"maismaaseire","status":"publish","type":"page","link":"https:\/\/sisu.ut.ee\/kaugseire\/maismaaseire\/","title":{"rendered":"Maismaaseire"},"content":{"rendered":"<p>\r\n\t\u00a0\r\n<\/p>\r\n\r\n<p>\r\n\t<a href=\"https:\/\/www.copernicus.eu\/sites\/default\/files\/documents\/Copernicus_LandMonitoring_13Feb2017.pdf\" target=\"_blank\" rel=\"noopener\"><img loading=\"lazy\" decoding=\"async\" width=\"645\" height=\"437\" class=\"alignnone wp-image-224\" style=\"width: 266px;height: 180px;float: right;margin-left: 10px;margin-right: 10px\" src=\"https:\/\/sisu.ut.ee\/wp-content\/uploads\/sites\/340\/maismaaseire.png\" title=\"Maismaaseire. Copernicus\" alt=\"maismaaseire\" srcset=\"https:\/\/sisu.ut.ee\/wp-content\/uploads\/sites\/340\/maismaaseire.png 645w, https:\/\/sisu.ut.ee\/wp-content\/uploads\/sites\/340\/maismaaseire-300x203.png 300w\" sizes=\"auto, (max-width: 645px) 100vw, 645px\"><\/a>Maismaaseire teenuse eest vastutab Euroopa Keskkonnaagentuur (EEA). Teenus koosneb eri tasemega andmet\u00f6\u00f6tlustest (globaalne, \u00fcleeuroopaline, lokaalne ja kohtvaatluste tase) ning pakub \u00fclevaateinfot mitmesugustest maakattega seotud teemadest.\r\n<\/p>\r\n\r\n<p>\r\n\tTeenuse tutvustus on k\u00e4ttesaadav <a data-url=\"https:\/\/www.copernicus.eu\/en\/services\/land\" href=\"https:\/\/www.copernicus.eu\/en\/services\/land\" title=\"\">Copernicuse maismaaseire veebilehe<\/a><a data-url=\"http:\/\/land.copernicus.eu\/\" href=\"http:\/\/land.copernicus.eu\/\" title=\"\">l<\/a>.\r\n<\/p>\r\n\r\n<p>\r\n\t\u00a0\r\n<\/p>\r\n<br><div class=\"wp-block-group attached-files-group is-layout-constrained wp-block-group-is-layout-constrained\"><div class=\"wp-block-file\"><a href=\"https:\/\/sisu.ut.ee\/wp-content\/uploads\/sites\/340\/copernicuse_maismaaseire_teenuse_tutvustus_inglise_keeles.pdf\" target=\"_blank\" rel=\"noreferrer noopener\">copernicuse_maismaaseire_teenuse_tutvustus_inglise_keeles.pdf<\/a><\/div><\/div>","protected":false},"excerpt":{"rendered":"<p>\u00a0 Maismaaseire teenuse eest vastutab Euroopa Keskkonnaagentuur (EEA). Teenus koosneb eri tasemega andmet\u00f6\u00f6tlustest (globaalne, \u00fcleeuroopaline, lokaalne ja kohtvaatluste tase) ning pakub \u00fclevaateinfot mitmesugustest maakattega seotud teemadest. Teenuse tutvustus on k\u00e4ttesaadav Copernicuse maismaaseire veebilehel. \u00a0<\/p>\n","protected":false},"author":179,"featured_media":0,"parent":0,"menu_order":0,"comment_status":"closed","ping_status":"closed","template":"","meta":{"_acf_changed":false,"inline_featured_image":false,"footnotes":""},"class_list":["post-87","page","type-page","status-publish","hentry"],"acf":[],"_links":{"self":[{"href":"https:\/\/sisu.ut.ee\/kaugseire\/wp-json\/wp\/v2\/pages\/87","targetHints":{"allow":["GET"]}}],"collection":[{"href":"https:\/\/sisu.ut.ee\/kaugseire\/wp-json\/wp\/v2\/pages"}],"about":[{"href":"https:\/\/sisu.ut.ee\/kaugseire\/wp-json\/wp\/v2\/types\/page"}],"author":[{"embeddable":true,"href":"https:\/\/sisu.ut.ee\/kaugseire\/wp-json\/wp\/v2\/users\/179"}],"replies":[{"embeddable":true,"href":"https:\/\/sisu.ut.ee\/kaugseire\/wp-json\/wp\/v2\/comments?post=87"}],"version-history":[{"count":2,"href":"https:\/\/sisu.ut.ee\/kaugseire\/wp-json\/wp\/v2\/pages\/87\/revisions"}],"predecessor-version":[{"id":529,"href":"https:\/\/sisu.ut.ee\/kaugseire\/wp-json\/wp\/v2\/pages\/87\/revisions\/529"}],"wp:attachment":[{"href":"https:\/\/sisu.ut.ee\/kaugseire\/wp-json\/wp\/v2\/media?parent=87"}],"curies":[{"name":"wp","href":"https:\/\/api.w.org\/{rel}","templated":true}]}}