{"id":86,"date":"2024-04-04T04:50:59","date_gmt":"2024-04-04T01:50:59","guid":{"rendered":"https:\/\/sisu.ut.ee\/kaugseire\/merekeskkonnaseire\/"},"modified":"2024-04-04T04:54:10","modified_gmt":"2024-04-04T01:54:10","slug":"merekeskkonnaseire","status":"publish","type":"page","link":"https:\/\/sisu.ut.ee\/kaugseire\/merekeskkonnaseire\/","title":{"rendered":"Merekeskkonnaseire"},"content":{"rendered":"<p>\r\n\t<a href=\"http:\/\/marine.copernicus.eu\/wp-content\/uploads\/2017\/06\/CMEMS-Service_evolution_strategy_RD_priorities_V3-final.pdf\" target=\"_blank\" rel=\"noopener\"><img loading=\"lazy\" decoding=\"async\" width=\"645\" height=\"435\" class=\"alignnone wp-image-221\" style=\"width: 267px;height: 180px;float: right;margin-right: 10px;margin-left: 10px\" src=\"https:\/\/sisu.ut.ee\/wp-content\/uploads\/sites\/340\/merekeskkonnaseire.png\" title=\"Merekeskkonnaseire. Copernicus\" alt=\"merekeskkond\" srcset=\"https:\/\/sisu.ut.ee\/wp-content\/uploads\/sites\/340\/merekeskkonnaseire.png 645w, https:\/\/sisu.ut.ee\/wp-content\/uploads\/sites\/340\/merekeskkonnaseire-300x202.png 300w\" sizes=\"auto, (max-width: 645px) 100vw, 645px\"><\/a>Merekeskkonna seire teenust arendab koordinaatorina Prantsusmaa ettev\u00f5te Mercator Ocean. Teenus pakub pidevat ja s\u00fcstemaatilist informatsiooni ookeanide ja merede \u00f6kos\u00fcsteemide kohta nii globaalsel kui ka regionaalsel tasemel. Teenuse esimene avalik tutvustus toimus Tallinnas 18. aprillil 2016. Arendust\u00f6\u00f6de oluliseks partneriks on olnud TT\u00dc meres\u00fcsteemide instituudi teadlased.\r\n<\/p>\r\n\r\n<p>\r\n\tTeenusega saab tutvuda <a data-url=\"https:\/\/www.copernicus.eu\/en\/services\/marine\" href=\"https:\/\/www.copernicus.eu\/en\/services\/marine\" title=\"\">Copernicuse merekeskkonnaseire lehel<\/a>.\r\n<\/p>\r\n\r\n<p>\r\n\t\u00a0\r\n<\/p>\r\n<br><div class=\"wp-block-group attached-files-group is-layout-constrained wp-block-group-is-layout-constrained\"><div class=\"wp-block-file\"><a href=\"https:\/\/sisu.ut.ee\/wp-content\/uploads\/sites\/340\/copernicuse_merekeskkonnaseire_teenuse_tutvustus_inglise_keeles.pdf\" target=\"_blank\" rel=\"noreferrer noopener\">copernicuse_merekeskkonnaseire_teenuse_tutvustus_inglise_keeles.pdf<\/a><\/div><\/div>","protected":false},"excerpt":{"rendered":"<p>Merekeskkonna seire teenust arendab koordinaatorina Prantsusmaa ettev\u00f5te Mercator Ocean. Teenus pakub pidevat ja s\u00fcstemaatilist informatsiooni ookeanide ja merede \u00f6kos\u00fcsteemide kohta nii globaalsel kui ka regionaalsel tasemel. Teenuse esimene avalik tutvustus toimus Tallinnas 18. aprillil 2016. Arendust\u00f6\u00f6de oluliseks partneriks on olnud &#8230;<\/p>\n","protected":false},"author":179,"featured_media":0,"parent":0,"menu_order":0,"comment_status":"closed","ping_status":"closed","template":"","meta":{"_acf_changed":false,"inline_featured_image":false,"footnotes":""},"class_list":["post-86","page","type-page","status-publish","hentry"],"acf":[],"_links":{"self":[{"href":"https:\/\/sisu.ut.ee\/kaugseire\/wp-json\/wp\/v2\/pages\/86","targetHints":{"allow":["GET"]}}],"collection":[{"href":"https:\/\/sisu.ut.ee\/kaugseire\/wp-json\/wp\/v2\/pages"}],"about":[{"href":"https:\/\/sisu.ut.ee\/kaugseire\/wp-json\/wp\/v2\/types\/page"}],"author":[{"embeddable":true,"href":"https:\/\/sisu.ut.ee\/kaugseire\/wp-json\/wp\/v2\/users\/179"}],"replies":[{"embeddable":true,"href":"https:\/\/sisu.ut.ee\/kaugseire\/wp-json\/wp\/v2\/comments?post=86"}],"version-history":[{"count":2,"href":"https:\/\/sisu.ut.ee\/kaugseire\/wp-json\/wp\/v2\/pages\/86\/revisions"}],"predecessor-version":[{"id":530,"href":"https:\/\/sisu.ut.ee\/kaugseire\/wp-json\/wp\/v2\/pages\/86\/revisions\/530"}],"wp:attachment":[{"href":"https:\/\/sisu.ut.ee\/kaugseire\/wp-json\/wp\/v2\/media?parent=86"}],"curies":[{"name":"wp","href":"https:\/\/api.w.org\/{rel}","templated":true}]}}