{"id":85,"date":"2024-04-04T04:50:59","date_gmt":"2024-04-04T01:50:59","guid":{"rendered":"https:\/\/sisu.ut.ee\/kaugseire\/tuumikteenused\/"},"modified":"2024-04-04T04:54:10","modified_gmt":"2024-04-04T01:54:10","slug":"tuumikteenused","status":"publish","type":"page","link":"https:\/\/sisu.ut.ee\/kaugseire\/tuumikteenused\/","title":{"rendered":"Tuumikteenused"},"content":{"rendered":"<p>\n\tCopernicuse programmi v\u00f5ib tinglikult jagada kolme ossa:\n<\/p>\n<ol>\n<li>\n\t\tolemasolev ja kavandatav kosmosetaristu,\n\t<\/li>\n<li>\n\t\tmaapealsed (ka ookeanis asuvad) m\u00f5\u00f5tesensorid (<em>in situ<\/em> m\u00f5\u00f5tmised),\n\t<\/li>\n<li>\n\t\ttuumikteenused.\n\t<\/li>\n<\/ol>\n<p>\n\tCopernicuse andmete p\u00f5hikasutaja on avalik sektor, kellel on vaja informatsiooni keskkonnaalase seadusandluse ja poliitika t\u00e4iustamiseks v\u00f5i reageerimisotsuste vastuv\u00f5tmiseks kriisiolukorra puhul, n\u00e4iteks looduskatastroofi v\u00f5i humanitaarkriisi korral. Avaliku v\u00f5i erasektori spetsiifiliste vajaduste katmiseks on v\u00f5imalik arendada Copernicuse teenustel baseeruvaid lisandv\u00e4\u00e4rtusega teenuseid. Andmete vabalt ja tasuta k\u00e4ttesaadavus loob uusi v\u00f5imalusi taolisi teenuseid v\u00e4lja t\u00f6\u00f6tada. Seda on Copernicuse programmi raames juba tehtud. Euroopa Komisjon on tellinud oma partneritelt t\u00e4htsate valdkondade kohta teenuseid, mida nimetatakse tuumikteenusteks. Kombineeritult toetavad need teenused paljude eesm\u00e4rkide saavutamist, sealhulgas keskkonnakaitse, linnaalade planeerimise ja haldamise, regionaalse ning kohaliku planeerimise, p\u00f5llumajanduse, metsanduse, kalakasvatuse, tervishoiu, transpordi, kliimamuutuste, turvalisuse ja turismi valdkonnas. Teenused soodustavad uute \u00e4riv\u00f5imaluste teket ning omavad majandusanal\u00fc\u00fcside j\u00e4relduste p\u00f5hjal v\u00e4ga suurt potentsiaali uute t\u00f6\u00f6kohtade loomisel ning innovatsiooni ja kasvu soodustamisel.\n<\/p>\n<p>\n\t<br>Euroopa Komisjoni tellitud tuumikteenused jagatakse kuude valdkonda:\n<\/p>\n<ul>\n<li>\n\t\t<a data-url=\"https:\/\/sisu.ut.ee\/kaugseire\/atmosf%C3%A4%C3%A4riseire?admin_panel=1\" href=\"https:\/\/sisu.ut.ee\/kaugseire\/atmosf%C3%A4%C3%A4riseire?admin_panel=1\" title=\"\">atmosfaariseire<\/a>,\n\t<\/li>\n<li>\n\t\t<a data-url=\"https:\/\/sisu.ut.ee\/kaugseire\/merekeskkonnaseire?admin_panel=1\" href=\"https:\/\/sisu.ut.ee\/kaugseire\/merekeskkonnaseire?admin_panel=1\" title=\"\">merekeskkonna seire<\/a>,\n\t<\/li>\n<li>\n\t\t<a data-url=\"https:\/\/sisu.ut.ee\/kaugseire\/maismaaseire?admin_panel=1\" href=\"https:\/\/sisu.ut.ee\/kaugseire\/maismaaseire?admin_panel=1\" title=\"\">maismaaseire<\/a>,\n\t<\/li>\n<li>\n\t\t<a data-url=\"https:\/\/sisu.ut.ee\/kaugseire\/kliimamuutuste-seire?admin_panel=1\" href=\"https:\/\/sisu.ut.ee\/kaugseire\/kliimamuutuste-seire?admin_panel=1\" title=\"\">kliimamuutuste ja nende m\u00f5jurite seire<\/a>,\n\t<\/li>\n<li>\n\t\t<a data-url=\"https:\/\/sisu.ut.ee\/kaugseire\/h%C3%A4daolukordade-juhtimine?admin_panel=1\" href=\"https:\/\/sisu.ut.ee\/kaugseire\/h%C3%A4daolukordade-juhtimine?admin_panel=1\" title=\"\">h\u00e4daolukordade juhtimine<\/a>,\n\t<\/li>\n<li>\n\t\t<a data-url=\"https:\/\/sisu.ut.ee\/kaugseire\/julgeolek?admin_panel=1\" href=\"https:\/\/sisu.ut.ee\/kaugseire\/julgeolek?admin_panel=1\" title=\"\">julgeolek.<\/a>\n\t<\/li>\n<\/ul>\n","protected":false},"excerpt":{"rendered":"<p>Copernicuse programmi v\u00f5ib tinglikult jagada kolme ossa: olemasolev ja kavandatav kosmosetaristu, maapealsed (ka ookeanis asuvad) m\u00f5\u00f5tesensorid (in situ m\u00f5\u00f5tmised), tuumikteenused. Copernicuse andmete p\u00f5hikasutaja on avalik sektor, kellel on vaja informatsiooni keskkonnaalase seadusandluse ja poliitika t\u00e4iustamiseks v\u00f5i reageerimisotsuste vastuv\u00f5tmiseks kriisiolukorra puhul, &#8230;<\/p>\n","protected":false},"author":179,"featured_media":0,"parent":0,"menu_order":0,"comment_status":"closed","ping_status":"closed","template":"","meta":{"_acf_changed":false,"inline_featured_image":false,"footnotes":""},"class_list":["post-85","page","type-page","status-publish","hentry"],"acf":[],"_links":{"self":[{"href":"https:\/\/sisu.ut.ee\/kaugseire\/wp-json\/wp\/v2\/pages\/85","targetHints":{"allow":["GET"]}}],"collection":[{"href":"https:\/\/sisu.ut.ee\/kaugseire\/wp-json\/wp\/v2\/pages"}],"about":[{"href":"https:\/\/sisu.ut.ee\/kaugseire\/wp-json\/wp\/v2\/types\/page"}],"author":[{"embeddable":true,"href":"https:\/\/sisu.ut.ee\/kaugseire\/wp-json\/wp\/v2\/users\/179"}],"replies":[{"embeddable":true,"href":"https:\/\/sisu.ut.ee\/kaugseire\/wp-json\/wp\/v2\/comments?post=85"}],"version-history":[{"count":1,"href":"https:\/\/sisu.ut.ee\/kaugseire\/wp-json\/wp\/v2\/pages\/85\/revisions"}],"predecessor-version":[{"id":455,"href":"https:\/\/sisu.ut.ee\/kaugseire\/wp-json\/wp\/v2\/pages\/85\/revisions\/455"}],"wp:attachment":[{"href":"https:\/\/sisu.ut.ee\/kaugseire\/wp-json\/wp\/v2\/media?parent=85"}],"curies":[{"name":"wp","href":"https:\/\/api.w.org\/{rel}","templated":true}]}}