{"id":84,"date":"2024-04-04T04:50:59","date_gmt":"2024-04-04T01:50:59","guid":{"rendered":"https:\/\/sisu.ut.ee\/kaugseire\/sentinel-6\/"},"modified":"2024-04-04T04:54:10","modified_gmt":"2024-04-04T01:54:10","slug":"sentinel-6","status":"publish","type":"page","link":"https:\/\/sisu.ut.ee\/kaugseire\/sentinel-6\/","title":{"rendered":"Sentinel-6"},"content":{"rendered":"<p style=\"text-align: justify\">\n\t<img loading=\"lazy\" decoding=\"async\" width=\"516\" height=\"387\" class=\"alignnone wp-image-220\" style=\"width: 240px;height: 180px;float: right;margin-left: 10px;margin-right: 10px\" src=\"https:\/\/sisu.ut.ee\/wp-content\/uploads\/sites\/340\/sentinel6_esa_2015_airbus_defence_and_space_01.jpg\" title=\"Sentinel-6. ESA \/ Airbus Defence and Space\" alt=\"Sentinel-6\" srcset=\"https:\/\/sisu.ut.ee\/wp-content\/uploads\/sites\/340\/sentinel6_esa_2015_airbus_defence_and_space_01.jpg 516w, https:\/\/sisu.ut.ee\/wp-content\/uploads\/sites\/340\/sentinel6_esa_2015_airbus_defence_and_space_01-300x225.jpg 300w\" sizes=\"auto, (max-width: 516px) 100vw, 516px\"><strong>Sentinel-6<\/strong> missioon on m\u00f5eldud ookeanide veetaseme m\u00e4\u00e4ramiseks radaraltimeetri abil. Ookeanide topograafia andmed on vajalikud kliimamuutuste m\u00f5jude j\u00e4lgimiseks ja operatiivseks okeanograafiaks. Kaardistades 95% Maa j\u00e4\u00e4vabast ookeanist iga 10 p\u00e4evaga, pakub see missioon hoovuste ning lainek\u00f5rguse ja -kiiruse infoga olulist tuge turvalisuse suurendamisele merenduse valdkonnas.<br>Sellised andmed on vajalikud ka kiirelt muutuvate rannikupiirkondade paremaks majandamiseks. Sentinel-6 missioonil kasutatakse olulisel m\u00e4\u00e4ral Jason-seeria satelliitide ja ESA CryoSati missiooni \u00f5ppetunde. Sentinel-6 missioon t\u00e4iendab ka Sentinel-3 abil veekogude jaoks kogutavat infot.<\/p>\n","protected":false},"excerpt":{"rendered":"<p>Sentinel-6 missioon on m\u00f5eldud ookeanide veetaseme m\u00e4\u00e4ramiseks radaraltimeetri abil. Ookeanide topograafia andmed on vajalikud kliimamuutuste m\u00f5jude j\u00e4lgimiseks ja operatiivseks okeanograafiaks. Kaardistades 95% Maa j\u00e4\u00e4vabast ookeanist iga 10 p\u00e4evaga, pakub see missioon hoovuste ning lainek\u00f5rguse ja -kiiruse infoga olulist tuge turvalisuse &#8230;<\/p>\n","protected":false},"author":179,"featured_media":0,"parent":0,"menu_order":0,"comment_status":"closed","ping_status":"closed","template":"","meta":{"_acf_changed":false,"inline_featured_image":false,"footnotes":""},"class_list":["post-84","page","type-page","status-publish","hentry"],"acf":[],"_links":{"self":[{"href":"https:\/\/sisu.ut.ee\/kaugseire\/wp-json\/wp\/v2\/pages\/84","targetHints":{"allow":["GET"]}}],"collection":[{"href":"https:\/\/sisu.ut.ee\/kaugseire\/wp-json\/wp\/v2\/pages"}],"about":[{"href":"https:\/\/sisu.ut.ee\/kaugseire\/wp-json\/wp\/v2\/types\/page"}],"author":[{"embeddable":true,"href":"https:\/\/sisu.ut.ee\/kaugseire\/wp-json\/wp\/v2\/users\/179"}],"replies":[{"embeddable":true,"href":"https:\/\/sisu.ut.ee\/kaugseire\/wp-json\/wp\/v2\/comments?post=84"}],"version-history":[{"count":1,"href":"https:\/\/sisu.ut.ee\/kaugseire\/wp-json\/wp\/v2\/pages\/84\/revisions"}],"predecessor-version":[{"id":456,"href":"https:\/\/sisu.ut.ee\/kaugseire\/wp-json\/wp\/v2\/pages\/84\/revisions\/456"}],"wp:attachment":[{"href":"https:\/\/sisu.ut.ee\/kaugseire\/wp-json\/wp\/v2\/media?parent=84"}],"curies":[{"name":"wp","href":"https:\/\/api.w.org\/{rel}","templated":true}]}}