{"id":83,"date":"2024-04-04T04:50:59","date_gmt":"2024-04-04T01:50:59","guid":{"rendered":"https:\/\/sisu.ut.ee\/kaugseire\/sentinel-5-ja-sentinel-5p\/"},"modified":"2024-04-04T04:54:10","modified_gmt":"2024-04-04T01:54:10","slug":"sentinel-5-ja-sentinel-5p","status":"publish","type":"page","link":"https:\/\/sisu.ut.ee\/kaugseire\/sentinel-5-ja-sentinel-5p\/","title":{"rendered":"Sentinel-5 ja Sentinel-5P"},"content":{"rendered":"<p style=\"text-align: justify\">\n\t<img loading=\"lazy\" decoding=\"async\" width=\"516\" height=\"387\" class=\"alignnone wp-image-219\" style=\"width: 240px;height: 180px;margin-left: 10px;margin-right: 10px;float: right\" src=\"https:\/\/sisu.ut.ee\/wp-content\/uploads\/sites\/340\/sentinel-5p_esaatg_medialab_02.jpg\" title=\"Sentinel-5P. ESA \/ ATG Medialab\" alt=\"Sentinel-5P\" srcset=\"https:\/\/sisu.ut.ee\/wp-content\/uploads\/sites\/340\/sentinel-5p_esaatg_medialab_02.jpg 516w, https:\/\/sisu.ut.ee\/wp-content\/uploads\/sites\/340\/sentinel-5p_esaatg_medialab_02-300x225.jpg 300w\" sizes=\"auto, (max-width: 516px) 100vw, 516px\"><strong>Sentinel-5<\/strong> missioon realiseeritakse polaarorbiidil oleva MetOpi teise p\u00f5lvkonna satelliidina, mis kannab ultravioletse, n\u00e4htava ja l\u00e4hisinfrapunapiirkonna spektromeetrit (UVNS) ja veel kolme instrumenti (EUMETSAT IRS, Visible Infrared Imager \u2013 VII, Multi-viewing Multi-channel Multi-polarization Imager \u2013 3MI). Sentinel-5P missiooni \u00fcks eesm\u00e4rke on v\u00e4hendada l\u00fcnka andmetes, mis on tekkinud seet\u00f5ttu, et ENVISATi missioon l\u00f5ppes 2012. aastal ootamatult ja selle pardal olnud instrumendile Sciamachy ei ole asendajat, enne kui k\u00e4ivitub Sentinel-5. ESA ja Hollandi \u00fchise missioonina viiakse orbiidile UNVS instrument Tropomi. Sentinel-4 ja Sentinel-5 missioonide eesm\u00e4rk on toetada Euroopa poliitikaid ning teenuseid \u00f5hukvaliteedi, stratosf\u00e4\u00e4riosooni, p\u00e4ikesekiirguse ja kliima j\u00e4lgimiseks.<\/p>\n","protected":false},"excerpt":{"rendered":"<p>Sentinel-5 missioon realiseeritakse polaarorbiidil oleva MetOpi teise p\u00f5lvkonna satelliidina, mis kannab ultravioletse, n\u00e4htava ja l\u00e4hisinfrapunapiirkonna spektromeetrit (UVNS) ja veel kolme instrumenti (EUMETSAT IRS, Visible Infrared Imager \u2013 VII, Multi-viewing Multi-channel Multi-polarization Imager \u2013 3MI). Sentinel-5P missiooni \u00fcks eesm\u00e4rke on v\u00e4hendada &#8230;<\/p>\n","protected":false},"author":179,"featured_media":0,"parent":0,"menu_order":0,"comment_status":"closed","ping_status":"closed","template":"","meta":{"_acf_changed":false,"inline_featured_image":false,"footnotes":""},"class_list":["post-83","page","type-page","status-publish","hentry"],"acf":[],"_links":{"self":[{"href":"https:\/\/sisu.ut.ee\/kaugseire\/wp-json\/wp\/v2\/pages\/83","targetHints":{"allow":["GET"]}}],"collection":[{"href":"https:\/\/sisu.ut.ee\/kaugseire\/wp-json\/wp\/v2\/pages"}],"about":[{"href":"https:\/\/sisu.ut.ee\/kaugseire\/wp-json\/wp\/v2\/types\/page"}],"author":[{"embeddable":true,"href":"https:\/\/sisu.ut.ee\/kaugseire\/wp-json\/wp\/v2\/users\/179"}],"replies":[{"embeddable":true,"href":"https:\/\/sisu.ut.ee\/kaugseire\/wp-json\/wp\/v2\/comments?post=83"}],"version-history":[{"count":1,"href":"https:\/\/sisu.ut.ee\/kaugseire\/wp-json\/wp\/v2\/pages\/83\/revisions"}],"predecessor-version":[{"id":457,"href":"https:\/\/sisu.ut.ee\/kaugseire\/wp-json\/wp\/v2\/pages\/83\/revisions\/457"}],"wp:attachment":[{"href":"https:\/\/sisu.ut.ee\/kaugseire\/wp-json\/wp\/v2\/media?parent=83"}],"curies":[{"name":"wp","href":"https:\/\/api.w.org\/{rel}","templated":true}]}}