{"id":82,"date":"2024-04-04T04:50:59","date_gmt":"2024-04-04T01:50:59","guid":{"rendered":"https:\/\/sisu.ut.ee\/kaugseire\/sentinel-4-ja-sentinel-5\/"},"modified":"2024-04-04T04:54:10","modified_gmt":"2024-04-04T01:54:10","slug":"sentinel-4-ja-sentinel-5","status":"publish","type":"page","link":"https:\/\/sisu.ut.ee\/kaugseire\/sentinel-4-ja-sentinel-5\/","title":{"rendered":"Sentinel-4"},"content":{"rendered":"<p style=\"text-align: justify\">\n\t<img loading=\"lazy\" decoding=\"async\" width=\"1638\" height=\"1228\" class=\"alignnone wp-image-218\" style=\"width: 240px;height: 180px;float: right;margin: 10px\" src=\"https:\/\/sisu.ut.ee\/wp-content\/uploads\/sites\/340\/sentinel-4_esa_pierre_carril_02.jpg\" title=\"Sentinel-4. ESA \/ Pierre Carril\" alt=\"Sentinel-4\" srcset=\"https:\/\/sisu.ut.ee\/wp-content\/uploads\/sites\/340\/sentinel-4_esa_pierre_carril_02.jpg 1638w, https:\/\/sisu.ut.ee\/wp-content\/uploads\/sites\/340\/sentinel-4_esa_pierre_carril_02-300x225.jpg 300w, https:\/\/sisu.ut.ee\/wp-content\/uploads\/sites\/340\/sentinel-4_esa_pierre_carril_02-1024x768.jpg 1024w, https:\/\/sisu.ut.ee\/wp-content\/uploads\/sites\/340\/sentinel-4_esa_pierre_carril_02-768x576.jpg 768w, https:\/\/sisu.ut.ee\/wp-content\/uploads\/sites\/340\/sentinel-4_esa_pierre_carril_02-1536x1152.jpg 1536w\" sizes=\"auto, (max-width: 1638px) 100vw, 1638px\"><strong>Sentinel-4<\/strong> ja Sentinel-5 missioonid on loodud spetsiaalselt atmosf\u00e4\u00e4ri koostise j\u00e4lgimiseks Copernicuse atmosf\u00e4\u00e4riteenuse tarbeks. M\u00f5lemad missioonid toimivad EUMETSATi satelliitide baasil. Geostatsionaarsel orbiidil oleva Meteosati kolmanda p\u00f5lvkonna satelliidi MTGSounder (MTG-S) pardal hakkavad t\u00f6\u00f6le ultravioletse ja n\u00e4htava kiirguse piirkonna spektromeeter (UVN) ning EUMETSATi termokiirguse m\u00f5\u00f5tja (InfraRed Sounder, IRS), hiljem kombineeritakse Sentinel-4 missiooniga ka satelliidi MTG-Imager pardal paikneva EUMETSATi pildiskanneri (FCI) andmed. Neid m\u00f5\u00f5tmisi kasutatakse kasvuhoonegaaside ja saasteainete m\u00e4\u00e4ramiseks.\n<\/p>\n<p style=\"text-align: justify\">\n\t<br>ESA ja Hollandi \u00fchise missioonina viiakse orbiidile UNVS instrument Tropomi. Sentinel-4 ja Sentinel-5 missioonide eesm\u00e4rk on toetada Euroopa poliitikaid ning teenuseid \u00f5hukvaliteedi, stratosf\u00e4\u00e4riosooni, p\u00e4ikesekiirguse ja kliima j\u00e4lgimiseks.<\/p>\n","protected":false},"excerpt":{"rendered":"<p>Sentinel-4 ja Sentinel-5 missioonid on loodud spetsiaalselt atmosf\u00e4\u00e4ri koostise j\u00e4lgimiseks Copernicuse atmosf\u00e4\u00e4riteenuse tarbeks. M\u00f5lemad missioonid toimivad EUMETSATi satelliitide baasil. Geostatsionaarsel orbiidil oleva Meteosati kolmanda p\u00f5lvkonna satelliidi MTGSounder (MTG-S) pardal hakkavad t\u00f6\u00f6le ultravioletse ja n\u00e4htava kiirguse piirkonna spektromeeter (UVN) ning EUMETSATi &#8230;<\/p>\n","protected":false},"author":179,"featured_media":0,"parent":0,"menu_order":0,"comment_status":"closed","ping_status":"closed","template":"","meta":{"_acf_changed":false,"inline_featured_image":false,"footnotes":""},"class_list":["post-82","page","type-page","status-publish","hentry"],"acf":[],"_links":{"self":[{"href":"https:\/\/sisu.ut.ee\/kaugseire\/wp-json\/wp\/v2\/pages\/82","targetHints":{"allow":["GET"]}}],"collection":[{"href":"https:\/\/sisu.ut.ee\/kaugseire\/wp-json\/wp\/v2\/pages"}],"about":[{"href":"https:\/\/sisu.ut.ee\/kaugseire\/wp-json\/wp\/v2\/types\/page"}],"author":[{"embeddable":true,"href":"https:\/\/sisu.ut.ee\/kaugseire\/wp-json\/wp\/v2\/users\/179"}],"replies":[{"embeddable":true,"href":"https:\/\/sisu.ut.ee\/kaugseire\/wp-json\/wp\/v2\/comments?post=82"}],"version-history":[{"count":1,"href":"https:\/\/sisu.ut.ee\/kaugseire\/wp-json\/wp\/v2\/pages\/82\/revisions"}],"predecessor-version":[{"id":458,"href":"https:\/\/sisu.ut.ee\/kaugseire\/wp-json\/wp\/v2\/pages\/82\/revisions\/458"}],"wp:attachment":[{"href":"https:\/\/sisu.ut.ee\/kaugseire\/wp-json\/wp\/v2\/media?parent=82"}],"curies":[{"name":"wp","href":"https:\/\/api.w.org\/{rel}","templated":true}]}}