{"id":81,"date":"2024-04-04T04:50:59","date_gmt":"2024-04-04T01:50:59","guid":{"rendered":"https:\/\/sisu.ut.ee\/kaugseire\/sentinel-3\/"},"modified":"2024-04-04T04:54:10","modified_gmt":"2024-04-04T01:54:10","slug":"sentinel-3","status":"publish","type":"page","link":"https:\/\/sisu.ut.ee\/kaugseire\/sentinel-3\/","title":{"rendered":"Sentinel-3"},"content":{"rendered":"<p style=\"text-align: justify\">\n\t<img loading=\"lazy\" decoding=\"async\" width=\"2560\" height=\"1920\" class=\"alignnone wp-image-207\" style=\"width: 240px;height: 180px;float: right;margin-left: 10px;margin-right: 10px\" src=\"https:\/\/sisu.ut.ee\/wp-content\/uploads\/sites\/340\/sentinel-3_esa-pierre_carril-scaled.jpg\" title=\"Sentinel-3. ESA \/ Pierre Carril\" alt=\"Sentinel-3\" srcset=\"https:\/\/sisu.ut.ee\/wp-content\/uploads\/sites\/340\/sentinel-3_esa-pierre_carril-scaled.jpg 2560w, https:\/\/sisu.ut.ee\/wp-content\/uploads\/sites\/340\/sentinel-3_esa-pierre_carril-300x225.jpg 300w, https:\/\/sisu.ut.ee\/wp-content\/uploads\/sites\/340\/sentinel-3_esa-pierre_carril-1024x768.jpg 1024w, https:\/\/sisu.ut.ee\/wp-content\/uploads\/sites\/340\/sentinel-3_esa-pierre_carril-768x576.jpg 768w, https:\/\/sisu.ut.ee\/wp-content\/uploads\/sites\/340\/sentinel-3_esa-pierre_carril-1536x1152.jpg 1536w, https:\/\/sisu.ut.ee\/wp-content\/uploads\/sites\/340\/sentinel-3_esa-pierre_carril-2048x1536.jpg 2048w, https:\/\/sisu.ut.ee\/wp-content\/uploads\/sites\/340\/sentinel-3_esa-pierre_carril-1920x1440.jpg 1920w\" sizes=\"auto, (max-width: 2560px) 100vw, 2560px\"><strong>Sentinel-3 <\/strong>on kahtlematult Copernicuse programmi k\u00f5ige keerukam missioon.<br>Satelliit kannab komplekti mitmest k\u00f5ige paremast instrumendist, et pakkuda<br>s\u00fcstemaatilist \u00fclevaadet Maa ookeanidest, maapinnast, j\u00e4\u00e4oludest ja atmosf\u00e4\u00e4rist tervikuna. Need andmed v\u00f5imaldavad m\u00f5ista globaalseid muutusi Maa kliimas ja<br>pakkuda kriitilise t\u00e4htsusega infot ookeanide kohta ja ilmaennustuste tarbeks. Sentinel-3 valideerimismeeskonnas osalevad ka Eesti kaugseirajad Tartu Observatooriumist ja Eesti Mereinstituudist. Sentinel-3 kasutab paljuski ESA eelmise suure Maa j\u00e4lgimise missiooni ENVISAT kogemusi. Veebruaris 2016 saadeti orbiidile Sentinel-3A, 2018. aastal saadeti orbiidile Sentinel-3B.<\/p>\n","protected":false},"excerpt":{"rendered":"<p>Sentinel-3 on kahtlematult Copernicuse programmi k\u00f5ige keerukam missioon.Satelliit kannab komplekti mitmest k\u00f5ige paremast instrumendist, et pakkudas\u00fcstemaatilist \u00fclevaadet Maa ookeanidest, maapinnast, j\u00e4\u00e4oludest ja atmosf\u00e4\u00e4rist tervikuna. Need andmed v\u00f5imaldavad m\u00f5ista globaalseid muutusi Maa kliimas japakkuda kriitilise t\u00e4htsusega infot ookeanide kohta ja ilmaennustuste &#8230;<\/p>\n","protected":false},"author":179,"featured_media":0,"parent":0,"menu_order":0,"comment_status":"closed","ping_status":"closed","template":"","meta":{"_acf_changed":false,"inline_featured_image":false,"footnotes":""},"class_list":["post-81","page","type-page","status-publish","hentry"],"acf":[],"_links":{"self":[{"href":"https:\/\/sisu.ut.ee\/kaugseire\/wp-json\/wp\/v2\/pages\/81","targetHints":{"allow":["GET"]}}],"collection":[{"href":"https:\/\/sisu.ut.ee\/kaugseire\/wp-json\/wp\/v2\/pages"}],"about":[{"href":"https:\/\/sisu.ut.ee\/kaugseire\/wp-json\/wp\/v2\/types\/page"}],"author":[{"embeddable":true,"href":"https:\/\/sisu.ut.ee\/kaugseire\/wp-json\/wp\/v2\/users\/179"}],"replies":[{"embeddable":true,"href":"https:\/\/sisu.ut.ee\/kaugseire\/wp-json\/wp\/v2\/comments?post=81"}],"version-history":[{"count":1,"href":"https:\/\/sisu.ut.ee\/kaugseire\/wp-json\/wp\/v2\/pages\/81\/revisions"}],"predecessor-version":[{"id":459,"href":"https:\/\/sisu.ut.ee\/kaugseire\/wp-json\/wp\/v2\/pages\/81\/revisions\/459"}],"wp:attachment":[{"href":"https:\/\/sisu.ut.ee\/kaugseire\/wp-json\/wp\/v2\/media?parent=81"}],"curies":[{"name":"wp","href":"https:\/\/api.w.org\/{rel}","templated":true}]}}