{"id":78,"date":"2024-04-04T04:50:59","date_gmt":"2024-04-04T01:50:59","guid":{"rendered":"https:\/\/sisu.ut.ee\/kaugseire\/satelliidid\/"},"modified":"2024-04-04T04:54:10","modified_gmt":"2024-04-04T01:54:10","slug":"satelliidid","status":"publish","type":"page","link":"https:\/\/sisu.ut.ee\/kaugseire\/satelliidid\/","title":{"rendered":"Satelliidid"},"content":{"rendered":"<p>\n\t<span data-mce-mark=\"1\">Copernicuse teenuste oluline\u00a0komponent\u00a0on satelliidiandmed. Programm\u00a0h\u00f5lmab kuut missiooni, millest iga\u00fchel on oma eesm\u00e4rk tulenevalt infovajadusest ja\u00a0<\/span><span data-mce-mark=\"1\">tehnoloogilistest v\u00f5imalustest.<\/span>\n<\/p>\n<table class=\"table table-hover\" align=\"center\" border=\"0\" cellpadding=\"1\" cellspacing=\"1\">\n<tbody>\n<tr>\n<td>\n\t\t\t\t<a href=\"https:\/\/sisu.ut.ee\/kaugseire\/sentinel-1\" target=\"_self\" rel=\"noopener\"><img loading=\"lazy\" decoding=\"async\" width=\"2560\" height=\"1920\" class=\"alignnone wp-image-212\" style=\"width: 240px;height: 180px\" src=\"https:\/\/sisu.ut.ee\/wp-content\/uploads\/sites\/340\/sentinel-1_esaatg_medialab_01-scaled.jpg\" title=\"Sentinel-1\" alt=\"Sentinel-1\" srcset=\"https:\/\/sisu.ut.ee\/wp-content\/uploads\/sites\/340\/sentinel-1_esaatg_medialab_01-scaled.jpg 2560w, https:\/\/sisu.ut.ee\/wp-content\/uploads\/sites\/340\/sentinel-1_esaatg_medialab_01-300x225.jpg 300w, https:\/\/sisu.ut.ee\/wp-content\/uploads\/sites\/340\/sentinel-1_esaatg_medialab_01-1024x768.jpg 1024w, https:\/\/sisu.ut.ee\/wp-content\/uploads\/sites\/340\/sentinel-1_esaatg_medialab_01-768x576.jpg 768w, https:\/\/sisu.ut.ee\/wp-content\/uploads\/sites\/340\/sentinel-1_esaatg_medialab_01-1536x1152.jpg 1536w, https:\/\/sisu.ut.ee\/wp-content\/uploads\/sites\/340\/sentinel-1_esaatg_medialab_01-2048x1536.jpg 2048w, https:\/\/sisu.ut.ee\/wp-content\/uploads\/sites\/340\/sentinel-1_esaatg_medialab_01-1920x1440.jpg 1920w\" sizes=\"auto, (max-width: 2560px) 100vw, 2560px\"><\/a>\n\t\t\t<\/td>\n<td>\n\t\t\t\t<a href=\"https:\/\/sisu.ut.ee\/kaugseire\/sentinel-2\" target=\"_self\" rel=\"noopener\"><img loading=\"lazy\" decoding=\"async\" width=\"2560\" height=\"1920\" class=\"alignnone wp-image-211\" style=\"height: 180px;width: 240px\" src=\"https:\/\/sisu.ut.ee\/wp-content\/uploads\/sites\/340\/sentinel_2_01-scaled.jpg\" title=\"Sentinel-2\" alt=\"Sentinel-2\" srcset=\"https:\/\/sisu.ut.ee\/wp-content\/uploads\/sites\/340\/sentinel_2_01-scaled.jpg 2560w, https:\/\/sisu.ut.ee\/wp-content\/uploads\/sites\/340\/sentinel_2_01-300x225.jpg 300w, https:\/\/sisu.ut.ee\/wp-content\/uploads\/sites\/340\/sentinel_2_01-1024x768.jpg 1024w, https:\/\/sisu.ut.ee\/wp-content\/uploads\/sites\/340\/sentinel_2_01-768x576.jpg 768w, https:\/\/sisu.ut.ee\/wp-content\/uploads\/sites\/340\/sentinel_2_01-1536x1152.jpg 1536w, https:\/\/sisu.ut.ee\/wp-content\/uploads\/sites\/340\/sentinel_2_01-2048x1536.jpg 2048w, https:\/\/sisu.ut.ee\/wp-content\/uploads\/sites\/340\/sentinel_2_01-1920x1440.jpg 1920w\" sizes=\"auto, (max-width: 2560px) 100vw, 2560px\"><\/a>\n\t\t\t<\/td>\n<td>\n\t\t\t\t<a href=\"https:\/\/sisu.ut.ee\/kaugseire\/sentinel-3\" target=\"_self\" rel=\"noopener\"><img loading=\"lazy\" decoding=\"async\" width=\"2560\" height=\"1920\" class=\"alignnone wp-image-207\" style=\"width: 240px;height: 180px\" src=\"https:\/\/sisu.ut.ee\/wp-content\/uploads\/sites\/340\/sentinel-3_esa-pierre_carril-scaled.jpg\" title=\"Sentinel-3\" alt=\"Sentinel-3\" srcset=\"https:\/\/sisu.ut.ee\/wp-content\/uploads\/sites\/340\/sentinel-3_esa-pierre_carril-scaled.jpg 2560w, https:\/\/sisu.ut.ee\/wp-content\/uploads\/sites\/340\/sentinel-3_esa-pierre_carril-300x225.jpg 300w, https:\/\/sisu.ut.ee\/wp-content\/uploads\/sites\/340\/sentinel-3_esa-pierre_carril-1024x768.jpg 1024w, https:\/\/sisu.ut.ee\/wp-content\/uploads\/sites\/340\/sentinel-3_esa-pierre_carril-768x576.jpg 768w, https:\/\/sisu.ut.ee\/wp-content\/uploads\/sites\/340\/sentinel-3_esa-pierre_carril-1536x1152.jpg 1536w, https:\/\/sisu.ut.ee\/wp-content\/uploads\/sites\/340\/sentinel-3_esa-pierre_carril-2048x1536.jpg 2048w, https:\/\/sisu.ut.ee\/wp-content\/uploads\/sites\/340\/sentinel-3_esa-pierre_carril-1920x1440.jpg 1920w\" sizes=\"auto, (max-width: 2560px) 100vw, 2560px\"><\/a>\n\t\t\t<\/td>\n<\/tr>\n<tr>\n<td>\n\t\t\t\t<a href=\"https:\/\/sisu.ut.ee\/kaugseire\/sentinel-4-ja-sentinel-5\" target=\"_self\" rel=\"noopener\"><img loading=\"lazy\" decoding=\"async\" width=\"1638\" height=\"1228\" class=\"alignnone wp-image-213\" style=\"width: 240px;height: 180px\" src=\"https:\/\/sisu.ut.ee\/wp-content\/uploads\/sites\/340\/sentinel-4_esa_pierre_carril_01.jpg\" title=\"Sentinel-4\" alt=\"Sentinel-4\" srcset=\"https:\/\/sisu.ut.ee\/wp-content\/uploads\/sites\/340\/sentinel-4_esa_pierre_carril_01.jpg 1638w, https:\/\/sisu.ut.ee\/wp-content\/uploads\/sites\/340\/sentinel-4_esa_pierre_carril_01-300x225.jpg 300w, https:\/\/sisu.ut.ee\/wp-content\/uploads\/sites\/340\/sentinel-4_esa_pierre_carril_01-1024x768.jpg 1024w, https:\/\/sisu.ut.ee\/wp-content\/uploads\/sites\/340\/sentinel-4_esa_pierre_carril_01-768x576.jpg 768w, https:\/\/sisu.ut.ee\/wp-content\/uploads\/sites\/340\/sentinel-4_esa_pierre_carril_01-1536x1152.jpg 1536w\" sizes=\"auto, (max-width: 1638px) 100vw, 1638px\"><\/a>\n\t\t\t<\/td>\n<td>\n\t\t\t\t<a href=\"https:\/\/sisu.ut.ee\/kaugseire\/sentinel-5-ja-sentinel-5p\" target=\"_self\" rel=\"noopener\"><img loading=\"lazy\" decoding=\"async\" width=\"516\" height=\"387\" class=\"alignnone wp-image-214\" style=\"width: 240px;height: 180px\" src=\"https:\/\/sisu.ut.ee\/wp-content\/uploads\/sites\/340\/sentinel-5p_esaatg_medialab_01.jpg\" title=\"Sentinel-5\" alt=\"Sentinel-5P\" srcset=\"https:\/\/sisu.ut.ee\/wp-content\/uploads\/sites\/340\/sentinel-5p_esaatg_medialab_01.jpg 516w, https:\/\/sisu.ut.ee\/wp-content\/uploads\/sites\/340\/sentinel-5p_esaatg_medialab_01-300x225.jpg 300w\" sizes=\"auto, (max-width: 516px) 100vw, 516px\"><\/a>\n\t\t\t<\/td>\n<td>\n<p>\n\t\t\t\t\t<a href=\"https:\/\/sisu.ut.ee\/kaugseire\/sentinel-6\" target=\"_self\" rel=\"noopener\"><img loading=\"lazy\" decoding=\"async\" width=\"516\" height=\"387\" class=\"alignnone wp-image-215\" style=\"width: 240px;height: 180px\" src=\"https:\/\/sisu.ut.ee\/wp-content\/uploads\/sites\/340\/sentinel6_esa_2015_airbus_defence_and_space.jpg\" title=\"Sentinel-6\" alt=\"Sentinel-6\" srcset=\"https:\/\/sisu.ut.ee\/wp-content\/uploads\/sites\/340\/sentinel6_esa_2015_airbus_defence_and_space.jpg 516w, https:\/\/sisu.ut.ee\/wp-content\/uploads\/sites\/340\/sentinel6_esa_2015_airbus_defence_and_space-300x225.jpg 300w\" sizes=\"auto, (max-width: 516px) 100vw, 516px\"><\/a>\n\t\t\t\t<\/p>\n<\/td>\n<\/tr>\n<\/tbody>\n<\/table>\n<p>\n\tPildid: ESA, ATG Medialab, Airbus Defence and Space, Pierre Carril\n<\/p>\n<p style=\"text-align: justify\">\n\t\u00a0<\/p>\n","protected":false},"excerpt":{"rendered":"<p>Copernicuse teenuste oluline\u00a0komponent\u00a0on satelliidiandmed. Programm\u00a0h\u00f5lmab kuut missiooni, millest iga\u00fchel on oma eesm\u00e4rk tulenevalt infovajadusest ja\u00a0tehnoloogilistest v\u00f5imalustest. Pildid: ESA, ATG Medialab, Airbus Defence and Space, Pierre Carril \u00a0<\/p>\n","protected":false},"author":179,"featured_media":0,"parent":0,"menu_order":0,"comment_status":"closed","ping_status":"closed","template":"","meta":{"_acf_changed":false,"inline_featured_image":false,"footnotes":""},"class_list":["post-78","page","type-page","status-publish","hentry"],"acf":[],"_links":{"self":[{"href":"https:\/\/sisu.ut.ee\/kaugseire\/wp-json\/wp\/v2\/pages\/78","targetHints":{"allow":["GET"]}}],"collection":[{"href":"https:\/\/sisu.ut.ee\/kaugseire\/wp-json\/wp\/v2\/pages"}],"about":[{"href":"https:\/\/sisu.ut.ee\/kaugseire\/wp-json\/wp\/v2\/types\/page"}],"author":[{"embeddable":true,"href":"https:\/\/sisu.ut.ee\/kaugseire\/wp-json\/wp\/v2\/users\/179"}],"replies":[{"embeddable":true,"href":"https:\/\/sisu.ut.ee\/kaugseire\/wp-json\/wp\/v2\/comments?post=78"}],"version-history":[{"count":1,"href":"https:\/\/sisu.ut.ee\/kaugseire\/wp-json\/wp\/v2\/pages\/78\/revisions"}],"predecessor-version":[{"id":462,"href":"https:\/\/sisu.ut.ee\/kaugseire\/wp-json\/wp\/v2\/pages\/78\/revisions\/462"}],"wp:attachment":[{"href":"https:\/\/sisu.ut.ee\/kaugseire\/wp-json\/wp\/v2\/media?parent=78"}],"curies":[{"name":"wp","href":"https:\/\/api.w.org\/{rel}","templated":true}]}}