{"id":77,"date":"2024-04-04T04:50:59","date_gmt":"2024-04-04T01:50:59","guid":{"rendered":"https:\/\/sisu.ut.ee\/kaugseire\/copernicus\/"},"modified":"2024-04-04T04:54:10","modified_gmt":"2024-04-04T01:54:10","slug":"copernicus","status":"publish","type":"page","link":"https:\/\/sisu.ut.ee\/kaugseire\/copernicus\/","title":{"rendered":"Copernicus"},"content":{"rendered":"<div>\n<div>\n\t\t<a data-url=\"https:\/\/www.copernicus.eu\/en\" href=\"https:\/\/www.copernicus.eu\/en\" target=\"_blank\" title=\"\" rel=\"noopener\"><img loading=\"lazy\" decoding=\"async\" width=\"360\" height=\"131\" class=\"alignnone wp-image-204\" style=\"float: right\" src=\"https:\/\/sisu.ut.ee\/wp-content\/uploads\/sites\/340\/logo_copernicus_png.png\" title=\"logo_copernicus_png.png\" alt=\"Copernicus\" srcset=\"https:\/\/sisu.ut.ee\/wp-content\/uploads\/sites\/340\/logo_copernicus_png.png 360w, https:\/\/sisu.ut.ee\/wp-content\/uploads\/sites\/340\/logo_copernicus_png-300x109.png 300w\" sizes=\"auto, (max-width: 360px) 100vw, 360px\"><\/a>11. detsembril 2012 teatas Euroopa Komisjoni asepresident Antonio Tajani GMES (keskkonna ja turvalisuse seire)\u00a0programmi \u00fcmbernimetamisest programmiks Copernicus, ootustega olulisele majanduslikule kasvule.\n\t<\/div>\n<div>\n\t\t\u00a0\n\t<\/div>\n<div>\n\t\tEuroopa Liidu liikmesriigid ja Euroopa Kosmoseagentuur on \u00fcheskoos <a data-url=\"http:\/\/www.copernicus.eu\/\" href=\"http:\/\/www.copernicus.eu\/\" title=\"\">Copernicuse programmi<\/a>\u00a0ette valmistanud juba alates 1998. aastast, olles panustanud\u00a03,2 miljardit eruot\u00a0teenuste arendamiseks, k\u00e4ivitamiseks, samuti satelliitide ja maapealsete t\u00f6\u00f6jaamade ning aparatuuri loomiseks. Kas ja kuidas j\u00e4tkatakse, s\u00f5ltub oluliselt sellest, kuidas see s\u00fcsteem kasutajate poolt vastu v\u00f5etakse.\n\t<\/div>\n<div>\n\t\t\u00a0\n\t<\/div>\n<div>\n\t\tEestiski on Maa j\u00e4lgimise teenused seatud kosmosevaldkonna arendamisel \u00fcheks prioriteediks, sest kasu sellest t\u00e4ppisp\u00f5llumajanduse, metsaressurside hindamise, tervisliku ja turvalise elukeskkonna, efektiivse liikluse ja linnade planeerimise osas\u00a0on mujal maailmas juba kinnitust leidnud.\u00a0\n\t<\/div>\n<div>\n\t\t\u00a0\n\t<\/div>\n<\/div>\n<div>\n\tCopernicus koosneb mitmest s\u00fcsteemist, mis koguvad keskkonna andmeid Maa j\u00e4lgimise satelliitidelt\u00a0ning\u00a0<em>in situ<\/em>\u00a0sensoritelt \u2013 m\u00f5\u00f5tmisel \u00f5hust, merelt ja maalt. Kogutud andmed t\u00f6\u00f6deldakse ning\u00a0tehakse l\u00f5pptarbijale k\u00e4tte saadavaks l\u00e4bi temaatiliste keskkonna ja turvalisuse teenuste.\n<\/div>\n<div>\n\t\u00a0\n<\/div>\n<div>\n\tTeenused on temaatilised ja neid on kokku kuus: maa, merendus, atmosf\u00e4\u00e4r, kliimamuutused, kriisikorraldus ning turvalisus. Kombineeritult toetavad teenused mitmete eesm\u00e4rkide saavutamist, sealhulgas\u00a0keskkonnakaitse, linnaalade planeerimine ja haldamine, regionaalne ning kohalik planeerimine, p\u00f5llumajandus, metsandus, kalakasvatus, tervishoid, transport, kliimamuutused, j\u00e4tkusuutlik areng, turvalisus ja turism.\n<\/div>\n<div>\n\t\u00a0\n<\/div>\n<div>\n\tCopernicuse andmete p\u00f5hikasutajaks on avalik sektor, kellel on vaja informatsiooni keskkonnaalase seadusandluse\u00a0ja\u00a0poliitika t\u00e4iustamiseks v\u00f5i reageerimisotsuste vastuv\u00f5tmiseks\u00a0kriisiolukorra korral, n\u00e4iteks\u00a0looduskatastroofi v\u00f5i humanitaarkriisi puhul. Copernicuse teenustel baseeruvad lisav\u00e4\u00e4rtusega teenuseid on v\u00f5imalik arendada\u00a0spetsiifilise avalikku v\u00f5i kommertslikku vajaduse katmiseks. See v\u00f5imaldab uute \u00e4riv\u00f5imaluste teket ning omab majandusanal\u00fc\u00fcside j\u00e4reldusena v\u00e4ga suurt potentsiaali uute t\u00f6\u00f6kohtade loomisel, innovatsiooni ja kasvu soodustamisel.\n<\/div>\n<div>\n\t\u00a0\n<\/div>\n<div>\n\tCopernicuse programmi koordineerib ja juhib Euroopa Komisjon. Kosmosekompoenendi \u2013 satelliitide \u2013 arendamine on Euroopa Kosmoseagentuuri vastutada ning\u00a0<em>in situ<\/em>\u00a0taristu arendamine Euroopa Keskkonnaagentuuri p\u00e4devuses.\n<\/div>\n","protected":false},"excerpt":{"rendered":"<p>11. detsembril 2012 teatas Euroopa Komisjoni asepresident Antonio Tajani GMES (keskkonna ja turvalisuse seire)\u00a0programmi \u00fcmbernimetamisest programmiks Copernicus, ootustega olulisele majanduslikule kasvule. \u00a0 Euroopa Liidu liikmesriigid ja Euroopa Kosmoseagentuur on \u00fcheskoos Copernicuse programmi\u00a0ette valmistanud juba alates 1998. aastast, olles panustanud\u00a03,2 miljardit &#8230;<\/p>\n","protected":false},"author":179,"featured_media":0,"parent":0,"menu_order":0,"comment_status":"closed","ping_status":"closed","template":"","meta":{"_acf_changed":false,"inline_featured_image":false,"footnotes":""},"class_list":["post-77","page","type-page","status-publish","hentry"],"acf":[],"_links":{"self":[{"href":"https:\/\/sisu.ut.ee\/kaugseire\/wp-json\/wp\/v2\/pages\/77","targetHints":{"allow":["GET"]}}],"collection":[{"href":"https:\/\/sisu.ut.ee\/kaugseire\/wp-json\/wp\/v2\/pages"}],"about":[{"href":"https:\/\/sisu.ut.ee\/kaugseire\/wp-json\/wp\/v2\/types\/page"}],"author":[{"embeddable":true,"href":"https:\/\/sisu.ut.ee\/kaugseire\/wp-json\/wp\/v2\/users\/179"}],"replies":[{"embeddable":true,"href":"https:\/\/sisu.ut.ee\/kaugseire\/wp-json\/wp\/v2\/comments?post=77"}],"version-history":[{"count":1,"href":"https:\/\/sisu.ut.ee\/kaugseire\/wp-json\/wp\/v2\/pages\/77\/revisions"}],"predecessor-version":[{"id":463,"href":"https:\/\/sisu.ut.ee\/kaugseire\/wp-json\/wp\/v2\/pages\/77\/revisions\/463"}],"wp:attachment":[{"href":"https:\/\/sisu.ut.ee\/kaugseire\/wp-json\/wp\/v2\/media?parent=77"}],"curies":[{"name":"wp","href":"https:\/\/api.w.org\/{rel}","templated":true}]}}