{"id":76,"date":"2024-04-04T04:50:59","date_gmt":"2024-04-04T01:50:59","guid":{"rendered":"https:\/\/sisu.ut.ee\/kaugseire\/radarseire\/"},"modified":"2024-04-30T13:40:09","modified_gmt":"2024-04-30T10:40:09","slug":"radarseire","status":"publish","type":"page","link":"https:\/\/sisu.ut.ee\/kaugseire\/radarseire\/","title":{"rendered":"Radarseire"},"content":{"rendered":"<figure id=\"attachment_196\" aria-describedby=\"caption-attachment-196\" style=\"width: 300px\" class=\"wp-caption alignright\"><img loading=\"lazy\" decoding=\"async\" class=\"size-medium wp-image-196\" src=\"https:\/\/sisu.ut.ee\/wp-content\/uploads\/sites\/340\/hiiumaa_praami_graafik_jalgitav_sentinel_3_pildilt_tiit_kutser_tu_emi-300x255.png\" alt=\"Hiiumaa praami graafik j\u00e4lgitav Sentinel 3 pildilt, Tiit Kutser (T\u00dc EMI)\" width=\"300\" height=\"255\" srcset=\"https:\/\/sisu.ut.ee\/wp-content\/uploads\/sites\/340\/hiiumaa_praami_graafik_jalgitav_sentinel_3_pildilt_tiit_kutser_tu_emi-300x255.png 300w, https:\/\/sisu.ut.ee\/wp-content\/uploads\/sites\/340\/hiiumaa_praami_graafik_jalgitav_sentinel_3_pildilt_tiit_kutser_tu_emi-768x653.png 768w, https:\/\/sisu.ut.ee\/wp-content\/uploads\/sites\/340\/hiiumaa_praami_graafik_jalgitav_sentinel_3_pildilt_tiit_kutser_tu_emi.png 843w\" sizes=\"auto, (max-width: 300px) 100vw, 300px\"><figcaption id=\"caption-attachment-196\" class=\"wp-caption-text\">Hiiumaa praami graafik j\u00e4lgitav Sentinel 3 pildilt, Tiit Kutser (T\u00dc EMI)<\/figcaption><\/figure>\n<p>Tehisava-radar on uuritavate objektide struktuurile ja elektrilistele omadustele tundlik kaugseire instrument, millega tehakse m\u00f5\u00f5tmisi tavaliselt satelliidilt v\u00f5i lennukilt. Lisaks pikaajalisele luures kasutamisele on tehisava-radarid osutunud v\u00e4ga kasulikuks mitmetes tsiviilrakendustes: j\u00e4\u00e4olude kaardistamisel, \u00f5lireostuste tuvastamisel, pinnaseniiskuse kaardistamisel ning maapinna k\u00f5rgusmudelite loomisel. Google Earthis kasutatav \u00fclemaailmne k\u00f5rgusmudel on m\u00f5\u00f5detud interferomeetrilise tehisava-radariga.<\/p>\n","protected":false},"excerpt":{"rendered":"<p>Tehisava-radar on uuritavate objektide struktuurile ja elektrilistele omadustele tundlik kaugseire instrument, millega tehakse m\u00f5\u00f5tmisi tavaliselt satelliidilt v\u00f5i lennukilt. Lisaks pikaajalisele luures kasutamisele on tehisava-radarid osutunud v\u00e4ga kasulikuks mitmetes tsiviilrakendustes: j\u00e4\u00e4olude kaardistamisel, \u00f5lireostuste tuvastamisel, pinnaseniiskuse kaardistamisel ning maapinna k\u00f5rgusmudelite loomisel. Google &#8230;<\/p>\n","protected":false},"author":179,"featured_media":0,"parent":0,"menu_order":0,"comment_status":"closed","ping_status":"closed","template":"","meta":{"_acf_changed":false,"inline_featured_image":false,"footnotes":""},"class_list":["post-76","page","type-page","status-publish","hentry"],"acf":[],"_links":{"self":[{"href":"https:\/\/sisu.ut.ee\/kaugseire\/wp-json\/wp\/v2\/pages\/76","targetHints":{"allow":["GET"]}}],"collection":[{"href":"https:\/\/sisu.ut.ee\/kaugseire\/wp-json\/wp\/v2\/pages"}],"about":[{"href":"https:\/\/sisu.ut.ee\/kaugseire\/wp-json\/wp\/v2\/types\/page"}],"author":[{"embeddable":true,"href":"https:\/\/sisu.ut.ee\/kaugseire\/wp-json\/wp\/v2\/users\/179"}],"replies":[{"embeddable":true,"href":"https:\/\/sisu.ut.ee\/kaugseire\/wp-json\/wp\/v2\/comments?post=76"}],"version-history":[{"count":3,"href":"https:\/\/sisu.ut.ee\/kaugseire\/wp-json\/wp\/v2\/pages\/76\/revisions"}],"predecessor-version":[{"id":623,"href":"https:\/\/sisu.ut.ee\/kaugseire\/wp-json\/wp\/v2\/pages\/76\/revisions\/623"}],"wp:attachment":[{"href":"https:\/\/sisu.ut.ee\/kaugseire\/wp-json\/wp\/v2\/media?parent=76"}],"curies":[{"name":"wp","href":"https:\/\/api.w.org\/{rel}","templated":true}]}}