{"id":75,"date":"2024-04-04T04:50:58","date_gmt":"2024-04-04T01:50:58","guid":{"rendered":"https:\/\/sisu.ut.ee\/kaugseire\/2021-3\/"},"modified":"2024-04-30T13:55:33","modified_gmt":"2024-04-30T10:55:33","slug":"2021-3","status":"publish","type":"page","link":"https:\/\/sisu.ut.ee\/kaugseire\/2021-3\/","title":{"rendered":"2021"},"content":{"rendered":"<p>\n\tKogumik on koostatud 2020. aasta novembris Eesti kaugseirep\u00e4eval Tartu \u00dclikooli Tartu observatooriumis T\u00f5raveres peetud ettekannete autorite ja t\u00e4iendavalt Tartu \u00dclikoolist, Tallinna Tehnilka\u00fclikoolist, Eesti Maa\u00fclikoolist ning Keskkonnaagentuurist kutsutud autorite kirjutatud tekstidest. Tekstid kogumikus on Eestis edendatavatest kaugseirevaldkondadest.\n<\/p>\n<p>\n\tKogumiku vaatamiseks v\u00f5i allalaadimiseks kl\u00f5psa alloleval lingil.\n<\/p>\n\n\n<div class=\"wp-block-group attached-files-group is-layout-constrained wp-block-group-is-layout-constrained\">\n<div class=\"wp-block-file\"><a id=\"wp-block-file--media-029b1deb-e6bc-49fc-aed1-1d31de0a0e53\" href=\"https:\/\/sisu.ut.ee\/wp-content\/uploads\/sites\/340\/kaugseire_eestis_2021_artiklikogumik.pdf\">kaugseire_eestis_2021_artiklikogumik.pdf<\/a><\/div>\n<\/div>\n","protected":false},"excerpt":{"rendered":"<p>Kogumik on koostatud 2020. aasta novembris Eesti kaugseirep\u00e4eval Tartu \u00dclikooli Tartu observatooriumis T\u00f5raveres peetud ettekannete autorite ja t\u00e4iendavalt Tartu \u00dclikoolist, Tallinna Tehnilka\u00fclikoolist, Eesti Maa\u00fclikoolist ning Keskkonnaagentuurist kutsutud autorite kirjutatud tekstidest. Tekstid kogumikus on Eestis edendatavatest kaugseirevaldkondadest. Kogumiku vaatamiseks v\u00f5i allalaadimiseks &#8230;<\/p>\n","protected":false},"author":179,"featured_media":0,"parent":0,"menu_order":0,"comment_status":"closed","ping_status":"closed","template":"","meta":{"_acf_changed":false,"inline_featured_image":false,"footnotes":""},"class_list":["post-75","page","type-page","status-publish","hentry"],"acf":[],"_links":{"self":[{"href":"https:\/\/sisu.ut.ee\/kaugseire\/wp-json\/wp\/v2\/pages\/75","targetHints":{"allow":["GET"]}}],"collection":[{"href":"https:\/\/sisu.ut.ee\/kaugseire\/wp-json\/wp\/v2\/pages"}],"about":[{"href":"https:\/\/sisu.ut.ee\/kaugseire\/wp-json\/wp\/v2\/types\/page"}],"author":[{"embeddable":true,"href":"https:\/\/sisu.ut.ee\/kaugseire\/wp-json\/wp\/v2\/users\/179"}],"replies":[{"embeddable":true,"href":"https:\/\/sisu.ut.ee\/kaugseire\/wp-json\/wp\/v2\/comments?post=75"}],"version-history":[{"count":3,"href":"https:\/\/sisu.ut.ee\/kaugseire\/wp-json\/wp\/v2\/pages\/75\/revisions"}],"predecessor-version":[{"id":635,"href":"https:\/\/sisu.ut.ee\/kaugseire\/wp-json\/wp\/v2\/pages\/75\/revisions\/635"}],"wp:attachment":[{"href":"https:\/\/sisu.ut.ee\/kaugseire\/wp-json\/wp\/v2\/media?parent=75"}],"curies":[{"name":"wp","href":"https:\/\/api.w.org\/{rel}","templated":true}]}}