{"id":68,"date":"2024-04-04T04:50:58","date_gmt":"2024-04-04T01:50:58","guid":{"rendered":"https:\/\/sisu.ut.ee\/kaugseire\/kosmosetehnoloogia-meie-elus\/"},"modified":"2024-04-04T04:54:10","modified_gmt":"2024-04-04T01:54:10","slug":"kosmosetehnoloogia-meie-elus","status":"publish","type":"page","link":"https:\/\/sisu.ut.ee\/kaugseire\/kosmosetehnoloogia-meie-elus\/","title":{"rendered":"Kosmosetehnoloogia meie elus"},"content":{"rendered":"<p>\n\t<strong>R\u00e4ndn\u00e4itus koosneb<\/strong>\n<\/p>\n<ul>\n<li>\n\t\t<strong>seitsmest\u00a0postrist, mille m\u00f5\u00f5tmed on 1 m x 1,2 m;<\/strong>\n\t<\/li>\n<li>\n\t\t<strong>m\u00e4lupulgast, millel on r\u00e4ndn\u00e4itust toetavad videod\u00a0eestikeelsete subtiitritega.<\/strong>\n\t<\/li>\n<\/ul>\n<p>\n\tPostrid ning nende \u00fclesriputamise soovitatav j\u00e4rjekord on\u00a0j\u00e4rgmine:\u00a0\n<\/p>\n<ol>\n<li>\n\t\tkaugseire,\n\t<\/li>\n<li>\n\t\tsatelliidid,\n\t<\/li>\n<li>\n\t\tESTCube-1,\n\t<\/li>\n<li>\n\t\tsatelliitside,\n\t<\/li>\n<li>\n\t\tGNSS,\n\t<\/li>\n<li>\n\t\tkosmosetehnoloogia rakendused.\n\t<\/li>\n<\/ol>\n<p>\n\tMaterjali poolest on postrid k\u00fcllatki kerged ning kinnituseks on tagak\u00fcljel konksud. Kaasas on j\u00f5hvi n\u00e4ituse \u00fcles riputamiseks. N\u00e4ituse transpordiks on spetsiaalne vutlar, kuhu tuleks postrid kahe kaupa \u201cn\u00e4gupidi\u201d kokku panna, v\u00e4hendamaks nende kahjustusi transpordil.\n<\/p>\n<p>\n\tKooli kanda j\u00e4\u00e4vad kulud r\u00e4ndn\u00e4ituse oma kooli toimetamiseks. Reede p\u00e4eval\/\u00f5htul oleks k\u00f5ige m\u00f5istlikum n\u00e4itus maha v\u00f5tta ja edasi saata ning esmasp\u00e4eva\/teisip\u00e4eva hommikul \u2013 olenevalt kullerist \u2013 uues koolis \u00fcles riputada.\n<\/p>\n<p>\n\t<strong>N\u00e4ituse tellimine:\u00a0<\/strong><a href=\"mailto:tovisit@ut.ee\">tovisit@ut.ee<\/a>\n<\/p>\n<p>\n\t<a href=\"https:\/\/sisu.ut.ee\/wp-content\/uploads\/sites\/340\/kosmosetehnoloogia_meie_elus.jpg\" target=\"_blank\" rel=\"noopener\"><img loading=\"lazy\" decoding=\"async\" width=\"2560\" height=\"1707\" class=\"alignnone wp-image-173\" style=\"width: 375px;height: 250px;float: left\" src=\"https:\/\/sisu.ut.ee\/wp-content\/uploads\/sites\/340\/kosmosetehnoloogia_meie_elus-scaled.jpg\" title=\"kosmosetehnoloogia_meie_elus.jpg\" alt=\"Kosmosetehnoloogia meie elus 1\" srcset=\"https:\/\/sisu.ut.ee\/wp-content\/uploads\/sites\/340\/kosmosetehnoloogia_meie_elus-scaled.jpg 2560w, https:\/\/sisu.ut.ee\/wp-content\/uploads\/sites\/340\/kosmosetehnoloogia_meie_elus-300x200.jpg 300w, https:\/\/sisu.ut.ee\/wp-content\/uploads\/sites\/340\/kosmosetehnoloogia_meie_elus-1024x683.jpg 1024w, https:\/\/sisu.ut.ee\/wp-content\/uploads\/sites\/340\/kosmosetehnoloogia_meie_elus-768x512.jpg 768w, https:\/\/sisu.ut.ee\/wp-content\/uploads\/sites\/340\/kosmosetehnoloogia_meie_elus-1536x1024.jpg 1536w, https:\/\/sisu.ut.ee\/wp-content\/uploads\/sites\/340\/kosmosetehnoloogia_meie_elus-2048x1365.jpg 2048w, https:\/\/sisu.ut.ee\/wp-content\/uploads\/sites\/340\/kosmosetehnoloogia_meie_elus-1920x1280.jpg 1920w\" sizes=\"auto, (max-width: 2560px) 100vw, 2560px\"><\/a><a href=\"https:\/\/sisu.ut.ee\/wp-content\/uploads\/sites\/340\/kosmosetehnoloogia_meie_elus_2.jpg\" target=\"_blank\" rel=\"noopener\"><img loading=\"lazy\" decoding=\"async\" width=\"2560\" height=\"1707\" class=\"alignnone wp-image-172\" style=\"width: 375px;height: 250px;float: right\" src=\"https:\/\/sisu.ut.ee\/wp-content\/uploads\/sites\/340\/kosmosetehnoloogia_meie_elus_2-scaled.jpg\" title=\"kosmosetehnoloogia_meie_elus_2.jpg\" alt=\"Kosmosetehnoloogia meie elus 2\" srcset=\"https:\/\/sisu.ut.ee\/wp-content\/uploads\/sites\/340\/kosmosetehnoloogia_meie_elus_2-scaled.jpg 2560w, https:\/\/sisu.ut.ee\/wp-content\/uploads\/sites\/340\/kosmosetehnoloogia_meie_elus_2-300x200.jpg 300w, https:\/\/sisu.ut.ee\/wp-content\/uploads\/sites\/340\/kosmosetehnoloogia_meie_elus_2-1024x683.jpg 1024w, https:\/\/sisu.ut.ee\/wp-content\/uploads\/sites\/340\/kosmosetehnoloogia_meie_elus_2-768x512.jpg 768w, https:\/\/sisu.ut.ee\/wp-content\/uploads\/sites\/340\/kosmosetehnoloogia_meie_elus_2-1536x1024.jpg 1536w, https:\/\/sisu.ut.ee\/wp-content\/uploads\/sites\/340\/kosmosetehnoloogia_meie_elus_2-2048x1365.jpg 2048w, https:\/\/sisu.ut.ee\/wp-content\/uploads\/sites\/340\/kosmosetehnoloogia_meie_elus_2-1920x1280.jpg 1920w\" sizes=\"auto, (max-width: 2560px) 100vw, 2560px\"><\/a><\/p>\n","protected":false},"excerpt":{"rendered":"<p>R\u00e4ndn\u00e4itus koosneb seitsmest\u00a0postrist, mille m\u00f5\u00f5tmed on 1 m x 1,2 m; m\u00e4lupulgast, millel on r\u00e4ndn\u00e4itust toetavad videod\u00a0eestikeelsete subtiitritega. Postrid ning nende \u00fclesriputamise soovitatav j\u00e4rjekord on\u00a0j\u00e4rgmine:\u00a0 kaugseire, satelliidid, ESTCube-1, satelliitside, GNSS, kosmosetehnoloogia rakendused. Materjali poolest on postrid k\u00fcllatki kerged ning kinnituseks &#8230;<\/p>\n","protected":false},"author":179,"featured_media":0,"parent":0,"menu_order":0,"comment_status":"closed","ping_status":"closed","template":"","meta":{"_acf_changed":false,"inline_featured_image":false,"footnotes":""},"class_list":["post-68","page","type-page","status-publish","hentry"],"acf":[],"_links":{"self":[{"href":"https:\/\/sisu.ut.ee\/kaugseire\/wp-json\/wp\/v2\/pages\/68","targetHints":{"allow":["GET"]}}],"collection":[{"href":"https:\/\/sisu.ut.ee\/kaugseire\/wp-json\/wp\/v2\/pages"}],"about":[{"href":"https:\/\/sisu.ut.ee\/kaugseire\/wp-json\/wp\/v2\/types\/page"}],"author":[{"embeddable":true,"href":"https:\/\/sisu.ut.ee\/kaugseire\/wp-json\/wp\/v2\/users\/179"}],"replies":[{"embeddable":true,"href":"https:\/\/sisu.ut.ee\/kaugseire\/wp-json\/wp\/v2\/comments?post=68"}],"version-history":[{"count":1,"href":"https:\/\/sisu.ut.ee\/kaugseire\/wp-json\/wp\/v2\/pages\/68\/revisions"}],"predecessor-version":[{"id":472,"href":"https:\/\/sisu.ut.ee\/kaugseire\/wp-json\/wp\/v2\/pages\/68\/revisions\/472"}],"wp:attachment":[{"href":"https:\/\/sisu.ut.ee\/kaugseire\/wp-json\/wp\/v2\/media?parent=68"}],"curies":[{"name":"wp","href":"https:\/\/api.w.org\/{rel}","templated":true}]}}