{"id":67,"date":"2024-04-04T04:50:58","date_gmt":"2024-04-04T01:50:58","guid":{"rendered":"https:\/\/sisu.ut.ee\/kaugseire\/naitused-0\/"},"modified":"2024-04-30T13:11:19","modified_gmt":"2024-04-30T10:11:19","slug":"naitused-0","status":"publish","type":"page","link":"https:\/\/sisu.ut.ee\/kaugseire\/naitused-0\/","title":{"rendered":"N\u00e4itused"},"content":{"rendered":"<p><img loading=\"lazy\" decoding=\"async\" width=\"983\" height=\"875\" class=\"alignnone wp-image-170\" style=\"width: 250px; height: 223px; float: right; margin-left: 10px; margin-right: 10px;\" title=\"tere_maa_naidis_kaevandused.jpg\" src=\"https:\/\/sisu.ut.ee\/wp-content\/uploads\/sites\/340\/tere_maa_naidis_kaevandused.jpg\" alt=\"Kaevandused\" srcset=\"https:\/\/sisu.ut.ee\/wp-content\/uploads\/sites\/340\/tere_maa_naidis_kaevandused.jpg 983w, https:\/\/sisu.ut.ee\/wp-content\/uploads\/sites\/340\/tere_maa_naidis_kaevandused-300x267.jpg 300w, https:\/\/sisu.ut.ee\/wp-content\/uploads\/sites\/340\/tere_maa_naidis_kaevandused-768x684.jpg 768w\" sizes=\"auto, (max-width: 983px) 100vw, 983px\">Tartu Observatooriumi k\u00fclastuskeskus on koostanud l\u00e4bi aegade erinevaid n\u00e4itusi. Praegusel hetkel ringlevad \u00fcle Eesti kaks kaugseiret puudutavat n\u00e4itust, mida saab tellida ka enda juurde:<\/p>\n<p><img loading=\"lazy\" decoding=\"async\" width=\"2560\" height=\"1707\" class=\"alignnone wp-image-172\" style=\"width: 250px; height: 167px; float: right; margin-left: 10px; margin-right: 10px;\" title=\"kosmosetehnoloogia_meie_elus_2.jpg\" src=\"https:\/\/sisu.ut.ee\/wp-content\/uploads\/sites\/340\/kosmosetehnoloogia_meie_elus_2-scaled.jpg\" alt=\"Kosmosetehnoloogia meie elus 2\" srcset=\"https:\/\/sisu.ut.ee\/wp-content\/uploads\/sites\/340\/kosmosetehnoloogia_meie_elus_2-scaled.jpg 2560w, https:\/\/sisu.ut.ee\/wp-content\/uploads\/sites\/340\/kosmosetehnoloogia_meie_elus_2-300x200.jpg 300w, https:\/\/sisu.ut.ee\/wp-content\/uploads\/sites\/340\/kosmosetehnoloogia_meie_elus_2-1024x683.jpg 1024w, https:\/\/sisu.ut.ee\/wp-content\/uploads\/sites\/340\/kosmosetehnoloogia_meie_elus_2-768x512.jpg 768w, https:\/\/sisu.ut.ee\/wp-content\/uploads\/sites\/340\/kosmosetehnoloogia_meie_elus_2-1536x1024.jpg 1536w, https:\/\/sisu.ut.ee\/wp-content\/uploads\/sites\/340\/kosmosetehnoloogia_meie_elus_2-2048x1365.jpg 2048w, https:\/\/sisu.ut.ee\/wp-content\/uploads\/sites\/340\/kosmosetehnoloogia_meie_elus_2-1920x1280.jpg 1920w\" sizes=\"auto, (max-width: 2560px) 100vw, 2560px\"><\/p>\n<p><a title=\"\" href=\"https:\/\/sisu.ut.ee\/kaugseire\/aatom-ja-universum-teekond-mikro-ja-makromaailma-sugavustesse\/\" target=\"_blank\" rel=\"noopener\" data-url=\"https:\/\/kaugseire.ee\/aatom-ja-universum-teekond-mikro-ja-makromaailma-s%C3%BCgavustesse-1\">Aatom ja Universum, teekond mikro- ja makromaailma s\u00fcgavustesse!<\/a><\/p>\n<p><a title=\"\" href=\"https:\/\/sisu.ut.ee\/kaugseire\/naitused\" data-url=\"https:\/\/sisu.ut.ee\/kaugseire\/n%C3%A4itused\">Tere, Maa!<\/a><\/p>\n<p><a title=\"\" href=\"https:\/\/sisu.ut.ee\/kaugseire\/kosmosetehnoloogia-meie-elus\" data-url=\"https:\/\/sisu.ut.ee\/kaugseire\/kosmosetehnoloogia-meie-elus\">Kosmosetehnoloogia meie elus<\/a><\/p>\n<p><strong>N\u00e4ituse tellimine:\u00a0<\/strong><a href=\"mailto:tovisit@ut.ee\">tovisit@ut.ee<\/a><\/p>\n","protected":false},"excerpt":{"rendered":"<p>Tartu Observatooriumi k\u00fclastuskeskus on koostanud l\u00e4bi aegade erinevaid n\u00e4itusi. Praegusel hetkel ringlevad \u00fcle Eesti kaks kaugseiret puudutavat n\u00e4itust, mida saab tellida ka enda juurde: Aatom ja Universum, teekond mikro- ja makromaailma s\u00fcgavustesse! Tere, Maa! Kosmosetehnoloogia meie elus N\u00e4ituse tellimine:\u00a0tovisit@ut.ee<\/p>\n","protected":false},"author":179,"featured_media":0,"parent":0,"menu_order":0,"comment_status":"closed","ping_status":"closed","template":"","meta":{"_acf_changed":false,"inline_featured_image":false,"footnotes":""},"class_list":["post-67","page","type-page","status-publish","hentry"],"acf":[],"_links":{"self":[{"href":"https:\/\/sisu.ut.ee\/kaugseire\/wp-json\/wp\/v2\/pages\/67","targetHints":{"allow":["GET"]}}],"collection":[{"href":"https:\/\/sisu.ut.ee\/kaugseire\/wp-json\/wp\/v2\/pages"}],"about":[{"href":"https:\/\/sisu.ut.ee\/kaugseire\/wp-json\/wp\/v2\/types\/page"}],"author":[{"embeddable":true,"href":"https:\/\/sisu.ut.ee\/kaugseire\/wp-json\/wp\/v2\/users\/179"}],"replies":[{"embeddable":true,"href":"https:\/\/sisu.ut.ee\/kaugseire\/wp-json\/wp\/v2\/comments?post=67"}],"version-history":[{"count":2,"href":"https:\/\/sisu.ut.ee\/kaugseire\/wp-json\/wp\/v2\/pages\/67\/revisions"}],"predecessor-version":[{"id":592,"href":"https:\/\/sisu.ut.ee\/kaugseire\/wp-json\/wp\/v2\/pages\/67\/revisions\/592"}],"wp:attachment":[{"href":"https:\/\/sisu.ut.ee\/kaugseire\/wp-json\/wp\/v2\/media?parent=67"}],"curies":[{"name":"wp","href":"https:\/\/api.w.org\/{rel}","templated":true}]}}