{"id":65,"date":"2024-04-04T04:50:58","date_gmt":"2024-04-04T01:50:58","guid":{"rendered":"https:\/\/sisu.ut.ee\/kaugseire\/aktiivoppeprogrammid\/"},"modified":"2024-04-30T13:22:47","modified_gmt":"2024-04-30T10:22:47","slug":"aktiivoppeprogrammid","status":"publish","type":"page","link":"https:\/\/sisu.ut.ee\/kaugseire\/aktiivoppeprogrammid\/","title":{"rendered":"Aktiiv\u00f5ppeprogrammid"},"content":{"rendered":"<p>\n\tTartu Observatooriumi k\u00fclastuskeskuses on valminud keskkonnaalased aktiivoppeprogrammid p\u00f5hikooli ja g\u00fcmnaasiumi \u00f5pilastele, mis l\u00e4bi erinevate \u00f5petamismeetodite tutvustavad kosmoseteadust ja kosmosetehnoloogiate kasulikkust kogu \u00fchiskonnale.\n<\/p>\n<p>\n\tAktiiv\u00f5ppeprogramme on neli: kaugseire, astronoomia, kosmosetehnoloogia ja satelliidid. Programm l\u00e4bitakse Tartu Observatooriumis T\u00f5raveres. See kestab terve p\u00e4eva ning koosneb kolmest erinevast osast: r\u00fchmat\u00f6\u00f6, ettekanded ja praktiline t\u00f6\u00f6.\n<\/p>\n<p>\n\tTartu observatooriumi <a data-url=\"https:\/\/kosmos.ut.ee\/et\/sisu\/aktiivoppeprogrammid\" href=\"https:\/\/kosmos.ut.ee\/et\/sisu\/aktiivoppeprogrammid\" target=\"_blank\" title=\"\" rel=\"noopener\">k\u00fclastuskeskuse lehelt<\/a>\u00a0leiate \u00a0programmide t\u00e4psemad kirjeldused.\n<\/p>\n<p>\n\tProgrammide valmimist toetas Keskkonnainvesteeringute Keskus.\n<\/p>\n<p>\n\t<span class=\"file media-element file-os-files-link-icon\" data-file_info=\"%7B%22fid%22:37603,%22view_mode%22:%22os_files_link_icon%22,%22type%22:%22media%22%7D\"> <a href=\"https:\/\/sisu.ut.ee\/wp-content\/uploads\/sites\/340\/kaugseire_aktiivoppeprogramm.mp4\">kaugseire_aktiivoppeprogramm.mp4<\/a><\/span><\/p>\n","protected":false},"excerpt":{"rendered":"<p>Tartu Observatooriumi k\u00fclastuskeskuses on valminud keskkonnaalased aktiivoppeprogrammid p\u00f5hikooli ja g\u00fcmnaasiumi \u00f5pilastele, mis l\u00e4bi erinevate \u00f5petamismeetodite tutvustavad kosmoseteadust ja kosmosetehnoloogiate kasulikkust kogu \u00fchiskonnale. Aktiiv\u00f5ppeprogramme on neli: kaugseire, astronoomia, kosmosetehnoloogia ja satelliidid. Programm l\u00e4bitakse Tartu Observatooriumis T\u00f5raveres. See kestab terve p\u00e4eva ning &#8230;<\/p>\n","protected":false},"author":179,"featured_media":0,"parent":0,"menu_order":0,"comment_status":"closed","ping_status":"closed","template":"","meta":{"_acf_changed":false,"inline_featured_image":false,"footnotes":""},"class_list":["post-65","page","type-page","status-publish","hentry"],"acf":[],"_links":{"self":[{"href":"https:\/\/sisu.ut.ee\/kaugseire\/wp-json\/wp\/v2\/pages\/65","targetHints":{"allow":["GET"]}}],"collection":[{"href":"https:\/\/sisu.ut.ee\/kaugseire\/wp-json\/wp\/v2\/pages"}],"about":[{"href":"https:\/\/sisu.ut.ee\/kaugseire\/wp-json\/wp\/v2\/types\/page"}],"author":[{"embeddable":true,"href":"https:\/\/sisu.ut.ee\/kaugseire\/wp-json\/wp\/v2\/users\/179"}],"replies":[{"embeddable":true,"href":"https:\/\/sisu.ut.ee\/kaugseire\/wp-json\/wp\/v2\/comments?post=65"}],"version-history":[{"count":2,"href":"https:\/\/sisu.ut.ee\/kaugseire\/wp-json\/wp\/v2\/pages\/65\/revisions"}],"predecessor-version":[{"id":603,"href":"https:\/\/sisu.ut.ee\/kaugseire\/wp-json\/wp\/v2\/pages\/65\/revisions\/603"}],"wp:attachment":[{"href":"https:\/\/sisu.ut.ee\/kaugseire\/wp-json\/wp\/v2\/media?parent=65"}],"curies":[{"name":"wp","href":"https:\/\/api.w.org\/{rel}","templated":true}]}}