{"id":62,"date":"2024-04-04T04:50:57","date_gmt":"2024-04-04T01:50:57","guid":{"rendered":"https:\/\/sisu.ut.ee\/kaugseire\/kaugseire-oppevideod-ja-ettekanded\/"},"modified":"2024-10-23T08:44:42","modified_gmt":"2024-10-23T05:44:42","slug":"kaugseire-oppevideod-ja-ettekanded","status":"publish","type":"page","link":"https:\/\/sisu.ut.ee\/kaugseire\/kaugseire-oppevideod-ja-ettekanded\/","title":{"rendered":"Kaugseire \u00f5ppevideod ja ettekanded"},"content":{"rendered":"<p><span class=\"file media-element file-os-files-link\" data-file_info=\"%7B%22fid%22:%2242294%22,%22view_mode%22:%22os_files_link%22,%22type%22:%22media%22%7D\"><img decoding=\"async\" class=\"file-icon\" src=\"\/profiles\/openscholar\/modules\/os\/modules\/os_files\/icons\/application-pdf.svg\" alt=\"\"> <a href=\"https:\/\/sisu.ut.ee\/wp-content\/uploads\/sites\/340\/kaugseire_olemasolevate_voimaluste_ning_lahenduste_kirjanduse_ulevaade_ehitussektorile.pdf\">Kaugseire olemasolevate v\u00f5imaluste ning lahenduste kirjanduse \u00fclevaade ehitussektorile<\/a><\/span><\/p>\n<p><a title=\"\" href=\"https:\/\/sisu.ut.ee\/kaugseire\/kaugseiret-tutvustavad-videod\" data-url=\"https:\/\/sisu.ut.ee\/kaugseire\/kaugseiret-tutvustavad-videod\">Kaugseiret tutvustavad videod<\/a><\/p>\n<p><a title=\"\" href=\"https:\/\/sisu.ut.ee\/kaugseire\/sentinel-1-koolitus\" data-url=\"https:\/\/sisu.ut.ee\/kaugseire\/sentinel-1-koolitus\">Sentinel-1 koolitus<\/a><\/p>\n<p><a title=\"\" href=\"https:\/\/sisu.ut.ee\/kaugseire\/muutuste-tuvastamine-kaugseires\" data-url=\"https:\/\/sisu.ut.ee\/kaugseire\/muutuste-tuvastamine-kaugseires\">Muutuste tuvastamine kaugseires<\/a><\/p>\n<p><a title=\"\" href=\"https:\/\/kodu.ut.ee\/~kmoch\/SpaceTech_2019_open_geodata\/\" data-url=\"https:\/\/kodu.ut.ee\/~kmoch\/SpaceTech_2019_open_geodata\/\">Praktiline sissejuhatus andmete k\u00e4ttesaadavusest ja t\u00f6\u00f6tlusest <\/a>(ingliskeelne)<\/p>\n<p><a href=\"https:\/\/sisu.ut.ee\/wp-content\/uploads\/sites\/340\/Susinikujalajalg-%E2%80%93-mis-ja-kuidas_231024-Turil.pptx\">S\u00fcsinikujalaj\u00e4lg \u2013 mis ja kuidas_231024 T\u00fcril<\/a><\/p>\n","protected":false},"excerpt":{"rendered":"<p>Kaugseire olemasolevate v\u00f5imaluste ning lahenduste kirjanduse \u00fclevaade ehitussektorile Kaugseiret tutvustavad videod Sentinel-1 koolitus Muutuste tuvastamine kaugseires Praktiline sissejuhatus andmete k\u00e4ttesaadavusest ja t\u00f6\u00f6tlusest (ingliskeelne) S\u00fcsinikujalaj\u00e4lg \u2013 mis ja kuidas_231024 T\u00fcril<\/p>\n","protected":false},"author":179,"featured_media":0,"parent":0,"menu_order":0,"comment_status":"closed","ping_status":"closed","template":"","meta":{"_acf_changed":false,"inline_featured_image":false,"footnotes":""},"class_list":["post-62","page","type-page","status-publish","hentry"],"acf":[],"_links":{"self":[{"href":"https:\/\/sisu.ut.ee\/kaugseire\/wp-json\/wp\/v2\/pages\/62","targetHints":{"allow":["GET"]}}],"collection":[{"href":"https:\/\/sisu.ut.ee\/kaugseire\/wp-json\/wp\/v2\/pages"}],"about":[{"href":"https:\/\/sisu.ut.ee\/kaugseire\/wp-json\/wp\/v2\/types\/page"}],"author":[{"embeddable":true,"href":"https:\/\/sisu.ut.ee\/kaugseire\/wp-json\/wp\/v2\/users\/179"}],"replies":[{"embeddable":true,"href":"https:\/\/sisu.ut.ee\/kaugseire\/wp-json\/wp\/v2\/comments?post=62"}],"version-history":[{"count":3,"href":"https:\/\/sisu.ut.ee\/kaugseire\/wp-json\/wp\/v2\/pages\/62\/revisions"}],"predecessor-version":[{"id":651,"href":"https:\/\/sisu.ut.ee\/kaugseire\/wp-json\/wp\/v2\/pages\/62\/revisions\/651"}],"wp:attachment":[{"href":"https:\/\/sisu.ut.ee\/kaugseire\/wp-json\/wp\/v2\/media?parent=62"}],"curies":[{"name":"wp","href":"https:\/\/api.w.org\/{rel}","templated":true}]}}