{"id":61,"date":"2024-04-04T04:50:57","date_gmt":"2024-04-04T01:50:57","guid":{"rendered":"https:\/\/sisu.ut.ee\/kaugseire\/kaugseiret-tutvustavad-videod\/"},"modified":"2024-04-30T13:13:46","modified_gmt":"2024-04-30T10:13:46","slug":"kaugseiret-tutvustavad-videod","status":"publish","type":"page","link":"https:\/\/sisu.ut.ee\/kaugseire\/kaugseiret-tutvustavad-videod\/","title":{"rendered":"Kaugseiret tutvustavad videod"},"content":{"rendered":"<p><a title=\"\" href=\"https:\/\/www.youtube.com\/channel\/UC94iLrHxIADbxnbp7BNk3sQ\" target=\"_blank\" rel=\"noopener\" data-url=\"https:\/\/www.youtube.com\/channel\/UC94iLrHxIADbxnbp7BNk3sQ\">Kaugseire\u00a0YouTube\u2019i kanalilt<\/a>\u00a0v\u00f5ib leida neli kaugseiret tutvustavat videot. Hallil taustal\u00a0toodud pealkirjal kl\u00f5psates saab video teema kohta rohkem teavet.<\/p>\n<p><\/p><div class=\"accordion mb-3\">\n        <div class=\"accordion-item accordion-item--white\">\n        <h2 class=\"accordion-header\" id=\"accordion-69d01a5535baf-heading\">\n            <button class=\"accordion-button collapsed\" type=\"button\" data-bs-toggle=\"collapse\" data-bs-target=\"#accordion-69d01a5535baf-collapse\" aria-expanded=\"true\" aria-controls=\"accordion-69d01a5535baf-collapse\">Milleks meile kaugseire?<\/button>\n        <\/h2>\n        <div id=\"accordion-69d01a5535baf-collapse\" class=\"accordion-collapse collapse\" aria-labelledby=\"accordion-69d01a5535baf-heading\">\n            <div class=\"accordion-body\">Kaugseire on oluline vahend meid \u00fcmbritseva maailma m\u00f5istmiseks. \u00dcmber Maa tiirlevad satelliidid v\u00f5imaldavad meie koduplaneeti v\u00e4ga \u00fclevaatlikult n\u00e4ha. T\u00e4nap\u00e4eval kasutatakse satelliite v\u00e4ga erinevates valdkondades, sealhulgas n\u00e4iteks tulekahjude, \u00fcleujutuste ja j\u00e4\u00e4olude kaardistamiseks.<\/div>\n        <\/div>\n        <\/div>\n    <\/div>\n<p style=\"margin-left: 40px;\"><\/p><div class=\"ratio ratio-16x9 mb-3\"><div class=\"video-placeholder-wrapper video-placeholder-wrapper--16x9\">\n\t\t\t    <div class=\"video-placeholder d-flex justify-content-center align-items-center\">\n\t\t\t        <div class=\"overlay text-white p-2 w-100 text-center d-block justify-content-center align-items-center\">\n\t\t\t            <div>Kolmandate osapoolte sisu n\u00e4gemiseks palun n\u00f5ustu k\u00fcpsistega.<\/div>\n\t\t\t            <button class=\"btn btn-secondary btn-sm mt-1 consent-change\">Muuda n\u00f5usolekut<\/button>\n\t\t\t        <\/div>\n\t\t\t    <\/div>\n\t\t\t<\/div>\n<\/div>\n<p><\/p><div class=\"accordion mb-3\">\n        <div class=\"accordion-item accordion-item--white\">\n        <h2 class=\"accordion-header\" id=\"accordion-69d01a5535bc3-heading\">\n            <button class=\"accordion-button collapsed\" type=\"button\" data-bs-toggle=\"collapse\" data-bs-target=\"#accordion-69d01a5535bc3-collapse\" aria-expanded=\"true\" aria-controls=\"accordion-69d01a5535bc3-collapse\">Kaugseireandmed<\/button>\n        <\/h2>\n        <div id=\"accordion-69d01a5535bc3-collapse\" class=\"accordion-collapse collapse\" aria-labelledby=\"accordion-69d01a5535bc3-heading\">\n            <div class=\"accordion-body\">Kaugseire alus\u00a0on Maalt peegeldunud elektromagnetkiirguse m\u00f5\u00f5tmine lennukitelt v\u00f5i satelliitidelt. Satelliidipildid moodustuvad erinevatel sensori kanalitel, mis n\u00e4evad erinevaid lainepikkusi. Tasuta satelliidipilte pakuvad mitmed erinevad institutsioonid (n\u00e4iteks ESA, NASA)<\/div>\n        <\/div>\n        <\/div>\n    <\/div>\n<p style=\"margin-left: 40px;\"><\/p><div class=\"ratio ratio-16x9 mb-3\"><div class=\"video-placeholder-wrapper video-placeholder-wrapper--16x9\">\n\t\t\t    <div class=\"video-placeholder d-flex justify-content-center align-items-center\">\n\t\t\t        <div class=\"overlay text-white p-2 w-100 text-center d-block justify-content-center align-items-center\">\n\t\t\t            <div>Kolmandate osapoolte sisu n\u00e4gemiseks palun n\u00f5ustu k\u00fcpsistega.<\/div>\n\t\t\t            <button class=\"btn btn-secondary btn-sm mt-1 consent-change\">Muuda n\u00f5usolekut<\/button>\n\t\t\t        <\/div>\n\t\t\t    <\/div>\n\t\t\t<\/div>\n<\/div>\n<p><\/p><div class=\"accordion mb-3\">\n        <div class=\"accordion-item accordion-item--white\">\n        <h2 class=\"accordion-header\" id=\"accordion-69d01a5535bc5-heading\">\n            <button class=\"accordion-button collapsed\" type=\"button\" data-bs-toggle=\"collapse\" data-bs-target=\"#accordion-69d01a5535bc5-collapse\" aria-expanded=\"true\" aria-controls=\"accordion-69d01a5535bc5-collapse\">Landsati andmete allalaadimine<\/button>\n        <\/h2>\n        <div id=\"accordion-69d01a5535bc5-collapse\" class=\"accordion-collapse collapse\" aria-labelledby=\"accordion-69d01a5535bc5-heading\">\n            <div class=\"accordion-body\">Landsat on maailma vanim kaugseiremissioon, mille raames on Maa kohta informatsiooni kogutud alates 1972. aastast. Landsati satelliidid on keskmise ruumilise lahutusega satelliitide seas Maa kaugseire rakendusteks k\u00f5ige enam kasutatavad. Landsati piltide alla laadimiseks on kolm v\u00f5imalust: LandsatLook Viewer, GloVis ja EarthExplorer.<\/div>\n        <\/div>\n        <\/div>\n    <\/div>\n<p style=\"margin-left: 40px;\"><\/p><div class=\"ratio ratio-16x9 mb-3\"><div class=\"video-placeholder-wrapper video-placeholder-wrapper--16x9\">\n\t\t\t    <div class=\"video-placeholder d-flex justify-content-center align-items-center\">\n\t\t\t        <div class=\"overlay text-white p-2 w-100 text-center d-block justify-content-center align-items-center\">\n\t\t\t            <div>Kolmandate osapoolte sisu n\u00e4gemiseks palun n\u00f5ustu k\u00fcpsistega.<\/div>\n\t\t\t            <button class=\"btn btn-secondary btn-sm mt-1 consent-change\">Muuda n\u00f5usolekut<\/button>\n\t\t\t        <\/div>\n\t\t\t    <\/div>\n\t\t\t<\/div>\n<\/div>\n<p><\/p><div class=\"accordion mb-3\">\n        <div class=\"accordion-item accordion-item--white\">\n        <h2 class=\"accordion-header\" id=\"accordion-69d01a5535bc8-heading\">\n            <button class=\"accordion-button collapsed\" type=\"button\" data-bs-toggle=\"collapse\" data-bs-target=\"#accordion-69d01a5535bc8-collapse\" aria-expanded=\"true\" aria-controls=\"accordion-69d01a5535bc8-collapse\">Merise andmete tutvustus programmis Beam<\/button>\n        <\/h2>\n        <div id=\"accordion-69d01a5535bc8-collapse\" class=\"accordion-collapse collapse\" aria-labelledby=\"accordion-69d01a5535bc8-heading\">\n            <div class=\"accordion-body\">Meris on sensor, mis paikneb Euroopa Kosmoseagentuuri satelliidi Envisat pardal. Tegu on eelk\u00f5ige veekogude seireks m\u00f5eldud sensoriga, kuid see on sobiv ka taimkatte ja atmosf\u00e4\u00e4ri uurimiseks. Merise andmetega tutvumiseks sobib h\u00e4sti vabavaraline programm\u00a0<a title=\"\" href=\"http:\/\/www.brockmann-consult.de\/cms\/web\/beam\/releases\" target=\"_blank\" rel=\"noopener\" data-url=\"http:\/\/www.brockmann-consult.de\/cms\/web\/beam\/releases\">Beam<\/a>.<\/div>\n        <\/div>\n        <\/div>\n    <\/div>\n<p style=\"margin-left: 40px;\"><\/p><div class=\"ratio ratio-16x9 mb-3\"><div class=\"video-placeholder-wrapper video-placeholder-wrapper--16x9\">\n\t\t\t    <div class=\"video-placeholder d-flex justify-content-center align-items-center\">\n\t\t\t        <div class=\"overlay text-white p-2 w-100 text-center d-block justify-content-center align-items-center\">\n\t\t\t            <div>Kolmandate osapoolte sisu n\u00e4gemiseks palun n\u00f5ustu k\u00fcpsistega.<\/div>\n\t\t\t            <button class=\"btn btn-secondary btn-sm mt-1 consent-change\">Muuda n\u00f5usolekut<\/button>\n\t\t\t        <\/div>\n\t\t\t    <\/div>\n\t\t\t<\/div>\n<\/div>\n","protected":false},"excerpt":{"rendered":"<p>Kaugseire\u00a0YouTube\u2019i kanalilt\u00a0v\u00f5ib leida neli kaugseiret tutvustavat videot. Hallil taustal\u00a0toodud pealkirjal kl\u00f5psates saab video teema kohta rohkem teavet. Milleks meile kaugseire? Kaugseire on oluline vahend meid \u00fcmbritseva maailma m\u00f5istmiseks. \u00dcmber Maa tiirlevad satelliidid v\u00f5imaldavad meie koduplaneeti v\u00e4ga \u00fclevaatlikult n\u00e4ha. T\u00e4nap\u00e4eval kasutatakse &#8230;<\/p>\n","protected":false},"author":179,"featured_media":0,"parent":0,"menu_order":0,"comment_status":"closed","ping_status":"closed","template":"","meta":{"_acf_changed":false,"inline_featured_image":false,"footnotes":""},"class_list":["post-61","page","type-page","status-publish","hentry"],"acf":[],"_links":{"self":[{"href":"https:\/\/sisu.ut.ee\/kaugseire\/wp-json\/wp\/v2\/pages\/61","targetHints":{"allow":["GET"]}}],"collection":[{"href":"https:\/\/sisu.ut.ee\/kaugseire\/wp-json\/wp\/v2\/pages"}],"about":[{"href":"https:\/\/sisu.ut.ee\/kaugseire\/wp-json\/wp\/v2\/types\/page"}],"author":[{"embeddable":true,"href":"https:\/\/sisu.ut.ee\/kaugseire\/wp-json\/wp\/v2\/users\/179"}],"replies":[{"embeddable":true,"href":"https:\/\/sisu.ut.ee\/kaugseire\/wp-json\/wp\/v2\/comments?post=61"}],"version-history":[{"count":4,"href":"https:\/\/sisu.ut.ee\/kaugseire\/wp-json\/wp\/v2\/pages\/61\/revisions"}],"predecessor-version":[{"id":595,"href":"https:\/\/sisu.ut.ee\/kaugseire\/wp-json\/wp\/v2\/pages\/61\/revisions\/595"}],"wp:attachment":[{"href":"https:\/\/sisu.ut.ee\/kaugseire\/wp-json\/wp\/v2\/media?parent=61"}],"curies":[{"name":"wp","href":"https:\/\/api.w.org\/{rel}","templated":true}]}}