{"id":60,"date":"2024-04-04T04:50:57","date_gmt":"2024-04-04T01:50:57","guid":{"rendered":"https:\/\/sisu.ut.ee\/kaugseire\/eesti-kaugseirepaeva-ettekanded-2018-aastal\/"},"modified":"2024-04-30T13:21:54","modified_gmt":"2024-04-30T10:21:54","slug":"eesti-kaugseirepaeva-ettekanded-2018-aastal","status":"publish","type":"page","link":"https:\/\/sisu.ut.ee\/kaugseire\/eesti-kaugseirepaeva-ettekanded-2018-aastal\/","title":{"rendered":"Kaugseirep\u00e4ev 2018"},"content":{"rendered":"<p>\n\tKaugseirep\u00e4ev toimus 25. oktoobril 2018 T\u00f5raveres.\u00a0P\u00e4eva korraldamist toetas\u00a0Interregi L\u00e4\u00e4nemeremaade programmi BalticSatAppsi projekt.\n<\/p>\n<ul>\n<li style=\"margin-left: 40px\">\n\t\tAnu Reinart.\u00a0Kaugseire kaugelt ja l\u00e4hedalt\u00a0\u00a0I\u00a0<a href=\"https:\/\/youtu.be\/rrgsCQIu7nk\">Video<\/a>\u00a0I\u00a0\n\t<\/li>\n<li style=\"margin-left: 40px\">\n\t\tJoel Kuusk, Viktor Vabson, Krista Alikas, Ilmar Ansko, Martin Ligi, Tiia Lillemaa, Anu Reinart, Riho Vendt.\u00a0<span class=\"file media-element file-os-files-link\" data-file_info=\"%7B%22fid%22:%2237584%22,%22view_mode%22:%22os_files_link%22,%22type%22:%22media%22%7D\"> <a href=\"https:\/\/sisu.ut.ee\/wp-content\/uploads\/sites\/340\/kaugseirepaev_2018_joel_kuusk_kaugseire_radiomeetrite_rahvusvaheline_vordlusmootmine_eestis_2017_aastal_nbsp_.pdf\">Kaugseire radiomeetrite rahvusvaheline v\u00f5rdlusm\u00f5\u00f5tmine Eestis 2017. aastal<\/a><\/span>\u00a0I\u00a0<a href=\"https:\/\/youtu.be\/mJNiuVgkWuA\" target=\"_blank\" rel=\"noopener\">Video<\/a>\u00a0I\u00a0\n\t<\/li>\n<li style=\"margin-left: 40px\">\n\t\tPiia Post, Margit Aun.\u00a0<span class=\"file media-element file-os-files-link\" data-file_info=\"%7B%22fid%22:%2237588%22,%22view_mode%22:%22os_files_link%22,%22type%22:%22media%22%7D\"> <a href=\"https:\/\/sisu.ut.ee\/wp-content\/uploads\/sites\/340\/kaugseirepaev_2018_piia_post_muutused_laanemere_piirkonna_satelliitpilvisuse_karakteristikutes_kevadel_ja_suvel_1982_2015_.pdf\">Muutused L\u00e4\u00e4nemere piirkonna satelliitpilvisuse karakteristikutes kevadel ja suvel (1982\u20132015)<\/a><\/span>\u00a0\u00a0I\u00a0<a href=\"https:\/\/youtu.be\/OXJUKpALKxk\" target=\"_blank\" rel=\"noopener\">Video<\/a>\u00a0I\n\t<\/li>\n<li style=\"margin-left: 40px\">\n\t\tAnts Vain, Kalev Sepp.\u00a0<span class=\"file media-element file-os-files-link\" data-file_info=\"%7B%22fid%22:%2237580%22,%22view_mode%22:%22os_files_link%22,%22type%22:%22media%22%7D\"> <a href=\"https:\/\/sisu.ut.ee\/wp-content\/uploads\/sites\/340\/kaugseirepaev_2018_ants_vain_kalev_sepp_kui_punktidest_jaab_vaheks_uhe_maa_ameti_punktipilve_lugu.pdf\">Kui punktidest j\u00e4\u00e4b v\u00e4heks \u2013 \u00fche Maa-ameti punktipilve lugu<\/a><\/span>\n\t<\/li>\n<li style=\"margin-left: 40px\">\n\t\tLiis Sipelgas, Age Arikas, Kadri Auv\u00e4\u00e4rt, Kristi Altoja.\u00a0\u00a0<span class=\"file media-element file-os-files-link\" data-file_info=\"%7B%22fid%22:%2237578%22,%22view_mode%22:%22os_files_link%22,%22type%22:%22media%22%7D\"> <a href=\"https:\/\/sisu.ut.ee\/wp-content\/uploads\/sites\/340\/kaugseirepaev_2018_age_arikas_nbsp_kaugseire_kui_abivahend_vaikejarvede_kohtseire_planeerimisel_koiva_vesikonna_vaikejarvede_naitel.pdf\">Kaugseire kui abivahend v\u00e4ikej\u00e4rvede kohtseire planeerimisel Koiva vesikonna v\u00e4ikej\u00e4rvede n\u00e4itel<\/a><\/span>\u00a0\u00a0I\u00a0<a href=\"https:\/\/youtu.be\/e1mj7tKxIrM\" target=\"_blank\" rel=\"noopener\">Video<\/a>\u00a0I\n\t<\/li>\n<li style=\"margin-left: 40px\">\n\t\tKaupo Kokam\u00e4gi, Natalja Liba.\u00a0<span class=\"file media-element file-os-files-link\" data-file_info=\"%7B%22fid%22:%2237586%22,%22view_mode%22:%22os_files_link%22,%22type%22:%22media%22%7D\"> <a href=\"https:\/\/sisu.ut.ee\/wp-content\/uploads\/sites\/340\/kaugseirepaev_2018_kaupo_kokamagi_puistangu_mahtude_arvutused_mehitamata_ohusoidukilt_tehtud_aerofotode_pohja.pdf\">Puistangu mahtude arvutused mehitamata \u00f5hus\u00f5idukilt tehtud aerofotode p\u00f5hjal<\/a><\/span>\u00a0\u00a0I\u00a0<a href=\"https:\/\/youtu.be\/f5qk4V-EvR0\" target=\"_blank\" rel=\"noopener\">Video<\/a>\u00a0I\n\t<\/li>\n<li style=\"margin-left: 40px\">\n\t\tSander Rikka, Rivo Uiboupin, Andrey Pleskachevsky, Victor Alari, Sven Jacobsen, Tarmo K\u00f5uts.\u00a0<span class=\"file media-element file-os-files-link\" data-file_info=\"%7B%22fid%22:%2237589%22,%22view_mode%22:%22os_files_link%22,%22type%22:%22media%22%7D\"> <a href=\"https:\/\/sisu.ut.ee\/wp-content\/uploads\/sites\/340\/kaugseirepaev_2018_sander_rikka_nbsp_radarkaugseire_kasutamine_laanemere_lainetuse_ja_tuulevaljade_maaramiseks.pdf\">Radarkaugseire kasutamine L\u00e4\u00e4nemere lainetuse ja tuulev\u00e4ljade m\u00e4\u00e4ramiseks<\/a><\/span>\u00a0I\u00a0<a href=\"https:\/\/youtu.be\/vqWJ0_Aipw4\" target=\"_blank\" rel=\"noopener\">Video<\/a>\u00a0I\n\t<\/li>\n<li style=\"margin-left: 40px\">\n\t\tMirjam Randla, Kristi Uudeberg, Martin Ligi, Francois Bourrin.\u00a0<span class=\"file media-element file-os-files-link\" data-file_info=\"%7B%22fid%22:%2237583%22,%22view_mode%22:%22os_files_link%22,%22type%22:%22media%22%7D\"> <a href=\"https:\/\/sisu.ut.ee\/wp-content\/uploads\/sites\/340\/kaugseirepaev_2018_mirjam_randla_nbsp_heljumi_omaduste_ja_dunaamika_varieerumine_parnu_lahes.pdf\">Heljumi omaduste ja d\u00fcnaamika varieerumine P\u00e4rnu lahes<\/a><\/span>\u00a0\u00a0I\u00a0<a href=\"https:\/\/youtu.be\/i6IY-GfI_Uk\" target=\"_blank\" rel=\"noopener\">Video<\/a>\u00a0I\n\t<\/li>\n<li style=\"margin-left: 40px\">\n\t\tKersti Kangro, Krista Alikas, Kristel Panksep.\u00a0<span class=\"file media-element file-os-files-link\" data-file_info=\"%7B%22fid%22:%2237585%22,%22view_mode%22:%22os_files_link%22,%22type%22:%22media%22%7D\"> <a href=\"https:\/\/sisu.ut.ee\/wp-content\/uploads\/sites\/340\/kaugseirepaev_2018_kersti_kangro_madala_eutroofse_jarve_klorofullisisalduse_maaramiseks_sobivad_algoritmid_sentinel_3_olci_andmete_alusel_ulemiste_jarve_naitel.pdf\">Madala eutroofse j\u00e4rve klorof\u00fcllisisalduse m\u00e4\u00e4ramiseks sobivad algoritmid Sentinel-3\/OLCI andmete alusel \u00dclemiste j\u00e4rve n\u00e4itel<\/a><\/span>\n\t<\/li>\n<li style=\"margin-left: 40px\">\n\t\tJaan Praks.\u00a0<span class=\"file media-element file-os-files-link\" data-file_info=\"%7B%22fid%22:%2237577%22,%22view_mode%22:%22os_files_link%22,%22type%22:%22media%22%7D\"> <a href=\"https:\/\/sisu.ut.ee\/wp-content\/uploads\/sites\/340\/kaugseirepaev_2018_jaan_praks_operational_microsatellite_based_sar_for_earth_observation_applications_status_and_perspectives.pdf\">Operational microsatellite based SAR for Earth Observation applications: Status and perspectives<\/a><\/span>\n\t<\/li>\n<li style=\"margin-left: 40px\">\n\t\tJaano Berg-J\u00fcrgens.\u00a0<span class=\"file media-element file-os-files-link\" data-file_info=\"%7B%22fid%22:%2237582%22,%22view_mode%22:%22os_files_link%22,%22type%22:%22media%22%7D\"> <a href=\"https:\/\/sisu.ut.ee\/wp-content\/uploads\/sites\/340\/kaugseirepaev_2018_jaano_berg_jurgens_nbsp_pria_kaugseire_valdkonnas_kasutatav_metoodika_pollul_toimuva_selgitamiseks.pdf\">PRIA kaugseire valdkonnas kasutatav metoodika p\u00f5llul toimuva selgitamiseks<\/a><\/span>\u00a0\u00a0I\u00a0<a href=\"https:\/\/youtu.be\/-H__Cor_nNI\" target=\"_blank\" rel=\"noopener\">Video<\/a>\u00a0I\n\t<\/li>\n<li style=\"margin-left: 40px\">\n\t\tMait Lang, Mihkel Kaha, Tauri Arum\u00e4e.\u00a0\u00a0<span class=\"file media-element file-os-files-link\" data-file_info=\"%7B%22fid%22:%2237587%22,%22view_mode%22:%22os_files_link%22,%22type%22:%22media%22%7D\"> <a href=\"https:\/\/sisu.ut.ee\/wp-content\/uploads\/sites\/340\/kaugseirepaev_2018_mait_lang_kaugseire_praktilised_metsanduslikud_rakendused_puistute_liigilise_koosseisu_kaardistamine_ja_harvendusraiete_tuvastamine.pdf\">Kaugseire praktilised metsanduslikud rakendused \u2013 puistute liigilise koosseisu kaardistamine ja harvendusraiete tuvastamine<\/a><\/span>\u00a0\u00a0I\u00a0<a href=\"https:\/\/youtu.be\/-H__Cor_nNI\" target=\"_blank\" rel=\"noopener\">Video<\/a>\u00a0I\n\t<\/li>\n<li style=\"margin-left: 40px\">\n\t\tAndres Kuusk, Mait Lang, Silja M\u00e4rdla, Jan Pisek.\u00a0<span class=\"file media-element file-os-files-link\" data-file_info=\"%7B%22fid%22:%2237581%22,%22view_mode%22:%22os_files_link%22,%22type%22:%22media%22%7D\"> <a href=\"https:\/\/sisu.ut.ee\/wp-content\/uploads\/sites\/340\/kaugseirepaev_2018_andres_kuusk_nbsp_metsa_vorastiku_labipaistvus.pdf\">Metsa v\u00f5rastiku l\u00e4bipaistvus<\/a><\/span>\u00a0I\u00a0<a href=\"https:\/\/youtu.be\/_FdUMVC6ldA\" target=\"_blank\" rel=\"noopener\">Video<\/a>\u00a0I\n\t<\/li>\n<li style=\"margin-left: 40px\">\n\t\tJaan Liira, Urmas Peterson.\u00a0<span class=\"file media-element file-os-files-link\" data-file_info=\"%7B%22fid%22:%2237579%22,%22view_mode%22:%22os_files_link%22,%22type%22:%22media%22%7D\"> <a href=\"https:\/\/sisu.ut.ee\/wp-content\/uploads\/sites\/340\/kaugseirepaev_2018_jaan_liira_nbsp_metsaga_alade_pindalamuutused_eestis_ja_lahivalismaal.pdf\">Metsaga alade pindalamuutused Eestis ja l\u00e4hiv\u00e4lismaal<\/a><\/span>\u00a0I\u00a0<a href=\"https:\/\/youtu.be\/v7Y_W2laZh8\" target=\"_blank\" rel=\"noopener\">Video<\/a>\u00a0I\n\t<\/li>\n<\/ul>\n<p>\n\t\u00a0\n<\/p>\n<p>\n\t<\/p><div class=\"accordion mb-3\">\n        <div class=\"accordion-item accordion-item--white\">\n        <h2 class=\"accordion-header\" id=\"accordion-69dce327e35aa-heading\">\n            <button class=\"accordion-button collapsed\" type=\"button\" data-bs-toggle=\"collapse\" data-bs-target=\"#accordion-69dce327e35aa-collapse\" aria-expanded=\"true\" aria-controls=\"accordion-69dce327e35aa-collapse\">Stendiettekanded<\/button>\n        <\/h2>\n        <div id=\"accordion-69dce327e35aa-collapse\" class=\"accordion-collapse collapse\" aria-labelledby=\"accordion-69dce327e35aa-heading\">\n            <div class=\"accordion-body\">Tanel Voormansik, Robderto Cremonini, Dmitri Moisseev, Piia Post.\u00a0\u00a0<strong>Extreme rainfall analysis and estimation of intensity-duration-frequency curves using polarimetric weather radar data of Estonia and Italy<\/strong>\n\n<p>\n\tPiia Post, Margit Aun.\u00a0<strong>Changes in satellite-based cloud properties in the Baltic Sea region during spring and summer (1982\u20132015)<\/strong>\n<\/p>\n<p>\n\tJekaterina Slu\u017eenikina, Liis Sipelgas, Rain Elken, Rivo Uiboupin.\u00a0<strong>Erinevate satelliitandmete \u00a0ja Copernicuse j\u00e4\u00e4 produktide kasutamine operatiivse merej\u00e4\u00e4 teenuse tagamiseks Riigi Ilmateenistuses<\/strong>\n<\/p>\n<p>\n\tJekaterina Slu\u017eenikina, Liis Sipelgas, Aleksei Va\u0161t\u0161enko.\u00a0<strong>Satelliitinfo kasutamine maapinna ja veetemperatuuri operatiivseires 2018. a\u00a0suvel Riigi Ilmateenistuses<\/strong>\n<\/p>\n<p>\n\tAnts Vain, Kalev Sepp, Janar Raet, Miguel Villoslada Pecina, Mait Lang.\u00a0<strong>National wide CHM, deforestation areas and forest boundaries from airborne lidar data in Estonia<\/strong>\n<\/p>\n<p>\n\tJorma Rahu, Tanel Voormansik, Piia Post.\u00a0<strong>Enhancement of radar rainfall estimates for Estonian territory through optical flow temporal interpolation<\/strong>\n<\/p>\n<p>\n\tRiho Vendt, Andrew Banks, Agnieszka Bialek, T\u0101nia Casal,\u00a0Craig Donlon, Christophe Lerebourg, Kevin Ruddick, Gavin Tilstone.\u00a0<strong>Fiducial Reference Measurements for Satellite Ocean Colour (FRM4SOC)<\/strong>\n<\/p>\n<p>\n\tKersti Kangro, Krista Alikas, Ahlem Jemai, Evelin Kangro.\u00a0<strong>The relationship between phytoplankton absorption coefficient and chlorophyll-a concentration for remote sensing applications in optically complex waters<\/strong>\n<\/p>\n<p>\n\tMirjam Randla, Martin Ligi, Kristi Uudeberg, Tiit Kutser, Fran\u00e7ois Bourrin.\u00a0<strong>Variability of suspended particles in P\u00e4rnu Bay, Baltic Sea<\/strong>\n<\/p>\n<p>\n\tKristi Uudeberg, Kerttu-Liis K\u00f5ks, Mirjam Randla, Getter P\u00f5ru, Ave Ansper, Anu Reinart.\u00a0<strong>Optical watertype guided approach for inland waters OAS algorithms<\/strong>\n<\/p>\n<p>\n\tKrista Alikas, Kersti Kangro.<strong>\u00a0Estimation of phytoplankton primary production in shallow lakes from remote sensing data<\/strong>\n<\/p>\n<p>\n\tHeikki Junninen, Kaupo Kommsaare, Sander Mirme, Helina Lipp, Kalju Tamme, Kristo H\u00f5rrak, Marko Vana, Aare Luts, Madis Npppel, Eduard Tamm, Jaan Maasepp, Hilja Iher, Piia Post, Marko Kaasik, Urmas H\u00f5rrak.\u00a0P<strong>hysicochemical Characterization of Athomosphere at University of Tartu<\/strong><\/p><\/div>\n        <\/div>\n        <\/div>\n    <\/div>\n\n<p>\n\t\u00a0<\/p>\n","protected":false},"excerpt":{"rendered":"<p>Kaugseirep\u00e4ev toimus 25. oktoobril 2018 T\u00f5raveres.\u00a0P\u00e4eva korraldamist toetas\u00a0Interregi L\u00e4\u00e4nemeremaade programmi BalticSatAppsi projekt. Anu Reinart.\u00a0Kaugseire kaugelt ja l\u00e4hedalt\u00a0\u00a0I\u00a0Video\u00a0I\u00a0 Joel Kuusk, Viktor Vabson, Krista Alikas, Ilmar Ansko, Martin Ligi, Tiia Lillemaa, Anu Reinart, Riho Vendt.\u00a0 Kaugseire radiomeetrite rahvusvaheline v\u00f5rdlusm\u00f5\u00f5tmine Eestis 2017. aastal\u00a0I\u00a0Video\u00a0I\u00a0 &#8230;<\/p>\n","protected":false},"author":179,"featured_media":0,"parent":0,"menu_order":0,"comment_status":"closed","ping_status":"closed","template":"","meta":{"_acf_changed":false,"inline_featured_image":false,"footnotes":""},"class_list":["post-60","page","type-page","status-publish","hentry"],"acf":[],"_links":{"self":[{"href":"https:\/\/sisu.ut.ee\/kaugseire\/wp-json\/wp\/v2\/pages\/60","targetHints":{"allow":["GET"]}}],"collection":[{"href":"https:\/\/sisu.ut.ee\/kaugseire\/wp-json\/wp\/v2\/pages"}],"about":[{"href":"https:\/\/sisu.ut.ee\/kaugseire\/wp-json\/wp\/v2\/types\/page"}],"author":[{"embeddable":true,"href":"https:\/\/sisu.ut.ee\/kaugseire\/wp-json\/wp\/v2\/users\/179"}],"replies":[{"embeddable":true,"href":"https:\/\/sisu.ut.ee\/kaugseire\/wp-json\/wp\/v2\/comments?post=60"}],"version-history":[{"count":2,"href":"https:\/\/sisu.ut.ee\/kaugseire\/wp-json\/wp\/v2\/pages\/60\/revisions"}],"predecessor-version":[{"id":602,"href":"https:\/\/sisu.ut.ee\/kaugseire\/wp-json\/wp\/v2\/pages\/60\/revisions\/602"}],"wp:attachment":[{"href":"https:\/\/sisu.ut.ee\/kaugseire\/wp-json\/wp\/v2\/media?parent=60"}],"curies":[{"name":"wp","href":"https:\/\/api.w.org\/{rel}","templated":true}]}}