{"id":58,"date":"2024-04-04T04:50:57","date_gmt":"2024-04-04T01:50:57","guid":{"rendered":"https:\/\/sisu.ut.ee\/kaugseire\/2008-2\/"},"modified":"2024-04-04T04:54:11","modified_gmt":"2024-04-04T01:54:11","slug":"2008-2","status":"publish","type":"page","link":"https:\/\/sisu.ut.ee\/kaugseire\/2008-2\/","title":{"rendered":"2008"},"content":{"rendered":"<p>\r\n\t<a href=\"https:\/\/sisu.ut.ee\/wp-content\/uploads\/sites\/340\/kaugseire-eestis-2008.pdf\" target=\"_blank\" rel=\"noopener\"><img loading=\"lazy\" decoding=\"async\" width=\"513\" height=\"776\" class=\"alignnone wp-image-162\" style=\"width: 200px;height: 303px;margin-left: 5px;margin-right: 5px;float: right\" src=\"https:\/\/sisu.ut.ee\/wp-content\/uploads\/sites\/340\/kaugseire2008pilt.png\" title=\"kaugseire2008pilt.png\" alt=\"Kaugseirekogumik 2008\" srcset=\"https:\/\/sisu.ut.ee\/wp-content\/uploads\/sites\/340\/kaugseire2008pilt.png 513w, https:\/\/sisu.ut.ee\/wp-content\/uploads\/sites\/340\/kaugseire2008pilt-198x300.png 198w\" sizes=\"auto, (max-width: 513px) 100vw, 513px\"><\/a>\u201eKaugseire Eestis\u201c on mahukas kaugseireteemaliste artiklite kogumik, mis on valminud Tartu Observatooriumi ja Keskkonnaministeeriumi Info- ja Tehnokeskuse koost\u00f6\u00f6na. Raamat tutvustab Eestis uuritud ja rakendust leidnud kaugseiremeetodeid erinevates valdkondades nagu n\u00e4iteks \u00f5lireostuse- ja reostajate tuvastamine, linnuseire, linnastumine, metsa- ja lageraiepindala muutuste leidmine jt. Raamat on suunatud k\u00f5igile neile, kel kaugseire vastu p\u00f5hjalikum huvi.\r\n<\/p>\r\n\r\n<p>\r\n\tKogumiku vaatamiseks v\u00f5i allalaadimiseks kl\u00f5psa\u00a0pildil v\u00f5i alloleval lingil.\r\n<\/p>\r\n<br><div class=\"wp-block-group attached-files-group is-layout-constrained wp-block-group-is-layout-constrained\"><div class=\"wp-block-file\"><a href=\"https:\/\/sisu.ut.ee\/wp-content\/uploads\/sites\/340\/kaugseire-eestis-2008.pdf\" target=\"_blank\" rel=\"noreferrer noopener\">kaugseire-eestis-2008.pdf<\/a><\/div><\/div>","protected":false},"excerpt":{"rendered":"<p>\u201eKaugseire Eestis\u201c on mahukas kaugseireteemaliste artiklite kogumik, mis on valminud Tartu Observatooriumi ja Keskkonnaministeeriumi Info- ja Tehnokeskuse koost\u00f6\u00f6na. Raamat tutvustab Eestis uuritud ja rakendust leidnud kaugseiremeetodeid erinevates valdkondades nagu n\u00e4iteks \u00f5lireostuse- ja reostajate tuvastamine, linnuseire, linnastumine, metsa- ja lageraiepindala muutuste &#8230;<\/p>\n","protected":false},"author":179,"featured_media":0,"parent":0,"menu_order":0,"comment_status":"closed","ping_status":"closed","template":"","meta":{"_acf_changed":false,"inline_featured_image":false,"footnotes":""},"class_list":["post-58","page","type-page","status-publish","hentry"],"acf":[],"_links":{"self":[{"href":"https:\/\/sisu.ut.ee\/kaugseire\/wp-json\/wp\/v2\/pages\/58","targetHints":{"allow":["GET"]}}],"collection":[{"href":"https:\/\/sisu.ut.ee\/kaugseire\/wp-json\/wp\/v2\/pages"}],"about":[{"href":"https:\/\/sisu.ut.ee\/kaugseire\/wp-json\/wp\/v2\/types\/page"}],"author":[{"embeddable":true,"href":"https:\/\/sisu.ut.ee\/kaugseire\/wp-json\/wp\/v2\/users\/179"}],"replies":[{"embeddable":true,"href":"https:\/\/sisu.ut.ee\/kaugseire\/wp-json\/wp\/v2\/comments?post=58"}],"version-history":[{"count":2,"href":"https:\/\/sisu.ut.ee\/kaugseire\/wp-json\/wp\/v2\/pages\/58\/revisions"}],"predecessor-version":[{"id":532,"href":"https:\/\/sisu.ut.ee\/kaugseire\/wp-json\/wp\/v2\/pages\/58\/revisions\/532"}],"wp:attachment":[{"href":"https:\/\/sisu.ut.ee\/kaugseire\/wp-json\/wp\/v2\/media?parent=58"}],"curies":[{"name":"wp","href":"https:\/\/api.w.org\/{rel}","templated":true}]}}