{"id":57,"date":"2024-04-04T04:50:57","date_gmt":"2024-04-04T01:50:57","guid":{"rendered":"https:\/\/sisu.ut.ee\/kaugseire\/2014-2\/"},"modified":"2024-04-04T04:54:11","modified_gmt":"2024-04-04T01:54:11","slug":"2014-2","status":"publish","type":"page","link":"https:\/\/sisu.ut.ee\/kaugseire\/2014-2\/","title":{"rendered":"2014"},"content":{"rendered":"<p>\r\n\t<a href=\"https:\/\/sisu.ut.ee\/wp-content\/uploads\/sites\/340\/kaugseire-2014-web.pdf\" target=\"_blank\" rel=\"noopener\"><img loading=\"lazy\" decoding=\"async\" width=\"766\" height=\"1080\" class=\"alignnone wp-image-160\" style=\"width: 200px;height: 282px;float: right;margin-left: 5px;margin-right: 5px\" src=\"https:\/\/sisu.ut.ee\/wp-content\/uploads\/sites\/340\/kaugseire2014_pilt.png\" title=\"kaugseire2014_pilt.png\" alt=\"Kaugseirekogumik 2014\" srcset=\"https:\/\/sisu.ut.ee\/wp-content\/uploads\/sites\/340\/kaugseire2014_pilt.png 766w, https:\/\/sisu.ut.ee\/wp-content\/uploads\/sites\/340\/kaugseire2014_pilt-213x300.png 213w, https:\/\/sisu.ut.ee\/wp-content\/uploads\/sites\/340\/kaugseire2014_pilt-726x1024.png 726w\" sizes=\"auto, (max-width: 766px) 100vw, 766px\"><\/a>Artiklikogumik tutvustab Eestis uuritud ja rakendust leidnud kaugseiremeetodeid eri valdkondades. Esimesed artiklid annavad \u00fclevaate vee kaugseire v\u00f5imalustest L\u00e4\u00e4nemere ja j\u00e4rvede n\u00e4itel. Uuritakse mere optilisi omadusi, laineparameetreid, j\u00e4\u00e4olusid, rannaprotsesse, j\u00e4rvede rolli s\u00fcsinikuringes, j\u00e4rvede seisundi m\u00e4\u00e4ramise ning merealade ruumilise modelleerimise v\u00f5imalusi, kasutades kas satelliidi-, radari- v\u00f5i laserandmeid. J\u00e4rgnevad artiklid keskenduvad maismaa kaugseire v\u00f5imalustele, uurides kaugseire kasutamist metsanduses, maakattet\u00fc\u00fcpide, sh p\u00f5llumajandusliku maa tuvastamist ning radari kasutusv\u00f5imalusi Eesti keskkonnaseires. Kolmandaks tutvustatakse kaugseire tehnilisemaid ja ilmastikuga seotud rakendusi.\r\n<\/p>\r\n\r\n<p>\r\n\tKogumiku vaatamiseks v\u00f5i allalaadimiseks kl\u00f5psa\u00a0pildil v\u00f5i alloleval lingil.\r\n<\/p>\r\n<br><div class=\"wp-block-group attached-files-group is-layout-constrained wp-block-group-is-layout-constrained\"><div class=\"wp-block-file\"><a href=\"https:\/\/sisu.ut.ee\/wp-content\/uploads\/sites\/340\/kaugseire-2014-web.pdf\" target=\"_blank\" rel=\"noreferrer noopener\">kaugseire-2014.pdf<\/a><\/div><\/div>","protected":false},"excerpt":{"rendered":"<p>Artiklikogumik tutvustab Eestis uuritud ja rakendust leidnud kaugseiremeetodeid eri valdkondades. Esimesed artiklid annavad \u00fclevaate vee kaugseire v\u00f5imalustest L\u00e4\u00e4nemere ja j\u00e4rvede n\u00e4itel. Uuritakse mere optilisi omadusi, laineparameetreid, j\u00e4\u00e4olusid, rannaprotsesse, j\u00e4rvede rolli s\u00fcsinikuringes, j\u00e4rvede seisundi m\u00e4\u00e4ramise ning merealade ruumilise modelleerimise v\u00f5imalusi, kasutades &#8230;<\/p>\n","protected":false},"author":179,"featured_media":0,"parent":0,"menu_order":0,"comment_status":"closed","ping_status":"closed","template":"","meta":{"_acf_changed":false,"inline_featured_image":false,"footnotes":""},"class_list":["post-57","page","type-page","status-publish","hentry"],"acf":[],"_links":{"self":[{"href":"https:\/\/sisu.ut.ee\/kaugseire\/wp-json\/wp\/v2\/pages\/57","targetHints":{"allow":["GET"]}}],"collection":[{"href":"https:\/\/sisu.ut.ee\/kaugseire\/wp-json\/wp\/v2\/pages"}],"about":[{"href":"https:\/\/sisu.ut.ee\/kaugseire\/wp-json\/wp\/v2\/types\/page"}],"author":[{"embeddable":true,"href":"https:\/\/sisu.ut.ee\/kaugseire\/wp-json\/wp\/v2\/users\/179"}],"replies":[{"embeddable":true,"href":"https:\/\/sisu.ut.ee\/kaugseire\/wp-json\/wp\/v2\/comments?post=57"}],"version-history":[{"count":2,"href":"https:\/\/sisu.ut.ee\/kaugseire\/wp-json\/wp\/v2\/pages\/57\/revisions"}],"predecessor-version":[{"id":533,"href":"https:\/\/sisu.ut.ee\/kaugseire\/wp-json\/wp\/v2\/pages\/57\/revisions\/533"}],"wp:attachment":[{"href":"https:\/\/sisu.ut.ee\/kaugseire\/wp-json\/wp\/v2\/media?parent=57"}],"curies":[{"name":"wp","href":"https:\/\/api.w.org\/{rel}","templated":true}]}}