{"id":56,"date":"2024-04-04T04:50:57","date_gmt":"2024-04-04T01:50:57","guid":{"rendered":"https:\/\/sisu.ut.ee\/kaugseire\/2016-2\/"},"modified":"2024-04-04T04:54:11","modified_gmt":"2024-04-04T01:54:11","slug":"2016-2","status":"publish","type":"page","link":"https:\/\/sisu.ut.ee\/kaugseire\/2016-2\/","title":{"rendered":"2016"},"content":{"rendered":"<p>\r\n\t<a href=\"https:\/\/sisu.ut.ee\/wp-content\/uploads\/sites\/340\/kaugseire_eestis_2016_artiklikogumik_l.pdf\" target=\"_blank\" rel=\"noopener\"><img loading=\"lazy\" decoding=\"async\" width=\"766\" height=\"1081\" class=\"alignnone wp-image-159\" style=\"width: 200px;height: 282px;float: right;margin-left: 5px;margin-right: 5px\" src=\"https:\/\/sisu.ut.ee\/wp-content\/uploads\/sites\/340\/kaugseire_2016_pilt_01.png\" title=\"kaugseire_2016_pilt_01.png\" alt=\"Kaugseirekogumik 2016\" srcset=\"https:\/\/sisu.ut.ee\/wp-content\/uploads\/sites\/340\/kaugseire_2016_pilt_01.png 766w, https:\/\/sisu.ut.ee\/wp-content\/uploads\/sites\/340\/kaugseire_2016_pilt_01-213x300.png 213w, https:\/\/sisu.ut.ee\/wp-content\/uploads\/sites\/340\/kaugseire_2016_pilt_01-726x1024.png 726w\" sizes=\"auto, (max-width: 766px) 100vw, 766px\"><\/a>Kogumiku avaartikkel on \u00fclevaade Euroopa Liidu ja Euroopa Kosmoseagentuuri ESA k\u00e4ivitatud Euroopa keskkonna ja turvalisuse seire programmist Copernicus (Reinart ja Vain). J\u00e4rgnevad kaks artiklit k\u00e4sitlevad kaugseirem\u00f5\u00f5tmiste maapealsete tugim\u00f5\u00f5tmiste korraldamist: kaugseirem\u00f5\u00f5tmiste usaldusv\u00e4\u00e4rsuse tagamist maapealse vikaarkalibreerimisena (Vabson jt) ning atmosf\u00e4\u00e4rialuste spektraalm\u00f5\u00f5tmiste kvaliteeti toetavat Tartumaal J\u00e4rvseljal paiknevat peegeldusetaloni ja selle omadusi (Kuusk, Kuusk ja Lang). Kogumikus on kaks artiklit radarkaugseirest: tehisavaradari m\u00f5\u00f5tmistest hoonestusalade kaardistamisel (Koppel jt) ning rohumaade niitmise tuvastamisest (Voormansik, Tamm ja Zalite). Mehitamata \u00f5hus\u00f5idukite kasutamist kaugseires k\u00e4sitleb artikkel UAV piltidelt hinnatud ortofoto ja reljeefimudeli t\u00e4psuse hindamisest (Sepp, Oja ja Kohv). Eesti Maa-ameti lidarm\u00f5\u00f5tmiste tulemuste kasutamisest on kogumikus kaks kirjutist: ringproovit\u00fckkide ja lidarm\u00f5\u00f5tmiste tulemuste interpreteerimisest puistute biomassi ja s\u00fcsiniku hulga hindamisel (Lang, Arum\u00e4e ja Nikopensius) ning \u00fclevaade Maa-ameti lidarm\u00f5\u00f5tmiste rakendatavusest varase maakasutuse j\u00e4lgede kaardistamiseks (Meriste jt). Spektri soojuspiirkonna kaugseireandmete interpreteerimisest on kogumikus \u00fcks artikkel \u2013 kuumalainete ja soojussaarte efektist Eesti linnalistes asulates (Sagris ja Sepp). Maapealse ilmaradari kaugseirem\u00f5\u00f5tmiste tulemuste interpreteerimist kirjeldab artikkel konvektiivsete tormide v\u00e4lkude parameetrite detekteerimisest ilmaradari andmete p\u00f5hjal (Voormansik jt). Veekaugseire k\u00e4sitlusi, mida 2014. a kogumikus oli kaheksa, esindab praeguses \u00fcks kaast\u00f6\u00f6 \u2013 ts\u00fcanobakterite biomassi hindamisest Peipsi j\u00e4rvel (P\u00f5ldma, Kangro ja Kangro). Eesti keskkonnaseire programmis aastaid seireobjektideks olnud suurj\u00e4rvede, mereranna ja m\u00f5nede v\u00e4ikej\u00e4rvede suurtaimestiku seire metoodilise lahenduse rakendamist valikule Euroopa j\u00e4rvedest on kirjeldatud kogumiku viimases artiklis (Peterson ja Liira).\r\n<\/p>\r\n\r\n<p>\r\n\tKogumiku vaatamiseks v\u00f5i allalaadimiseks kl\u00f5psa\u00a0pildil v\u00f5i alloleval lingil.\r\n<\/p>\r\n<br><div class=\"wp-block-group attached-files-group is-layout-constrained wp-block-group-is-layout-constrained\"><div class=\"wp-block-file\"><a href=\"https:\/\/sisu.ut.ee\/wp-content\/uploads\/sites\/340\/kaugseire_eestis_2016_artiklikogumik_l.pdf\" target=\"_blank\" rel=\"noreferrer noopener\">kaugseire_eestis_2016_artiklikogumik_l.pdf<\/a><\/div><\/div>","protected":false},"excerpt":{"rendered":"<p>Kogumiku avaartikkel on \u00fclevaade Euroopa Liidu ja Euroopa Kosmoseagentuuri ESA k\u00e4ivitatud Euroopa keskkonna ja turvalisuse seire programmist Copernicus (Reinart ja Vain). J\u00e4rgnevad kaks artiklit k\u00e4sitlevad kaugseirem\u00f5\u00f5tmiste maapealsete tugim\u00f5\u00f5tmiste korraldamist: kaugseirem\u00f5\u00f5tmiste usaldusv\u00e4\u00e4rsuse tagamist maapealse vikaarkalibreerimisena (Vabson jt) ning atmosf\u00e4\u00e4rialuste spektraalm\u00f5\u00f5tmiste kvaliteeti &#8230;<\/p>\n","protected":false},"author":179,"featured_media":0,"parent":0,"menu_order":0,"comment_status":"closed","ping_status":"closed","template":"","meta":{"_acf_changed":false,"inline_featured_image":false,"footnotes":""},"class_list":["post-56","page","type-page","status-publish","hentry"],"acf":[],"_links":{"self":[{"href":"https:\/\/sisu.ut.ee\/kaugseire\/wp-json\/wp\/v2\/pages\/56","targetHints":{"allow":["GET"]}}],"collection":[{"href":"https:\/\/sisu.ut.ee\/kaugseire\/wp-json\/wp\/v2\/pages"}],"about":[{"href":"https:\/\/sisu.ut.ee\/kaugseire\/wp-json\/wp\/v2\/types\/page"}],"author":[{"embeddable":true,"href":"https:\/\/sisu.ut.ee\/kaugseire\/wp-json\/wp\/v2\/users\/179"}],"replies":[{"embeddable":true,"href":"https:\/\/sisu.ut.ee\/kaugseire\/wp-json\/wp\/v2\/comments?post=56"}],"version-history":[{"count":2,"href":"https:\/\/sisu.ut.ee\/kaugseire\/wp-json\/wp\/v2\/pages\/56\/revisions"}],"predecessor-version":[{"id":534,"href":"https:\/\/sisu.ut.ee\/kaugseire\/wp-json\/wp\/v2\/pages\/56\/revisions\/534"}],"wp:attachment":[{"href":"https:\/\/sisu.ut.ee\/kaugseire\/wp-json\/wp\/v2\/media?parent=56"}],"curies":[{"name":"wp","href":"https:\/\/api.w.org\/{rel}","templated":true}]}}