{"id":55,"date":"2024-04-04T04:50:57","date_gmt":"2024-04-04T01:50:57","guid":{"rendered":"https:\/\/sisu.ut.ee\/kaugseire\/2018-2\/"},"modified":"2024-04-04T04:54:11","modified_gmt":"2024-04-04T01:54:11","slug":"2018-2","status":"publish","type":"page","link":"https:\/\/sisu.ut.ee\/kaugseire\/2018-2\/","title":{"rendered":"2018"},"content":{"rendered":"<p>\r\n\t<a href=\"https:\/\/sisu.ut.ee\/wp-content\/uploads\/sites\/340\/kaugseire_eestis_2018_artiklikogumik.pdf\" target=\"_blank\" rel=\"noopener\"><img loading=\"lazy\" decoding=\"async\" width=\"764\" height=\"1082\" class=\"alignnone wp-image-157\" style=\"width: 200px;height: 283px;float: right;margin-left: 5px;margin-right: 5px\" src=\"https:\/\/sisu.ut.ee\/wp-content\/uploads\/sites\/340\/kaugseire2018_pilt.png\" title=\"kaugseire2018_pilt.png\" alt=\"Kaugseirekogumik 2018\" srcset=\"https:\/\/sisu.ut.ee\/wp-content\/uploads\/sites\/340\/kaugseire2018_pilt.png 764w, https:\/\/sisu.ut.ee\/wp-content\/uploads\/sites\/340\/kaugseire2018_pilt-212x300.png 212w, https:\/\/sisu.ut.ee\/wp-content\/uploads\/sites\/340\/kaugseire2018_pilt-723x1024.png 723w\" sizes=\"auto, (max-width: 764px) 100vw, 764px\"><\/a>Kogumik on koostatud 2018. aasta Eesti kaugseirep\u00e4eval Tartu \u00dclikooli Tartu observatooriumis T\u00f5raveres peetud ettekannete autorite kirjutatud tekstidest. Ettekandjad \u00fclikoolidest ja riigiasutustest kutsuti kaugseirep\u00e4evale esitama \u00fclevaateid keskkonnaseire rakendustest Eestis edendatavates kaugseirevaldkondades.\r\n<\/p>\r\n\r\n<p>\r\n\tKogumiku vaatamiseks v\u00f5i allalaadimiseks kl\u00f5psa\u00a0pildil v\u00f5i alloleval lingil.\r\n<\/p>\r\n<br><div class=\"wp-block-group attached-files-group is-layout-constrained wp-block-group-is-layout-constrained\"><div class=\"wp-block-file\"><a href=\"https:\/\/sisu.ut.ee\/wp-content\/uploads\/sites\/340\/kaugseire_eestis_2018_artiklikogumik.pdf\" target=\"_blank\" rel=\"noreferrer noopener\">kaugseire_eestis_2018_artiklikogumik.pdf<\/a><\/div><\/div>","protected":false},"excerpt":{"rendered":"<p>Kogumik on koostatud 2018. aasta Eesti kaugseirep\u00e4eval Tartu \u00dclikooli Tartu observatooriumis T\u00f5raveres peetud ettekannete autorite kirjutatud tekstidest. Ettekandjad \u00fclikoolidest ja riigiasutustest kutsuti kaugseirep\u00e4evale esitama \u00fclevaateid keskkonnaseire rakendustest Eestis edendatavates kaugseirevaldkondades. Kogumiku vaatamiseks v\u00f5i allalaadimiseks kl\u00f5psa\u00a0pildil v\u00f5i alloleval lingil.<\/p>\n","protected":false},"author":179,"featured_media":0,"parent":0,"menu_order":0,"comment_status":"closed","ping_status":"closed","template":"","meta":{"_acf_changed":false,"inline_featured_image":false,"footnotes":""},"class_list":["post-55","page","type-page","status-publish","hentry"],"acf":[],"_links":{"self":[{"href":"https:\/\/sisu.ut.ee\/kaugseire\/wp-json\/wp\/v2\/pages\/55","targetHints":{"allow":["GET"]}}],"collection":[{"href":"https:\/\/sisu.ut.ee\/kaugseire\/wp-json\/wp\/v2\/pages"}],"about":[{"href":"https:\/\/sisu.ut.ee\/kaugseire\/wp-json\/wp\/v2\/types\/page"}],"author":[{"embeddable":true,"href":"https:\/\/sisu.ut.ee\/kaugseire\/wp-json\/wp\/v2\/users\/179"}],"replies":[{"embeddable":true,"href":"https:\/\/sisu.ut.ee\/kaugseire\/wp-json\/wp\/v2\/comments?post=55"}],"version-history":[{"count":2,"href":"https:\/\/sisu.ut.ee\/kaugseire\/wp-json\/wp\/v2\/pages\/55\/revisions"}],"predecessor-version":[{"id":535,"href":"https:\/\/sisu.ut.ee\/kaugseire\/wp-json\/wp\/v2\/pages\/55\/revisions\/535"}],"wp:attachment":[{"href":"https:\/\/sisu.ut.ee\/kaugseire\/wp-json\/wp\/v2\/media?parent=55"}],"curies":[{"name":"wp","href":"https:\/\/api.w.org\/{rel}","templated":true}]}}