{"id":53,"date":"2024-04-04T04:50:57","date_gmt":"2024-04-04T01:50:57","guid":{"rendered":"https:\/\/sisu.ut.ee\/kaugseire\/aatom-ja-universum-teekond-mikro-ja-makromaailma-sugavustesse-1\/"},"modified":"2024-04-04T04:54:11","modified_gmt":"2024-04-04T01:54:11","slug":"aatom-ja-universum-teekond-mikro-ja-makromaailma-sugavustesse-1","status":"publish","type":"page","link":"https:\/\/sisu.ut.ee\/kaugseire\/aatom-ja-universum-teekond-mikro-ja-makromaailma-sugavustesse-1\/","title":{"rendered":"Aatom ja Universum, teekond mikro- ja makromaailma s\u00fcgavustesse!"},"content":{"rendered":"<p>\n\t\u00a0\n<\/p>\n<p>\n\tR\u00e4ndn\u00e4ituse eesm\u00e4rgiks on n\u00e4idata koolis \u00f5petatavate ainete interdistsiplinaarsust. Valminud n\u00e4itus visualiseerib meid \u00fcmbritseva maailma hoomamatut suurust. N\u00e4ituse erilisus seisneb eridistsipliinide (geograafia, bioloogia, f\u00fc\u00fcsika ja matemaatika) sidumisest \u00fcheks terviklikuks. Mobiilse n\u00e4ituse suureks eeliseks on asjaolu, et n\u00e4itust on v\u00f5imalik tellida kooli kohapeale ning k\u00fclastada kvaliteetset n\u00e4itust mugavalt koolimajast lahkumata ja seda k\u00f5ikide kooli klassidega.\n<\/p>\n<p>\n\tSuuruste skaala ekspositsioon selgitab suuruste muutumist ning arvude k\u00fcmnendastmetes kirjutamise viisi. Skaala algab k\u00f5ikidele inimestele teada olevast meetrist, millest \u00fchel pool kirjeldatakse aina suuremaid objekte ning teisel pool v\u00e4iksemaid objekte, andes seel\u00e4bi v\u00f5imaluse osaleda Universumi \u201ev\u00e4lja suumimisel\u201c v\u00f5i \u201esisse suumimisel\u201c. Liikudes iga sammuga erineva tabloo juurde ollakse eemaldunud planeet Maast m\u00f5ned tuhanded meetrid v\u00f5i vastupidi mindud aine sisse. N\u00e4ituse visuaalide juurde on koostatud harivad tekstid, mis kirjeldavad pildil n\u00e4htavaid objekte. N\u00e4itus laiendab \u00f5pilaste maailmapilti ning seob omavahel \u00f5pitud teadmisi \u00fcheks tervikuks.\n<\/p>\n<p>\n\tN\u00e4itus koosneb kolmeteistk\u00fcmnest kahepoolsest roll-up stiilis postrist, mida on kerge \u00fcles seada kooli koridori v\u00f5i saali ning lisaks kuulub n\u00e4ituse juurde ka t\u00f6\u00f6leht. T\u00f6\u00f6lehtedel olevate \u00fclesannete n\u00e4ol on tegemist \u00f5pilasi kaasava ning oma kodupiirkonnaga seoseid otsivate tegevustega. Lisaks on lihtsamaid ja juba varem \u00f5pitud teadmisi kinnistavaid \u00fclesandeid. Kahepoolne t\u00f6\u00f6leht moodustab t\u00e4itmise j\u00e4rel terviku, mis annab \u00f5pilasel hiljem v\u00f5imaluse kasutada seda kui \u00f5ppematerjali. T\u00f6\u00f6lehed saab alla laadida siitsamast kodulehelt ning \u00f5petajal on neid v\u00f5imalus ka vajadusel kohandada omale mugavamaks.\n<\/p>\n<p>\n\t\u00a0\n<\/p>\n<p>\n\t<strong>R\u00e4ndn\u00e4ituse t\u00f6\u00f6leht:<\/strong>\u00a0<strong><a href=\"https:\/\/sisu.ut.ee\/sites\/default\/files\/esero\/files\/mikro-makro-mega_tooleht.docx\">mikro-makro-mega_tooleht.docx<\/a><\/strong>\n<\/p>\n<p>\n\t\u00a0\n<\/p>\n<p>\n\tR\u00e4ndn\u00e4itus on 2022\/23 \u00f5ppeaastaks t\u00e4ielikult v\u00e4lja laenutatud, laenutusgraafikut koos koolide kontaktisikuitega saab vaadata\u00a0<strong><a href=\"https:\/\/sisu.ut.ee\/sites\/default\/files\/esero\/files\/randnaitus_2022_23.pdf\">siit<\/a>.<\/strong>\n<\/p>\n<p>\n\tK\u00f5igil koolidel, kes on huvitatud n\u00e4itusest 2023\/2024 \u00f5ppeaastaks palume kirjutada meiliaadressil\u00a0<a href=\"mailto:tovisit@ut.ee\">tovisit@ut.ee<\/a>. Kooli panuseks j\u00e4\u00e4b n\u00e4ituse transport eelmisest kohast oma \u00f5ppeasutusse.\n<\/p>\n<p>\n\t\u00a0\n<\/p>\n<p>\n\tTartu observatoorium t\u00e4nab Tartu Tamme G\u00fcmnaasiumi bioloogia \u00f5petaja Urmas Tokkot ja T\u00dc molekulaar- ja rakubioloog Sulev Kuuske panustamast n\u00e4ituse valmimisse.\n<\/p>\n<p>\n\t\u00a0\n<\/p>\n<p>\n\t<img decoding=\"async\" alt=\"ransnaitus_mikro\" height=\"219.98843383789062\" src=\"https:\/\/esero.ee\/sites\/default\/files\/esero\/files\/20220919_104707.jpg\" title=\"\" width=\"390.97222900390625\"><img decoding=\"async\" alt=\"randnaitus_makro\" height=\"219.98843383789062\" src=\"https:\/\/esero.ee\/sites\/default\/files\/esero\/files\/20220919_102124.jpg\" title=\"\" width=\"390.97222900390625\">\n<\/p>\n<p>\n\t<img loading=\"lazy\" decoding=\"async\" alt=\"ETAG_logo\" height=\"88\" src=\"https:\/\/esero.ee\/sites\/default\/files\/esero\/files\/eesti-teadusagentuur-logo-color_rgb.png\" title=\"\" width=\"282\">\u00a0\u00a0<img loading=\"lazy\" decoding=\"async\" alt=\"T\u00dc obs logo\" height=\"86\" src=\"https:\/\/esero.ee\/sites\/default\/files\/esero\/files\/tartu_observatoorium_est_sinine.png\" title=\"\" width=\"290\"><img decoding=\"async\" alt=\"ESERO_logo_sinine\" class=\"\" height=\"166.99075317382812\" src=\"https:\/\/esero.ee\/sites\/default\/files\/esero\/files\/esero_country_name_blue.png\" title=\"\" width=\"409.97686767578125\"><\/p>\n","protected":false},"excerpt":{"rendered":"<p>\u00a0 R\u00e4ndn\u00e4ituse eesm\u00e4rgiks on n\u00e4idata koolis \u00f5petatavate ainete interdistsiplinaarsust. Valminud n\u00e4itus visualiseerib meid \u00fcmbritseva maailma hoomamatut suurust. N\u00e4ituse erilisus seisneb eridistsipliinide (geograafia, bioloogia, f\u00fc\u00fcsika ja matemaatika) sidumisest \u00fcheks terviklikuks. Mobiilse n\u00e4ituse suureks eeliseks on asjaolu, et n\u00e4itust on v\u00f5imalik tellida &#8230;<\/p>\n","protected":false},"author":179,"featured_media":0,"parent":0,"menu_order":0,"comment_status":"closed","ping_status":"closed","template":"","meta":{"_acf_changed":false,"inline_featured_image":false,"footnotes":""},"class_list":["post-53","page","type-page","status-publish","hentry"],"acf":[],"_links":{"self":[{"href":"https:\/\/sisu.ut.ee\/kaugseire\/wp-json\/wp\/v2\/pages\/53","targetHints":{"allow":["GET"]}}],"collection":[{"href":"https:\/\/sisu.ut.ee\/kaugseire\/wp-json\/wp\/v2\/pages"}],"about":[{"href":"https:\/\/sisu.ut.ee\/kaugseire\/wp-json\/wp\/v2\/types\/page"}],"author":[{"embeddable":true,"href":"https:\/\/sisu.ut.ee\/kaugseire\/wp-json\/wp\/v2\/users\/179"}],"replies":[{"embeddable":true,"href":"https:\/\/sisu.ut.ee\/kaugseire\/wp-json\/wp\/v2\/comments?post=53"}],"version-history":[{"count":1,"href":"https:\/\/sisu.ut.ee\/kaugseire\/wp-json\/wp\/v2\/pages\/53\/revisions"}],"predecessor-version":[{"id":487,"href":"https:\/\/sisu.ut.ee\/kaugseire\/wp-json\/wp\/v2\/pages\/53\/revisions\/487"}],"wp:attachment":[{"href":"https:\/\/sisu.ut.ee\/kaugseire\/wp-json\/wp\/v2\/media?parent=53"}],"curies":[{"name":"wp","href":"https:\/\/api.w.org\/{rel}","templated":true}]}}