{"id":5,"date":"2024-04-04T04:50:53","date_gmt":"2024-04-04T01:50:53","guid":{"rendered":"https:\/\/sisu.ut.ee\/kaugseire\/infomaterjalid\/"},"modified":"2024-04-04T04:54:12","modified_gmt":"2024-04-04T01:54:12","slug":"infomaterjalid","status":"publish","type":"page","link":"https:\/\/sisu.ut.ee\/kaugseire\/infomaterjalid\/","title":{"rendered":"Infomaterjalid"},"content":{"rendered":"<header id=\"main-content-header\">\n<p id=\"page-title\">\n\t\t\u00a0\n\t<\/p>\n<\/header>\n<ul>\n<li>\n\t\tL\u00e4\u00e4nemere piirkonna Copernicuse teenustest ning nende rakendamisest on projekti BalticSatApps raames loodud <a data-fid=\"62640\" href=\"https:\/\/sisu.ut.ee\/wp-content\/uploads\/sites\/340\/copernicus_service_catalogue_-_bsa.pdf\"><span style=\"color:#0000ff\">Copernicuse teenuste ja rakenduste kataloog<\/span><\/a> (ingliskeelne)\n\t<\/li>\n<li>\n\t\tEesti kaugseire p\u00e4eva korraldab Tartu Observatoorium ning seni on toimunud neli Eesti kaugseire p\u00e4eva aastatel 2008, 2014, 2016. ja 2018. Kaugseire p\u00e4evade\u00a0ettekanded\u00a0puudutavad valkonna olulisi k\u00fcsimusi ja neid saab kasutada \u00f5ppematerjalina valdkonnaga tegelevetele spetsialistidele, eriala asjatundjatele ja tudengitele.\n\t<\/li>\n<li>\n\t\tKaugseiret tutvustavad videod annavad l\u00fchikese \u00fclevaate kaugseire olemusest ning \u00f5petusi j\u00e4rgides on ka algajal kaugseirehuvilisel v\u00f5imalik alla laadida satelliidiandmeid ning video abil nende t\u00f6\u00f6tlemist \u00f5ppida. Kaugseire koolitustel valminud videod ning nende jaoks valmistatud ettekanded annavad spetsialistidele \u00fclevaate satelliidi andmete kasutamise v\u00f5imalustest.\n\t<\/li>\n<li>\n\t\tKaugseire alane haridus Eestis sisaldab viiteid kursustele, mida Eesti \u00fclikoolides loetakse.\n\t<\/li>\n<li>\n\t\tP\u00f5hikooli ja g\u00fcmnaasiumi astmele suunatud aktiivoppeprogrammid tutvustavad kaugseiret, kosmosetehnoloogiat ja satelliite lihtsas ning arusaadavas vormis, aktiiv\u00f5ppe meetodeid kasutades. Programme saab l\u00e4bida Tartu observatooriumi k\u00fclastuskeskuses, nende\u00a0kirjelduse ja materjalid\u00a0leiab\u00a0<a href=\"https:\/\/kylastuskeskus.to.ee\/\" target=\"_blank\" title=\"\" rel=\"noopener\"><span style=\"color:#0000ff\">veebilehelt.<\/span><\/a>\n\t<\/li>\n<li>\n\t\tMeedia lingi all on kvaliteetne pildimaterjal koos viidetega meedias kasutamiseks.\n\t<\/li>\n<\/ul>\n","protected":false},"excerpt":{"rendered":"<p>\u00a0 L\u00e4\u00e4nemere piirkonna Copernicuse teenustest ning nende rakendamisest on projekti BalticSatApps raames loodud Copernicuse teenuste ja rakenduste kataloog (ingliskeelne) Eesti kaugseire p\u00e4eva korraldab Tartu Observatoorium ning seni on toimunud neli Eesti kaugseire p\u00e4eva aastatel 2008, 2014, 2016. ja 2018. Kaugseire &#8230;<\/p>\n","protected":false},"author":179,"featured_media":0,"parent":0,"menu_order":0,"comment_status":"closed","ping_status":"closed","template":"","meta":{"_acf_changed":false,"inline_featured_image":false,"footnotes":""},"class_list":["post-5","page","type-page","status-publish","hentry"],"acf":[],"_links":{"self":[{"href":"https:\/\/sisu.ut.ee\/kaugseire\/wp-json\/wp\/v2\/pages\/5","targetHints":{"allow":["GET"]}}],"collection":[{"href":"https:\/\/sisu.ut.ee\/kaugseire\/wp-json\/wp\/v2\/pages"}],"about":[{"href":"https:\/\/sisu.ut.ee\/kaugseire\/wp-json\/wp\/v2\/types\/page"}],"author":[{"embeddable":true,"href":"https:\/\/sisu.ut.ee\/kaugseire\/wp-json\/wp\/v2\/users\/179"}],"replies":[{"embeddable":true,"href":"https:\/\/sisu.ut.ee\/kaugseire\/wp-json\/wp\/v2\/comments?post=5"}],"version-history":[{"count":1,"href":"https:\/\/sisu.ut.ee\/kaugseire\/wp-json\/wp\/v2\/pages\/5\/revisions"}],"predecessor-version":[{"id":509,"href":"https:\/\/sisu.ut.ee\/kaugseire\/wp-json\/wp\/v2\/pages\/5\/revisions\/509"}],"wp:attachment":[{"href":"https:\/\/sisu.ut.ee\/kaugseire\/wp-json\/wp\/v2\/media?parent=5"}],"curies":[{"name":"wp","href":"https:\/\/api.w.org\/{rel}","templated":true}]}}