{"id":47,"date":"2024-04-04T04:50:56","date_gmt":"2024-04-04T01:50:56","guid":{"rendered":"https:\/\/sisu.ut.ee\/kaugseire\/kaugseirepaev-2020\/"},"modified":"2024-04-04T04:54:11","modified_gmt":"2024-04-04T01:54:11","slug":"kaugseirepaev-2020","status":"publish","type":"page","link":"https:\/\/sisu.ut.ee\/kaugseire\/kaugseirepaev-2020\/","title":{"rendered":"Kaugseirep\u00e4ev 2020"},"content":{"rendered":"<div class=\"content\">\n<div class=\"node node-page clearfix\" id=\"node-31081\">\n<div class=\"content\">\n<div class=\"field field-name-body field-type-text-with-summary field-label-hidden\">\n<div class=\"field-items\">\n<div class=\"field-item even\">\n<p>\n\t\t\t\t\t\t\tKaugseirep\u00e4ev 2020 toimus 5. novembril T\u00f5raveres ning UTTV-s (<strong><span style=\"color:#0000ff\">j<\/span><a data-url=\"https:\/\/www.uttv.ee\/naita?id=30697\" href=\"https:\/\/www.uttv.ee\/naita?id=30697\" target=\"_blank\" title=\"\" rel=\"noopener\"><span style=\"color:#0000ff\">\u00e4relvaadatav link<\/span><\/a><\/strong>)\n\t\t\t\t\t\t<\/p>\n<p>\n\t\t\t\t\t\t\tSuuliste ettekannete slaidid ning esitlusel olnud postrid leiate siit:\n\t\t\t\t\t\t<\/p>\n<p>\n\t\t\t\t\t\t\t<a href=\"https:\/\/sisu.ut.ee\/wp-content\/uploads\/sites\/340\/mait_lang_eesti_statistilise_metsainventuuri_kaugseiretugi.pdf\">Mait Lang Eesti statistilise metsauuenduse kaugseiretugi<\/a>\n\t\t\t\t\t\t<\/p>\n<p>\n\t\t\t\t\t\t\t<a href=\"https:\/\/sisu.ut.ee\/wp-content\/uploads\/sites\/340\/liira_peterson_toravere_kaugsere_20201105.pptx\">Urmas Peterson ja Jaan Liira H\u00e4ilude tekkimine ja metsana taastumine Eesti metsamaal<\/a>\n\t\t\t\t\t\t<\/p>\n<p>\n\t\t\t\t\t\t\t<a href=\"https:\/\/sisu.ut.ee\/wp-content\/uploads\/sites\/340\/evelyn_uuemaa.pptx\">Evelyn Uuemaa Eesti metsade muutus ajas ja ruumis<\/a>\n\t\t\t\t\t\t<\/p>\n<p>\n\t\t\t\t\t\t\t<a href=\"https:\/\/sisu.ut.ee\/wp-content\/uploads\/sites\/340\/andres_lille_epolluraamat_ja_pollumajanduse_suurandmete_susteem_05112020.pdf\">Andres Lille eP\u00f5lluraamat ja p\u00f5llumajanduse suurandmete s\u00fcsteem<\/a>\n\t\t\t\t\t\t<\/p>\n<p>\n\t\t\t\t\t\t\t<a href=\"https:\/\/sisu.ut.ee\/wp-content\/uploads\/sites\/340\/5_priit_kilgas.pptx\">Priit Kilgas Horisont 2020 Roheleppe taotlusvoorust<\/a>\n\t\t\t\t\t\t<\/p>\n<p>\n\t\t\t\t\t\t\t<a href=\"https:\/\/sisu.ut.ee\/wp-content\/uploads\/sites\/340\/1_tonu_oja.pptx\">T\u00f5nu Oja Maastikup\u00f5lengute riskide hindamine ja p\u00f5lengu haldamine<\/a>\n\t\t\t\t\t\t<\/p>\n<p>\n\t\t\t\t\t\t\t<a href=\"https:\/\/sisu.ut.ee\/wp-content\/uploads\/sites\/340\/2_liis_sipelgas.pptx\">Liis Sipelgas \u00dcleujutuste ja veetaseme kaugseire protot\u00fc\u00fcbid ning nende rakendamine<\/a>\n\t\t\t\t\t\t<\/p>\n<p>\n\t\t\t\t\t\t\t<a href=\"https:\/\/sisu.ut.ee\/wp-content\/uploads\/sites\/340\/b_3_mihkel_jarveoja_kz_kaugseirepaev_202011051.pptx\">Mihkel J\u00e4rveoja P\u00f5llukultuuride tuvastamine Sentinel-1 ja -2 satelliitm\u00f5\u00f5tmiste aegridade j\u00e4rgi<\/a>\n\t\t\t\t\t\t<\/p>\n<p>\n\t\t\t\t\t\t\t<a href=\"https:\/\/sisu.ut.ee\/wp-content\/uploads\/sites\/340\/raido_puust_kaugseire_ehituses_051120.pdf\">Raido Puust Kaugseire ehituses<\/a>\n\t\t\t\t\t\t<\/p>\n<p>\n\t\t\t\t\t\t\t<a href=\"https:\/\/sisu.ut.ee\/wp-content\/uploads\/sites\/340\/1_tiit_kutser.pptx\">Tiit Kutser Ka maailma suurimad j\u00e4rved pruunistuvad<\/a>\n\t\t\t\t\t\t<\/p>\n<p>\n\t\t\t\t\t\t\t<a href=\"https:\/\/sisu.ut.ee\/wp-content\/uploads\/sites\/340\/2_heido_trofimov.pptx\">Heido Trofimov Aerosoolide rollist globaases soojenemises<\/a>\n\t\t\t\t\t\t<\/p>\n<p>\n\t\t\t\t\t\t\t<a href=\"https:\/\/sisu.ut.ee\/wp-content\/uploads\/sites\/340\/3_erko_jakobson.pptx\">Erko Jakobson Kliimamudelite ansamblite v\u00f5imalused ja vead<\/a>\n\t\t\t\t\t\t<\/p>\n<p>\n\t\t\t\t\t\t\t<a data-fid=\"57439\" href=\"https:\/\/sisu.ut.ee\/wp-content\/uploads\/sites\/340\/4_miguel_villoslada_kaugseire.pptx\">Miguel Villoslada UAVs for semi-natural grasslands conservation<\/a>\n\t\t\t\t\t\t<\/p>\n<p>\n\t\t\t\t\t\t\t<a href=\"https:\/\/sisu.ut.ee\/wp-content\/uploads\/sites\/340\/5_riho_vendt.pptx\">Riho Vendt Kaugseire peegeldusteguri referentsm\u00f5\u00f5tmised<\/a>\n\t\t\t\t\t\t<\/p>\n<p>\n\t\t\t\t\t\t\t<a href=\"https:\/\/sisu.ut.ee\/wp-content\/uploads\/sites\/340\/ks_paev_2020_kokkuvotteks.pptx\">Tiit Kutser Kaugseire rakendamine Eestis<\/a>\n\t\t\t\t\t\t<\/p>\n<p>\n\t\t\t\t\t\t\t\u00a0\n\t\t\t\t\t\t<\/p>\n<p>\n\t\t\t\t\t\t\t<a data-fid=\"57441\" href=\"https:\/\/sisu.ut.ee\/wp-content\/uploads\/sites\/340\/ritamargala_poster_hallik_0.pdf\">Lea Hallik Optiliste kaugseireandmete kasutatavus soode h\u00fcdroloogilise re\u017eiimi j\u00e4lgimisel<\/a>\n\t\t\t\t\t\t<\/p>\n<p>\n\t\t\t\t\t\t\t<a data-fid=\"57442\" href=\"https:\/\/sisu.ut.ee\/wp-content\/uploads\/sites\/340\/poster_raul_lima_-_lavassaare_-_02nov2020.pdf\">Assessment of fire damage in a peatland using Unmanned Aerial System data<\/a>\n\t\t\t\t\t\t<\/p>\n<p>\n\t\t\t\t\t\t\t<a data-fid=\"57443\" href=\"https:\/\/sisu.ut.ee\/wp-content\/uploads\/sites\/340\/landsat_kaugseirepaev_poster_lougas.pptx.pdf\">Muutused merep\u00f5hja taimestiku katvuses Landsati piltide p\u00f5hjal<\/a>\n\t\t\t\t\t\t<\/p>\n<p>\n\t\t\t\t\t\t\t<a data-fid=\"57444\" href=\"https:\/\/sisu.ut.ee\/wp-content\/uploads\/sites\/340\/kangro_kaugseirepaev_051120.pdf\">Kaugseire kui lisav\u00f5imalus j\u00e4rvede monitooringuks: n\u00e4iteid Eesti j\u00e4rvedest<\/a>\n\t\t\t\t\t\t<\/p>\n<p>\n\t\t\t\t\t\t\t<a data-fid=\"57445\" href=\"https:\/\/sisu.ut.ee\/wp-content\/uploads\/sites\/340\/postriettekanne_koprad_kaugseirepaev_2020_mihkel_kaha.pdf\">Monitoring beaver induced flooding disturbances in forest land using Sentinel-2 data<\/a>\n\t\t\t\t\t\t<\/p>\n<p>\n\t\t\t\t\t\t\t<a data-fid=\"57446\" href=\"https:\/\/sisu.ut.ee\/wp-content\/uploads\/sites\/340\/rahu_kaugseirepaev_05_11_2020.pdf\">Inimtekkeliste aerosoolide m\u00f5ju ja \u00f6\u00f6p\u00e4evase k\u00e4igu uurimine saastunud pilvedes kasutades SEVIRI andmeid<\/a>\n\t\t\t\t\t\t<\/p>\n<p>\n\t\t\t\t\t\t\t<a data-fid=\"57447\" href=\"https:\/\/sisu.ut.ee\/wp-content\/uploads\/sites\/340\/tanel_voormansik.pdf\">Konvektiivsete tormide klimatoloogia Eestis l\u00e4htuvalt radariandmetest ja keskkonnatingimustest<\/a>\n\t\t\t\t\t\t<\/p>\n<p>\n\t\t\t\t\t\t\t<a data-fid=\"57448\" href=\"https:\/\/sisu.ut.ee\/wp-content\/uploads\/sites\/340\/kaugseirepaev_poster_kokamagi.pdf\">Tartu erinevate piirkondade kuumasaarte ning rohe- ja sinitaristu tuvastamine mehitamata \u00f5hus\u00f5idukite abil<\/a>\n\t\t\t\t\t\t<\/p>\n<p>\n\t\t\t\t\t\t\t<a data-fid=\"57452\" href=\"https:\/\/sisu.ut.ee\/wp-content\/uploads\/sites\/340\/poster_kai-yun_li.pdf\">The Application of Unmanned Aerial Vehicle and Machine Learning Techniques for Red Clover-Grass Mixture Yield Estimation<\/a>\n\t\t\t\t\t\t<\/p>\n<p>\n\t\t\t\t\t\t\t<a data-fid=\"57449\" href=\"https:\/\/sisu.ut.ee\/wp-content\/uploads\/sites\/340\/poster_raul_lima_-_lahemaa_-_02nov2020.pdf\">Using UAS-data for estimating Scots pine stand parameters in Lahemaa National Park<\/a>\n\t\t\t\t\t\t<\/p>\n<p>\n\t\t\t\t\t\t\t<a data-fid=\"57450\" href=\"https:\/\/sisu.ut.ee\/wp-content\/uploads\/sites\/340\/kuusk_kuusk_lang_poster2020.pdf\">Metsa statistiline peegeldusmudel<\/a>\n\t\t\t\t\t\t<\/p>\n<p>\n\t\t\t\t\t\t\t<a data-fid=\"57453\" href=\"https:\/\/sisu.ut.ee\/wp-content\/uploads\/sites\/340\/poster_ricardo_martinez_prentice_donana_uks.pdf\">Tree crown segmentation of Do\u00f1ana centenary Cork Oaks with UAV images and upscaling to Sentinel-2 images<\/a>\n\t\t\t\t\t\t<\/p>\n<p>\n\t\t\t\t\t\t\t<a data-fid=\"57451\" href=\"https:\/\/sisu.ut.ee\/wp-content\/uploads\/sites\/340\/poster_kaugseirepaev_george.pdf\">How dry is too dry?<\/a>\n\t\t\t\t\t\t<\/p>\n<p>\n\t\t\t\t\t\t\t\u00a0\n\t\t\t\t\t\t<\/p>\n<\/div>\n<\/div>\n<\/div>\n<\/div>\n<\/div>\n<\/div>\n","protected":false},"excerpt":{"rendered":"<p>Kaugseirep\u00e4ev 2020 toimus 5. novembril T\u00f5raveres ning UTTV-s (j\u00e4relvaadatav link) Suuliste ettekannete slaidid ning esitlusel olnud postrid leiate siit: Mait Lang Eesti statistilise metsauuenduse kaugseiretugi Urmas Peterson ja Jaan Liira H\u00e4ilude tekkimine ja metsana taastumine Eesti metsamaal Evelyn Uuemaa Eesti &#8230;<\/p>\n","protected":false},"author":179,"featured_media":0,"parent":0,"menu_order":0,"comment_status":"closed","ping_status":"closed","template":"","meta":{"_acf_changed":false,"inline_featured_image":false,"footnotes":""},"class_list":["post-47","page","type-page","status-publish","hentry"],"acf":[],"_links":{"self":[{"href":"https:\/\/sisu.ut.ee\/kaugseire\/wp-json\/wp\/v2\/pages\/47","targetHints":{"allow":["GET"]}}],"collection":[{"href":"https:\/\/sisu.ut.ee\/kaugseire\/wp-json\/wp\/v2\/pages"}],"about":[{"href":"https:\/\/sisu.ut.ee\/kaugseire\/wp-json\/wp\/v2\/types\/page"}],"author":[{"embeddable":true,"href":"https:\/\/sisu.ut.ee\/kaugseire\/wp-json\/wp\/v2\/users\/179"}],"replies":[{"embeddable":true,"href":"https:\/\/sisu.ut.ee\/kaugseire\/wp-json\/wp\/v2\/comments?post=47"}],"version-history":[{"count":1,"href":"https:\/\/sisu.ut.ee\/kaugseire\/wp-json\/wp\/v2\/pages\/47\/revisions"}],"predecessor-version":[{"id":493,"href":"https:\/\/sisu.ut.ee\/kaugseire\/wp-json\/wp\/v2\/pages\/47\/revisions\/493"}],"wp:attachment":[{"href":"https:\/\/sisu.ut.ee\/kaugseire\/wp-json\/wp\/v2\/media?parent=47"}],"curies":[{"name":"wp","href":"https:\/\/api.w.org\/{rel}","templated":true}]}}