{"id":45,"date":"2024-04-04T04:50:56","date_gmt":"2024-04-04T01:50:56","guid":{"rendered":"https:\/\/sisu.ut.ee\/kaugseire\/kaugseirepaevad\/"},"modified":"2024-10-08T14:14:25","modified_gmt":"2024-10-08T11:14:25","slug":"kaugseirepaevad","status":"publish","type":"page","link":"https:\/\/sisu.ut.ee\/kaugseire\/kaugseirepaevad\/","title":{"rendered":"Kaugseirep\u00e4evad"},"content":{"rendered":"<p><img loading=\"lazy\" decoding=\"async\" width=\"760\" height=\"189\" class=\"alignnone wp-image-128\" title=\"banner.png\" src=\"https:\/\/sisu.ut.ee\/wp-content\/uploads\/sites\/340\/banner.png\" alt=\"banner\" srcset=\"https:\/\/sisu.ut.ee\/wp-content\/uploads\/sites\/340\/banner.png 760w, https:\/\/sisu.ut.ee\/wp-content\/uploads\/sites\/340\/banner-300x75.png 300w\" sizes=\"auto, (max-width: 760px) 100vw, 760px\"><\/p>\n<p>Eesti kaugseirep\u00e4evi on korraldanud T\u00dc Tartu observatoorium koost\u00f6\u00f6s Eesti Maa\u00fclikooli, Keskkonnaagentuuri ja T\u00dc f\u00fc\u00fcsika instituudiga. Seni on toimunud kuus Eesti kaugseirep\u00e4eva aastatel 2008, 2014, 2016, 2018, 2020 ja 2022. Kaugseirep\u00e4evade ettekanded puudutavad valdkonna olulisi k\u00fcsimusi ja neid saab kasutada \u00f5ppematerjalina valdkonnaga tegelevetele spetsialistidele, eriala asjatundjatele ja tudengitele.<\/p>\n<p>2018. aastal toetas Kaugseirep\u00e4eva korraldamist Interregi L\u00e4\u00e4nemeremaade programmi BalticSatAppsi projekt.<\/p>\n<p>2020. aastal toetas Kaugseirep\u00e4eva korraldamist Eesti Teadusagentuuri algatatud valdkondliku teadus-arendustegevuse toetamise programmi RITA projekt RITA Kaugseire.<\/p>\n","protected":false},"excerpt":{"rendered":"<p>Eesti kaugseirep\u00e4evi on korraldanud T\u00dc Tartu observatoorium koost\u00f6\u00f6s Eesti Maa\u00fclikooli, Keskkonnaagentuuri ja T\u00dc f\u00fc\u00fcsika instituudiga. Seni on toimunud kuus Eesti kaugseirep\u00e4eva aastatel 2008, 2014, 2016, 2018, 2020 ja 2022. Kaugseirep\u00e4evade ettekanded puudutavad valdkonna olulisi k\u00fcsimusi ja neid saab kasutada \u00f5ppematerjalina &#8230;<\/p>\n","protected":false},"author":179,"featured_media":0,"parent":0,"menu_order":0,"comment_status":"closed","ping_status":"closed","template":"","meta":{"_acf_changed":false,"inline_featured_image":false,"footnotes":""},"class_list":["post-45","page","type-page","status-publish","hentry"],"acf":[],"_links":{"self":[{"href":"https:\/\/sisu.ut.ee\/kaugseire\/wp-json\/wp\/v2\/pages\/45","targetHints":{"allow":["GET"]}}],"collection":[{"href":"https:\/\/sisu.ut.ee\/kaugseire\/wp-json\/wp\/v2\/pages"}],"about":[{"href":"https:\/\/sisu.ut.ee\/kaugseire\/wp-json\/wp\/v2\/types\/page"}],"author":[{"embeddable":true,"href":"https:\/\/sisu.ut.ee\/kaugseire\/wp-json\/wp\/v2\/users\/179"}],"replies":[{"embeddable":true,"href":"https:\/\/sisu.ut.ee\/kaugseire\/wp-json\/wp\/v2\/comments?post=45"}],"version-history":[{"count":3,"href":"https:\/\/sisu.ut.ee\/kaugseire\/wp-json\/wp\/v2\/pages\/45\/revisions"}],"predecessor-version":[{"id":637,"href":"https:\/\/sisu.ut.ee\/kaugseire\/wp-json\/wp\/v2\/pages\/45\/revisions\/637"}],"wp:attachment":[{"href":"https:\/\/sisu.ut.ee\/kaugseire\/wp-json\/wp\/v2\/media?parent=45"}],"curies":[{"name":"wp","href":"https:\/\/api.w.org\/{rel}","templated":true}]}}