{"id":42,"date":"2024-04-04T04:50:56","date_gmt":"2024-04-04T01:50:56","guid":{"rendered":"https:\/\/sisu.ut.ee\/kaugseire\/kaugseire-alane-haridus-eestis\/"},"modified":"2024-04-04T04:54:11","modified_gmt":"2024-04-04T01:54:11","slug":"kaugseire-alane-haridus-eestis","status":"publish","type":"page","link":"https:\/\/sisu.ut.ee\/kaugseire\/kaugseire-alane-haridus-eestis\/","title":{"rendered":"Kaugseirega seonduvad kursused Eestis"},"content":{"rendered":"<p style=\"margin-bottom:.0001pt;text-align:justify\">\n\t<span style=\"line-height:normal\"><span><span><span style=\",serif\">Eestis ei ole \u00fchtegi \u00f5ppeasutust, kus saaks \u00f5ppida kaugseire eriala. Kaugseirega tegelevad teadlased ja spetsialistid on enamasti f\u00fc\u00fcsika, keskkonnatehnoloogia, geograafia, bioloogia (vms) eriala l\u00f5petanud ning ennast erinevate kaugseire kursustega koolitanud. Siinkohal toome \u00e4ra valiku kaugseirega seotud kursuseid Tartu \u00dclikoolis, Eesti Maa\u00fclikoolis ja Tallinna Tehnika\u00fclikoolis (\u00f5ppeinfos\u00fcsteemide andmetel). Tuleb \u00e4ra m\u00e4rkida, et kursuste nimekiri aja jooksul muutub (igal aastal ei loeta k\u00f5iki kursuseid, tuleb juurde uusi kursuseid, j\u00e4etakse k\u00f5rvale varem kavas olnud kursuseid jne). T\u00e4psemat informatsiooni saab \u00f5ppeinfos\u00fcsteemidest. Enamus aineid on m\u00f5eldud magistritasemele. <\/span><\/span><\/span><\/span>\n<\/p>\n<p style=\"margin-bottom:.0001pt\">\n\t\u00a0\n<\/p>\n<p style=\"margin-bottom:.0001pt\">\n\t<span style=\"line-height:normal\"><span><b><span><span style=\",serif\">Tartu \u00dclikool<\/span><\/span><\/b><\/span><\/span>\n<\/p>\n<p style=\"margin-bottom:.0001pt\">\n\t\u00a0\n<\/p>\n<ul>\n<li>\n\t\t<span><span style=\"line-height:107%\"><span style=\",serif\">Kaugseire (3 EAP) (Tartu observatoorium)<\/span><\/span><\/span>\n\t<\/li>\n<li>\n\t\t<span><span style=\"line-height:107%\"><span style=\",serif\">Keskkonnakaugseire I (3 EAP) (Tartu observatoorium)<\/span><\/span><\/span>\n\t<\/li>\n<li>\n\t\t<span lang=\"EN-GB\"><span style=\"line-height:107%\"><span style=\",serif\">Keskkonnakaugseire II <\/span><\/span><\/span><span><span style=\"line-height:107%\"><span style=\",serif\">(3 EAP) <\/span><\/span><\/span><span lang=\"EN-GB\"><span style=\"line-height:107%\"><span style=\",serif\">(<\/span><\/span><\/span><span><span style=\"line-height:107%\"><span style=\",serif\">Tartu observatoorium)<\/span><\/span><\/span>\n\t<\/li>\n<li>\n\t\t<span><span style=\"line-height:107%\"><span style=\",serif\">Kaugseire rakendused (4EAP) <\/span><\/span><\/span><span lang=\"EN-GB\"><span style=\"line-height:107%\"><span style=\",serif\">(<\/span><\/span><\/span><span><span style=\"line-height:107%\"><span style=\",serif\">Tartu observatoorium)<\/span><\/span><\/span>\n\t<\/li>\n<li>\n\t\t<span><span style=\"line-height:107%\"><span style=\",serif\">Kaugseire tehnoloogia ja kasutamine (3 EAP) <\/span><\/span><\/span><span lang=\"EN-GB\"><span style=\"line-height:107%\"><span style=\",serif\">(<\/span><\/span><\/span><span><span style=\"line-height:107%\"><span style=\",serif\">Tartu observatoorium)<\/span><\/span><\/span>\n\t<\/li>\n<li>\n\t\t<span><span style=\"line-height:107%\"><span style=\",serif\">ESA radarseire intensiivkursus (1 EAP) (Tartu observatoorium)<\/span><\/span><\/span>\n\t<\/li>\n<li>\n\t\t<span><span style=\"line-height:107%\"><span style=\",serif\">Taimkatte kaugseire (3 EAP), loomisel (Tartu observatoorium)<\/span><\/span><\/span>\n\t<\/li>\n<li>\n\t\t<span lang=\"EN-GB\"><span style=\"line-height:107%\"><span style=\",serif\">Kaugseiremeetodid geoloogias <\/span><\/span><\/span><span><span style=\"line-height:107%\"><span style=\",serif\">(3 EAP) (Geoloogia osakond)<\/span><\/span><\/span>\n\t<\/li>\n<li>\n\t\t<span lang=\"EN-GB\"><span style=\"line-height:107%\"><span style=\",serif\">Eriotstarbelised kaugseiresatelliidid (3 EAP) (Geograafia osakond)<\/span><\/span><\/span>\n\t<\/li>\n<\/ul>\n<p style=\"margin-bottom:.0001pt\">\n\t\u00a0\n<\/p>\n<p style=\"margin-bottom:.0001pt\">\n\t<span style=\"line-height:normal\"><span><b><span><span style=\",serif\">Tallinna Tehnika\u00fclikool<\/span><\/span><\/b><\/span><\/span>\n<\/p>\n<p style=\"margin-bottom:.0001pt\">\n\t\u00a0\n<\/p>\n<ul>\n<li style=\"margin-bottom:.0001pt\">\n\t\t<span style=\"line-height:normal\"><span lang=\"EN-GB\"><span style=\",serif\">Kaugseire ja mereoptika (6 EAP) (Meres\u00fcsteemide instituut)<\/span><\/span><\/span>\n\t<\/li>\n<li style=\"margin-bottom:.0001pt\">\n\t\t<span style=\"line-height:normal\"><span lang=\"EN-GB\"><span style=\",serif\">Maa kaugseire rakendused (3 EAP) (Meres\u00fcsteemide instituut)<\/span><\/span><\/span>\n\t<\/li>\n<li style=\"margin-bottom:.0001pt\">\n\t\t<span style=\"line-height:normal\"><span lang=\"EN-GB\"><span style=\",serif\">Geof\u00fc\u00fcsika ja kaugseire (6 EAP)<\/span><\/span><\/span>\n\t<\/li>\n<li style=\"margin-bottom:.0001pt\">\n\t\t<span style=\"line-height:normal\"><span lang=\"EN-GB\"><span style=\",serif\">Kaugseire alused (6 EAP)<\/span><\/span><\/span>\n\t<\/li>\n<\/ul>\n<p style=\"margin-bottom:.0001pt\">\n\t\u00a0\n<\/p>\n<p style=\"margin-bottom:.0001pt\">\n\t<span style=\"line-height:normal\"><span><b><span><span style=\",serif\">Eesti Maa\u00fclikool<\/span><\/span><\/b><\/span><\/span>\n<\/p>\n<p style=\"margin-bottom:.0001pt\">\n\t\u00a0\n<\/p>\n<ul>\n<li>\n\t\t<span lang=\"EN-GB\"><span style=\"line-height:107%\"><span style=\",serif\">Fotogramm-meetria ja kaugseire alused (7 EAP) (<\/span><\/span><\/span><span><span style=\"line-height:107%\"><span style=\",serif\">Geomaatika \u00f5ppetool)<\/span><\/span><\/span>\n\t<\/li>\n<li>\n\t\t<span lang=\"EN-GB\"><span style=\"line-height:107%\"><span style=\",serif\">Kaugseire (6 EAP) (Geodeesia ja maakorraldus)<\/span><\/span><\/span>\n\t<\/li>\n<li>\n\t\t<span lang=\"EN-GB\"><span style=\"line-height:107%\"><span style=\",serif\">Looduse kaugseire (4 EAP) (Metsakorralduse ja metsat\u00f6\u00f6stuse \u00f5ppetool)<\/span><\/span><\/span>\n\t<\/li>\n<\/ul>\n<p>\n\t\u00a0\n<\/p>\n<ul>\n<\/ul>\n","protected":false},"excerpt":{"rendered":"<p>Eestis ei ole \u00fchtegi \u00f5ppeasutust, kus saaks \u00f5ppida kaugseire eriala. Kaugseirega tegelevad teadlased ja spetsialistid on enamasti f\u00fc\u00fcsika, keskkonnatehnoloogia, geograafia, bioloogia (vms) eriala l\u00f5petanud ning ennast erinevate kaugseire kursustega koolitanud. Siinkohal toome \u00e4ra valiku kaugseirega seotud kursuseid Tartu \u00dclikoolis, Eesti &#8230;<\/p>\n","protected":false},"author":179,"featured_media":0,"parent":0,"menu_order":0,"comment_status":"closed","ping_status":"closed","template":"","meta":{"_acf_changed":false,"inline_featured_image":false,"footnotes":""},"class_list":["post-42","page","type-page","status-publish","hentry"],"acf":[],"_links":{"self":[{"href":"https:\/\/sisu.ut.ee\/kaugseire\/wp-json\/wp\/v2\/pages\/42","targetHints":{"allow":["GET"]}}],"collection":[{"href":"https:\/\/sisu.ut.ee\/kaugseire\/wp-json\/wp\/v2\/pages"}],"about":[{"href":"https:\/\/sisu.ut.ee\/kaugseire\/wp-json\/wp\/v2\/types\/page"}],"author":[{"embeddable":true,"href":"https:\/\/sisu.ut.ee\/kaugseire\/wp-json\/wp\/v2\/users\/179"}],"replies":[{"embeddable":true,"href":"https:\/\/sisu.ut.ee\/kaugseire\/wp-json\/wp\/v2\/comments?post=42"}],"version-history":[{"count":1,"href":"https:\/\/sisu.ut.ee\/kaugseire\/wp-json\/wp\/v2\/pages\/42\/revisions"}],"predecessor-version":[{"id":498,"href":"https:\/\/sisu.ut.ee\/kaugseire\/wp-json\/wp\/v2\/pages\/42\/revisions\/498"}],"wp:attachment":[{"href":"https:\/\/sisu.ut.ee\/kaugseire\/wp-json\/wp\/v2\/media?parent=42"}],"curies":[{"name":"wp","href":"https:\/\/api.w.org\/{rel}","templated":true}]}}