{"id":41,"date":"2024-04-04T04:50:56","date_gmt":"2024-04-04T01:50:56","guid":{"rendered":"https:\/\/sisu.ut.ee\/kaugseire\/praktiline-sissejuhatus-andmete-kattesaadavusest-ja-tootlusest\/"},"modified":"2024-04-04T04:54:11","modified_gmt":"2024-04-04T01:54:11","slug":"praktiline-sissejuhatus-andmete-kattesaadavusest-ja-tootlusest","status":"publish","type":"page","link":"https:\/\/sisu.ut.ee\/kaugseire\/praktiline-sissejuhatus-andmete-kattesaadavusest-ja-tootlusest\/","title":{"rendered":"Praktiline sissejuhatus andmete k\u00e4ttesaadavusest ja t\u00f6\u00f6tlusest"},"content":{"rendered":"<p>\n\t\u00a0\n<\/p>\n<p>\n\tAlexander Kmochi ettekanne v\u00f5imalikest kaugseire tasuta andmeallikatest ning nende andmete t\u00f6\u00f6tlemisest:\n<\/p>\n<p>\n\t<a data-fid=\"38023\" href=\"https:\/\/sisu.ut.ee\/wp-content\/uploads\/sites\/340\/alex_slides_for_thursday-1.pptx\">Where can I get free data about Earth, and what can I do with it?<\/a>\n<\/p>\n<p>\n\tEttekanne toimus 2. mail 2019 <font size=\"2\"><span>Garage48 SpaceTech 2019 hackathon-i eel\u00fcritusel Tartus.<\/span><\/font>\n<\/p>\n<p>\n\t\u00a0<\/p>\n","protected":false},"excerpt":{"rendered":"<p>\u00a0 Alexander Kmochi ettekanne v\u00f5imalikest kaugseire tasuta andmeallikatest ning nende andmete t\u00f6\u00f6tlemisest: Where can I get free data about Earth, and what can I do with it? Ettekanne toimus 2. mail 2019 Garage48 SpaceTech 2019 hackathon-i eel\u00fcritusel Tartus. \u00a0<\/p>\n","protected":false},"author":179,"featured_media":0,"parent":0,"menu_order":0,"comment_status":"closed","ping_status":"closed","template":"","meta":{"_acf_changed":false,"inline_featured_image":false,"footnotes":""},"class_list":["post-41","page","type-page","status-publish","hentry"],"acf":[],"_links":{"self":[{"href":"https:\/\/sisu.ut.ee\/kaugseire\/wp-json\/wp\/v2\/pages\/41","targetHints":{"allow":["GET"]}}],"collection":[{"href":"https:\/\/sisu.ut.ee\/kaugseire\/wp-json\/wp\/v2\/pages"}],"about":[{"href":"https:\/\/sisu.ut.ee\/kaugseire\/wp-json\/wp\/v2\/types\/page"}],"author":[{"embeddable":true,"href":"https:\/\/sisu.ut.ee\/kaugseire\/wp-json\/wp\/v2\/users\/179"}],"replies":[{"embeddable":true,"href":"https:\/\/sisu.ut.ee\/kaugseire\/wp-json\/wp\/v2\/comments?post=41"}],"version-history":[{"count":1,"href":"https:\/\/sisu.ut.ee\/kaugseire\/wp-json\/wp\/v2\/pages\/41\/revisions"}],"predecessor-version":[{"id":499,"href":"https:\/\/sisu.ut.ee\/kaugseire\/wp-json\/wp\/v2\/pages\/41\/revisions\/499"}],"wp:attachment":[{"href":"https:\/\/sisu.ut.ee\/kaugseire\/wp-json\/wp\/v2\/media?parent=41"}],"curies":[{"name":"wp","href":"https:\/\/api.w.org\/{rel}","templated":true}]}}