{"id":40,"date":"2024-04-04T04:50:56","date_gmt":"2024-04-04T01:50:56","guid":{"rendered":"https:\/\/sisu.ut.ee\/kaugseire\/2022-2\/"},"modified":"2024-04-04T04:54:11","modified_gmt":"2024-04-04T01:54:11","slug":"2022-2","status":"publish","type":"page","link":"https:\/\/sisu.ut.ee\/kaugseire\/2022-2\/","title":{"rendered":"2022"},"content":{"rendered":"<p>\n\tKogumik on koostatud 2022. aasta novembris Eesti kaugseirep\u00e4eval Tartu \u00dclikooli Tartu observatooriumis T\u00f5raveres peetud ettekannete autorite\u00a0kirjutatud tekstidest. Tekstid kogumikus on Eestis edendatavatest kaugseirevaldkondadest.\n<\/p>\n<p>\n\tKogumiku vaatamiseks v\u00f5i allalaadimiseks kl\u00f5psa alloleval lingil.\n<\/p>\n<p>\n\t<span class=\"file media-element file-os-files-link\" data-file_info=\"%7B%22fid%22:%2278356%22,%22view_mode%22:%22os_files_link%22,%22type%22:%22media%22%7D\"><img decoding=\"async\" alt=\"\" class=\"file-icon\" src=\"\/profiles\/openscholar\/modules\/os\/modules\/os_files\/icons\/application-pdf.svg\"> <\/span><a data-url=\"https:\/\/owncloud.ut.ee\/owncloud\/s\/YpgH4PFcNSAxDcT\" href=\"https:\/\/owncloud.ut.ee\/owncloud\/s\/YpgH4PFcNSAxDcT\" target=\"_blank\" title=\"\" rel=\"noopener\">kaugseire_kogumik_2022<\/a>\n<\/p>\n<p>\n\tKaugseirep\u00e4ev 2022 on j\u00e4relevaadatav siin:\u00a0<a href=\"https:\/\/www.youtube.com\/watch?v=xrCy1gWw5ug\">https:\/\/www.youtube.com\/watch?v=xrCy1gWw5ug<\/a>\n<\/p>\n<p>\n\tKaugseirep\u00e4eva ettekanded:\u00a0<a href=\"https:\/\/owncloud.ut.ee\/owncloud\/s\/zdRLm3G4NEY6YMP\">https:\/\/owncloud.ut.ee\/owncloud\/s\/zdRLm3G4NEY6YMP?path=%2F<\/a>\n<\/p>\n<p>\n\t\u00a0\n<\/p>\n<p>\n\t\u00a0<\/p>\n","protected":false},"excerpt":{"rendered":"<p>Kogumik on koostatud 2022. aasta novembris Eesti kaugseirep\u00e4eval Tartu \u00dclikooli Tartu observatooriumis T\u00f5raveres peetud ettekannete autorite\u00a0kirjutatud tekstidest. Tekstid kogumikus on Eestis edendatavatest kaugseirevaldkondadest. Kogumiku vaatamiseks v\u00f5i allalaadimiseks kl\u00f5psa alloleval lingil. kaugseire_kogumik_2022 Kaugseirep\u00e4ev 2022 on j\u00e4relevaadatav siin:\u00a0https:\/\/www.youtube.com\/watch?v=xrCy1gWw5ug Kaugseirep\u00e4eva ettekanded:\u00a0https:\/\/owncloud.ut.ee\/owncloud\/s\/zdRLm3G4NEY6YMP?path=%2F \u00a0 \u00a0<\/p>\n","protected":false},"author":179,"featured_media":0,"parent":0,"menu_order":0,"comment_status":"closed","ping_status":"closed","template":"","meta":{"_acf_changed":false,"inline_featured_image":false,"footnotes":""},"class_list":["post-40","page","type-page","status-publish","hentry"],"acf":[],"_links":{"self":[{"href":"https:\/\/sisu.ut.ee\/kaugseire\/wp-json\/wp\/v2\/pages\/40","targetHints":{"allow":["GET"]}}],"collection":[{"href":"https:\/\/sisu.ut.ee\/kaugseire\/wp-json\/wp\/v2\/pages"}],"about":[{"href":"https:\/\/sisu.ut.ee\/kaugseire\/wp-json\/wp\/v2\/types\/page"}],"author":[{"embeddable":true,"href":"https:\/\/sisu.ut.ee\/kaugseire\/wp-json\/wp\/v2\/users\/179"}],"replies":[{"embeddable":true,"href":"https:\/\/sisu.ut.ee\/kaugseire\/wp-json\/wp\/v2\/comments?post=40"}],"version-history":[{"count":1,"href":"https:\/\/sisu.ut.ee\/kaugseire\/wp-json\/wp\/v2\/pages\/40\/revisions"}],"predecessor-version":[{"id":500,"href":"https:\/\/sisu.ut.ee\/kaugseire\/wp-json\/wp\/v2\/pages\/40\/revisions\/500"}],"wp:attachment":[{"href":"https:\/\/sisu.ut.ee\/kaugseire\/wp-json\/wp\/v2\/media?parent=40"}],"curies":[{"name":"wp","href":"https:\/\/api.w.org\/{rel}","templated":true}]}}