{"id":11,"date":"2024-04-04T04:50:53","date_gmt":"2024-04-04T01:50:53","guid":{"rendered":"https:\/\/sisu.ut.ee\/kaugseire\/kaugseirepaevad-2022\/"},"modified":"2024-04-04T04:54:12","modified_gmt":"2024-04-04T01:54:12","slug":"kaugseirepaevad-2022","status":"publish","type":"page","link":"https:\/\/sisu.ut.ee\/kaugseire\/kaugseirepaevad-2022\/","title":{"rendered":"Kaugseirep\u00e4evad 2022"},"content":{"rendered":"<p>\n\t\u00a0\n<\/p>\n<p>\n\t2022. aasta kaugseirep\u00e4ev toimus 10. novembril T\u00f5raveres. Kaugseirep\u00e4ev 2022 on j\u00e4relevaadatav siin:\u00a0<a href=\"https:\/\/www.youtube.com\/watch?v=xrCy1gWw5ug\">https:\/\/www.youtube.com\/watch?v=xrCy1gWw5ug<\/a>\n<\/p>\n<p>\n\tKaugseirep\u00e4eva ettekanded: <a href=\"https:\/\/owncloud.ut.ee\/owncloud\/s\/zdRLm3G4NEY6YMP\">https:\/\/owncloud.ut.ee\/owncloud\/s\/zdRLm3G4NEY6YMP?path=%2F<\/a>\n<\/p>\n<p>\n\tPeatselt on ilmumas kogumik\u00a0<em>Kaugseire Eestis 2022<\/em>.\n<\/p>\n<p>\n\t\u00a0\n<\/p>\n<p>\n\t<img loading=\"lazy\" decoding=\"async\" width=\"1024\" height=\"1448\" class=\"alignnone wp-image-122\" src=\"https:\/\/sisu.ut.ee\/wp-content\/uploads\/sites\/340\/kaugseirepaevad_2023.jpg\" title=\"kaugseirepaevad_2023.jpg\" alt=\"seire\" srcset=\"https:\/\/sisu.ut.ee\/wp-content\/uploads\/sites\/340\/kaugseirepaevad_2023.jpg 1024w, https:\/\/sisu.ut.ee\/wp-content\/uploads\/sites\/340\/kaugseirepaevad_2023-212x300.jpg 212w, https:\/\/sisu.ut.ee\/wp-content\/uploads\/sites\/340\/kaugseirepaevad_2023-724x1024.jpg 724w, https:\/\/sisu.ut.ee\/wp-content\/uploads\/sites\/340\/kaugseirepaevad_2023-768x1086.jpg 768w\" sizes=\"auto, (max-width: 1024px) 100vw, 1024px\"><\/p>\n","protected":false},"excerpt":{"rendered":"<p>\u00a0 2022. aasta kaugseirep\u00e4ev toimus 10. novembril T\u00f5raveres. Kaugseirep\u00e4ev 2022 on j\u00e4relevaadatav siin:\u00a0https:\/\/www.youtube.com\/watch?v=xrCy1gWw5ug Kaugseirep\u00e4eva ettekanded: https:\/\/owncloud.ut.ee\/owncloud\/s\/zdRLm3G4NEY6YMP?path=%2F Peatselt on ilmumas kogumik\u00a0Kaugseire Eestis 2022. \u00a0<\/p>\n","protected":false},"author":179,"featured_media":0,"parent":0,"menu_order":0,"comment_status":"closed","ping_status":"closed","template":"","meta":{"_acf_changed":false,"inline_featured_image":false,"footnotes":""},"class_list":["post-11","page","type-page","status-publish","hentry"],"acf":[],"_links":{"self":[{"href":"https:\/\/sisu.ut.ee\/kaugseire\/wp-json\/wp\/v2\/pages\/11","targetHints":{"allow":["GET"]}}],"collection":[{"href":"https:\/\/sisu.ut.ee\/kaugseire\/wp-json\/wp\/v2\/pages"}],"about":[{"href":"https:\/\/sisu.ut.ee\/kaugseire\/wp-json\/wp\/v2\/types\/page"}],"author":[{"embeddable":true,"href":"https:\/\/sisu.ut.ee\/kaugseire\/wp-json\/wp\/v2\/users\/179"}],"replies":[{"embeddable":true,"href":"https:\/\/sisu.ut.ee\/kaugseire\/wp-json\/wp\/v2\/comments?post=11"}],"version-history":[{"count":1,"href":"https:\/\/sisu.ut.ee\/kaugseire\/wp-json\/wp\/v2\/pages\/11\/revisions"}],"predecessor-version":[{"id":503,"href":"https:\/\/sisu.ut.ee\/kaugseire\/wp-json\/wp\/v2\/pages\/11\/revisions\/503"}],"wp:attachment":[{"href":"https:\/\/sisu.ut.ee\/kaugseire\/wp-json\/wp\/v2\/media?parent=11"}],"curies":[{"name":"wp","href":"https:\/\/api.w.org\/{rel}","templated":true}]}}