{"id":9,"date":"2024-04-04T00:41:48","date_gmt":"2024-04-03T21:41:48","guid":{"rendered":"https:\/\/sisu.ut.ee\/katsekoda1\/kalibreerimisteenused\/"},"modified":"2025-05-07T11:11:12","modified_gmt":"2025-05-07T08:11:12","slug":"kalibreerimisteenused","status":"publish","type":"page","link":"https:\/\/sisu.ut.ee\/katsekoda1\/kalibreerimisteenused\/","title":{"rendered":"Keemiametroloogia labor"},"content":{"rendered":"<p class=\"has-extra-large-font-size\"><\/p>\n\n\n\n<p>T\u00e4psema info saamiseks v\u00f5tke laboriga \u00fchendust:\u00a0<a href=\"https:\/\/katsekoda.ut.ee\/kontakt\/\"><strong>kontaktid<\/strong><\/a><\/p>\n\n\n\n<p><span style=\"font-size: medium;\"><strong>Anemomeetrite kalibreerimine p\u00f6\u00f6rdnoole etaloni (PNE) ja tuuletunneli etaloniga (TTE)<\/strong><\/span> <\/p>\n\n\n\n<p>Teostame anemomeetrite kalibreerimist, kasutades kaht s\u00f5ltumatut etalonit\u00fc\u00fcpi. V\u00e4iksematel \u00f5hukiirustel kasutame T\u00dc Katsekojas konstrueeritud p\u00f6\u00f6rdnoole etaloni ja anemomeetrite kalibreerimisel suurematel \u00f5hu kiirustel kasutame Euroopa Liidu toel hangitud tuuletunneli etaloni. Samuti kalibreerime anemomeetrite juurde kuuluvaid termomeetreid.<\/p>\n\n\n\n<figure class=\"wp-block-table has-small-font-size\"><table class=\"table table-hover\"><tbody><tr><td>M\u00f5\u00f5teulatus<\/td><td>Kalibreerimis- ja m\u00f5\u00f5tev\u00f5ime<\/td><\/tr><tr><td>P\u00f6\u00f6rdnoole-etalon (0,1\u20265) m\/s<\/td><td>(0,05\u20260,12) m\/s<\/td><\/tr><tr><td>Tuuletunneli etalon (0,5\u202620) m\/s<\/td><td>(0,08\u20260,6) m\/s<\/td><\/tr><\/tbody><\/table><\/figure>\n\n\n\n<div style=\"height:30px\" aria-hidden=\"true\" class=\"wp-block-spacer\"><\/div>\n\n\n\n<p><span style=\"font-size: medium;\"><strong>\u00d5huniiskuse m\u00f5\u00f5turite kalibreerimine<\/strong><\/span><\/p>\n\n\n\n<p>\u00d5huniiskuse m\u00f5\u00f5turite kalibreerimiseks kasutame Euroopa Liidu toel hangitud \u00f5huniiskuse sekundaaretaloni, mille peamisteks koostisosadeks on kliimakamber ja kastepunkti peegelh\u00fcgromeeter. Samuti kalibreerime \u00f5huniiskuse m\u00f5\u00f5turite juurde kuuluvaid termomeetreid. Eesti <a href=\"https:\/\/www.bipm.org\/kcdb\/cmc\/search?domain=PHYSICS&amp;areaId=6&amp;keywords=&amp;specificPart.branch=24&amp;specificPart.service=49&amp;specificPart.subService=192&amp;specificPart.individualService=499&amp;_countries=1&amp;publicDateFrom=&amp;publicDateTo=&amp;unit=&amp;minValue=&amp;maxValue=&amp;minUncertainty=&amp;maxUncertainty=\"><strong>suhtelise niiskuse kalibreerimis- ja m\u00f5\u00f5tev\u00f5imed (CMC)<\/strong><\/a> on avaldatud Rahvusvahelise Kaalude ja M\u00f5\u00f5tude B\u00fcroo (BIPM) andmebaasis. Huvi korral v\u00f5tke<\/p>\n\n\n\n<figure class=\"wp-block-table has-small-font-size\"><table class=\"table table-hover\"><tbody><tr><td colspan=\"2\">M\u00f5\u00f5teulatus<\/td><td colspan=\"2\">Kalibreerimis- ja m\u00f5\u00f5tev\u00f5ime<\/td><\/tr><tr><td>Suhteline niiskus<\/td><td>temperatuuridel<\/td><td>Tugietalon<\/td><td>T\u00f6\u00f6etalon<\/td><\/tr><tr><td>(10\u202695)%<\/td><td>(25\u202660) \u00b0C<\/td><td>(0,7\u20262,3)%<\/td><td>(0,9\u20262,4)%<\/td><\/tr><tr><td>(25\u202695)%<\/td><td>(20\u202625) \u00b0C<\/td><td>(0,9\u20262,3)%<\/td><td>(1,1\u20262,4)%<\/td><\/tr><tr><td>(40\u202695)%<\/td><td>(15\u202620) \u00b0C<\/td><td>(1,2\u20262,3)%<\/td><td>(1,3\u20262,4)%<\/td><\/tr><tr><td>(50\u202695)%<\/td><td>(10\u202615) \u00b0C<\/td><td>(1,5\u20262,3)%<\/td><td>\n<p>(1,6\u20262,4)%<\/p>\n<\/td><\/tr><\/tbody><\/table><\/figure>\n\n\n\n<div style=\"height:30px\" aria-hidden=\"true\" class=\"wp-block-spacer\"><\/div>\n\n\n\n<p><strong>\u00d5hutermomeetrite kalibreerimine<\/strong><\/p>\n\n\n\n<figure class=\"wp-block-table has-small-font-size\"><table class=\"table table-hover\"><tbody><tr><td>M\u00f5\u00f5teulatus<\/td><td>Kalibreerimis- ja m\u00f5\u00f5tev\u00f5ime<\/td><\/tr><tr><td>(-10\u2026+80) \u00b0C<\/td><td>0,2 \u00b0C<\/td><\/tr><\/tbody><\/table><\/figure>\n\n\n\n<div style=\"height:30px\" aria-hidden=\"true\" class=\"wp-block-spacer\"><\/div>\n\n\n\n<p><strong><span style=\"font-size: medium;\">Diferentsiaalmanomeetrite kalibreerimine<\/span><\/strong><\/p>\n\n\n\n<figure class=\"wp-block-table has-small-font-size\"><table class=\"table table-hover\"><tbody><tr><td>M\u00f5\u00f5teulatus<\/td><td>Kalibreerimis- ja m\u00f5\u00f5tev\u00f5ime<\/td><\/tr><tr><td>(-1000\u20262000) Pa<\/td><td>(1\u20265) Pa<\/td><\/tr><\/tbody><\/table><\/figure>\n\n\n\n<div style=\"height:30px\" aria-hidden=\"true\" class=\"wp-block-spacer\"><\/div>\n\n\n\n<p><span style=\"font-size: medium;\"><strong>Mitteautomaatsete elektrooniliste kaalude kalibreerimine<\/strong><\/span><\/p>\n\n\n\n<figure class=\"wp-block-table has-small-font-size\"><table class=\"table table-hover\"><tbody><tr><td>M\u00f5\u00f5teulatus<\/td><td>Kalibreerimis- ja m\u00f5\u00f5tev\u00f5ime<\/td><\/tr><tr><td>(1\u202650) mg<\/td><td>0,005 mg<\/td><\/tr><tr><td>(50\u2026500) mg<\/td><td>0,01 mg<\/td><\/tr><tr><td>(0,5\u202620) g<\/td><td>0,03 mg<\/td><\/tr><tr><td>(20\u202650) g<\/td><td>0,04 mg<\/td><\/tr><tr><td>(50\u2026100) g<\/td><td>0,07 mg<\/td><\/tr><tr><td>(100\u2026200) g<\/td><td>0,09 mg<\/td><\/tr><tr><td>(200\u2026300) g<\/td><td>0,16 mg<\/td><\/tr><tr><td>(300\u2026400) g<\/td><td>0,18 mg<\/td><\/tr><tr><td>(400\u2026510) g<\/td><td>0,3 mg<\/td><\/tr><\/tbody><\/table><\/figure>\n\n\n\n<div style=\"height:30px\" aria-hidden=\"true\" class=\"wp-block-spacer\"><\/div>\n\n\n\n<p><strong>Anal\u00fc\u00fcsi- ja m\u00f5\u00f5tmisteenused<\/strong> (v\u00e4ljaspool akrediteerimisulatust)<\/p>\n\n\n\n<p>Teostame <strong>v\u00e4ljaspool akrediteerimisulatust<\/strong> mitmesuguseid\u00a0mittestandardseid m\u00f5\u00f5tmisi, anal\u00fc\u00fcse ja uuringuid, vastavalt kliendi soovidele ja huvidele. Huvi olemasolul v\u00f5ib \u00fchendust v\u00f5tta Koit Herodesega v\u00f5i Ivo Leitoga (kontaktandmed meie <a href=\"\/katsekoda1\/kontakt\"><strong>kontaktide lehel<\/strong><\/a>), et selgitada v\u00e4lja meie suutlikkus vastavat t\u00f6\u00f6d teha ja leppida kokku muudes tingimustes.<\/p>\n\n\n\n<p>Allpool on esitatud n\u00e4iteid m\u00f5\u00f5tmistest, anal\u00fc\u00fcsidest ja uuringutest, millega oleme tegelenud.<\/p>\n\n\n\n<div style=\"height:30px\" aria-hidden=\"true\" class=\"wp-block-spacer\"><\/div>\n\n\n\n<p><b>Nitrotselluloosi baasil propellantide stabiilsuse testimine, kasutades stabilisaatorite ammendumist<\/b><\/p>\n\n\n\n<p>Paljude propellantide (tuntud ka kui heitelaeng, paisklaeng) p\u00f5hikomponendiks on nitrotselluloos. Pikaajalisel s\u00e4ilitamisel nitrotselluloos laguneb iseeneslikult. Lagunemise v\u00e4ltimiseks lisatakse tootmise k\u00e4igus heitelaengutesse stabiliseerivaid aineid. Stabiliseerivad ained lagunevad ka ise aja jooksul ja nende efektiivsus v\u00e4heneb. K\u00e4esoleva testimise eesm\u00e4rgiks on kindlaks teha, kas heitelaengus olevate stabilisaatorite hulk on piisav nende ohutuks s\u00e4ilitamiseks. Metoodika p\u00f5hineb NATO standardil \u201cExplosives, nitrocellulose-based propellants, stability test procedures and requirements using stabilizer depletion. AOP-48\u201c.<\/p>\n\n\n\n<div style=\"height:30px\" aria-hidden=\"true\" class=\"wp-block-spacer\"><\/div>\n\n\n\n<p><\/p>\n\n\n\n<p><strong style=\"font-size: medium; color: inherit; font-family: inherit;\">Kemikaalide, materjalide, pinnakatete jne karakteriseerimine instrumentaalanal\u00fc\u00fcsi meetoditega<\/strong><\/p>\n\n\n\n<p>Instrumentaalanal\u00fc\u00fcsi meetoditega karakteriseerimine on vajalik tootearenduses, tootmisprotsesis monitooringuks, uutest ainetest teavitamisel jne. Meil on v\u00f5imalik kasutada j\u00e4rgmisi instrumentaalanal\u00fc\u00fcsi meetodeid: <strong>Infrapunane spektroskoopia (FT-IR), UV-VIS spektrofotomeetria, tuumamamagnetresonants-spektsroskoopia (FT-NMR, nii 1H kui ka 13C spektrid) ja gaasikromatograafia-mass-spektromeetria.<\/strong> Need meetodid on \u00fcksteist t\u00e4iendavad ja annavad koos kasutades v\u00e4ga hea pildi uuritavast objektist. Karakteriseerimise tulemusena v\u00e4ljastame Teile tunnistuse, mis sisaldab spektreid ja kromatogramme koos interpretatsioonidega.<\/p>\n\n\n\n<div style=\"height:30px\" aria-hidden=\"true\" class=\"wp-block-spacer\"><\/div>\n\n\n\n<p><strong>Pol\u00fcmeeride, v\u00e4rvide, kemikaalide jms materjalide anal\u00fc\u00fcs infrapunase spektroskoopia (FT-IR) meetodil<\/strong><\/p>\n\n\n\n<p>V\u00f5imalik l\u00e4bi viia spektri registreerimine, proovide ettevalmistmine ja tulemuste interpreteerimine ja vormistamine<\/p>\n\n\n\n<p><\/p>\n\n\n\n<p><strong>Infrapunase spektroskoopia<\/strong> <\/p>\n\n\n\n<p>Meetodiga on v\u00f5imalik m\u00e4\u00e4rata mitmesuguste materjalide (pol\u00fcmeerid, pinnakatted, v\u00e4rvid, lakid, kunstiobjektid, ehitusmaterjalid, \u00f5lid jne) koostist. On v\u00f5imalik m\u00e4\u00e4rata nii p\u00f5hiainet kui ka p\u00f5hilisi lisandeid, soodsatel juhtudel saab m\u00e4\u00e4rata kvantitatiivselt. See millist informatsiooni t\u00e4pselt saada saab s\u00f5ltub tugevasti uuritavast objektist ja sellest, milliseid tunnusaineid on v\u00f5imalik lisaks saada.<\/p>\n\n\n\n<p>Orienteeruv t\u00f6\u00f6mahu-info: Lihtsama anal\u00fc\u00fcsi jaoks on enamasti vaja 1-3 spektrit, m\u00f5nik\u00fcmmend minutit proovi ettevalmistamise aega ja m\u00f5nik\u00fcmmend minutit spektrite interpreteerimise ja tulemuse vormistamise aega.<\/p>\n\n\n\n<p><\/p>\n\n\n\n<p><strong style=\"font-size: medium; color: inherit; font-family: inherit;\">Spektrofotomeetiline anal\u00fc\u00fcs<\/strong><\/p>\n\n\n\n<p>Sel meetodil on v\u00f5imalik m\u00f5\u00f5ta raua sisaldust vees ja sulamites.<\/p>\n\n\n\n<p><\/p>\n\n\n\n<div style=\"height:30px\" aria-hidden=\"true\" class=\"wp-block-spacer\"><\/div>\n\n\n\n<p><strong style=\"font-size: medium; color: inherit; font-family: inherit;\">Gaasikromatograafiline anal\u00fc\u00fcs<\/strong><\/p>\n\n\n\n<p>Kromatograafilised meetodid on eesk\u00e4tt keerulistes segudes individuaalsete komponentide m\u00e4\u00e4ramise meetodid. Segud v\u00f5ivad olla v\u00e4ga erinevad: toiduained, keskkonnaproovid, biomaterjalid, tehnoloogilised segud v\u00f5i pooltooted jne. Oleme orienteeritud eesk\u00e4tt mittestandardsetele anal\u00fc\u00fcsidele ja uuringutele, mida rutiinanal\u00fc\u00fcsilaborid ei tee. Meil on v\u00f5imalik kasutada mitmeid erinevaid gaasikromatograafe, detektoritest on olemas leek-ionisatsioon, mass-spektromeetriline ja soojusjuhtivusdetektor.<\/p>\n\n\n\n<div style=\"height:30px\" aria-hidden=\"true\" class=\"wp-block-spacer\"><\/div>\n\n\n\n<p><strong style=\"font-size: medium; color: inherit; font-family: inherit;\">Pestitsiidij\u00e4\u00e4kide m\u00e4\u00e4ramine puu- ja k\u00f6\u00f6giviljades LC-MS meetodil<\/strong><\/p>\n\n\n\n<p>M\u00e4\u00e4ratavateks pestitsiidij\u00e4\u00e4kideks on karbendasiim, tiabendasool, imasaliil, metooloks\u00fcdemetoon, aldikarb, aldikarbsulfoon, aldikarbsulfoksiid, metom\u00fc\u00fcl, tiodikarb, foraatsulfoon, foraatsulfoksiid, metiokarb, metiokarbsulfoon, metiokarbsulfoksiid.<\/p>\n\n\n\n<div style=\"height:30px\" aria-hidden=\"true\" class=\"wp-block-spacer\"><\/div>\n\n\n\n<p><strong style=\"font-size: medium; color: inherit; font-family: inherit; background-color: transparent;\">Potentsiomeetrilised m\u00f5\u00f5tmised<\/strong><\/p>\n\n\n\n<p>pH meetri seadimiskalibreerimine ja pH m\u00f5\u00f5tmine<\/p>\n\n\n\n<p>F\u00a0<sup>\u2013<\/sup> ja NO<sub>3<\/sub><sup>\u2013<\/sup>\u00a0ioonide sisaldus vees<\/p>\n\n\n\n<p>Lisaks fluoriid- ja nitraatioonidele oleme v\u00f5imelised m\u00e4\u00e4rama ka muid ioone. <\/p>\n\n\n\n<div style=\"height:30px\" aria-hidden=\"true\" class=\"wp-block-spacer\"><\/div>\n\n\n\n<p><strong style=\"font-size: medium; color: inherit; font-family: inherit; background-color: transparent;\">\u00d5hu suhteline niiskus<\/strong><\/p>\n\n\n\n<p>\u00d5huniiskuse m\u00f5\u00f5turite n\u00e4itude v\u00f5rdlemine kalibreeritud h\u00fcgromeetri n\u00e4itudega<\/p>\n\n\n\n<p>Selline v\u00f5rdlemine ei ole oma ranguse poolest sama, mis kalibreerimine, kuid see v\u00f5imaldab viia l\u00e4bi v\u00f5rdlusm\u00f5\u00f5tmisi v\u00e4ljaspool kliimakambrit erinevalt kalibreerimismetoodikast. <\/p>\n\n\n\n<div style=\"height:30px\" aria-hidden=\"true\" class=\"wp-block-spacer\"><\/div>\n\n\n\n<p><strong style=\"font-size: medium; color: inherit; font-family: inherit; background-color: transparent;\">Vee j\u00e4lgede m\u00e4\u00e4ramine kulonomeetrilise Karl Fischeri tiitrimise meetodil<\/strong><\/p>\n\n\n\n<p>Kulonomeetriline Karl Fischeri tiitrimine on vee madalate sisalduste m\u00e4\u00e4ramiseks standardmeetod.<\/p>\n","protected":false},"excerpt":{"rendered":"<p>T\u00e4psema info saamiseks v\u00f5tke laboriga \u00fchendust:\u00a0kontaktid Anemomeetrite kalibreerimine p\u00f6\u00f6rdnoole etaloni (PNE) ja tuuletunneli etaloniga (TTE) Teostame anemomeetrite kalibreerimist, kasutades kaht s\u00f5ltumatut etalonit\u00fc\u00fcpi. V\u00e4iksematel \u00f5hukiirustel kasutame T\u00dc Katsekojas konstrueeritud p\u00f6\u00f6rdnoole etaloni ja anemomeetrite kalibreerimisel suurematel \u00f5hu kiirustel kasutame Euroopa Liidu toel &#8230;<\/p>\n","protected":false},"author":61,"featured_media":0,"parent":0,"menu_order":0,"comment_status":"closed","ping_status":"closed","template":"","meta":{"_acf_changed":false,"inline_featured_image":false,"footnotes":""},"class_list":["post-9","page","type-page","status-publish","hentry"],"acf":[],"_links":{"self":[{"href":"https:\/\/sisu.ut.ee\/katsekoda1\/wp-json\/wp\/v2\/pages\/9","targetHints":{"allow":["GET"]}}],"collection":[{"href":"https:\/\/sisu.ut.ee\/katsekoda1\/wp-json\/wp\/v2\/pages"}],"about":[{"href":"https:\/\/sisu.ut.ee\/katsekoda1\/wp-json\/wp\/v2\/types\/page"}],"author":[{"embeddable":true,"href":"https:\/\/sisu.ut.ee\/katsekoda1\/wp-json\/wp\/v2\/users\/61"}],"replies":[{"embeddable":true,"href":"https:\/\/sisu.ut.ee\/katsekoda1\/wp-json\/wp\/v2\/comments?post=9"}],"version-history":[{"count":10,"href":"https:\/\/sisu.ut.ee\/katsekoda1\/wp-json\/wp\/v2\/pages\/9\/revisions"}],"predecessor-version":[{"id":994,"href":"https:\/\/sisu.ut.ee\/katsekoda1\/wp-json\/wp\/v2\/pages\/9\/revisions\/994"}],"wp:attachment":[{"href":"https:\/\/sisu.ut.ee\/katsekoda1\/wp-json\/wp\/v2\/media?parent=9"}],"curies":[{"name":"wp","href":"https:\/\/api.w.org\/{rel}","templated":true}]}}