{"id":8,"date":"2024-04-04T00:41:48","date_gmt":"2024-04-03T21:41:48","guid":{"rendered":"https:\/\/sisu.ut.ee\/katsekoda1\/nouande-ja-konsultatsiooniteenused\/"},"modified":"2024-04-04T00:42:08","modified_gmt":"2024-04-03T21:42:08","slug":"nouande-ja-konsultatsiooniteenused","status":"publish","type":"page","link":"https:\/\/sisu.ut.ee\/katsekoda1\/nouande-ja-konsultatsiooniteenused\/","title":{"rendered":"N\u00f5uande- ja konsultatsiooniteenused"},"content":{"rendered":"<p><span style=\"font-weight: bold\">L\u00fchin\u00f5uanne v\u00f5i -konsultatsioon <\/span><br><span style=\"font-style: italic\">tasuta<\/span> <\/p>\n<p>Aitame j\u00f5udum\u00f6\u00f6da igasuguste m\u00f5\u00f5tmiste, anal\u00fc\u00fcside, f\u00fc\u00fcsika ja keemia alaste k\u00fcsimustega, millest meil j\u00f5ud ja m\u00f5istus \u00fcle k\u00e4ib. K\u00fcsimused v\u00f5ivad puudutada n\u00e4iteks m\u00f5\u00f5te- ja anal\u00fc\u00fcsiaparatuuri valimist, aparatuuri kasutamisel ette tulevaid probleeme, aparatuuri hooldamist, anal\u00fc\u00fcsi- ja m\u00f5\u00f5temetoodikate otsimist jms. <\/p>\n<p><span style=\"font-weight: bold\">Keerukam n\u00f5uanne v\u00f5i konsultatsioon <\/span><br><span style=\"font-style: italic\">hind kokkuleppel <\/span><\/p>\n<p>Meiepoolset mahukamat tegevust (t\u00f6\u00f6 kirjandusega, millegi j\u00e4rgiproovimine jne) eeldava n\u00f5uande v\u00f5i konsultatsiooni puhul lepime tingimused eraldi eelnevalt kokku.<\/p>\n","protected":false},"excerpt":{"rendered":"<p>L\u00fchin\u00f5uanne v\u00f5i -konsultatsioon tasuta Aitame j\u00f5udum\u00f6\u00f6da igasuguste m\u00f5\u00f5tmiste, anal\u00fc\u00fcside, f\u00fc\u00fcsika ja keemia alaste k\u00fcsimustega, millest meil j\u00f5ud ja m\u00f5istus \u00fcle k\u00e4ib. K\u00fcsimused v\u00f5ivad puudutada n\u00e4iteks m\u00f5\u00f5te- ja anal\u00fc\u00fcsiaparatuuri valimist, aparatuuri kasutamisel ette tulevaid probleeme, aparatuuri hooldamist, anal\u00fc\u00fcsi- ja m\u00f5\u00f5temetoodikate otsimist &#8230;<\/p>\n","protected":false},"author":61,"featured_media":0,"parent":0,"menu_order":0,"comment_status":"closed","ping_status":"closed","template":"","meta":{"_acf_changed":false,"inline_featured_image":false,"footnotes":""},"class_list":["post-8","page","type-page","status-publish","hentry"],"acf":[],"_links":{"self":[{"href":"https:\/\/sisu.ut.ee\/katsekoda1\/wp-json\/wp\/v2\/pages\/8","targetHints":{"allow":["GET"]}}],"collection":[{"href":"https:\/\/sisu.ut.ee\/katsekoda1\/wp-json\/wp\/v2\/pages"}],"about":[{"href":"https:\/\/sisu.ut.ee\/katsekoda1\/wp-json\/wp\/v2\/types\/page"}],"author":[{"embeddable":true,"href":"https:\/\/sisu.ut.ee\/katsekoda1\/wp-json\/wp\/v2\/users\/61"}],"replies":[{"embeddable":true,"href":"https:\/\/sisu.ut.ee\/katsekoda1\/wp-json\/wp\/v2\/comments?post=8"}],"version-history":[{"count":1,"href":"https:\/\/sisu.ut.ee\/katsekoda1\/wp-json\/wp\/v2\/pages\/8\/revisions"}],"predecessor-version":[{"id":284,"href":"https:\/\/sisu.ut.ee\/katsekoda1\/wp-json\/wp\/v2\/pages\/8\/revisions\/284"}],"wp:attachment":[{"href":"https:\/\/sisu.ut.ee\/katsekoda1\/wp-json\/wp\/v2\/media?parent=8"}],"curies":[{"name":"wp","href":"https:\/\/api.w.org\/{rel}","templated":true}]}}