{"id":63,"date":"2024-04-04T00:41:51","date_gmt":"2024-04-03T21:41:51","guid":{"rendered":"https:\/\/sisu.ut.ee\/katsekoda1\/maaramatus\/"},"modified":"2024-04-04T00:42:07","modified_gmt":"2024-04-03T21:42:07","slug":"maaramatus","status":"publish","type":"page","link":"https:\/\/sisu.ut.ee\/katsekoda1\/maaramatus\/","title":{"rendered":"M\u00f5\u00f5tem\u00e4\u00e4ramatus"},"content":{"rendered":"<p>\n\tSiit leiate mootemaaramatuse kohta mitmesugust informatsiooni inglise keeles:\n<\/p>\n<ul>\n<li>\n\t\t<a data-url=\"https:\/\/akki.ut.ee\/GUM_examples\" href=\"https:\/\/akki.ut.ee\/GUM_examples\" target=\"_blank\" title=\"\" rel=\"noopener\">lihtsamiaid ja keerukamaid n\u00e4iteid anal\u00fc\u00fctilise keemia vallast<\/a>\n\t<\/li>\n<li>\n\t\t<a href=\"https:\/\/sisu.ut.ee\/measurement\" target=\"_blank\" rel=\"noopener\">mootemaaramatuse hindamise veebikursus<\/a>\n\t<\/li>\n<\/ul>\n","protected":false},"excerpt":{"rendered":"<p>Siit leiate mootemaaramatuse kohta mitmesugust informatsiooni inglise keeles: lihtsamiaid ja keerukamaid n\u00e4iteid anal\u00fc\u00fctilise keemia vallast mootemaaramatuse hindamise veebikursus<\/p>\n","protected":false},"author":61,"featured_media":0,"parent":0,"menu_order":0,"comment_status":"closed","ping_status":"closed","template":"","meta":{"_acf_changed":false,"inline_featured_image":false,"footnotes":""},"class_list":["post-63","page","type-page","status-publish","hentry"],"acf":[],"_links":{"self":[{"href":"https:\/\/sisu.ut.ee\/katsekoda1\/wp-json\/wp\/v2\/pages\/63","targetHints":{"allow":["GET"]}}],"collection":[{"href":"https:\/\/sisu.ut.ee\/katsekoda1\/wp-json\/wp\/v2\/pages"}],"about":[{"href":"https:\/\/sisu.ut.ee\/katsekoda1\/wp-json\/wp\/v2\/types\/page"}],"author":[{"embeddable":true,"href":"https:\/\/sisu.ut.ee\/katsekoda1\/wp-json\/wp\/v2\/users\/61"}],"replies":[{"embeddable":true,"href":"https:\/\/sisu.ut.ee\/katsekoda1\/wp-json\/wp\/v2\/comments?post=63"}],"version-history":[{"count":1,"href":"https:\/\/sisu.ut.ee\/katsekoda1\/wp-json\/wp\/v2\/pages\/63\/revisions"}],"predecessor-version":[{"id":244,"href":"https:\/\/sisu.ut.ee\/katsekoda1\/wp-json\/wp\/v2\/pages\/63\/revisions\/244"}],"wp:attachment":[{"href":"https:\/\/sisu.ut.ee\/katsekoda1\/wp-json\/wp\/v2\/media?parent=63"}],"curies":[{"name":"wp","href":"https:\/\/api.w.org\/{rel}","templated":true}]}}