{"id":6,"date":"2024-04-04T00:41:48","date_gmt":"2024-04-03T21:41:48","guid":{"rendered":"https:\/\/sisu.ut.ee\/katsekoda1\/teenused\/"},"modified":"2026-03-05T11:10:48","modified_gmt":"2026-03-05T09:10:48","slug":"teenused","status":"publish","type":"page","link":"https:\/\/sisu.ut.ee\/katsekoda1\/teenused\/","title":{"rendered":"Teenused"},"content":{"rendered":"<p>Teostame mitmesuguseid anal\u00fc\u00fcse, m\u00f5\u00f5tmisi, testimisi ja kalibreerimisi, sealhulgas keerukamaid, mis on pigem uuringud kui tavap\u00e4rased \u00fcksikm\u00f5\u00f5tmised. Pakume konsultatsioone ja koolitusi. T\u00e4psema info saamiseks v\u00f5tke palun \u00fchendust vastava m\u00f5\u00f5teliigiga tegelevate inimestega (kontaktandmed meie <a href=\"\/katsekoda1\/kontakt\"><strong>kontaktide lehel<\/strong><\/a>).<\/p>\n\n\n\n<div class=\"wp-block-group is-layout-constrained wp-block-group-is-layout-constrained\">\n<figure class=\"wp-block-table is-style-regular has-small-font-size\"><table class=\"table table-hover\"><thead><tr><th><strong>Viide laborile<\/strong><\/th><th><strong>Teenuse nimetus<\/strong><\/th><th><strong>Akrediteeritus<\/strong><\/th><th><strong>Hind (alates 06.01.2026)<\/strong><strong style=\"font-family: inherit; font-size: inherit; text-align: var(--bs-body-text-align);\"> <\/strong><strong style=\"font-family: inherit; font-size: inherit; text-align: var(--bs-body-text-align);\">Lisandub k\u00e4ibemaks 24%<\/strong><\/th><\/tr><\/thead><tbody><tr><td rowspan=\"5\"><strong>Keemiametroloogia labor<\/strong><br>Rohkem infot:<br><a href=\"https:\/\/katsekoda.ut.ee\/kalibreerimisteenused\/\">Keemiametroloogia labori teenused<\/a><br>ja:<br><a href=\"https:\/\/analytical.chem.ut.ee\/\">Anal\u00fc\u00fctilise keemia \u00f5ppetooli veebileht<\/a><br><\/td><td>Anemomeetrite kalibreerimine p\u00f6\u00f6rdnoole etaloni (PNE) ja tuuletunneli etaloniga (TTE)<\/td><td><a href=\"https:\/\/www.eak.ee\/dokumendid\/pdf\/kasitlusala\/K025.pdf\" target=\"_blank\" rel=\"noreferrer noopener\">Jah<\/a><\/td><td>Vastavalt kalibreerimispunktide arvule (<a href=\"https:\/\/sisu.ut.ee\/wp-content\/uploads\/sites\/131\/Kalibreerimiste_hinnakiri_TU_Katserkoda_010624.docx\" data-type=\"link\" data-id=\"https:\/\/sisu.ut.ee\/wp-content\/uploads\/sites\/131\/Kalibreerimiste_hinnakiri_TU_Katserkoda_010624.docx\">Hinnakiri<\/a>)<\/td><\/tr><tr><td>\u00d5huniiskuse m\u00f5\u00f5turite kalibreerimine<\/td><td><br><a href=\"https:\/\/www.eak.ee\/dokumendid\/pdf\/kasitlusala\/K025.pdf\" target=\"_blank\" rel=\"noreferrer noopener\">Jah<\/a><br><br><p><a href=\"https:\/\/www.bipm.org\/kcdb\/cmc\/quick-search?includedFilters=cmcBranches.Humidity&amp;excludedFilters=&amp;page=0&amp;cmcStatus=&amp;keywords=Estonia+humidity\" target=\"_blank\" rel=\"noreferrer noopener\">CIPM MRA kalibreerimis- ja m\u00f5\u00f5tev\u00f5ime<\/a><\/p><\/td><td>Vastavalt kalibreerimispunktide arvule (<a href=\"https:\/\/sisu.ut.ee\/wp-content\/uploads\/sites\/131\/Kalibreerimiste_hinnakiri_TU_Katserkoda_010624.docx\" data-type=\"link\" data-id=\"https:\/\/sisu.ut.ee\/wp-content\/uploads\/sites\/131\/Kalibreerimiste_hinnakiri_TU_Katserkoda_010624.docx\">Hinnakiri<\/a>)<\/td><\/tr><tr><td>\u00d5hutermomeetrite kalibreerimine<\/td><td><a href=\"https:\/\/www.eak.ee\/dokumendid\/pdf\/kasitlusala\/K025.pdf\" target=\"_blank\" rel=\"noreferrer noopener\">Jah<\/a><\/td><td>Vastavalt kalibreerimispunktide arvule (<a href=\"https:\/\/sisu.ut.ee\/wp-content\/uploads\/sites\/131\/Kalibreerimiste_hinnakiri_TU_Katserkoda_010624.docx\" data-type=\"link\" data-id=\"https:\/\/sisu.ut.ee\/wp-content\/uploads\/sites\/131\/Kalibreerimiste_hinnakiri_TU_Katserkoda_010624.docx\">Hinnakiri<\/a>)<\/td><\/tr><tr><td>Diferentsiaalmanomeetrite kalibreerimine<\/td><td><a href=\"https:\/\/www.eak.ee\/dokumendid\/pdf\/kasitlusala\/K025.pdf\" target=\"_blank\" rel=\"noreferrer noopener\">Jah<\/a><\/td><td>Vastavalt kalibreerimispunktide arvule (<a href=\"https:\/\/sisu.ut.ee\/wp-content\/uploads\/sites\/131\/Kalibreerimiste_hinnakiri_TU_Katserkoda_010624.docx\" data-type=\"link\" data-id=\"https:\/\/sisu.ut.ee\/wp-content\/uploads\/sites\/131\/Kalibreerimiste_hinnakiri_TU_Katserkoda_010624.docx\">Hinnakiri<\/a>)<\/td><\/tr><tr><td>Mitteautomaatsete elektrooniliste kaalude kalibreerimine<\/td><td><a href=\"https:\/\/www.eak.ee\/dokumendid\/pdf\/kasitlusala\/K025.pdf\" target=\"_blank\" rel=\"noreferrer noopener\">Jah<\/a><\/td><td>Vastavalt kalibreerimispunktide arvule<\/td><\/tr><tr><td><strong>T\u00f6\u00f6keskkonna labor<\/strong><br>Rohkem infot: labori kontaktandmed meie\u00a0<a href=\"https:\/\/sisu.ut.ee\/katsekoda1\/kontakt\/\">kontaktide lehel<\/a><\/td><td>Aeroobsete bakterite ja hallitusseente arv\u00a0IMPAKTOR seadmega v\u00f5etud \u00f5huproovides<\/td><td>\u2013<\/td><td>\u2013<\/td><\/tr><tr><td rowspan=\"2\"><strong>Tuumaspektroskoopia labor<\/strong><br>Rohkem infot:<br><a href=\"https:\/\/sisu.ut.ee\/katsekoda1\/radioaktiivsuse-analuusid-kiirgusmoju-hinnangud\/\">Tuumaspektroskoopia labori teenused<\/a><br><\/td><td>Veeproovi radioloogiline anal\u00fc\u00fcs \u2013 Veeproovide indikatiivdoosi m\u00e4\u00e4ramine akrediteeritud metoodikaga \u201cRaadiumi isotoopide aktiivsuskontsentratsioonide m\u00e4\u00e4ramine vees gammaspektromeetrilisel meetodil\u201d<\/td><td><a href=\"https:\/\/www.eak.ee\/dokumendid\/pdf\/kasitlusala\/L151.pdf\" target=\"_blank\" rel=\"noreferrer noopener\">Jah (p<\/a><a href=\"https:\/\/www.eak.ee\/dokumendid\/pdf\/kasitlusala\/L151.pdf\">\u00f5hja-, pinna- ja joogivesi)<\/a><\/td><td>280 EUR<\/td><\/tr><tr><td>Tahke materjali gammaspektromeetriline anal\u00fc\u00fcs<\/td><td>\u2013<\/td><td>125 \u20ac<\/td><\/tr><tr><td rowspan=\"25\"><strong>Keskkonnaanal\u00fc\u00fcsi labor<\/strong><br>Rohkem infot: labori kontaktandmed meie\u00a0<a href=\"https:\/\/katsekoda.ut.ee\/kontakt\/\">kontaktide lehel<\/a><br><strong>\u00a0<\/strong><\/td><td>pH m\u00e4\u00e4ramine<\/td><td><a href=\"https:\/\/www.eak.ee\/dokumendid\/pdf\/kasitlusala\/L151.pdf\" target=\"_blank\" rel=\"noreferrer noopener\">Jah (heit- ja reovesi)<\/a><\/td><td>3 \u20ac<\/td><\/tr><tr><td>Biokeemilise hapnikutarbe (BHT<sub>7<\/sub>) m\u00e4\u00e4ramine<\/td><td><a href=\"https:\/\/www.eak.ee\/dokumendid\/pdf\/kasitlusala\/L151.pdf\" target=\"_blank\" rel=\"noreferrer noopener\">Jah (heit- ja reovesi)<\/a><\/td><td>18 \u20ac<\/td><\/tr><tr><td>\u00dcldl\u00e4mmastiku (N<sub>\u00fcld<\/sub>) m\u00e4\u00e4ramine\u00a0<\/td><td><a href=\"https:\/\/www.eak.ee\/dokumendid\/pdf\/kasitlusala\/L151.pdf\" target=\"_blank\" rel=\"noreferrer noopener\">Jah (heit- ja reovesi)<\/a><\/td><td>20 \u20ac<\/td><\/tr><tr><td>Keemilise hapnikutarbe (KHT<sub>Cr<\/sub>) m\u00e4\u00e4ramine\u00a0<\/td><td><a href=\"https:\/\/www.eak.ee\/dokumendid\/pdf\/kasitlusala\/L151.pdf\" target=\"_blank\" rel=\"noreferrer noopener\">Jah (heit- ja reovesi)<\/a><\/td><td>22 \u20ac<\/td><\/tr><tr><td>\u00dcldfosfori (P<sub>\u00fcld<\/sub>) m\u00e4\u00e4ramine<\/td><td><a href=\"https:\/\/www.eak.ee\/dokumendid\/pdf\/kasitlusala\/L151.pdf\" target=\"_blank\" rel=\"noreferrer noopener\">Jah (heit- ja reovesi)<\/a><\/td><td>18 \u20ac<\/td><\/tr><tr><td>H\u00f5ljuvaine m\u00e4\u00e4ramine<\/td><td><a href=\"https:\/\/www.eak.ee\/dokumendid\/pdf\/kasitlusala\/L151.pdf\" target=\"_blank\" rel=\"noreferrer noopener\">Jah (heit- ja reovesi)<\/a><\/td><td>12 \u20ac<\/td><\/tr><tr><td>Anioonide ioonkromatograafiline m\u00e4\u00e4ramine (Cl<sup>\u2013<\/sup>, NO<sub>2<\/sub><sup>\u2013<\/sup>, NO<sub>3<\/sub><sup>\u2013<\/sup>, SO<sub>4<\/sub><sup>2-<\/sup>)<\/td><td>\u2013<\/td><td>15 \u20ac<\/td><\/tr><tr><td>NO<sub>2<\/sub>-N<\/td><td>\u2013<\/td><td>8 \u20ac<\/td><\/tr><tr><td>NO<sub>3<\/sub>-N<\/td><td>\u2013<\/td><td>10 \u20ac<\/td><\/tr><tr><td>NH<sub>4<\/sub>-N<\/td><td>\u2013<\/td><td>9 \u20ac<\/td><\/tr><tr><td>Kuivaine, p\u00f5letusj\u00e4\u00e4k, orgaanilise aine sisaldus<\/td><td>\u2013<\/td><td>8\/15 \u20ac<\/td><\/tr><tr><td>Elektrijuhtivus<\/td><td>\u2013<\/td><td>3 \u20ac<\/td><\/tr><tr><td>Leelisus<\/td><td>\u2013<\/td><td>9 \u20ac<\/td><\/tr><tr><td>\u00dcldraud<\/td><td>\u2013<\/td><td>12 \u20ac<\/td><\/tr><tr><td>\u00dcldkaredus<\/td><td>\u2013<\/td><td>6 \u20ac<\/td><\/tr><tr><td>Ca<sup>2+<\/sup>, Mg<sup>2+<\/sup> m\u00e4\u00e4ramine<\/td><td>\u2013<\/td><td>6+1 \u20ac<\/td><\/tr><tr><td>\u00dcldorgaaniline s\u00fcsinik (TOC)<\/td><td>\u2013<\/td><td>20 \u20ac<\/td><\/tr><tr><td>\u00dcldl\u00e4mmastik Kjedahli meetodiga<\/td><td>\u2013<\/td><td>18 \u20ac<\/td><\/tr><tr><td>\u00dcldl\u00e4mmastik tahkest proovist (Kjeldahl)<\/td><td>\u2013<\/td><td>23 \u20ac<\/td><\/tr><tr><td>\u00dcldfosfor tahkest proovist<\/td><td>\u2013<\/td><td>20 \u20ac<\/td><\/tr><tr><td>Keemiline hapnikutarve (KHT) tahkest proovist<\/td><td>\u2013<\/td><td>23 \u20ac<\/td><\/tr><tr><td>Nitrifikatsiooni inhibeerimise test<\/td><td>\u2013<\/td><td>300 \u20ac<\/td><\/tr><tr><td>Denitrifikatsiooni inhibeerimise test<\/td><td>\u2013<\/td><td>300 \u20ac<\/td><\/tr><tr><td>Hapnikutarbe inhibeerimise test<\/td><td>\u2013<\/td><td>160 \u20ac<\/td><\/tr><tr><td>Biolagundatavuse m\u00e4\u00e4ramise test<\/td><td>\u2013<\/td><td>280 \u20ac<\/td><\/tr><tr><td rowspan=\"12\"><strong>Kosmosetehnoloogia labor<\/strong><br><br>Rohkem infot:<br>Kosmosetehnoloogia keskkonnakatsed \u2013<a href=\"https:\/\/kosmos.ut.ee\/et\/seadmete-katsetamine\" target=\"_blank\" rel=\"noreferrer noopener\">Kosmosetehnoloogia labor \u2013 katsetamine<\/a><br><br>Optiline radiomeetria \u2013<br><a href=\"https:\/\/kosmos.ut.ee\/et\/teenused\/optika\" target=\"_blank\" rel=\"noreferrer noopener\">Kosmosetehnoloogia labor \u2013 optika<\/a><\/td><td>Spetsialisti tunnitasu<\/td><td>\u2013<\/td><td>85 eur\/tund<\/td><\/tr><tr><td>Keskkonnakatsetused kliima- v\u00f5i vaakumkambris<\/td><td><a href=\"https:\/\/www.eak.ee\/dokumendid\/pdf\/kasitlusala\/L151.pdf\" target=\"_blank\" rel=\"noreferrer noopener\">Jah<\/a><\/td><td>105 eur\/\u00f6\u00f6p\u00e4ev<\/td><\/tr><tr><td>Optilise kiirgusanduri kalibreerimine<\/td><td><a href=\"https:\/\/www.eak.ee\/dokumendid\/pdf\/kasitlusala\/K025.pdf\" target=\"_blank\" rel=\"noreferrer noopener\">Jah<\/a><\/td><td>475 eur\/tk<\/td><\/tr><tr><td>Optilise kiirgusanduri koste ebalineaarsuse m\u00f5\u00f5tmine (anduri kalibreerimine kahe erineva s\u00e4riajaga, lisandub kalibreerimise hinnale)<\/td><td>\u2013<\/td><td>110 eur\/tk<\/td><\/tr><tr><td>Optilise kiirgusanduri suunatundlikkuse m\u00f5\u00f5tmine<\/td><td>\u2013<\/td><td>250 eur\/tk<\/td><\/tr><tr><td>Optilise kiirgusanduri temperatuuritundlikkuse m\u00f5\u00f5tmine 5 temperatuuripunktis <br>(+5, +10, +20, +30, +40) \u00b0C, lainepikkuste vahemikus (350\u2026950) nm.<\/td><td>\u2013<\/td><td>890 eur\/tk<\/td><\/tr><tr><td>Optilise kiirgusanduri hajuvalgusmaatriksi m\u00f5\u00f5tmine lainepikkuste vahemikus (350\u2026 650) nm<\/td><td>\u2013<\/td><td>713 eur\/tk<\/td><\/tr><tr><td>Optilise kiirgusanduri polarsisatsioonitundlikkuse m\u00f5\u00f5tmine 0\u00b0 \u2026 360\u00b0 sammuga 15\u00b0 lainepikkuste vahemikus (350\u2026 650) nm<\/td><td>\u2013<\/td><td>216 eur\/tk<\/td><\/tr><tr><td>Optilise filtri l\u00e4bilaskvuse m\u00f5\u00f5tmine <br>(300\u2026900) nm sammuga 1 nm<\/td><td><a href=\"https:\/\/www.eak.ee\/dokumendid\/pdf\/kasitlusala\/K025.pdf\" target=\"_blank\" rel=\"noreferrer noopener\">Jah<\/a><\/td><td>160 eur\/tk<\/td><\/tr><tr><td>FEL lambi kalibreerimine (340\u2026900) nm<\/td><td><a href=\"https:\/\/www.eak.ee\/dokumendid\/pdf\/kasitlusala\/K025.pdf\" target=\"_blank\" rel=\"noreferrer noopener\">Jah<\/a><\/td><td>1100 eur\/tk<\/td><\/tr><tr><td><br><p>P\u00f5rutuskindluse katsed<br>P\u00f5hihind (p\u00f5rutuskatse \u00fches teljes)<br>(sisaldab katse ettevalmistust, 2 sagedustunnusjoone m\u00f5\u00f5tmist ja 1 p\u00f5rutust, andmet\u00f6\u00f6tlust, katseprotokolli koostamist)<\/p><p>Iga j\u00e4rgnev t\u00e4iendav katse<br>(sisaldab 2 sagedustunnusjoone m\u00f5\u00f5tmist ja 1 p\u00f5rutust)<br>Vajadusel lisandub kinnitusrakise valmistamise kulu.<\/p><\/td><td><a href=\"https:\/\/www.eak.ee\/dokumendid\/pdf\/kasitlusala\/L151.pdf\" target=\"_blank\" rel=\"noreferrer noopener\">Jah<\/a><\/td><td><br><br>550 eur\/tk<br><br><br><br>110 eur\/tk<\/td><\/tr><tr><td><br><p>Vibratsioonitaluvuse katse<br>P\u00f5hihind (vibratsioonikatse \u00fches teljes)<br>(katse ettevalmistus, 2 sagedustunnusjoone m\u00f5\u00f5tmist ja 1 vibratsioonikatset etteantud koormusel, andmet\u00f6\u00f6tlust, katseprotokolli koostamist)<\/p><p>Iga j\u00e4rgnev t\u00e4iendav katse<br>(2 sagedustunnusjoone m\u00f5\u00f5tmist ja 1 vibratsioonikatse etteantud koormusel)<br>Vajadusel lisandub kinnitusrakise valmistamise kulu.<\/p><\/td><td><a href=\"https:\/\/www.eak.ee\/dokumendid\/pdf\/kasitlusala\/L151.pdf\" target=\"_blank\" rel=\"noreferrer noopener\">Jah<\/a><\/td><td><br><p>550 eur\/tk<\/p><br><br><p><br>110 eur\/tk<\/p><\/td><\/tr><\/tbody><\/table><figcaption class=\"wp-element-caption\">Katsekoja teenuste \u00fcldtingimused:<br>Tartu \u00dclikooli Katsekoda kinnitab, et viib k\u00f5ik oma tegevused l\u00e4bi konfidentsiaalselt ja erapooletult. Katsekoja akrediteerimise k\u00e4igus v\u00f5ivad klientide andmeid n\u00e4ha Eesti Akrediteerimiskeskuse (EAK) t\u00f6\u00f6tajad, kuid info ei kuulu avalikustamisele.<\/figcaption><\/figure>\n<\/div>\n","protected":false},"excerpt":{"rendered":"<p>Teostame mitmesuguseid anal\u00fc\u00fcse, m\u00f5\u00f5tmisi, testimisi ja kalibreerimisi, sealhulgas keerukamaid, mis on pigem uuringud kui tavap\u00e4rased \u00fcksikm\u00f5\u00f5tmised. Pakume konsultatsioone ja koolitusi. T\u00e4psema info saamiseks v\u00f5tke palun \u00fchendust vastava m\u00f5\u00f5teliigiga tegelevate inimestega (kontaktandmed meie kontaktide lehel). Viide laborile Teenuse nimetus Akrediteeritus Hind &#8230;<\/p>\n","protected":false},"author":61,"featured_media":0,"parent":0,"menu_order":0,"comment_status":"closed","ping_status":"closed","template":"","meta":{"_acf_changed":false,"inline_featured_image":false,"footnotes":""},"class_list":["post-6","page","type-page","status-publish","hentry"],"acf":[],"_links":{"self":[{"href":"https:\/\/sisu.ut.ee\/katsekoda1\/wp-json\/wp\/v2\/pages\/6","targetHints":{"allow":["GET"]}}],"collection":[{"href":"https:\/\/sisu.ut.ee\/katsekoda1\/wp-json\/wp\/v2\/pages"}],"about":[{"href":"https:\/\/sisu.ut.ee\/katsekoda1\/wp-json\/wp\/v2\/types\/page"}],"author":[{"embeddable":true,"href":"https:\/\/sisu.ut.ee\/katsekoda1\/wp-json\/wp\/v2\/users\/61"}],"replies":[{"embeddable":true,"href":"https:\/\/sisu.ut.ee\/katsekoda1\/wp-json\/wp\/v2\/comments?post=6"}],"version-history":[{"count":29,"href":"https:\/\/sisu.ut.ee\/katsekoda1\/wp-json\/wp\/v2\/pages\/6\/revisions"}],"predecessor-version":[{"id":1034,"href":"https:\/\/sisu.ut.ee\/katsekoda1\/wp-json\/wp\/v2\/pages\/6\/revisions\/1034"}],"wp:attachment":[{"href":"https:\/\/sisu.ut.ee\/katsekoda1\/wp-json\/wp\/v2\/media?parent=6"}],"curies":[{"name":"wp","href":"https:\/\/api.w.org\/{rel}","templated":true}]}}