{"id":59,"date":"2024-04-04T00:41:51","date_gmt":"2024-04-03T21:41:51","guid":{"rendered":"https:\/\/sisu.ut.ee\/katsekoda1\/muud\/"},"modified":"2024-04-09T10:40:04","modified_gmt":"2024-04-09T07:40:04","slug":"muud","status":"publish","type":"page","link":"https:\/\/sisu.ut.ee\/katsekoda1\/muud\/","title":{"rendered":"Muud v\u00f5rdlusm\u00f5\u00f5tmised"},"content":{"rendered":"<table class=\"table table-hover\" style=\"width: 850px;\" border=\"0\">\n<tbody>\n<tr>\n<td>\n<h3><span style=\"font-size: medium;\"><strong>Kahepoolne \u00f5hu liikumise kiiruse alane v\u00f5rdlusm\u00f5\u00f5tmine\u00a02013<\/strong><\/span><\/h3>\n<p><span style=\"line-height: 21px; background-color: transparent;\">Koost\u00f6\u00f6s Jormita OY-ga viisime l\u00e4bi kahepoolse v\u00f5rdlusm\u00f5\u00f5tmise \u00f5hu liikumise kiiruse alal.<\/span><\/p><\/td>\n<td><a href=\"https:\/\/sisu.ut.ee\/wp-content\/uploads\/sites\/131\/interlaboratory_comparison_report_jormita_tcut_130613.pdf\" data-fid=\"10080\">V\u00f5rdlusm\u00f5\u00f5tmise l\u00f5pparuanne<\/a><\/td>\n<\/tr>\n<tr>\n<td><span style=\"font-size: medium;\"><strong>Pestitsiidij\u00e4\u00e4kide m\u00e4\u00e4ramise v\u00f5rdlusm\u00f5\u00f5tmine Pest-1 (2009)<\/strong><\/span><\/td>\n<td><a href=\"https:\/\/sisu.ut.ee\/wp-content\/uploads\/sites\/131\/pest-1_final_report_final.pdf\" data-fid=\"10079\">V\u00f5rdlusm\u00f5\u00f5tmise l\u00f5pparuanne<\/a><\/td>\n<\/tr>\n<tr>\n<td>\n<h3><span style=\"font-size: medium;\"><strong>Baltimaade v\u00f5rdlusm\u00f5\u00f5tmine spektrofotomeetria alal SPB-1 (2006)<\/strong><\/span><\/h3>\n<p><span style=\"line-height: 21px; background-color: transparent;\">Osales 11 laborit Eestist, 9 laborit L\u00e4tist ja 4 laborit Leedust.<\/span><\/p><\/td>\n<td><a href=\"https:\/\/sisu.ut.ee\/wp-content\/uploads\/sites\/131\/spb-1_fin_rep_final.pdf\" data-fid=\"10078\">V\u00f5rdlusm\u00f5\u00f5tmise l\u00f5pparuanne<\/a><\/td>\n<\/tr>\n<tr>\n<td>\n<h3><span style=\"font-size: medium;\"><strong>Balti vordlusmootmised: j\u00e4lgelementide sisaldus joogivees GV-3<\/strong><\/span><\/h3>\n<p><span style=\"line-height: 21px; background-color: transparent;\">Esimene sedat\u00fc\u00fcpi v\u00f5rdlusm\u00f5\u00f5tmine toimus s\u00fcgisel 2003.\u00a0<\/span><\/p><\/td>\n<td><\/td>\n<\/tr>\n<\/tbody>\n<\/table>\n","protected":false},"excerpt":{"rendered":"<p>Kahepoolne \u00f5hu liikumise kiiruse alane v\u00f5rdlusm\u00f5\u00f5tmine\u00a02013 Koost\u00f6\u00f6s Jormita OY-ga viisime l\u00e4bi kahepoolse v\u00f5rdlusm\u00f5\u00f5tmise \u00f5hu liikumise kiiruse alal. V\u00f5rdlusm\u00f5\u00f5tmise l\u00f5pparuanne Pestitsiidij\u00e4\u00e4kide m\u00e4\u00e4ramise v\u00f5rdlusm\u00f5\u00f5tmine Pest-1 (2009) V\u00f5rdlusm\u00f5\u00f5tmise l\u00f5pparuanne Baltimaade v\u00f5rdlusm\u00f5\u00f5tmine spektrofotomeetria alal SPB-1 (2006) Osales 11 laborit Eestist, 9 laborit L\u00e4tist ja &#8230;<\/p>\n","protected":false},"author":61,"featured_media":0,"parent":0,"menu_order":0,"comment_status":"closed","ping_status":"closed","template":"","meta":{"_acf_changed":false,"inline_featured_image":false,"footnotes":""},"class_list":["post-59","page","type-page","status-publish","hentry"],"acf":[],"_links":{"self":[{"href":"https:\/\/sisu.ut.ee\/katsekoda1\/wp-json\/wp\/v2\/pages\/59","targetHints":{"allow":["GET"]}}],"collection":[{"href":"https:\/\/sisu.ut.ee\/katsekoda1\/wp-json\/wp\/v2\/pages"}],"about":[{"href":"https:\/\/sisu.ut.ee\/katsekoda1\/wp-json\/wp\/v2\/types\/page"}],"author":[{"embeddable":true,"href":"https:\/\/sisu.ut.ee\/katsekoda1\/wp-json\/wp\/v2\/users\/61"}],"replies":[{"embeddable":true,"href":"https:\/\/sisu.ut.ee\/katsekoda1\/wp-json\/wp\/v2\/comments?post=59"}],"version-history":[{"count":4,"href":"https:\/\/sisu.ut.ee\/katsekoda1\/wp-json\/wp\/v2\/pages\/59\/revisions"}],"predecessor-version":[{"id":353,"href":"https:\/\/sisu.ut.ee\/katsekoda1\/wp-json\/wp\/v2\/pages\/59\/revisions\/353"}],"wp:attachment":[{"href":"https:\/\/sisu.ut.ee\/katsekoda1\/wp-json\/wp\/v2\/media?parent=59"}],"curies":[{"name":"wp","href":"https:\/\/api.w.org\/{rel}","templated":true}]}}