{"id":58,"date":"2024-04-04T00:41:51","date_gmt":"2024-04-03T21:41:51","guid":{"rendered":"https:\/\/sisu.ut.ee\/katsekoda1\/tookeskkond\/"},"modified":"2024-04-09T10:37:18","modified_gmt":"2024-04-09T07:37:18","slug":"tookeskkond","status":"publish","type":"page","link":"https:\/\/sisu.ut.ee\/katsekoda1\/tookeskkond\/","title":{"rendered":"T\u00f6\u00f6keskkonnaparameetrite v\u00f5rdlusm\u00f5\u00f5tmised"},"content":{"rendered":"<table class=\"table table-hover\" style=\"width: 850px;\" border=\"0\">\n<tbody>\n<tr>\n<td>\n<h3><strong style=\"font-size: medium; color: inherit; font-family: inherit; background-color: transparent;\">Ventilatsiooni ja sisekliima parameetrite v\u00f5rdlusm\u00f5\u00f5tmine 2017<\/strong><\/h3>\n<\/td>\n<td><a href=\"https:\/\/sisu.ut.ee\/wp-content\/uploads\/sites\/131\/vordlusmootmise_aruanne_30062017_loplik_2.pdf\" target=\"_blank\" rel=\"noopener\" data-fid=\"22502\">V\u00f5rdlusm\u00f5\u00f5tmise l\u00f5pparuanne<\/a><\/td>\n<\/tr>\n<tr>\n<td>\n<h3><strong style=\"font-size: medium; color: inherit; font-family: inherit; background-color: transparent;\">Mikrokliima, ventilatsioonis\u00fcsteemi ja ventilatsioonim\u00fcra laboritevaheline v\u00f5rdlusm\u00f5\u00f5tmine 2011<\/strong><\/h3>\n<\/td>\n<td><a href=\"https:\/\/sisu.ut.ee\/wp-content\/uploads\/sites\/131\/vm.2011.aruanne.0904.fin_.pdf\" data-fid=\"10077\">V\u00f5rdlusm\u00f5\u00f5tmise l\u00f5pparuanne<\/a><\/td>\n<\/tr>\n<tr>\n<td>\n<h3><strong><span style=\"font-size: medium;\">Ventilatsioonis\u00fcsteemi ja mikrokliima parameetrite v\u00f5rdlusm\u00f5\u00f5tmine 2008<\/span><\/strong><\/h3>\n<p>V\u00f5rdlusm\u00f5\u00f5tmine viidi l\u00e4bi\u00a02008. aasta mais ja juunis.<\/p><\/td>\n<td><a href=\"https:\/\/sisu.ut.ee\/wp-content\/uploads\/sites\/131\/2008_vm_mikrokliima_ventilatsioon_final.pdf\" data-fid=\"10076\">V\u00f5rdlusm\u00f5\u00f5tmise l\u00f5pparuanne<\/a><\/td>\n<\/tr>\n<tr>\n<td>\n<h3><span style=\"font-size: medium;\"><strong>Laboritevahelised t\u00f6\u00f6keskkonna-alased vordlusmootmised 2006<\/strong><\/span><\/h3>\n<p>T\u00dc Katsekoda koostoos Tartu \u00dclikooli Arstiteaduskonna Tervishoiu Instituudiga korraldas ajavahemikul 20. aprill kuni 24. aprill 2006 t\u00f6\u00f6keskkonna f\u00fc\u00fcsikaliste parameetrite vordlusmootmised. M\u00f5\u00f5detavad parameetrid olid ruumi kunstlik \u00fcldvalgustatus, kunstlik valgustatus etteantud t\u00f6\u00f6kohtadel, mikrokliima etteantud t\u00f6\u00f6kohtadel (temperatuur, \u00f5huniiskus, \u00f5hu liikumise kiirus), m\u00fcratase etteantud t\u00f6\u00f6kohtadel, ruumi mehaanilise ventilatsiooni parameetrid.<\/p><\/td>\n<td><a href=\"https:\/\/sisu.ut.ee\/wp-content\/uploads\/sites\/131\/vm2006_aruanne_final10.pdf\" data-fid=\"10075\">V\u00f5rdlusm\u00f5\u00f5tmise l\u00f5pparuanne<\/a><\/td>\n<\/tr>\n<tr>\n<td>\n<h3><span style=\"font-size: medium;\"><strong>T\u00f6\u00f6keskkonna f\u00fc\u00fcsikaliste parameetrite vordlusmootmised 2004<\/strong><\/span><\/h3>\n<p>Tartu \u00dclikooli Arstiteaduskonna Tervishoiu Instituut koostoos T\u00dc Katsekojaga korraldas 04. novembril 2004 Tartu \u00dclikooli Biomeedikumis t\u00f6\u00f6keskkonna f\u00fc\u00fcsikaliste parameetrite v\u00f5rdluskatsed. M\u00f5\u00f5detavad parameetrid olid: ruumi kunstlik \u00fcldvalgustatus, kunstlik valgustatus etteantud t\u00f6\u00f6kohtadel, mikrokliima etteantud t\u00f6\u00f6kohtadel (temperatuur, \u00f5huniiskus, \u00f5hu liikumise kiirus), m\u00fcratase etteantud t\u00f6\u00f6kohtadel, ruumi mehaanilise ventilatsiooni parameetrid.<\/p>\n<p><span style=\"font-size: small;\"><span style=\"font-size: small;\"><span style=\"font-size: small;\"><span style=\"font-size: small;\"><strong>\u00a0<\/strong><\/span><\/span><\/span><\/span><\/p><\/td>\n<td><a href=\"https:\/\/sisu.ut.ee\/wp-content\/uploads\/sites\/131\/we_2004.pdf\" data-fid=\"10074\">V\u00f5rdlusm\u00f5\u00f5tmise l\u00f5pparuanne<\/a><\/td>\n<\/tr>\n<\/tbody>\n<\/table>\n","protected":false},"excerpt":{"rendered":"<p>Ventilatsiooni ja sisekliima parameetrite v\u00f5rdlusm\u00f5\u00f5tmine 2017 V\u00f5rdlusm\u00f5\u00f5tmise l\u00f5pparuanne Mikrokliima, ventilatsioonis\u00fcsteemi ja ventilatsioonim\u00fcra laboritevaheline v\u00f5rdlusm\u00f5\u00f5tmine 2011 V\u00f5rdlusm\u00f5\u00f5tmise l\u00f5pparuanne Ventilatsioonis\u00fcsteemi ja mikrokliima parameetrite v\u00f5rdlusm\u00f5\u00f5tmine 2008 V\u00f5rdlusm\u00f5\u00f5tmine viidi l\u00e4bi\u00a02008. aasta mais ja juunis. V\u00f5rdlusm\u00f5\u00f5tmise l\u00f5pparuanne Laboritevahelised t\u00f6\u00f6keskkonna-alased vordlusmootmised 2006 T\u00dc Katsekoda koostoos Tartu &#8230;<\/p>\n","protected":false},"author":61,"featured_media":0,"parent":0,"menu_order":0,"comment_status":"closed","ping_status":"closed","template":"","meta":{"_acf_changed":false,"inline_featured_image":false,"footnotes":""},"class_list":["post-58","page","type-page","status-publish","hentry"],"acf":[],"_links":{"self":[{"href":"https:\/\/sisu.ut.ee\/katsekoda1\/wp-json\/wp\/v2\/pages\/58","targetHints":{"allow":["GET"]}}],"collection":[{"href":"https:\/\/sisu.ut.ee\/katsekoda1\/wp-json\/wp\/v2\/pages"}],"about":[{"href":"https:\/\/sisu.ut.ee\/katsekoda1\/wp-json\/wp\/v2\/types\/page"}],"author":[{"embeddable":true,"href":"https:\/\/sisu.ut.ee\/katsekoda1\/wp-json\/wp\/v2\/users\/61"}],"replies":[{"embeddable":true,"href":"https:\/\/sisu.ut.ee\/katsekoda1\/wp-json\/wp\/v2\/comments?post=58"}],"version-history":[{"count":5,"href":"https:\/\/sisu.ut.ee\/katsekoda1\/wp-json\/wp\/v2\/pages\/58\/revisions"}],"predecessor-version":[{"id":349,"href":"https:\/\/sisu.ut.ee\/katsekoda1\/wp-json\/wp\/v2\/pages\/58\/revisions\/349"}],"wp:attachment":[{"href":"https:\/\/sisu.ut.ee\/katsekoda1\/wp-json\/wp\/v2\/media?parent=58"}],"curies":[{"name":"wp","href":"https:\/\/api.w.org\/{rel}","templated":true}]}}