{"id":57,"date":"2024-04-04T00:41:51","date_gmt":"2024-04-03T21:41:51","guid":{"rendered":"https:\/\/sisu.ut.ee\/katsekoda1\/lahustunud-hapnik\/"},"modified":"2024-04-18T10:28:45","modified_gmt":"2024-04-18T07:28:45","slug":"lahustunud-hapnik","status":"publish","type":"page","link":"https:\/\/sisu.ut.ee\/katsekoda1\/lahustunud-hapnik\/","title":{"rendered":"Lahustunud hapniku v\u00f5rdlusm\u00f5\u00f5tmised"},"content":{"rendered":"<table class=\"table table-hover\" style=\"width: 850px;\" border=\"0\">\n<tbody>\n<tr>\n<td>\n<h3><span style=\"font-size: small; line-height: 21px; background-color: transparent;\">\u00a0<span style=\"font-size: medium;\"><strong>Rahvusvaheline lahustunud hapniku v\u00f5rdlusm\u00f5\u00f5tmine FIELDOXY 2014<\/strong><\/span><\/span><\/h3>\n<\/td>\n<td><a href=\"https:\/\/each.ut.ee\/EACH\/dissolved-oxygen-intercomparison-measurement-fieldoxy-2014\/\">V\u00f5rdlusm\u00f5\u00f5tmise l\u00f5pparuanne<\/a><\/td>\n<\/tr>\n<tr>\n<td>\n<h3><span style=\"font-size: medium;\"><strong>Rahvusvaheline lahustunud hapniku <em>in-situ<\/em> v\u00f5rdlusm\u00f5\u00f5tmine 2012<\/strong><\/span><\/h3>\n<\/td>\n<td><a href=\"https:\/\/sisu.ut.ee\/wp-content\/uploads\/sites\/131\/estdo-2012_final_report.pdf\" data-fid=\"10071\">V\u00f5rdlusm\u00f5\u00f5tmise l\u00f5pparuanne<\/a><\/td>\n<\/tr>\n<tr>\n<td>\n<h3><span style=\"font-size: medium;\"><strong>pH ja Lahustunud hapniku v\u00f5rdlusm\u00f5\u00f5tmine 2006<\/strong><\/span><\/h3>\n<p><span style=\"line-height: 21px; background-color: transparent;\">Lahustunud hapniku sisalduse ja pH v\u00f5rdlusm\u00f5\u00f5tmine 2006 toimus 07.03.2006 T\u00dc Keemiahoones. Osales 8 laborit \u00fcle Eesti. See on niinimetatud in situ (kohapealne) v\u00f5rdlusm\u00f5\u00f5tmine, see t\u00e4hendab, et k\u00f5ik osalejad kogunevad samal p\u00e4eval samasse ruumi, kus m\u00f5\u00f5tmised l\u00e4bi viiakse.<\/span><span style=\"line-height: 21px; font-size: small; background-color: transparent;\">\u00a0<\/span><\/p><\/td>\n<td><a href=\"https:\/\/sisu.ut.ee\/wp-content\/uploads\/sites\/131\/o2_ph_tulemused_2006.pdf\" data-fid=\"10070\">V\u00f5rdlusm\u00f5\u00f5tmise l\u00f5pparuanne<\/a><\/td>\n<\/tr>\n<tr>\n<td>\n<h3><strong><span style=\"font-size: medium;\">Lahustunud hapniku ja pH v\u00f5rdlusm\u00f5\u00f5tmine 2005\u00a0<\/span><\/strong><\/h3>\n<p>Lahustunud hapniku sisalduse ja pH v\u00f5rdlusm\u00f5\u00f5tmine 2005 toimus 03.02.2005 T\u00dc Keemiahoones. Osales 8 laborit \u00fcle Eesti. See v\u00f5rdlusm\u00f5\u00f5tmine oli analoogne allpool lahustunud hapniku v\u00f5rdlusm\u00f5\u00f5tmisele 2004, selle erinevusega, et seekord oli m\u00f5\u00f5tesuurusena kaasatud ka pH. See on niinimetatud in situ (kohapealne) v\u00f5rdlusm\u00f5\u00f5tmine, see t\u00e4hendab, et k\u00f5ik osalejad kogunevad samal p\u00e4eval samasse ruumi, kus m\u00f5\u00f5tmised l\u00e4bi viiakse.<\/p>\n<p><a href=\"https:\/\/sisu.ut.ee\/wp-content\/uploads\/sites\/131\/ph_u.pdf\" data-fid=\"10072\">M\u00e4\u00e4ramatus pH m\u00f5\u00f5tmisel<\/a><\/p>\n<p><a href=\"https:\/\/sisu.ut.ee\/wp-content\/uploads\/sites\/131\/o_2.pdf\" data-fid=\"10073\">Lahustunud hapniku v\u00f5rdlusm\u00f5\u00f5tmiste uuringud<\/a><\/p><\/td>\n<td><a href=\"https:\/\/sisu.ut.ee\/wp-content\/uploads\/sites\/131\/o2_ph_tulemused_2005.pdf\" data-fid=\"10069\">V\u00f5rdlusm\u00f5\u00f5tmise l\u00f5pparuanne<\/a><\/td>\n<\/tr>\n<tr>\n<td>\n<h3><strong><span style=\"font-size: medium;\">Lahustunud hapniku vordlusmootmised 2004<\/span><\/strong><\/h3>\n<p>T\u00dc keemiahoones viidi 02.03.04 l\u00e4bi laboritevahelised vordlusmootmised lahustunud hapniku kontsentratsiooni m\u00e4\u00e4ramiseks erinevatel temperatuuridel. Tulemusi v\u00f5rreldi v\u00f5rdlusm\u00f5\u00f5tmiste kriteeriumi abil ja esitati graafikutena. M\u00f5\u00f5tes\u00fcsteemide maaramatuste hindamisel kasutati kahte meetodit.<\/p><\/td>\n<td><a href=\"https:\/\/sisu.ut.ee\/wp-content\/uploads\/sites\/131\/tulemused.pdf\" data-fid=\"10068\">V\u00f5rdlusm\u00f5\u00f5tmise l\u00f5pparuanne<\/a><\/td>\n<\/tr>\n<\/tbody>\n<\/table>\n","protected":false},"excerpt":{"rendered":"<p>\u00a0Rahvusvaheline lahustunud hapniku v\u00f5rdlusm\u00f5\u00f5tmine FIELDOXY 2014 V\u00f5rdlusm\u00f5\u00f5tmise l\u00f5pparuanne Rahvusvaheline lahustunud hapniku in-situ v\u00f5rdlusm\u00f5\u00f5tmine 2012 V\u00f5rdlusm\u00f5\u00f5tmise l\u00f5pparuanne pH ja Lahustunud hapniku v\u00f5rdlusm\u00f5\u00f5tmine 2006 Lahustunud hapniku sisalduse ja pH v\u00f5rdlusm\u00f5\u00f5tmine 2006 toimus 07.03.2006 T\u00dc Keemiahoones. Osales 8 laborit \u00fcle Eesti. See on &#8230;<\/p>\n","protected":false},"author":61,"featured_media":0,"parent":0,"menu_order":0,"comment_status":"closed","ping_status":"closed","template":"","meta":{"_acf_changed":false,"inline_featured_image":false,"footnotes":""},"class_list":["post-57","page","type-page","status-publish","hentry"],"acf":[],"_links":{"self":[{"href":"https:\/\/sisu.ut.ee\/katsekoda1\/wp-json\/wp\/v2\/pages\/57","targetHints":{"allow":["GET"]}}],"collection":[{"href":"https:\/\/sisu.ut.ee\/katsekoda1\/wp-json\/wp\/v2\/pages"}],"about":[{"href":"https:\/\/sisu.ut.ee\/katsekoda1\/wp-json\/wp\/v2\/types\/page"}],"author":[{"embeddable":true,"href":"https:\/\/sisu.ut.ee\/katsekoda1\/wp-json\/wp\/v2\/users\/61"}],"replies":[{"embeddable":true,"href":"https:\/\/sisu.ut.ee\/katsekoda1\/wp-json\/wp\/v2\/comments?post=57"}],"version-history":[{"count":6,"href":"https:\/\/sisu.ut.ee\/katsekoda1\/wp-json\/wp\/v2\/pages\/57\/revisions"}],"predecessor-version":[{"id":649,"href":"https:\/\/sisu.ut.ee\/katsekoda1\/wp-json\/wp\/v2\/pages\/57\/revisions\/649"}],"wp:attachment":[{"href":"https:\/\/sisu.ut.ee\/katsekoda1\/wp-json\/wp\/v2\/media?parent=57"}],"curies":[{"name":"wp","href":"https:\/\/api.w.org\/{rel}","templated":true}]}}