{"id":5,"date":"2024-04-04T00:41:48","date_gmt":"2024-04-03T21:41:48","guid":{"rendered":"https:\/\/sisu.ut.ee\/katsekoda1\/kontakt\/"},"modified":"2025-11-11T08:08:49","modified_gmt":"2025-11-11T06:08:49","slug":"kontakt","status":"publish","type":"page","link":"https:\/\/sisu.ut.ee\/katsekoda1\/kontakt\/","title":{"rendered":"Kontakt"},"content":{"rendered":"<div style=\"height:29px\" aria-hidden=\"true\" class=\"wp-block-spacer\"><\/div>\n\n\n\n<p class=\"has-text-align-center has-large-font-size\"><strong>\u00dcldine kontakt<\/strong><\/p>\n\n\n\n<p class=\"has-text-align-center has-regular-font-size\">Tartu \u00dclikooli Katsekoda,\u00a0Ravila 14A, 50411\u00a0Tartu, Eesti<\/p>\n\n\n\n<p class=\"has-text-align-center has-regular-font-size\"><a href=\"mailto:katsekoda@ut.ee\">katsekoda@ut.ee<\/a><\/p>\n\n\n\n<figure class=\"wp-block-table is-style-stripes has-small-font-size\"><table class=\"table table-hover\"><tbody><tr><td class=\"has-text-align-left\" data-align=\"left\"><strong>Koit Herodes<\/strong><br>Katsekoja juhataja, kaasprofessor<br>PhD (f\u00fc\u00fcsikaline ja anal\u00fc\u00fctiline keemia)<\/td><td class=\"has-text-align-right\" data-align=\"right\">koit.herodes@ut.ee<br>+372 737 6030<\/td><\/tr><tr><td class=\"has-text-align-left\" data-align=\"left\"><strong>Kristel Kroon-Elmet<\/strong><br>Katsekoja kvaliteedijuht<br>MSc (keskkonnatehnoloogia)<\/td><td class=\"has-text-align-right\" data-align=\"right\">kristel.kroon-elmet@ut.ee<\/td><\/tr><tr><td class=\"has-text-align-left\" data-align=\"left\"><strong>Marju Rosenthal<\/strong><br>Sekret\u00e4r<\/td><td class=\"has-text-align-right\" data-align=\"right\">marju.rosenthal@ut.ee<br>+372 737 5261<\/td><\/tr><\/tbody><\/table><\/figure>\n\n\n\n<div style=\"height:29px\" aria-hidden=\"true\" class=\"wp-block-spacer\"><\/div>\n\n\n\n<p class=\"has-text-align-center has-large-font-size\"><strong>Keemiametroloogia labor<\/strong><\/p>\n\n\n\n<p class=\"has-text-align-center has-regular-font-size\">Keemilised anal\u00fc\u00fcsid, m\u00f5\u00f5tmised ja \u00f5huparameetrite m\u00f5\u00f5tevahendite kalibreerimised<\/p>\n\n\n\n<p class=\"has-text-align-center has-regular-font-size\">Ravila 14A, 50411, Tartu<\/p>\n\n\n\n<figure class=\"wp-block-table is-style-stripes has-small-font-size\"><table class=\"table table-hover\"><tbody><tr><td class=\"has-text-align-left\" data-align=\"left\"><strong>Koit Herodes<\/strong><br>Labori juhataja, Katsekoja juhataja, dotsent<br>PhD (f\u00fc\u00fcsikaline ja anal\u00fc\u00fctiline keemia)<\/td><td class=\"has-text-align-right\" data-align=\"right\">koit.herodes@ut.ee<br>+372 737 6030<\/td><\/tr><tr><td class=\"has-text-align-left\" data-align=\"left\"><strong>Martin Vilbaste<\/strong><br>Metroloogia spetsialist<br>F\u00fc\u00fcsikalised m\u00f5\u00f5tmised, kalibreerimised ja uuringud<br>PhD (rakendusf\u00fc\u00fcsika)<\/td><td class=\"has-text-align-right\" data-align=\"right\">martin.vilbaste@ut.ee<br>+372 737 6034<\/td><\/tr><tr><td class=\"has-text-align-left\" data-align=\"left\"><strong>Ivo Leito<\/strong><br>Professor<br>Keemiaalased uuringud, projektid ja v\u00f5rdlusmootmised, keemiaalane koolitus<br>PhD (f\u00fc\u00fcsikaline ja anal\u00fc\u00fctiline keemia)<\/td><td class=\"has-text-align-right\" data-align=\"right\">ivo.leito@ut.ee<br>+372 737 5259,<br>+372 518 4176<\/td><\/tr><tr><td class=\"has-text-align-left\" data-align=\"left\"><strong>Vladimir Shor<\/strong><br>Insener<br>M\u00f5\u00f5teriistade ehitamine, hooldus ja remont:<\/td><td class=\"has-text-align-right\" data-align=\"right\">vladimir.shor@ut.ee<br>+372 737 5584,\u00a0<br>+372 509 2257<\/td><\/tr><\/tbody><\/table><\/figure>\n\n\n\n<div style=\"height:29px\" aria-hidden=\"true\" class=\"wp-block-spacer\"><\/div>\n\n\n\n<p class=\"has-text-align-center has-large-font-size\"><strong>T\u00f6\u00f6keskkonna labor<\/strong><\/p>\n\n\n\n<p class=\"has-text-align-center has-regular-font-size\">T\u00f6\u00f6keskkonna mikrobioloogilised m\u00f5\u00f5distamised<\/p>\n\n\n\n<p class=\"has-text-align-center has-regular-font-size\">Ravila 19, 50411, Tartu<\/p>\n\n\n\n<figure class=\"wp-block-table is-style-stripes has-small-font-size\"><table class=\"table table-hover\"><tbody><tr><td><strong>Ene Indermitte<\/strong><br>Labori juhataja<br>Mikrobioloogised m\u00f5\u00f5tmised ja uuringud<br>PhD (loodusgeograafia)<\/td><td class=\"has-text-align-right\" data-align=\"right\">ene.indermitte@ut.ee<br>+372 737 4197<\/td><\/tr><\/tbody><\/table><\/figure>\n\n\n\n<div style=\"height:29px\" aria-hidden=\"true\" class=\"wp-block-spacer\"><\/div>\n\n\n\n<p class=\"has-text-align-center has-large-font-size\"><strong>Tuumaspektroskoopia labor<\/strong><\/p>\n\n\n\n<p class=\"has-text-align-center has-regular-font-size\">Gammaspektromeetrilised m\u00f5\u00f5tmised<\/p>\n\n\n\n<p class=\"has-text-align-center has-regular-font-size\">W. Ostwaldi 1, 50411\u00a0Tartu<\/p>\n\n\n\n<figure class=\"wp-block-table is-style-stripes has-small-font-size\"><table class=\"table table-hover\"><tbody><tr><td><strong>Siiri Salupere<\/strong><br>Labori juhataja, kiirguskaitse teadur<br>PhD (keskkonnatehnoloogia)<\/td><td class=\"has-text-align-right\" data-align=\"right\">siiri.salupere@ut.ee<br>+372 737 4780<\/td><\/tr><tr><td><strong>Liina Kangur<\/strong><br>Biof\u00fc\u00fcsika teadur<br>PhD (biokeemia)<\/td><td class=\"has-text-align-right\" data-align=\"right\">liina.kangur@ut.ee<br>+372 507 1061<\/td><\/tr><\/tbody><\/table><\/figure>\n\n\n\n<div style=\"height:29px\" aria-hidden=\"true\" class=\"wp-block-spacer\"><\/div>\n\n\n\n<p class=\"has-text-align-center has-large-font-size\"><strong>Keskkonnaanal\u00fc\u00fcsi labor<\/strong><\/p>\n\n\n\n<p class=\"has-text-align-center has-regular-font-size\">Vee keemilised anal\u00fc\u00fcsid ja reoveepuhastusprotsesside uuringud<\/p>\n\n\n\n<p class=\"has-text-align-center has-regular-font-size\">Ravila 14A, 50411, Tartu<\/p>\n\n\n\n<figure class=\"wp-block-table is-style-stripes has-small-font-size\"><table class=\"table table-hover\"><tbody><tr><td><strong>Christina M\u00fcrk<\/strong><br>Labori juhataja, spetsialist<br>MSc (keskkonnatehnoloogia)<\/td><td class=\"has-text-align-right\" data-align=\"right\">christina.murk@ut.ee<br>+372 737 6648<br>+372 737 5179<\/td><\/tr><tr><td><strong>Anne Paaver<\/strong><br>Laborant<br>MSc (bioloogia)<\/td><td class=\"has-text-align-right\" data-align=\"right\">anne.paaver@ut.ee<\/td><\/tr><\/tbody><\/table><\/figure>\n\n\n\n<div style=\"height:29px\" aria-hidden=\"true\" class=\"wp-block-spacer\"><\/div>\n\n\n\n<p class=\"has-text-align-center has-large-font-size\"><strong>Kosmosetehnoloogia labor<\/strong><\/p>\n\n\n\n<p class=\"has-text-align-center has-regular-font-size\">Optiline radiomeetria. Vibratsiooni, p\u00f5rutuskindluse, kliima ja termovaakumkatsed. Elektromagnetiline \u00fchilduvus.<\/p>\n\n\n\n<p class=\"has-text-align-center has-regular-font-size\">Observatooriumi 1, 61602, N\u00f5o vald,\u00a0+3727374511, tolab@ut.ee<\/p>\n\n\n\n<p class=\"has-text-align-center has-regular-font-size\">Lisainfo\u00a0<a href=\"https:\/\/kosmos.ut.ee\/et\/laboriteenused\" target=\"_blank\" rel=\"noreferrer noopener\">Tartu observatooriumi laboriteenuste kodulehek\u00fcljelt<\/a><\/p>\n\n\n\n<figure class=\"wp-block-table is-style-stripes has-small-font-size\"><table class=\"table table-hover\"><tbody><tr><td><strong>Riho Vendt<\/strong><br>Labori juhataja, vanemteadur<br>PhD (f\u00fc\u00fcsika)<\/td><td class=\"has-text-align-right\" data-align=\"right\">riho.vendt@ut.ee<\/td><\/tr><tr><td><strong>Mari Allik<\/strong><br>Insener (keskkonna ja mehaanilised katsetused)<br>MSc (arvutitehnika)<\/td><td class=\"has-text-align-right\" data-align=\"right\">mari.allik@ut.ee<\/td><\/tr><tr><td><strong>Viljo Allik<\/strong><br>Juhtivinsener (elektromagnetiline \u00fchilduvus, elektroonika)<br>MSc (raadiotehnika)<\/td><td class=\"has-text-align-right\" data-align=\"right\">viljo.allik@ut.ee<\/td><\/tr><tr><td><strong>Joel Kuusk<\/strong><br>Kaasprofessor (optiline radiomeetria)<br>PhD (rakendusf\u00fc\u00fcsika)<\/td><td class=\"has-text-align-right\" data-align=\"right\">joel.kuusk@ut.ee<\/td><\/tr><tr><td><strong>Viktor Vabson<\/strong><br>Teadur (kalibreerimine, m\u00f5\u00f5tem\u00e4\u00e4ramatus)<br>PhD (f\u00fc\u00fcsika)<\/td><td class=\"has-text-align-right\" data-align=\"right\">viktor.vabson@ut.ee<\/td><\/tr><tr><td><strong>Ilmar Ansko<\/strong><br>Vaneminsener (optilised m\u00f5\u00f5tmised, kalibreerimine)<br>MSc (rakendusf\u00fc\u00fcsika)<\/td><td class=\"has-text-align-right\" data-align=\"right\">Ilmar.ansko@ut.ee<\/td><\/tr><\/tbody><\/table><\/figure>\n\n\n\n<div style=\"height:29px\" aria-hidden=\"true\" class=\"wp-block-spacer\"><\/div>\n","protected":false},"excerpt":{"rendered":"<p>\u00dcldine kontakt Tartu \u00dclikooli Katsekoda,\u00a0Ravila 14A, 50411\u00a0Tartu, Eesti katsekoda@ut.ee Koit HerodesKatsekoja juhataja, kaasprofessorPhD (f\u00fc\u00fcsikaline ja anal\u00fc\u00fctiline keemia) koit.herodes@ut.ee+372 737 6030 Kristel Kroon-ElmetKatsekoja kvaliteedijuhtMSc (keskkonnatehnoloogia) kristel.kroon-elmet@ut.ee Marju RosenthalSekret\u00e4r marju.rosenthal@ut.ee+372 737 5261 Keemiametroloogia labor Keemilised anal\u00fc\u00fcsid, m\u00f5\u00f5tmised ja \u00f5huparameetrite m\u00f5\u00f5tevahendite kalibreerimised Ravila &#8230;<\/p>\n","protected":false},"author":61,"featured_media":0,"parent":0,"menu_order":0,"comment_status":"closed","ping_status":"closed","template":"","meta":{"_acf_changed":false,"inline_featured_image":false,"footnotes":""},"class_list":["post-5","page","type-page","status-publish","hentry"],"acf":[],"_links":{"self":[{"href":"https:\/\/sisu.ut.ee\/katsekoda1\/wp-json\/wp\/v2\/pages\/5","targetHints":{"allow":["GET"]}}],"collection":[{"href":"https:\/\/sisu.ut.ee\/katsekoda1\/wp-json\/wp\/v2\/pages"}],"about":[{"href":"https:\/\/sisu.ut.ee\/katsekoda1\/wp-json\/wp\/v2\/types\/page"}],"author":[{"embeddable":true,"href":"https:\/\/sisu.ut.ee\/katsekoda1\/wp-json\/wp\/v2\/users\/61"}],"replies":[{"embeddable":true,"href":"https:\/\/sisu.ut.ee\/katsekoda1\/wp-json\/wp\/v2\/comments?post=5"}],"version-history":[{"count":24,"href":"https:\/\/sisu.ut.ee\/katsekoda1\/wp-json\/wp\/v2\/pages\/5\/revisions"}],"predecessor-version":[{"id":1011,"href":"https:\/\/sisu.ut.ee\/katsekoda1\/wp-json\/wp\/v2\/pages\/5\/revisions\/1011"}],"wp:attachment":[{"href":"https:\/\/sisu.ut.ee\/katsekoda1\/wp-json\/wp\/v2\/media?parent=5"}],"curies":[{"name":"wp","href":"https:\/\/api.w.org\/{rel}","templated":true}]}}