{"id":46,"date":"2024-04-04T00:41:51","date_gmt":"2024-04-03T21:41:51","guid":{"rendered":"https:\/\/sisu.ut.ee\/katsekoda1\/oppematerjale\/"},"modified":"2024-04-18T10:24:57","modified_gmt":"2024-04-18T07:24:57","slug":"oppematerjale","status":"publish","type":"page","link":"https:\/\/sisu.ut.ee\/katsekoda1\/oppematerjale\/","title":{"rendered":"\u00d5ppematerjalid"},"content":{"rendered":"<h3><a href=\"https:\/\/analytical.chem.ut.ee\/research\/metrology-and-quality-assurance-in-chemistry\/\" target=\"_blank\" rel=\"noopener\"><strong><span style=\"font-size: medium;\">Keemiametroloogia materjalid<\/span><\/strong><\/a><\/h3>\n<p>Sellelt lehelt leiate informatsiooni<strong>\u00a0<\/strong>keemiametroloogia ja kvaliteedi kohta.<\/p>\n<h3><a href=\"https:\/\/sisu.ut.ee\/measurement\/\" target=\"_blank\" rel=\"noopener\"><strong><span style=\"font-size: medium;\">M\u00f5\u00f5temaaramatuse hindamise veebikursus<\/span><\/strong><\/a><\/h3>\n<p>See leht on p\u00fchendatud mootemaaramatuse hindamise \u00f5petamisele eesk\u00e4tt anal\u00fc\u00fctilise keemia vallas.<\/p>\n","protected":false},"excerpt":{"rendered":"<p>Keemiametroloogia materjalid Sellelt lehelt leiate informatsiooni\u00a0keemiametroloogia ja kvaliteedi kohta. M\u00f5\u00f5temaaramatuse hindamise veebikursus See leht on p\u00fchendatud mootemaaramatuse hindamise \u00f5petamisele eesk\u00e4tt anal\u00fc\u00fctilise keemia vallas.<\/p>\n","protected":false},"author":61,"featured_media":0,"parent":0,"menu_order":0,"comment_status":"closed","ping_status":"closed","template":"","meta":{"_acf_changed":false,"inline_featured_image":false,"footnotes":""},"class_list":["post-46","page","type-page","status-publish","hentry"],"acf":[],"_links":{"self":[{"href":"https:\/\/sisu.ut.ee\/katsekoda1\/wp-json\/wp\/v2\/pages\/46","targetHints":{"allow":["GET"]}}],"collection":[{"href":"https:\/\/sisu.ut.ee\/katsekoda1\/wp-json\/wp\/v2\/pages"}],"about":[{"href":"https:\/\/sisu.ut.ee\/katsekoda1\/wp-json\/wp\/v2\/types\/page"}],"author":[{"embeddable":true,"href":"https:\/\/sisu.ut.ee\/katsekoda1\/wp-json\/wp\/v2\/users\/61"}],"replies":[{"embeddable":true,"href":"https:\/\/sisu.ut.ee\/katsekoda1\/wp-json\/wp\/v2\/comments?post=46"}],"version-history":[{"count":2,"href":"https:\/\/sisu.ut.ee\/katsekoda1\/wp-json\/wp\/v2\/pages\/46\/revisions"}],"predecessor-version":[{"id":647,"href":"https:\/\/sisu.ut.ee\/katsekoda1\/wp-json\/wp\/v2\/pages\/46\/revisions\/647"}],"wp:attachment":[{"href":"https:\/\/sisu.ut.ee\/katsekoda1\/wp-json\/wp\/v2\/media?parent=46"}],"curies":[{"name":"wp","href":"https:\/\/api.w.org\/{rel}","templated":true}]}}