{"id":4,"date":"2024-04-04T00:41:48","date_gmt":"2024-04-03T21:41:48","guid":{"rendered":"https:\/\/sisu.ut.ee\/katsekoda1\/avaleht\/"},"modified":"2025-05-07T10:57:57","modified_gmt":"2025-05-07T07:57:57","slug":"avaleht","status":"publish","type":"page","link":"https:\/\/sisu.ut.ee\/katsekoda1\/","title":{"rendered":"T\u00dc Katsekojast"},"content":{"rendered":"<p class=\"has-text-align-left has-regular-font-size\">Katsekoda on \u00fcksus Tartu \u00dclikooli Loodus- ja tehnoloogiateaduskonna Keemia instituudi koosseisus, mille eesm\u00e4rk on \u00fclikooli teaduspotentsiaalil ja kompetentsusel baseeruv metroloogia- ja m\u00f5\u00f5tetehnikaalane teadus- ja arendustegevus ning sellega seotud teenuste osutamine \u00fclikooli sees ja \u00fclikoolist v\u00e4ljapoole.<\/p>\n\n\n\n<p class=\"has-regular-font-size\">T\u00dc Katsekoja kvaliteedijuhtimiss\u00fcsteem vastab standardile <strong>EVS-EN ISO\/IEC 17025:2017<\/strong>. Katsekoda tunnustati esmakordselt akrediteeritud katselaborina aastal 2003 ja kalibreerimislaborina aastal 2008.\u00a0<\/p>\n\n\n\n<div class=\"wp-block-buttons is-layout-flex wp-block-buttons-is-layout-flex\">\n<div class=\"wp-block-button\"><a class=\"wp-block-button__link wp-element-button\" href=\"https:\/\/sisu.ut.ee\/katsekoda1\/teenused\/\">K\u00f5ik Katsekoja teenused<\/a><\/div>\n<\/div>\n\n\n\n<figure class=\"wp-block-image aligncenter size-full is-resized\"><img loading=\"lazy\" decoding=\"async\" width=\"1230\" height=\"865\" src=\"https:\/\/sisu.ut.ee\/wp-content\/uploads\/sites\/131\/EST-07.05.25.jpg\" alt=\"\" class=\"wp-image-976\" style=\"width:1075px\" srcset=\"https:\/\/sisu.ut.ee\/wp-content\/uploads\/sites\/131\/EST-07.05.25.jpg 1230w, https:\/\/sisu.ut.ee\/wp-content\/uploads\/sites\/131\/EST-07.05.25-300x211.jpg 300w, https:\/\/sisu.ut.ee\/wp-content\/uploads\/sites\/131\/EST-07.05.25-1024x720.jpg 1024w, https:\/\/sisu.ut.ee\/wp-content\/uploads\/sites\/131\/EST-07.05.25-768x540.jpg 768w\" sizes=\"auto, (max-width: 1230px) 100vw, 1230px\"><\/figure>\n\n\n\n<p class=\"has-text-align-right\"><sub>Pildid @Andres Tennus<\/sub><\/p>\n","protected":false},"excerpt":{"rendered":"<p>Katsekoda on \u00fcksus Tartu \u00dclikooli Loodus- ja tehnoloogiateaduskonna Keemia instituudi koosseisus, mille eesm\u00e4rk on \u00fclikooli teaduspotentsiaalil ja kompetentsusel baseeruv metroloogia- ja m\u00f5\u00f5tetehnikaalane teadus- ja arendustegevus ning sellega seotud teenuste osutamine \u00fclikooli sees ja \u00fclikoolist v\u00e4ljapoole. T\u00dc Katsekoja kvaliteedijuhtimiss\u00fcsteem vastab standardile &#8230;<\/p>\n","protected":false},"author":61,"featured_media":0,"parent":0,"menu_order":0,"comment_status":"closed","ping_status":"closed","template":"","meta":{"_acf_changed":false,"inline_featured_image":false,"footnotes":""},"class_list":["post-4","page","type-page","status-publish","hentry"],"acf":[],"_links":{"self":[{"href":"https:\/\/sisu.ut.ee\/katsekoda1\/wp-json\/wp\/v2\/pages\/4","targetHints":{"allow":["GET"]}}],"collection":[{"href":"https:\/\/sisu.ut.ee\/katsekoda1\/wp-json\/wp\/v2\/pages"}],"about":[{"href":"https:\/\/sisu.ut.ee\/katsekoda1\/wp-json\/wp\/v2\/types\/page"}],"author":[{"embeddable":true,"href":"https:\/\/sisu.ut.ee\/katsekoda1\/wp-json\/wp\/v2\/users\/61"}],"replies":[{"embeddable":true,"href":"https:\/\/sisu.ut.ee\/katsekoda1\/wp-json\/wp\/v2\/comments?post=4"}],"version-history":[{"count":30,"href":"https:\/\/sisu.ut.ee\/katsekoda1\/wp-json\/wp\/v2\/pages\/4\/revisions"}],"predecessor-version":[{"id":978,"href":"https:\/\/sisu.ut.ee\/katsekoda1\/wp-json\/wp\/v2\/pages\/4\/revisions\/978"}],"wp:attachment":[{"href":"https:\/\/sisu.ut.ee\/katsekoda1\/wp-json\/wp\/v2\/media?parent=4"}],"curies":[{"name":"wp","href":"https:\/\/api.w.org\/{rel}","templated":true}]}}