{"id":22,"date":"2024-04-04T00:41:49","date_gmt":"2024-04-03T21:41:49","guid":{"rendered":"https:\/\/sisu.ut.ee\/katsekoda1\/vordlusmootmised\/"},"modified":"2024-04-04T00:42:08","modified_gmt":"2024-04-03T21:42:08","slug":"vordlusmootmised","status":"publish","type":"page","link":"https:\/\/sisu.ut.ee\/katsekoda1\/vordlusmootmised\/","title":{"rendered":"V\u00f5rdlusm\u00f5\u00f5tmised"},"content":{"rendered":"<p>\n\tOleme l\u00e4bi viinud v\u00f5rdlusm\u00f5\u00f5tmisi mitmetes m\u00f5\u00f5tevaldkondades (toiduolide parameetrid, lahustunud hapniku sisaldus, t\u00f6\u00f6keskonna parameetrid, pestitsiidij\u00e4\u00e4kide m\u00e4\u00e4ramine, spektrofotomeetria).\n<\/p>\n<p>\n\tV\u00f5rdlusm\u00f5\u00f5tmiste korraldamisel juhindume\u00a0standardist EVS-EN ISO\/IEC 17043:2010\u00a0(kuid see ei kuulu meie akrediteerimisulatusse).<\/p>\n","protected":false},"excerpt":{"rendered":"<p>Oleme l\u00e4bi viinud v\u00f5rdlusm\u00f5\u00f5tmisi mitmetes m\u00f5\u00f5tevaldkondades (toiduolide parameetrid, lahustunud hapniku sisaldus, t\u00f6\u00f6keskonna parameetrid, pestitsiidij\u00e4\u00e4kide m\u00e4\u00e4ramine, spektrofotomeetria). V\u00f5rdlusm\u00f5\u00f5tmiste korraldamisel juhindume\u00a0standardist EVS-EN ISO\/IEC 17043:2010\u00a0(kuid see ei kuulu meie akrediteerimisulatusse).<\/p>\n","protected":false},"author":61,"featured_media":0,"parent":0,"menu_order":0,"comment_status":"closed","ping_status":"closed","template":"","meta":{"_acf_changed":false,"inline_featured_image":false,"footnotes":""},"class_list":["post-22","page","type-page","status-publish","hentry"],"acf":[],"_links":{"self":[{"href":"https:\/\/sisu.ut.ee\/katsekoda1\/wp-json\/wp\/v2\/pages\/22","targetHints":{"allow":["GET"]}}],"collection":[{"href":"https:\/\/sisu.ut.ee\/katsekoda1\/wp-json\/wp\/v2\/pages"}],"about":[{"href":"https:\/\/sisu.ut.ee\/katsekoda1\/wp-json\/wp\/v2\/types\/page"}],"author":[{"embeddable":true,"href":"https:\/\/sisu.ut.ee\/katsekoda1\/wp-json\/wp\/v2\/users\/61"}],"replies":[{"embeddable":true,"href":"https:\/\/sisu.ut.ee\/katsekoda1\/wp-json\/wp\/v2\/comments?post=22"}],"version-history":[{"count":1,"href":"https:\/\/sisu.ut.ee\/katsekoda1\/wp-json\/wp\/v2\/pages\/22\/revisions"}],"predecessor-version":[{"id":272,"href":"https:\/\/sisu.ut.ee\/katsekoda1\/wp-json\/wp\/v2\/pages\/22\/revisions\/272"}],"wp:attachment":[{"href":"https:\/\/sisu.ut.ee\/katsekoda1\/wp-json\/wp\/v2\/media?parent=22"}],"curies":[{"name":"wp","href":"https:\/\/api.w.org\/{rel}","templated":true}]}}