{"id":19,"date":"2024-04-04T00:41:49","date_gmt":"2024-04-03T21:41:49","guid":{"rendered":"https:\/\/sisu.ut.ee\/katsekoda1\/tugietalonide-sailitamine-ja-arendamine\/"},"modified":"2024-04-04T00:42:08","modified_gmt":"2024-04-03T21:42:08","slug":"tugietalonide-sailitamine-ja-arendamine","status":"publish","type":"page","link":"https:\/\/sisu.ut.ee\/katsekoda1\/tugietalonide-sailitamine-ja-arendamine\/","title":{"rendered":"Tugietalonide s\u00e4ilitamine ja arendamine"},"content":{"rendered":"<p>Arendame ja s\u00e4ilitame \u00f5hu liikumise kiiruse ja \u00f5huniiskuse tugietalone aastast 2004, mil Eesti riik need soetas Phare projekti \u201cDevelopment of Conformity Assessment Infrastructure in the Field of Metrology\u201d toel. Alates 18.07.2010 omame riigi tugilabori staatust vastavalt majandus- ja kommunikatsiooniministri m\u00e4\u00e4rusele \u201cRiigi- ja tugietalonide nimistu\u201d. Etalonide m\u00f5\u00f5teulatused ja parimad m\u00f5\u00f5tev\u00f5imed, mida kasutame kalibreerimisteenuse osutamisel, on leitavad <strong><strong><a href=\"http:\/\/www.eak.ee\/dokumendid\/pdf\/kasitlusala\/K025.pdf\">siit.<\/a>\u00a0<\/strong><\/strong>T\u00e4iendava informatsiooni saamiseks v\u00f5tke palun \u00fchendust Martin Vilbastega (kontaktandmed meie<a href=\"kontakt\" target=\"_blank\" rel=\"noopener\"> kontaktide lehel<\/a>).<\/p>\n<h3><span style=\"font-size: medium\"><strong><strong>\u00d5huniiskuse tugietalon<\/strong><\/strong><\/span><\/h3>\n<p>\u00d5huniiskuse tugietalon on oma olemuselt sekundaartaseme etalon. Etaloni toimimist selgitab allolev p\u00f5him\u00f5tteskeem.<\/p>\n<p style=\"text-align: center\"><span style=\"font-size: small\"><span style=\"font-size: small\"><img loading=\"lazy\" decoding=\"async\" width=\"471\" height=\"360\" class=\"alignnone wp-image-98\" src=\"https:\/\/sisu.ut.ee\/wp-content\/uploads\/sites\/131\/ohuniiskuse_etaloni_skeem.png\" title=\"ohuniiskuse_etaloni_skeem.png\" alt=\"ohuniiskuse_etaloni_skeem.png\" srcset=\"https:\/\/sisu.ut.ee\/wp-content\/uploads\/sites\/131\/ohuniiskuse_etaloni_skeem.png 471w, https:\/\/sisu.ut.ee\/wp-content\/uploads\/sites\/131\/ohuniiskuse_etaloni_skeem-300x229.png 300w\" sizes=\"auto, (max-width: 471px) 100vw, 471px\"><\/span><\/span><\/p>\n<p>Kalibreerimine viiakse l\u00e4bi kliimakambris (Weiss Umwelttechnik GmbH), mille abil tekitatakse sobiva temperatuuri ja suhtelise niiskusega \u00f5hku. Kliimakambris paikneb kastepunkti peegelh\u00fcgromeeter (Michell) PH, mis t\u00e4idab etalonseadme rolli. \u00d5hu temperatuuri kliimakambris m\u00f5\u00f5dab plaatinatakistustermomeeter PRT. Temperatuurihomogeensust m\u00e4\u00e4ratakse multimeetriga (Time Electronics), mis m\u00f5\u00f5dab kliimakambri erinevatesse punktidesse paigutatud diferentsiaaltermopaaride T1-T6 poolt tekitatud termopingeid tugitermopaari T0 suhtes. Kalibreerimisel paigutatakse m\u00f5\u00f5tevahend l\u00e4hestikku peegelh\u00fcgromeetri prooviv\u00f5tu vooliku otsa ja plaatinatakistustermomeetriga. Suhtelise niiskuse leppev\u00e4\u00e4rtus arvutatakse m\u00f5\u00f5detud kastepunkti temperatuuri ja \u00f5hu temperatuuri kaudu. Seega on nende kahe temperatuuri usaldusv\u00e4\u00e4rne m\u00f5\u00f5tmine v\u00e4ga oluline. Kastepunkti peegelh\u00fcgromeetrit kalibreeritakse perioodiliselt Soomes VTT MIKES-is ning \u00f5hu temperatuuri m\u00f5\u00f5tmine on j\u00e4lgitav Eesti Temperatuuri Riigietalonini (AS Metrosert). Peegelh\u00fcgromeetri kontrollimiseks kalibreerimistevahelisel perioodil oleme konstrueerinud k\u00fcllasti. See on seade, mis tekitab teatud kindlal temperatuuril veeauruga k\u00fcllastatud \u00f5hku ja seega on k\u00fcllastist v\u00e4ljuva \u00f5hu kastepunkti temperatuur piisavalt t\u00e4pselt m\u00e4\u00e4ratud.<\/p>\n<p>Oleme osalenud j\u00e4rgmistel \u00f5hu suhtelise niiskuse ja temperatuuri alastel v\u00f5rdlusm\u00f5\u00f5tmistel:<\/p>\n\n<ul>\n<li>Kahepoolne suhtelise niiskuse alane v\u00f5rdlusm\u00f5\u00f5tmine MIKES-ga EURAMET projekti nr 808 raames 2004. aastal<\/li>\n<li>HUMI-02 (Calibration of a portable digital humidity and temperature instrument), mille pilootlaboriks oli Taani Tehnoloogiainstituut. Katsekoda sooritas m\u00f5\u00f5tmised 2007. aasta s\u00fcgisel. V\u00f5rdlusm\u00f5\u00f5tmise l\u00f5pparuanne valmis 2008. aasta kevadel.<\/li>\n<li>HUMI-03 (Calibration of a portable digital humidity and temperature instrument), mille pilootlaboriks oli Taani Tehnoloogiainstituut. Katsekoda sooritas m\u00f5\u00f5tmised 2011. aasta suvel. V\u00f5rdlusm\u00f5\u00f5tmise l\u00f5pparuanne valmis 2012. aasta talvel.<\/li>\n<li>Kahepoolne suhtelise niiskuse alane v\u00f5rdlusm\u00f5\u00f5tmine VTT MIKES-ga projekti nr. M-16H080 raames 2016. aastal<\/li>\n<li>Eesti-sisene temperatuuri v\u00f5rdlusm\u00f5\u00f5tmine \u201cNumbrilise n\u00e4iduga termomeetri kalibreerimine, mille korraldas Eesti Temperatuuri Riigietaloni labor 2005. aastal<\/li>\n<li>\u00d5hu temperatuuri v\u00f5rdlusm\u00f5\u00f5tmine \u201cComparison of air temperature calibrations\u201d EURAMETi projekti P1061 raames. Katsekoda sooritas m\u00f5\u00f5tmised 2010. aasta kevadel. V\u00f5rdlusm\u00f5\u00f5tmise pilootlaboriks oli MIKES ja l\u00f5pparuanne valmis 2013. aastal.<\/li>\n<li>Kahepoolne \u00f5hutemperatuuri v\u00f5rdlusm\u00f5\u00f5tmine AS Metrosertiga 2017. aastal<\/li>\n<\/ul>\n<h3><span style=\"font-size: medium\"><strong>\u00d5hu liikumise kiiruse tugietalon<\/strong><\/span><\/h3>\n<p>\u00d5hu liikumise kiiruse tugietalon koosneb kahest osast: tuuletunnelietalon ja p\u00f6\u00f6rdnoole-etalon. Nendest esimene on p\u00f5hiosas hangitud Phare 2001 projekti toel, teine on aga konstrueeritud katsekoja poolt arendust\u00f6\u00f6na.\u00a0Anemomeetrite kalibreerimist tuuletunnelietaloniga illustreerib allolev p\u00f5him\u00f5tteskeem.<\/p>\n<p style=\"text-align: center\"><span style=\"font-size: small\"><img loading=\"lazy\" decoding=\"async\" width=\"417\" height=\"344\" class=\"alignnone wp-image-99\" src=\"https:\/\/sisu.ut.ee\/wp-content\/uploads\/sites\/131\/ohu_liikumise_kiiruse_etalon.png\" title=\"ohu_liikumise_kiiruse_etalon.png\" alt=\"ohu_liikumise_kiiruse_etalon.png\" srcset=\"https:\/\/sisu.ut.ee\/wp-content\/uploads\/sites\/131\/ohu_liikumise_kiiruse_etalon.png 417w, https:\/\/sisu.ut.ee\/wp-content\/uploads\/sites\/131\/ohu_liikumise_kiiruse_etalon-300x247.png 300w\" sizes=\"auto, (max-width: 417px) 100vw, 417px\"><\/span><\/p>\n<p>Tuuletunneliga tekitatakse soovitud kiirusega \u00f5huvool. Tuuletunneli d\u00fc\u00fcs muudab \u00f5huvoolu profiili \u00fchtlaseks m\u00f5\u00f5tekambris, millesse paigutatakse kalibreeritav anemomeeter. \u00d5huvoolu referentskiiruse arvutamiseks m\u00f5\u00f5detakse r\u00f5hkude vahet d\u00fc\u00fcsil ning \u00f5hu temperatuuri, \u00f5hur\u00f5hku ja \u00f5hu suhtelist niiskust m\u00f5\u00f5tekambris. M\u00f5\u00f5tmiste j\u00e4lgitavuse tagamiseks m\u00e4\u00e4ratakse d\u00fc\u00fcsi koefitsient v\u00e4lismaal kalibreeritud Pitot toru abil ning v\u00e4ljaspool Eestit kalibreeritakse ka diferentsiaalmanomeetreid.<\/p>\n<p>Kuna tuuletunnelietalon ei v\u00f5imalda kalibreerida<\/p>\n<ul>\n<li>anemomeetreid kiirustel alla 0,5 m\/s<\/li>\n<li>suuremal\u00e4bim\u00f5\u00f5dulisi tiivikanemomeetreid, <br>siis oleme arendust\u00f6\u00f6na konstrueerinud p\u00f6\u00f6rdnoole-etaloni.\u00a0<\/li>\n<\/ul>\n<p>Oleme osalenud j\u00e4rgmistel \u00f5hu liikumise kiiruse alastel v\u00f5rdlusm\u00f5\u00f5tmistel:<\/p>\n<ul>\n<li>Kahepoolne v\u00f5rdlusm\u00f5\u00f5tmine Leedu Energeetika Instituudi soojusseadmete uurimis- ja katselaboriga aastal 2005<\/li>\n<li>EURAMETi v\u00f5rdlusm\u00f5\u00f5tmine M-FF-K3 (key comparison), mille pilootlaboriks oli toonane NMi VSL Hollandist. T\u00dc katsekoda sooritas m\u00f5\u00f5tmised 2007. aasta m\u00e4rtsikuus ja v\u00f5rdlusm\u00f5\u00f5tmise l\u00f5pparuanne valmis aastal 2008.<\/li>\n<li>Kahepoolne v\u00f5rdlusm\u00f5\u00f5tmine Jormita OY-ga aastal 2013<\/li>\n<\/ul>\n","protected":false},"excerpt":{"rendered":"<p>Arendame ja s\u00e4ilitame \u00f5hu liikumise kiiruse ja \u00f5huniiskuse tugietalone aastast 2004, mil Eesti riik need soetas Phare projekti \u201cDevelopment of Conformity Assessment Infrastructure in the Field of Metrology\u201d toel. Alates 18.07.2010 omame riigi tugilabori staatust vastavalt majandus- ja kommunikatsiooniministri m\u00e4\u00e4rusele &#8230;<\/p>\n","protected":false},"author":61,"featured_media":0,"parent":0,"menu_order":0,"comment_status":"closed","ping_status":"closed","template":"","meta":{"_acf_changed":false,"inline_featured_image":false,"footnotes":""},"class_list":["post-19","page","type-page","status-publish","hentry"],"acf":[],"_links":{"self":[{"href":"https:\/\/sisu.ut.ee\/katsekoda1\/wp-json\/wp\/v2\/pages\/19","targetHints":{"allow":["GET"]}}],"collection":[{"href":"https:\/\/sisu.ut.ee\/katsekoda1\/wp-json\/wp\/v2\/pages"}],"about":[{"href":"https:\/\/sisu.ut.ee\/katsekoda1\/wp-json\/wp\/v2\/types\/page"}],"author":[{"embeddable":true,"href":"https:\/\/sisu.ut.ee\/katsekoda1\/wp-json\/wp\/v2\/users\/61"}],"replies":[{"embeddable":true,"href":"https:\/\/sisu.ut.ee\/katsekoda1\/wp-json\/wp\/v2\/comments?post=19"}],"version-history":[{"count":1,"href":"https:\/\/sisu.ut.ee\/katsekoda1\/wp-json\/wp\/v2\/pages\/19\/revisions"}],"predecessor-version":[{"id":269,"href":"https:\/\/sisu.ut.ee\/katsekoda1\/wp-json\/wp\/v2\/pages\/19\/revisions\/269"}],"wp:attachment":[{"href":"https:\/\/sisu.ut.ee\/katsekoda1\/wp-json\/wp\/v2\/media?parent=19"}],"curies":[{"name":"wp","href":"https:\/\/api.w.org\/{rel}","templated":true}]}}