{"id":18,"date":"2024-04-04T00:41:49","date_gmt":"2024-04-03T21:41:49","guid":{"rendered":"https:\/\/sisu.ut.ee\/katsekoda1\/teadus-ja-arendustegevus\/"},"modified":"2024-04-18T10:39:15","modified_gmt":"2024-04-18T07:39:15","slug":"teadus-ja-arendustegevus","status":"publish","type":"page","link":"https:\/\/sisu.ut.ee\/katsekoda1\/teadus-ja-arendustegevus\/","title":{"rendered":"Teadus- ja arendustegevus"},"content":{"rendered":"<h3><\/h3>\n<h3><a title=\"\" href=\"https:\/\/analytical.chem.ut.ee\/research\/lcms-studies\/\" target=\"_blank\" rel=\"noopener\" data-url=\"https:\/\/analytical.chem.ut.ee\/research\/lcms-studies\/\"><strong><span style=\"font-size: medium;\">Vedelikkromatograafia-massispektromeetria (LC-MS)<\/span><\/strong><\/a><\/h3>\n<p>LC-MS alal tegeleme anal\u00fc\u00fcsimetoodikate v\u00e4ljat\u00f6\u00f6tamise ja arendamisega.\u00a0Uurime ja arendame elektropihustuse (ESI) ja atmosf\u00e4\u00e4rir\u00f5hulise keemilise ionisatioooni (APCI) allikaid.<\/p>\n<h3><a href=\"http:\/\/www.valchrom.ut.ee\" target=\"_blank\" rel=\"noopener\"><strong><span style=\"font-size: medium;\">Kromatograafia-alaste metoodikate valideerimise tarkvara arendamine<\/span><\/strong><\/a><\/h3>\n<p>Arendame tarkvara nimetusega VaLChrom, mille eesm\u00e4rgiks on aidata kromatograafiaga tegelevatel laboritel oma metoodikaid valideerida.<\/p>\n<h5><a title=\"\" href=\"https:\/\/akki.ut.ee\/GUM_examples\/\" target=\"_blank\" rel=\"noopener\" data-url=\"https:\/\/akki.ut.ee\/GUM_examples\/\">M\u00e4\u00e4ramatuse hindamise n\u00e4ited (ISO meetodil) keemiliste anal\u00fc\u00fcside vallast<\/a><\/h5>\n<h3><\/h3>\n<p>Sellel inglisekeelsel lehel on esitatud k\u00fcllaltki ulatuslik maaramatuse hindamise n\u00e4idete kollekstioon mitmesuguste keemiliste anal\u00fc\u00fcside kohta. N\u00e4iteid on alates v\u00e4ga lihtsatest (lihtne kaalumine ja pipeteerimine) kuni p\u00e4ris keerulisteni (HPLC, AAS jne).<\/p>\n<h3><\/h3>\n<h5><a title=\"\" href=\"https:\/\/spectra.chem.ut.ee\" target=\"_blank\" rel=\"noopener\" data-url=\"https:\/\/spectra.chem.ut.ee\">Pinnakattematerjalide ja pol\u00fcmeeride infrapunased spektrid<\/a><\/h5>\n<p>Siin inglisekeelsel lehek\u00fcljel leiate mitmesuguste pinnakattematerjalide ja pol\u00fcmeeride infrapunaseid spektreid, mis on registreeritud T\u00dc Katsekojas ja T\u00dc Keemiaosakonnas viimaste aastate jooksul mitmesuguste ajalooliste ja ehitusv\u00e4rvidega seotud projektide k\u00e4igus.<\/p>\n<h5><a title=\"\" href=\"https:\/\/analytical.chem.ut.ee\/research\/cultural-heritage-objects\/\" target=\"_blank\" rel=\"noopener\" data-url=\"https:\/\/analytical.chem.ut.ee\/research\/cultural-heritage-objects\/\">Restaureerimise alane tegevus Tartu \u00dclikoolis<\/a><strong><span style=\"font-size: medium;\">\u00a0(inglise keeles)<\/span><\/strong><\/h5>\n<p>Katsekoda osaleb lepingute ja tellimuste kaudu aktiivselt T\u00dc-s tehtavas konserveerimise ja restaureerimise alases t\u00f6\u00f6s.<\/p>\n<h3><a title=\"\" href=\"https:\/\/akki.ut.ee\" target=\"_blank\" rel=\"noopener\" data-url=\"https:\/\/akki.ut.ee\"><span style=\"font-size: medium;\"><strong>Anal\u00fc\u00fctilise keemia kvaliteedi infrastruktuur\u00a0(AKKI)<\/strong><\/span><\/a><\/h3>\n<p class=\"p1\"><span class=\"s1\">Tartu \u00dclikool koostoos Tallinna Tehnika\u00fclikooli ja Eesti Keskkonnauuringute Keskusega moodustavad anal\u00fc\u00fctilise keemia kvaliteedi infrastruktuuri (AKKI), mille missioon on tagada k\u00f5rgekvaliteedilised keemilised anal\u00fc\u00fcsid ja keemiaharidus.<\/span><\/p>\n<p class=\"p1\">Palun k\u00fclastage ka <strong><a href=\"https:\/\/analytical.chem.ut.ee\" target=\"_blank\" rel=\"noopener\">T\u00dc anal\u00fc\u00fctilise keemia \u00f5ppetool<\/a><a href=\"https:\/\/analytical.chem.ut.ee\" target=\"_blank\" rel=\"noopener\">i<\/a><a href=\"https:\/\/analytical.chem.ut.ee\" target=\"_blank\" rel=\"noopener\"> kodulehte<\/a>.<\/strong><\/p>\n","protected":false},"excerpt":{"rendered":"<p>Vedelikkromatograafia-massispektromeetria (LC-MS) LC-MS alal tegeleme anal\u00fc\u00fcsimetoodikate v\u00e4ljat\u00f6\u00f6tamise ja arendamisega.\u00a0Uurime ja arendame elektropihustuse (ESI) ja atmosf\u00e4\u00e4rir\u00f5hulise keemilise ionisatioooni (APCI) allikaid. Kromatograafia-alaste metoodikate valideerimise tarkvara arendamine Arendame tarkvara nimetusega VaLChrom, mille eesm\u00e4rgiks on aidata kromatograafiaga tegelevatel laboritel oma metoodikaid valideerida. M\u00e4\u00e4ramatuse hindamise &#8230;<\/p>\n","protected":false},"author":61,"featured_media":0,"parent":0,"menu_order":0,"comment_status":"closed","ping_status":"closed","template":"","meta":{"_acf_changed":false,"inline_featured_image":false,"footnotes":""},"class_list":["post-18","page","type-page","status-publish","hentry"],"acf":[],"_links":{"self":[{"href":"https:\/\/sisu.ut.ee\/katsekoda1\/wp-json\/wp\/v2\/pages\/18","targetHints":{"allow":["GET"]}}],"collection":[{"href":"https:\/\/sisu.ut.ee\/katsekoda1\/wp-json\/wp\/v2\/pages"}],"about":[{"href":"https:\/\/sisu.ut.ee\/katsekoda1\/wp-json\/wp\/v2\/types\/page"}],"author":[{"embeddable":true,"href":"https:\/\/sisu.ut.ee\/katsekoda1\/wp-json\/wp\/v2\/users\/61"}],"replies":[{"embeddable":true,"href":"https:\/\/sisu.ut.ee\/katsekoda1\/wp-json\/wp\/v2\/comments?post=18"}],"version-history":[{"count":3,"href":"https:\/\/sisu.ut.ee\/katsekoda1\/wp-json\/wp\/v2\/pages\/18\/revisions"}],"predecessor-version":[{"id":654,"href":"https:\/\/sisu.ut.ee\/katsekoda1\/wp-json\/wp\/v2\/pages\/18\/revisions\/654"}],"wp:attachment":[{"href":"https:\/\/sisu.ut.ee\/katsekoda1\/wp-json\/wp\/v2\/media?parent=18"}],"curies":[{"name":"wp","href":"https:\/\/api.w.org\/{rel}","templated":true}]}}