{"id":17,"date":"2024-04-04T00:41:49","date_gmt":"2024-04-03T21:41:49","guid":{"rendered":"https:\/\/sisu.ut.ee\/katsekoda1\/mootemaaramatuse-hindamine\/"},"modified":"2024-04-09T10:06:53","modified_gmt":"2024-04-09T07:06:53","slug":"mootemaaramatuse-hindamine","status":"publish","type":"page","link":"https:\/\/sisu.ut.ee\/katsekoda1\/mootemaaramatuse-hindamine\/","title":{"rendered":"M\u00f5\u00f5tem\u00e4\u00e4ramatuse hindamine"},"content":{"rendered":"<p><span style=\"font-size: medium;\"><strong>M\u00f5\u00f5temaaramatuse hindamise protseduuride v\u00e4ljat\u00f6\u00f6tamine<\/strong> <\/span><br>\n<em>hind kokkuleppel<\/em><\/p>\n<p>M\u00e4\u00e4ramatuse hindamine on saanud standardn\u00f5udmiseks igasuguste m\u00f5\u00f5tmiste ja anal\u00fc\u00fcside juures. See on n\u00f5utud nii ISO 17025 standardis kui ka detsembris 2003 avaldatud EA juhendis EA-4\/16 (saadaval <a href=\"http:\/\/www.european-accreditation.org\/\">EA kodulehek\u00fcljelt<\/a>). Pakume maaramatuse hindamise protseduuride v\u00e4ljat\u00f6\u00f6tamist k\u00f5igile ettev\u00f5tetele ja laboritele, mis vajavad oma tegevuse juures maaramatuse hindamist, kuid kellel pole kiire p\u00f5hit\u00f6\u00f6 k\u00f5rvalt v\u00f5imalik sellele k\u00fcllalt keerulisele asjale ulatuslikult aega p\u00fchendada. Meie maaramatuse hindamise protseduurid baseeruvad JCGM GUM-il, mis on praegusel ajal k\u00f5ige laiemalt aktsepteeritud meetod.<\/p>\n<p>Tavaline t\u00f6\u00f6skeem n\u00e4eb v\u00e4lja selline:<\/p>\n<ul>\n<li>Meie spetsialistid tutvuvad Teie m\u00f5\u00f5tmiste v\u00f5i anal\u00fc\u00fcsidega, vajadusel kohapeal.<\/li>\n<li>Koostame esialgsed maaramatuse hindamise protseduurid.<\/li>\n<li>Esialgsed maaramatuse hindamise protseduurid saavad koos Teie spetsialistidega p\u00f5hjalikult l\u00e4bi arutatud, vajadusel viiakse l\u00e4bi ka t\u00e4iendavaid m\u00f5\u00f5tmisi.<\/li>\n<li>Arutelu tulemuste j\u00e4rgi viikase protseduuridesse sisse muudatused ning t\u00f6\u00f6 antakse \u00fcle.<\/li>\n<li>Peale protseduuride \u00fcleandmist anname j\u00e4tkuvalt n\u00f5u protseduuride kasutamise kohta.<\/li>\n<\/ul>\n<p>Selline t\u00f6\u00f6k\u00e4ik on ennast siiani h\u00e4sti \u00f5igustanud. Diskussioonide tulemusena saavad ka klient-ettev\u00f5tte spetsialistid maaramatuse hindamise kogemuse, samuti oskuse oma m\u00f5\u00f5tmisi-anal\u00fc\u00fcse uue pilguga vaadata.<\/p>\n<p>K\u00fclastage ka meie <a href=\"http:\/\/akki.ut.ee\/GUM_examples\/\">keemilise anal\u00fc\u00fcsi maaramatuse n\u00e4idete lehek\u00fclge<\/a>!<\/p>\n","protected":false},"excerpt":{"rendered":"<p>M\u00f5\u00f5temaaramatuse hindamise protseduuride v\u00e4ljat\u00f6\u00f6tamine hind kokkuleppel M\u00e4\u00e4ramatuse hindamine on saanud standardn\u00f5udmiseks igasuguste m\u00f5\u00f5tmiste ja anal\u00fc\u00fcside juures. See on n\u00f5utud nii ISO 17025 standardis kui ka detsembris 2003 avaldatud EA juhendis EA-4\/16 (saadaval EA kodulehek\u00fcljelt). Pakume maaramatuse hindamise protseduuride v\u00e4ljat\u00f6\u00f6tamist k\u00f5igile &#8230;<\/p>\n","protected":false},"author":61,"featured_media":0,"parent":0,"menu_order":0,"comment_status":"closed","ping_status":"closed","template":"","meta":{"_acf_changed":false,"inline_featured_image":false,"footnotes":""},"class_list":["post-17","page","type-page","status-publish","hentry"],"acf":[],"_links":{"self":[{"href":"https:\/\/sisu.ut.ee\/katsekoda1\/wp-json\/wp\/v2\/pages\/17","targetHints":{"allow":["GET"]}}],"collection":[{"href":"https:\/\/sisu.ut.ee\/katsekoda1\/wp-json\/wp\/v2\/pages"}],"about":[{"href":"https:\/\/sisu.ut.ee\/katsekoda1\/wp-json\/wp\/v2\/types\/page"}],"author":[{"embeddable":true,"href":"https:\/\/sisu.ut.ee\/katsekoda1\/wp-json\/wp\/v2\/users\/61"}],"replies":[{"embeddable":true,"href":"https:\/\/sisu.ut.ee\/katsekoda1\/wp-json\/wp\/v2\/comments?post=17"}],"version-history":[{"count":2,"href":"https:\/\/sisu.ut.ee\/katsekoda1\/wp-json\/wp\/v2\/pages\/17\/revisions"}],"predecessor-version":[{"id":325,"href":"https:\/\/sisu.ut.ee\/katsekoda1\/wp-json\/wp\/v2\/pages\/17\/revisions\/325"}],"wp:attachment":[{"href":"https:\/\/sisu.ut.ee\/katsekoda1\/wp-json\/wp\/v2\/media?parent=17"}],"curies":[{"name":"wp","href":"https:\/\/api.w.org\/{rel}","templated":true}]}}