{"id":16,"date":"2024-04-04T00:41:49","date_gmt":"2024-04-03T21:41:49","guid":{"rendered":"https:\/\/sisu.ut.ee\/katsekoda1\/koolituskursused\/"},"modified":"2026-02-10T10:29:16","modified_gmt":"2026-02-10T08:29:16","slug":"koolituskursused","status":"publish","type":"page","link":"https:\/\/sisu.ut.ee\/katsekoda1\/koolituskursused\/","title":{"rendered":"Koolituskursused"},"content":{"rendered":"<table class=\"table table-hover\" style=\"width: 850px;\" border=\"0\">\n<tbody>\n<tr>\n<td>\n<h3><strong style=\"color: inherit; font-family: inherit; font-size: 24px; line-height: 1.1; background-color: transparent;\">Anal\u00fc\u00fcsimetoodikate valideerimine<\/strong><\/h3>\n<\/td>\n<td style=\"text-align: right;\"><em>hind kokkuleppel<\/em><\/td>\n<\/tr>\n<\/tbody>\n<\/table>\n<p>Kursuses selgitatakse valideerimise m\u00f5istet ja esitatakse mitmeid valideerimisega seotud parameetreid. Kursus l\u00f5peb n\u00e4idetega erinevat t\u00fc\u00fcpi anal\u00fc\u00fcsimeetodite valideerimisest.<\/p>\n<p><a href=\"https:\/\/sisu.ut.ee\/wp-content\/uploads\/sites\/131\/valideerimine_2007_programm.pdf\" data-fid=\"10054\">Kursuse programm<\/a><\/p>\n<table class=\"table table-hover\" style=\"width: 850px;\" border=\"0\">\n<tbody>\n<tr>\n<td>\n<h3><strong>Inglisekeelne avatud veebip\u00f5hine kursus\u00a0<a href=\"https:\/\/sisu.ut.ee\/lcms_method_validation\/course-introduction?lang=en\" target=\"_blank\" rel=\"noopener\" data-url=\"https:\/\/sisu.ut.ee\/lcms_method_validation\/course-introduction?lang=en\">\u201cLC-MS Method Validation\u201d<\/a><\/strong><\/h3>\n<\/td>\n<td style=\"width: 180px;\">\u00a0<\/td>\n<\/tr>\n<\/tbody>\n<\/table>\n<p>Kursus on avatud juurdep\u00e4\u00e4suga (tasuta) ja t\u00e4ielikult Interneti-p\u00f5hine.<\/p>\n<p>Kursus k\u00e4sitleb vedelikkromatograafia-massispektromeetria (LC-MS) anal\u00fc\u00fcsimetoodikate valideerimist. Kursuses antakse \u00fclevaade valideerimise alustest, p\u00f5hilistest parameetritest ja matemaatilisest aparatuurist levinumate rahvusvaheliste valideerimisjuhendite baasil.<\/p>\n<p>Kursus sisaldab loenguid, praktilisi n\u00e4iteid ja teste.<\/p>\n<p>Kursuse kohta leiate t\u00e4iendavat informatsiooni\u00a0<strong><a href=\"https:\/\/sisu.ut.ee\/lcms_method_validation\/course-introduction?lang=en\" target=\"_blank\" rel=\"noopener\" data-url=\"https:\/\/sisu.ut.ee\/lcms_method_validation\/course-introduction?lang=en\">siit.<\/a><\/strong><\/p>\n<table class=\"table table-hover\" style=\"width: 886px; height: 73px;\" border=\"0\">\n<tbody>\n<tr>\n<td colspan=\"2\">\n<h3><strong>Inglisekeelne avatud veebip\u00f5hine kursus \u201c<a href=\"https:\/\/sisu.ut.ee\/measurement\/\" target=\"_blank\" rel=\"noopener\">Estimation of Measurement Uncertainty in Chemical Analysis<\/a>\u201c<\/strong><\/h3>\n<\/td>\n<\/tr>\n<\/tbody>\n<\/table>\n<p>Tegemist on sissejuhatava kursusega, mis keskendub mootemaaramatuse hindamisele anal\u00fc\u00fctilise keemia valdkonnas. Kursusel k\u00e4sitletakse p\u00f5him\u00f5isteid ja mootemaaramatuse hindamise matemaatilist k\u00fclge. Veebikursusel tutvustatakse ISO GUM ja Nordtest meetodeid mootemaaramatuse hindamiseks anal\u00fc\u00fctilise keemia n\u00e4idetel. Kursus koosneb loengutest, praktilistest \u00fclesannetest ja arvukatest testidest enda kontrollimiseks. Kursusel osalemine on tasuta.<\/p>\n<p>Kursuse kohta leiate t\u00e4iendavat informatsiooni <a href=\"https:\/\/sisu.ut.ee\/measurement\/\" target=\"_blank\" rel=\"noopener\">siit.<\/a>\u00a0<\/p>\n<table class=\"table table-hover\" style=\"width: 850px;\" border=\"0\">\n<tbody>\n<tr>\n<td>\n<h3><strong>Praktiline sissejuhatus instrumentaalanal\u00fc\u00fcsi meetoditesse<\/strong><\/h3>\n<\/td>\n<td style=\"text-align: right;\"><em>hind kokkuleppel<\/em><\/td>\n<\/tr>\n<\/tbody>\n<\/table>\n<p>Kursus annab sissejuhatava \u00fclevaate levinumatest instrumentaalanal\u00fc\u00fcsi meetoditest: spektrofotomeetria AA-spektroskoopia, mass-spektromeetria, gaasikromatograafia, vedelikkromatograafia. Kursus annab baasteadmised nende meetodite toimimisp\u00f5him\u00f5tetest, rakendusaladest ning kasutamise praktilistest aspektidest. Kursuse sihtgrupiks on omak\u00e4eliselt anal\u00fc\u00fcse tegevad inimesed, laborite ja t\u00f6\u00f6gruppide juhid, samuti aparatuuri m\u00fc\u00fcjad ja vahendajad.<\/p>\n<p>Kestus: 6 akadeemilist tundi<\/p>\n<p><a href=\"https:\/\/sisu.ut.ee\/wp-content\/uploads\/sites\/131\/ia_programm.doc\" data-fid=\"10055\">Kursuse programm<\/a><\/p>\n<table class=\"table table-hover\" style=\"width: 850px;\" border=\"0\">\n<tbody>\n<tr>\n<td>\n<h3><strong>Laborit\u00f6\u00f6 praktilised aspektid<\/strong><\/h3>\n<\/td>\n<td style=\"text-align: right;\"><em>hind kokkuleppel<\/em><\/td>\n<\/tr>\n<\/tbody>\n<\/table>\n<p>Kursuse k\u00e4igus antakse \u00fclevaade reast teemadest, mis on seotud igap\u00e4evase laborit\u00f6\u00f6ga. Jagatakse juhiseid, kuidas korrektselt kaaluda, filtreerida, pipeteerida jne, millest l\u00e4htuda m\u00f5\u00f5tn\u00f5ude, filtrite, pH-meetrite jt valikul, kuidas t\u00f6\u00f6tada levinumate m\u00fcrgiste ainetega ja puhastada laboris kasutatavat vett.<\/p>\n<p>Kestus: 2 t\u00f6\u00f6p\u00e4eva<\/p>\n<p><a href=\"https:\/\/sisu.ut.ee\/wp-content\/uploads\/sites\/131\/lpa_2011_programm.pdf\" data-fid=\"10056\">Kursuse programm<\/a><\/p>\n<table class=\"table table-hover\" style=\"width: 850px;\" border=\"0\">\n<tbody>\n<tr>\n<td>\n<h3><strong>Laborit\u00f6\u00f6 praktilised aspektid vene keeles<\/strong><\/h3>\n<\/td>\n<td style=\"text-align: right;\"><em>hind kokkuleppel<\/em><\/td>\n<\/tr>\n<\/tbody>\n<\/table>\n<p>Kursus annab \u00fclevaate igap\u00e4evases laborit\u00f6\u00f6s enam kasutust leidvate t\u00f6\u00f6v\u00f5tete, t\u00f6\u00f6vahendite ja aparaatide kasutamisest.<\/p>\n<p>Kestus: 6 akadeemilist tundi<\/p>\n<p><a href=\"https:\/\/sisu.ut.ee\/wp-content\/uploads\/sites\/131\/lak_programm_rus.doc\" data-fid=\"10057\">Kursuse programm<\/a><\/p>\n<h3><strong>\u00a0Gaasikromatograafia<\/strong><\/h3>\n<p>Kursuses antakse \u00fclevaade kromatograafia teooriast (r\u00f5huasetusega gaasikromatograafiale), proovide sisestusviisidest, kolonnidest ja detektoritest. Samuti k\u00e4sitletakse mootemaaramatuse seisukohast olulisemaid gaasikromatograafia t\u00f6\u00f6parameetreid.<\/p>\n<p>Kursuse sihtgrupp on omak\u00e4eliselt gaasikromatograafiliste anal\u00fc\u00fcside teostajad ja selleks valmistuvad t\u00f6\u00f6tajad.<\/p>\n<p>Kestus: 5 akadeemilist tundi<\/p>\n<p><strong>\u00a0Aruanded ja kokkuv\u00f5tted keemialaboris MS Exceli baasil<\/strong><\/p>\n<p>I osa. Antakse \u00fclevaade pivot tabelite (risttabelid, p\u00f6\u00f6rdtabelid) loomisest, osadest ja kujundusv\u00f5imalustest. Vaadeldakse, kuidas koostada erinevaid aruandeid (nt. kuu v\u00f5i kvartali l\u00f5ikes, labori\u00fcksuste l\u00f5ikes), ja kuidas kujundada aruannete tulemusi (tulemuste r\u00fchmitamine, detailsuse m\u00e4\u00e4ramine, mittevajaliku info peitmine, andmete j\u00e4rjestuse muutmine). Tutvustatakse pivot tabeli kujundamise v\u00f5imalusi.<br>II osa. Vaatluse alla v\u00f5etakse pivot tabelite aluseks olevate andmete (listide) koostamine. Antakse \u00fclevaade listidele esitatavatest n\u00f5uetest ja k\u00e4sitletakse MS Exceli abivahendeid listide koostamiseks (nt sisestusnimekiri, sisestuse automaatne l\u00f5petamine, vormid, valemid) ja kontrollimiseks. Grupit\u00f6\u00f6na p\u00fc\u00fctakse luua listi struktuur, mis sobiks antud labori t\u00f6\u00f6tulemuste kirjeldamiseks ja aruannete (pivot tabelina) koostamiseks.<\/p>\n<p>Lisav\u00f5imalused: Kursuse l\u00e4biviija v\u00f5ib tutvuda konkreetse labori t\u00f6\u00f6 spetsiifikaga, et t\u00e4psemalt suunata kursuse temaatikat, n\u00e4iteid ja harjutus\u00fclesandeid.<\/p>\n<p>Vajalikud eelteadmised sisaldavad MS Excel baasteadmisi: t\u00f6\u00f6raamatus ja -lehel navigeerimine, andmete sisestamine, elementaarsed kopeerimise ning kujundamise (format) v\u00f5tted.<\/p>\n<p>Sihtgrupp on inimesed keemialaboris, kelle \u00fclesandeks on kokkuv\u00f5tete ja aruannete koostamine v\u00f5i aruannete ja kokkuv\u00f5tete jaoks andmete ettevalmistamine.<\/p>\n<p>Kestus: 4 akadeemilist tundi<br>Kokkuleppelise hinna sees on kursuse materjalid. Kokkuleppel on v\u00f5imalik kursust korraldada ka mujal (ka v\u00e4ljaspool Tartut).<\/p>\n<p><strong>\u00a0M\u00f5\u00f5temaaramatuse hindamine keemialaboris: baaskursus<\/strong><\/p>\n<p>Kursus on p\u00f5hjalik \u00fcmbert\u00f6\u00f6tlus meie varasemast samateemalisest kursusest. Arvestatud on hiljuti avaldatud rahvusvaheliste juhendmaterjalide (eesk\u00e4tt European Accreditation juhend EA-4\/16 ja Nordtest-i maaramatuse hindamise juhend) soovituste ja seisukohtadega. Kursuses antakse l\u00fchidalt p\u00f5hit\u00f5ed maaramatuse hindamise kohta ning seej\u00e4rel siirdutakse praktiliste n\u00e4idete juurde. N\u00e4idetes oleme \u00fcritanud senisest rohkem p\u00f6\u00f6rata t\u00e4helepanu laborite igap\u00e4evastele t\u00f6\u00f6-tavadele, sellele, kuidas maaramatuse arvutamiseks vajalikku informatsiooni saada rutiinsetest kvaliteedikontrolli andmetest ning proovi ettevalmistamisele.<\/p>\n<p>Lisav\u00f5imalused: N\u00e4iteid on v\u00f5imalik teatud m\u00e4\u00e4ral t\u00f6\u00f6 k\u00e4igus modifitseerida, et nad paremini vastaksid huviliste labori reaalsele olukorrale. Ka peale kursuse l\u00f5ppu on v\u00f5imalik v\u00f5tta kursuse l\u00e4biviijaga e-maili teel kontakti ja k\u00fcsida k\u00fcsimusi.<\/p>\n<p>Vajalikud eelteadmised sisaldavad \u00fcldteadmisi keemilisest anal\u00fc\u00fcsist ja anal\u00fc\u00fcsitulemuste matemaatilisest t\u00f6\u00f6tlemisest.<\/p>\n<p>Sihtgrupp on k\u00f5ik omak\u00e4eliselt anal\u00fc\u00fcse tegevad inimesed ja (ise\u00e4ranis) laborite kvaliteediohje eest vastutavad inimesed.<\/p>\n<p>Kestus: 7-8 akadeemilist tundi<br>Kursust on v\u00f5imalik korraldada ka eritellimusel tellija juures kohapeal (hind kokkuleppel). Kokkuleppel on v\u00f5imalik korraldada kursust ka v\u00e4ljaspool Tartut.\u00a0<\/p>\n<div id=\"__if72ru4sdfsdfrkjahiuyi_once\">\u00a0<\/div>\n<div id=\"__if72ru4sdfsdfruh7fewui_once\">\u00a0<\/div>\n<div id=\"__hggasdgjhsagd_once\">\u00a0<\/div>\n\n\n<div class=\"wp-block-group attached-files-group is-layout-constrained wp-block-group-is-layout-constrained\"><\/div>\n\n\n\n<p><\/p>\n","protected":false},"excerpt":{"rendered":"<p>Anal\u00fc\u00fcsimetoodikate valideerimine hind kokkuleppel Kursuses selgitatakse valideerimise m\u00f5istet ja esitatakse mitmeid valideerimisega seotud parameetreid. Kursus l\u00f5peb n\u00e4idetega erinevat t\u00fc\u00fcpi anal\u00fc\u00fcsimeetodite valideerimisest. Kursuse programm Inglisekeelne avatud veebip\u00f5hine kursus\u00a0\u201cLC-MS Method Validation\u201d \u00a0 Kursus on avatud juurdep\u00e4\u00e4suga (tasuta) ja t\u00e4ielikult Interneti-p\u00f5hine. Kursus k\u00e4sitleb &#8230;<\/p>\n","protected":false},"author":61,"featured_media":0,"parent":0,"menu_order":0,"comment_status":"closed","ping_status":"closed","template":"","meta":{"_acf_changed":false,"inline_featured_image":false,"footnotes":""},"class_list":["post-16","page","type-page","status-publish","hentry"],"acf":[],"_links":{"self":[{"href":"https:\/\/sisu.ut.ee\/katsekoda1\/wp-json\/wp\/v2\/pages\/16","targetHints":{"allow":["GET"]}}],"collection":[{"href":"https:\/\/sisu.ut.ee\/katsekoda1\/wp-json\/wp\/v2\/pages"}],"about":[{"href":"https:\/\/sisu.ut.ee\/katsekoda1\/wp-json\/wp\/v2\/types\/page"}],"author":[{"embeddable":true,"href":"https:\/\/sisu.ut.ee\/katsekoda1\/wp-json\/wp\/v2\/users\/61"}],"replies":[{"embeddable":true,"href":"https:\/\/sisu.ut.ee\/katsekoda1\/wp-json\/wp\/v2\/comments?post=16"}],"version-history":[{"count":8,"href":"https:\/\/sisu.ut.ee\/katsekoda1\/wp-json\/wp\/v2\/pages\/16\/revisions"}],"predecessor-version":[{"id":1031,"href":"https:\/\/sisu.ut.ee\/katsekoda1\/wp-json\/wp\/v2\/pages\/16\/revisions\/1031"}],"wp:attachment":[{"href":"https:\/\/sisu.ut.ee\/katsekoda1\/wp-json\/wp\/v2\/media?parent=16"}],"curies":[{"name":"wp","href":"https:\/\/api.w.org\/{rel}","templated":true}]}}