{"id":13,"date":"2024-04-04T00:41:49","date_gmt":"2024-04-03T21:41:49","guid":{"rendered":"https:\/\/sisu.ut.ee\/katsekoda1\/radioaktiivsuse-analuusid-kiirgusmoju-hinnangud\/"},"modified":"2025-05-07T11:12:21","modified_gmt":"2025-05-07T08:12:21","slug":"radioaktiivsuse-analuusid-kiirgusmoju-hinnangud","status":"publish","type":"page","link":"https:\/\/sisu.ut.ee\/katsekoda1\/radioaktiivsuse-analuusid-kiirgusmoju-hinnangud\/","title":{"rendered":"Tuumaspektroskoopia labor"},"content":{"rendered":"<p><\/p>\n\n\n\n<p>T\u00e4psema info saamiseks v\u00f5tke laboriga \u00fchendust: <a href=\"https:\/\/katsekoda.ut.ee\/kontakt\/\" data-type=\"link\" data-id=\"https:\/\/katsekoda.ut.ee\/kontakt\/\"><strong>kontaktid<\/strong><\/a><\/p>\n\n\n\n<p><\/p>\n\n\n\n<p><strong>Veeproovide indikatiivdoosi m\u00e4\u00e4ramine akrediteeritud metoodikaga \u201cRaadiumi isotoopide aktiivsuskontsentratsioonide m\u00e4\u00e4ramine vees gammaspektromeetrilisel meetodil\u201d<\/strong><\/p>\n\n\n\n<p><span style=\"background: white;\"><span style=\"line-height: normal;\"><span lang=\"EN-CA\"><span style=\"color: #565656;\">L\u00e4htuvalt sotsiaalministri m\u00e4\u00e4rusest \u201cJoogivee kvaliteedi- ja kontrollin\u00f5uded ning anal\u00fc\u00fcsimeetodid\u201d lasub veek\u00e4itlejatel kohustus m\u00e4\u00e4rata joogivee radioloogilised kvaliteedin\u00e4itajad. Nende n\u00e4itajate hulka kuulub indikatiivdoos, mis on joogivee tarbimisest saadav oodatav aastane efektiivdoos (kontrollv\u00e4\u00e4rtus 0,10 mSv\/a). Indikatiivdoos arvutatakse vees leiduvate radionukliidide (v\u00e4lja arvatud triitium, kaalium-40 ja radoon) sisalduste p\u00f5hjal, millest Eesti tingimustes on k\u00f5ige olulisemad raadiumi isotoobid Ra-226 ja Ra-228.<\/span><\/span><\/span><\/span><\/p>\n\n\n\n<p>T\u00dc katsekoja tuumaspektroskoopia labor teostab akrediteeritud Ra-226 ja Ra-228 m\u00f5\u00f5tmisi veeproovides. Aktiivsuskontsentratsioonide p\u00f5hjal arvutame v\u00e4lja indikatiivdoosi.\u00a0<a data-fid=\"64257\" href=\"https:\/\/sisu.ut.ee\/wp-content\/uploads\/sites\/131\/pr601_26_08_2021_n6uded_prooviv6tule.pdf\"><strong>Laadi alla soovitused veeproovi v\u00f5tjale.<\/strong><\/a><\/p>\n\n\n\n<p>Palume arvestada, et tulenevalt m\u00f5\u00f5temetoodika erip\u00e4rast v\u00f5tab anal\u00fc\u00fcsi teostamine aega kaks kuud. Proove laborisse tuues pange palun kaasa j\u00e4rgmised andmed: tellija kontaktandmed (telefoninumber, e-post), prooviv\u00f5tukoha nimetus, prooviv\u00f5tu kuup\u00e4ev.<\/p>\n\n\n\n<figure class=\"wp-block-table has-small-font-size\"><table class=\"table table-hover\"><tbody><tr><td><strong>M\u00e4\u00e4ramispiir<\/strong> (MDA \u2013 minimaalne detekteeritav aktiivsuskontsentratsioon)<\/td><td><strong>M\u00f5\u00f5tev\u00f5ime t\u00fc\u00fcpiliste proovide korral<\/strong><\/td><\/tr><tr><td>MDA(Ra-226) = 20 mBq\/kg;<\/td><td>Urel(Ra-226) = 25%, k=2;<\/td><\/tr><tr><td>MDA(Ra-228) =\u00a020 mBq\/kg;<\/td><td>Urel(Ra-228) = 17%, k=2;<\/td><\/tr><tr><td>MDA(Ra-224) = 30 mBq\/kg;<\/td><td>Urel(Ra-224) = 10%, k=2;<\/td><\/tr><\/tbody><\/table><\/figure>\n\n\n\n<div style=\"height:40px\" aria-hidden=\"true\" class=\"wp-block-spacer\"><\/div>\n\n\n\n<p><strong>Tahkete materjalide tuumaanal\u00fc\u00fcs (v\u00e4ljaspool akrediteerimisulatust)<\/strong><\/p>\n\n\n\n<p><span style=\"background: white;\"><span style=\"line-height: normal;\"><span lang=\"EN-CA\"><span style=\"color: #565656;\">T\u00dc katsekoja tuumaspektroskoopia laboris kasutatavad spektromeetrilised tuumaanal\u00fc\u00fcsi meetodid v\u00f5imaldavad kindlaks teha ioniseeriva kiirguse allikaid \u00fcksiku radioaktiivse isotoobi kaupa.<\/span><\/span><\/span><\/span><br><span style=\"background: white;\"><span style=\"line-height: normal;\"><span lang=\"EN-CA\"><span style=\"color: #565656;\">Teostame tahkete materjalide gammaspektromeetrilisi anal\u00fc\u00fcse, mis v\u00f5imaldavad m\u00e4\u00e4rata radionukliidide koguaktiivsust ja aktiivsuskontsentratsiooni. N\u00e4iteks:<\/span><\/span><\/span><\/span><\/p>\n\n\n\n<ul class=\"wp-block-list\">\n<li><span style=\"background: white;\"><span style=\"color: #565656;\"><span style=\"line-height: normal;\"><span lang=\"EN-CA\">tehislikud radionukliidid \u2013 Cs-137, Cs-134, Co-60, Am-241;<\/span><\/span><\/span><\/span><\/li>\n\n\n\n<li><span style=\"background: white;\"><span style=\"color: #565656;\"><span style=\"line-height: normal;\"><span lang=\"EN-CA\">looduslikud radionukliidid \u2013 K-40 ning U-238 ja Th-232 ridade nukliidid.<\/span><\/span><\/span><\/span><\/li>\n<\/ul>\n\n\n\n<p><span lang=\"EN-CA\"><span style=\"line-height: 107%;\"><span style=\"color: #565656;\">Pakume aktiivsuskontsentratsiooni indeksi arvutamist ehitusmaterjalides ja -toodetes.<\/span><\/span><\/span><\/p>\n\n\n\n<p><span style=\"color: #696969;\">Palume arvestada, et tulenevalt m\u00f5\u00f5temetoodika erip\u00e4rast v\u00f5tab anal\u00fc\u00fcsi teostamine aega kaks kuud. Proove laborisse tuues pange palun kaasa j\u00e4rgmised andmed: tellija kontaktandmed (telefoninumber, e-post), prooviv\u00f5tukoha nimetus, prooviv\u00f5tu kuup\u00e4ev.<\/span><\/p>\n\n\n\n<p>\u00a0<\/p>\n\n\n\n<p>\u00a0<\/p>\n\n\n\n<div class=\"wp-block-group attached-files-group is-layout-constrained wp-block-group-is-layout-constrained\"><\/div>\n","protected":false},"excerpt":{"rendered":"<p>T\u00e4psema info saamiseks v\u00f5tke laboriga \u00fchendust: kontaktid Veeproovide indikatiivdoosi m\u00e4\u00e4ramine akrediteeritud metoodikaga \u201cRaadiumi isotoopide aktiivsuskontsentratsioonide m\u00e4\u00e4ramine vees gammaspektromeetrilisel meetodil\u201d L\u00e4htuvalt sotsiaalministri m\u00e4\u00e4rusest \u201cJoogivee kvaliteedi- ja kontrollin\u00f5uded ning anal\u00fc\u00fcsimeetodid\u201d lasub veek\u00e4itlejatel kohustus m\u00e4\u00e4rata joogivee radioloogilised kvaliteedin\u00e4itajad. Nende n\u00e4itajate hulka kuulub indikatiivdoos, &#8230;<\/p>\n","protected":false},"author":61,"featured_media":0,"parent":0,"menu_order":0,"comment_status":"closed","ping_status":"closed","template":"","meta":{"_acf_changed":false,"inline_featured_image":false,"footnotes":""},"class_list":["post-13","page","type-page","status-publish","hentry"],"acf":[],"_links":{"self":[{"href":"https:\/\/sisu.ut.ee\/katsekoda1\/wp-json\/wp\/v2\/pages\/13","targetHints":{"allow":["GET"]}}],"collection":[{"href":"https:\/\/sisu.ut.ee\/katsekoda1\/wp-json\/wp\/v2\/pages"}],"about":[{"href":"https:\/\/sisu.ut.ee\/katsekoda1\/wp-json\/wp\/v2\/types\/page"}],"author":[{"embeddable":true,"href":"https:\/\/sisu.ut.ee\/katsekoda1\/wp-json\/wp\/v2\/users\/61"}],"replies":[{"embeddable":true,"href":"https:\/\/sisu.ut.ee\/katsekoda1\/wp-json\/wp\/v2\/comments?post=13"}],"version-history":[{"count":14,"href":"https:\/\/sisu.ut.ee\/katsekoda1\/wp-json\/wp\/v2\/pages\/13\/revisions"}],"predecessor-version":[{"id":998,"href":"https:\/\/sisu.ut.ee\/katsekoda1\/wp-json\/wp\/v2\/pages\/13\/revisions\/998"}],"wp:attachment":[{"href":"https:\/\/sisu.ut.ee\/katsekoda1\/wp-json\/wp\/v2\/media?parent=13"}],"curies":[{"name":"wp","href":"https:\/\/api.w.org\/{rel}","templated":true}]}}