{"id":11,"date":"2024-04-04T00:41:48","date_gmt":"2024-04-03T21:41:48","guid":{"rendered":"https:\/\/sisu.ut.ee\/katsekoda1\/tookeskkonnamoodistamised\/"},"modified":"2025-05-07T11:11:42","modified_gmt":"2025-05-07T08:11:42","slug":"tookeskkonnamoodistamised","status":"publish","type":"page","link":"https:\/\/sisu.ut.ee\/katsekoda1\/teenused\/tookeskkonnamoodistamised\/","title":{"rendered":"T\u00f6\u00f6keskkonna labor"},"content":{"rendered":"<p>Huvi korral v\u00f5tke palun \u00fchendust Ene Indermittega (kontaktandmed meie <a href=\"\/katsekoda1\/kontakt\/\"><strong>kontaktide lehel<\/strong><\/a>).<\/p>\n","protected":false},"excerpt":{"rendered":"<p>Huvi korral v\u00f5tke palun \u00fchendust Ene Indermittega (kontaktandmed meie kontaktide lehel).<\/p>\n","protected":false},"author":498,"featured_media":0,"parent":6,"menu_order":0,"comment_status":"closed","ping_status":"closed","template":"","meta":{"_acf_changed":false,"inline_featured_image":false,"footnotes":""},"class_list":["post-11","page","type-page","status-publish","hentry"],"acf":[],"_links":{"self":[{"href":"https:\/\/sisu.ut.ee\/katsekoda1\/wp-json\/wp\/v2\/pages\/11","targetHints":{"allow":["GET"]}}],"collection":[{"href":"https:\/\/sisu.ut.ee\/katsekoda1\/wp-json\/wp\/v2\/pages"}],"about":[{"href":"https:\/\/sisu.ut.ee\/katsekoda1\/wp-json\/wp\/v2\/types\/page"}],"author":[{"embeddable":true,"href":"https:\/\/sisu.ut.ee\/katsekoda1\/wp-json\/wp\/v2\/users\/498"}],"replies":[{"embeddable":true,"href":"https:\/\/sisu.ut.ee\/katsekoda1\/wp-json\/wp\/v2\/comments?post=11"}],"version-history":[{"count":6,"href":"https:\/\/sisu.ut.ee\/katsekoda1\/wp-json\/wp\/v2\/pages\/11\/revisions"}],"predecessor-version":[{"id":997,"href":"https:\/\/sisu.ut.ee\/katsekoda1\/wp-json\/wp\/v2\/pages\/11\/revisions\/997"}],"up":[{"embeddable":true,"href":"https:\/\/sisu.ut.ee\/katsekoda1\/wp-json\/wp\/v2\/pages\/6"}],"wp:attachment":[{"href":"https:\/\/sisu.ut.ee\/katsekoda1\/wp-json\/wp\/v2\/media?parent=11"}],"curies":[{"name":"wp","href":"https:\/\/api.w.org\/{rel}","templated":true}]}}